{"id":12658,"date":"2026-02-27T16:21:04","date_gmt":"2026-02-27T15:21:04","guid":{"rendered":"https:\/\/koms5.sg-host.com\/pictura\/"},"modified":"2026-03-06T16:39:08","modified_gmt":"2026-03-06T15:39:08","slug":"pictura","status":"publish","type":"page","link":"https:\/\/www.ultratechgroup.it\/ro\/pictura\/","title":{"rendered":"Pictur\u0103"},"content":{"rendered":"\t\t<div data-elementor-type=\"wp-page\" data-elementor-id=\"12658\" class=\"elementor elementor-12658 elementor-7970\" data-elementor-post-type=\"page\">\n\t\t\t\t<div class=\"elementor-element elementor-element-cb5ad9e e-con-full e-flex e-con e-parent\" data-id=\"cb5ad9e\" data-element_type=\"container\" data-e-type=\"container\">\n\t\t<div class=\"elementor-element elementor-element-7531961 e-flex e-con-boxed e-con e-child\" data-id=\"7531961\" data-element_type=\"container\" data-e-type=\"container\" data-settings=\"{&quot;background_background&quot;:&quot;classic&quot;}\">\n\t\t\t\t\t<div class=\"e-con-inner\">\n\t\t\t\t<div class=\"elementor-element elementor-element-d0f5214 elementor-widget elementor-widget-heading\" data-id=\"d0f5214\" data-element_type=\"widget\" data-e-type=\"widget\" data-widget_type=\"heading.default\">\n\t\t\t\t<div class=\"elementor-widget-container\">\n\t\t\t\t\t<h1 class=\"elementor-heading-title elementor-size-default\">Pictur\u0103<\/h1>\t\t\t\t<\/div>\n\t\t\t\t<\/div>\n\t\t\t\t\t<\/div>\n\t\t\t\t<\/div>\n\t\t<div class=\"elementor-element elementor-element-ce3e28c e-con-full e-flex e-con e-child\" data-id=\"ce3e28c\" data-element_type=\"container\" data-e-type=\"container\" data-settings=\"{&quot;background_background&quot;:&quot;classic&quot;}\">\n\t\t\t\t<\/div>\n\t\t\t\t<\/div>\n\t\t<div class=\"elementor-element elementor-element-bb3f0fc e-flex e-con-boxed e-con e-parent\" data-id=\"bb3f0fc\" data-element_type=\"container\" data-e-type=\"container\">\n\t\t\t\t\t<div class=\"e-con-inner\">\n\t\t\t\t<div class=\"elementor-element elementor-element-ae4c1a4 elementor-widget elementor-widget-shortcode\" data-id=\"ae4c1a4\" data-element_type=\"widget\" data-e-type=\"widget\" data-widget_type=\"shortcode.default\">\n\t\t\t\t<div class=\"elementor-widget-container\">\n\t\t\t\t\t\t\t<div class=\"elementor-shortcode\"><nav aria-label=\"breadcrumbs\" class=\"rank-math-breadcrumb\"><p><span class=\"last\">Home<\/span><\/p><\/nav><\/div>\n\t\t\t\t\t\t<\/div>\n\t\t\t\t<\/div>\n\t\t\t\t\t<\/div>\n\t\t\t\t<\/div>\n\t\t<div class=\"elementor-element elementor-element-a2406e5 e-flex e-con-boxed e-con e-parent\" data-id=\"a2406e5\" data-element_type=\"container\" data-e-type=\"container\">\n\t\t\t\t\t<div class=\"e-con-inner\">\n\t\t\t\t<div class=\"elementor-element elementor-element-57b6583 elementor-widget elementor-widget-text-editor\" data-id=\"57b6583\" data-element_type=\"widget\" data-e-type=\"widget\" data-widget_type=\"text-editor.default\">\n\t\t\t\t<div class=\"elementor-widget-container\">\n\t\t\t\t\t\t\t\t\t<p>Pentru mai multe informa\u021bii despre instala\u021biile second-hand enumerate mai jos, nu ezita\u021bi s\u0103 ne contacta\u021bi la num\u0103rul 0423 720588 sau la adresa de e-mail commerciale@ultratechgroup.it.<\/p>\t\t\t\t\t\t\t\t<\/div>\n\t\t\t\t<\/div>\n\t\t\t\t\t<\/div>\n\t\t\t\t<\/div>\n\t\t<div class=\"elementor-element elementor-element-ed791e7 e-flex e-con-boxed e-con e-parent\" data-id=\"ed791e7\" data-element_type=\"container\" data-e-type=\"container\">\n\t\t\t\t\t<div class=\"e-con-inner\">\n\t\t\t\t<div class=\"elementor-element elementor-element-ec1f74f elementor-widget elementor-widget-heading\" data-id=\"ec1f74f\" data-element_type=\"widget\" data-e-type=\"widget\" data-widget_type=\"heading.default\">\n\t\t\t\t<div class=\"elementor-widget-container\">\n\t\t\t\t\t<h3 class=\"elementor-heading-title elementor-size-default\">REZERVOR DE DECAPARE A VOPSELEI\n\n<\/h3>\t\t\t\t<\/div>\n\t\t\t\t<\/div>\n\t\t\t\t<div class=\"elementor-element elementor-element-49a92e7 elementor-widget elementor-widget-text-editor\" data-id=\"49a92e7\" data-element_type=\"widget\" data-e-type=\"widget\" data-widget_type=\"text-editor.default\">\n\t\t\t\t<div class=\"elementor-widget-container\">\n\t\t\t\t\t\t\t\t\t<p>Rezervorul, realizat din o\u021bel inoxidabil <strong>AISI 316L cu pere\u021bi dubli de grosime 20\/10<\/strong>, este format dintr-o structur\u0103 intern\u0103 pentru con\u021binerea solu\u021biei de decapare a vopselei \u0219i panouri exterioare din o\u021bel inoxidabil satinat de grosime 10\/10, care acoper\u0103 \u0219i protejeaz\u0103 rezervorul de lucru. Pentru a reduce la minimum pierderile de c\u0103ldur\u0103, structura intern\u0103 este complet acoperit\u0103 cu vat\u0103 mineral\u0103 cu un coeficient ridicat de izolare termic\u0103. <\/p><p>Cada este completat\u0103 de:<\/p><ul><li>\u00eenc\u0103lzirea solu\u021biei de cur\u0103\u021bare,<\/li><li>supap\u0103 de scurgere cu bil\u0103 din o\u021bel inoxidabil,<\/li><li>picioare de sprijin reglabile,<\/li><li>capac deta\u0219abil manual,<\/li><li>guler de aspira\u021bie,<\/li><li>agitatoare mecanice cu lam\u0103,<\/li><li>panou electric.<\/li><\/ul><p><strong><br>Specifica\u021bii tehnice VS 1600<\/strong><\/p><p>Dimensiuni utile ale c\u0103zii: 900 x 1600 x 800 h. mm. <\/p><p>Dimensiuni utile ale c\u0103zii: 900 x 1600 x 800 h. mm. <\/p><p>Putere de \u00eenc\u0103lzire: 24 kW<\/p><p>Alimentare electric\u0103: 400 vol\u021bi trifazic \u2013 50\/60 Hz<\/p>\t\t\t\t\t\t\t\t<\/div>\n\t\t\t\t<\/div>\n\t\t\t\t\t<\/div>\n\t\t\t\t<\/div>\n\t\t<div class=\"elementor-element elementor-element-05233a5 e-flex e-con-boxed e-con e-parent\" data-id=\"05233a5\" data-element_type=\"container\" data-e-type=\"container\">\n\t\t\t\t\t<div class=\"e-con-inner\">\n\t\t\t\t<div class=\"elementor-element elementor-element-8574e91 elementor-widget elementor-widget-image\" data-id=\"8574e91\" data-element_type=\"widget\" data-e-type=\"widget\" data-widget_type=\"image.default\">\n\t\t\t\t<div class=\"elementor-widget-container\">\n\t\t\t\t\t\t\t\t\t\t\t\t\t\t\t<img fetchpriority=\"high\" decoding=\"async\" width=\"636\" height=\"496\" src=\"https:\/\/www.ultratechgroup.it\/wp-content\/uploads\/2026\/03\/54-2-VASCA-DI-SVERNICIATURA-VS-1600-IN-AISI-316L-2010-636x496-1.jpg\" class=\"attachment-large size-large wp-image-11411\" alt=\"\" srcset=\"https:\/\/www.ultratechgroup.it\/wp-content\/uploads\/2026\/03\/54-2-VASCA-DI-SVERNICIATURA-VS-1600-IN-AISI-316L-2010-636x496-1.jpg 636w, https:\/\/www.ultratechgroup.it\/wp-content\/uploads\/2026\/03\/54-2-VASCA-DI-SVERNICIATURA-VS-1600-IN-AISI-316L-2010-636x496-1-300x234.jpg 300w\" sizes=\"(max-width: 636px) 100vw, 636px\" \/>\t\t\t\t\t\t\t\t\t\t\t\t\t\t\t<\/div>\n\t\t\t\t<\/div>\n\t\t\t\t<div class=\"elementor-element elementor-element-5e3cacc elementor-widget elementor-widget-image\" data-id=\"5e3cacc\" data-element_type=\"widget\" data-e-type=\"widget\" data-widget_type=\"image.default\">\n\t\t\t\t<div class=\"elementor-widget-container\">\n\t\t\t\t\t\t\t\t\t\t\t\t\t\t\t<img decoding=\"async\" width=\"636\" height=\"477\" src=\"https:\/\/www.ultratechgroup.it\/wp-content\/uploads\/2026\/03\/54-1-VASCA-DI-SVERNICIATURA-VS-1600-IN-AISI-316L-2010-636x477-1.jpg\" class=\"attachment-large size-large wp-image-11408\" alt=\"\" srcset=\"https:\/\/www.ultratechgroup.it\/wp-content\/uploads\/2026\/03\/54-1-VASCA-DI-SVERNICIATURA-VS-1600-IN-AISI-316L-2010-636x477-1.jpg 636w, https:\/\/www.ultratechgroup.it\/wp-content\/uploads\/2026\/03\/54-1-VASCA-DI-SVERNICIATURA-VS-1600-IN-AISI-316L-2010-636x477-1-300x225.jpg 300w\" sizes=\"(max-width: 636px) 100vw, 636px\" \/>\t\t\t\t\t\t\t\t\t\t\t\t\t\t\t<\/div>\n\t\t\t\t<\/div>\n\t\t\t\t\t<\/div>\n\t\t\t\t<\/div>\n\t\t<div class=\"elementor-element elementor-element-ea8d49e e-con-full e-flex e-con e-parent\" data-id=\"ea8d49e\" data-element_type=\"container\" data-e-type=\"container\">\n\t\t\t\t<div class=\"elementor-element elementor-element-87e291e elementor-widget elementor-widget-google_maps\" data-id=\"87e291e\" data-element_type=\"widget\" data-e-type=\"widget\" data-widget_type=\"google_maps.default\">\n\t\t\t\t<div class=\"elementor-widget-container\">\n\t\t\t\t\t\t\t<div class=\"elementor-custom-embed\">\n\t\t\t<iframe loading=\"lazy\"\n\t\t\t\t\tsrc=\"https:\/\/maps.google.com\/maps?q=Ultratech%20srl&#038;t=m&#038;z=10&#038;output=embed&#038;iwloc=near\"\n\t\t\t\t\ttitle=\"Ultratech srl\"\n\t\t\t\t\taria-label=\"Ultratech srl\"\n\t\t\t><\/iframe>\n\t\t<\/div>\n\t\t\t\t\t\t<\/div>\n\t\t\t\t<\/div>\n\t\t\t\t<\/div>\n\t\t\t\t<\/div>\n\t\t","protected":false},"excerpt":{"rendered":"<p>Pentru mai multe informa\u021bii despre instala\u021biile second-hand enumerate mai jos, nu ezita\u021bi s\u0103 ne contacta\u021bi la num\u0103rul 0423 720588 sau la adresa de e-mail commerciale@ultratechgroup.it. REZERVOR DE DECAPARE A VOPSELEI Rezervorul, realizat din o\u021bel inoxidabil AISI 316L cu pere\u021bi dubli de grosime 20\/10, este format dintr-o structur\u0103 intern\u0103 pentru con\u021binerea solu\u021biei de decapare a vopselei [&hellip;]<\/p>\n","protected":false},"author":1,"featured_media":0,"parent":0,"menu_order":0,"comment_status":"closed","ping_status":"closed","template":"","meta":{"footnotes":""},"class_list":["post-12658","page","type-page","status-publish","hentry"],"_links":{"self":[{"href":"https:\/\/www.ultratechgroup.it\/ro\/wp-json\/wp\/v2\/pages\/12658","targetHints":{"allow":["GET"]}}],"collection":[{"href":"https:\/\/www.ultratechgroup.it\/ro\/wp-json\/wp\/v2\/pages"}],"about":[{"href":"https:\/\/www.ultratechgroup.it\/ro\/wp-json\/wp\/v2\/types\/page"}],"author":[{"embeddable":true,"href":"https:\/\/www.ultratechgroup.it\/ro\/wp-json\/wp\/v2\/users\/1"}],"replies":[{"embeddable":true,"href":"https:\/\/www.ultratechgroup.it\/ro\/wp-json\/wp\/v2\/comments?post=12658"}],"version-history":[{"count":1,"href":"https:\/\/www.ultratechgroup.it\/ro\/wp-json\/wp\/v2\/pages\/12658\/revisions"}],"predecessor-version":[{"id":12659,"href":"https:\/\/www.ultratechgroup.it\/ro\/wp-json\/wp\/v2\/pages\/12658\/revisions\/12659"}],"wp:attachment":[{"href":"https:\/\/www.ultratechgroup.it\/ro\/wp-json\/wp\/v2\/media?parent=12658"}],"curies":[{"name":"wp","href":"https:\/\/api.w.org\/{rel}","templated":true}]}}