{"id":12648,"date":"2026-02-18T10:15:48","date_gmt":"2026-02-18T09:15:48","guid":{"rendered":"https:\/\/koms5.sg-host.com\/despre-noi\/"},"modified":"2026-03-16T14:49:09","modified_gmt":"2026-03-16T13:49:09","slug":"despre-noi","status":"publish","type":"page","link":"https:\/\/www.ultratechgroup.it\/ro\/despre-noi\/","title":{"rendered":"Despre noi"},"content":{"rendered":"\t\t<div data-elementor-type=\"wp-page\" data-elementor-id=\"12648\" class=\"elementor elementor-12648 elementor-7064\" data-elementor-post-type=\"page\">\n\t\t\t\t<div class=\"elementor-element elementor-element-ca4588c e-con-full e-flex e-con e-parent\" data-id=\"ca4588c\" data-element_type=\"container\" data-e-type=\"container\">\n\t\t<div class=\"elementor-element elementor-element-44d5e99 e-flex e-con-boxed e-con e-child\" data-id=\"44d5e99\" data-element_type=\"container\" data-e-type=\"container\" data-settings=\"{&quot;background_background&quot;:&quot;classic&quot;}\">\n\t\t\t\t\t<div class=\"e-con-inner\">\n\t\t\t\t<div class=\"elementor-element elementor-element-981339c elementor-widget elementor-widget-heading\" data-id=\"981339c\" data-element_type=\"widget\" data-e-type=\"widget\" data-widget_type=\"heading.default\">\n\t\t\t\t<div class=\"elementor-widget-container\">\n\t\t\t\t\t<h1 class=\"elementor-heading-title elementor-size-default\">Despre noi<\/h1>\t\t\t\t<\/div>\n\t\t\t\t<\/div>\n\t\t\t\t\t<\/div>\n\t\t\t\t<\/div>\n\t\t<div class=\"elementor-element elementor-element-0d6b454 e-con-full e-flex e-con e-child\" data-id=\"0d6b454\" data-element_type=\"container\" data-e-type=\"container\" data-settings=\"{&quot;background_background&quot;:&quot;classic&quot;}\">\n\t\t\t\t<\/div>\n\t\t\t\t<\/div>\n\t\t<div class=\"elementor-element elementor-element-c90f26c e-flex e-con-boxed e-con e-parent\" data-id=\"c90f26c\" data-element_type=\"container\" data-e-type=\"container\">\n\t\t\t\t\t<div class=\"e-con-inner\">\n\t\t\t\t<div class=\"elementor-element elementor-element-3991942 elementor-widget elementor-widget-shortcode\" data-id=\"3991942\" data-element_type=\"widget\" data-e-type=\"widget\" data-widget_type=\"shortcode.default\">\n\t\t\t\t<div class=\"elementor-widget-container\">\n\t\t\t\t\t\t\t<div class=\"elementor-shortcode\"><nav aria-label=\"breadcrumbs\" class=\"rank-math-breadcrumb\"><p><span class=\"last\">Home<\/span><\/p><\/nav><\/div>\n\t\t\t\t\t\t<\/div>\n\t\t\t\t<\/div>\n\t\t\t\t\t<\/div>\n\t\t\t\t<\/div>\n\t\t<div class=\"elementor-element elementor-element-2274c6a e-flex e-con-boxed e-con e-parent\" data-id=\"2274c6a\" data-element_type=\"container\" data-e-type=\"container\">\n\t\t\t\t\t<div class=\"e-con-inner\">\n\t\t\t\t<div class=\"elementor-element elementor-element-c1d0529 elementor-widget elementor-widget-heading\" data-id=\"c1d0529\" data-element_type=\"widget\" data-e-type=\"widget\" data-widget_type=\"heading.default\">\n\t\t\t\t<div class=\"elementor-widget-container\">\n\t\t\t\t\t<h2 class=\"elementor-heading-title elementor-size-default\">Experien\u021b\u0103 \u0219i inova\u021bie.<\/h2>\t\t\t\t<\/div>\n\t\t\t\t<\/div>\n\t\t\t\t\t<\/div>\n\t\t\t\t<\/div>\n\t\t<div class=\"elementor-element elementor-element-6419482 e-flex e-con-boxed e-con e-parent\" data-id=\"6419482\" data-element_type=\"container\" data-e-type=\"container\">\n\t\t\t\t\t<div class=\"e-con-inner\">\n\t\t\t\t<div class=\"elementor-element elementor-element-915bce5 gallery-spacing-custom elementor-widget elementor-widget-image-gallery\" data-id=\"915bce5\" data-element_type=\"widget\" data-e-type=\"widget\" data-widget_type=\"image-gallery.default\">\n\t\t\t\t<div class=\"elementor-widget-container\">\n\t\t\t\t\t\t\t<div class=\"elementor-image-gallery\">\n\t\t\t<div id='gallery-1' class='gallery galleryid-12648 gallery-columns-4 gallery-size-large'><figure class='gallery-item'>\n\t\t\t<div class='gallery-icon landscape'>\n\t\t\t\t<a data-elementor-open-lightbox=\"yes\" data-elementor-lightbox-slideshow=\"915bce5\" data-elementor-lightbox-title=\"stabilimento\" data-e-action-hash=\"#elementor-action%3Aaction%3Dlightbox%26settings%3DeyJpZCI6OTUwMCwidXJsIjoiaHR0cHM6XC9cL3d3dy51bHRyYXRlY2hncm91cC5pdFwvd3AtY29udGVudFwvdXBsb2Fkc1wvMjAxNVwvMTBcLzkuanBnIiwic2xpZGVzaG93IjoiOTE1YmNlNSJ9\" href='https:\/\/www.ultratechgroup.it\/wp-content\/uploads\/2015\/10\/9.jpg'><img fetchpriority=\"high\" decoding=\"async\" width=\"800\" height=\"534\" src=\"https:\/\/www.ultratechgroup.it\/wp-content\/uploads\/2015\/10\/9-1024x683.jpg\" class=\"attachment-large size-large\" alt=\"stabilimento\" aria-describedby=\"gallery-1-9500\" srcset=\"https:\/\/www.ultratechgroup.it\/wp-content\/uploads\/2015\/10\/9-1024x683.jpg 1024w, https:\/\/www.ultratechgroup.it\/wp-content\/uploads\/2015\/10\/9-300x200.jpg 300w, https:\/\/www.ultratechgroup.it\/wp-content\/uploads\/2015\/10\/9-968x645.jpg 968w, https:\/\/www.ultratechgroup.it\/wp-content\/uploads\/2015\/10\/9-636x424.jpg 636w, https:\/\/www.ultratechgroup.it\/wp-content\/uploads\/2015\/10\/9-320x213.jpg 320w, https:\/\/www.ultratechgroup.it\/wp-content\/uploads\/2015\/10\/9-239x159.jpg 239w\" sizes=\"(max-width: 800px) 100vw, 800px\" \/><\/a>\n\t\t\t<\/div>\n\t\t\t\t<figcaption class='wp-caption-text gallery-caption' id='gallery-1-9500'>\n\t\t\t\tLa nostra sede produttiva, dove le nostre macchine prendono forma.\n\t\t\t\t<\/figcaption><\/figure><figure class='gallery-item'>\n\t\t\t<div class='gallery-icon landscape'>\n\t\t\t\t<a data-elementor-open-lightbox=\"yes\" data-elementor-lightbox-slideshow=\"915bce5\" data-elementor-lightbox-title=\"stabilimento\" data-e-action-hash=\"#elementor-action%3Aaction%3Dlightbox%26settings%3DeyJpZCI6OTQ3OSwidXJsIjoiaHR0cHM6XC9cL3d3dy51bHRyYXRlY2hncm91cC5pdFwvd3AtY29udGVudFwvdXBsb2Fkc1wvMjAxNVwvMTBcLzEuanBnIiwic2xpZGVzaG93IjoiOTE1YmNlNSJ9\" href='https:\/\/www.ultratechgroup.it\/wp-content\/uploads\/2015\/10\/1.jpg'><img decoding=\"async\" width=\"800\" height=\"534\" src=\"https:\/\/www.ultratechgroup.it\/wp-content\/uploads\/2015\/10\/1-1024x683.jpg\" class=\"attachment-large size-large\" alt=\"stabilimento\" aria-describedby=\"gallery-1-9479\" srcset=\"https:\/\/www.ultratechgroup.it\/wp-content\/uploads\/2015\/10\/1-1024x683.jpg 1024w, https:\/\/www.ultratechgroup.it\/wp-content\/uploads\/2015\/10\/1-300x200.jpg 300w, https:\/\/www.ultratechgroup.it\/wp-content\/uploads\/2015\/10\/1-968x645.jpg 968w, https:\/\/www.ultratechgroup.it\/wp-content\/uploads\/2015\/10\/1-636x424.jpg 636w, https:\/\/www.ultratechgroup.it\/wp-content\/uploads\/2015\/10\/1-320x213.jpg 320w, https:\/\/www.ultratechgroup.it\/wp-content\/uploads\/2015\/10\/1-239x159.jpg 239w\" sizes=\"(max-width: 800px) 100vw, 800px\" \/><\/a>\n\t\t\t<\/div>\n\t\t\t\t<figcaption class='wp-caption-text gallery-caption' id='gallery-1-9479'>\n\t\t\t\tLa nostra sede produttiva, e non solo&#8230;\n\t\t\t\t<\/figcaption><\/figure><figure class='gallery-item'>\n\t\t\t<div class='gallery-icon landscape'>\n\t\t\t\t<a data-elementor-open-lightbox=\"yes\" data-elementor-lightbox-slideshow=\"915bce5\" data-elementor-lightbox-title=\"Lavorazioni - Saldatura\" data-e-action-hash=\"#elementor-action%3Aaction%3Dlightbox%26settings%3DeyJpZCI6OTQ3NCwidXJsIjoiaHR0cHM6XC9cL3d3dy51bHRyYXRlY2hncm91cC5pdFwvd3AtY29udGVudFwvdXBsb2Fkc1wvMjAxNVwvMTBcLzcuanBnIiwic2xpZGVzaG93IjoiOTE1YmNlNSJ9\" href='https:\/\/www.ultratechgroup.it\/wp-content\/uploads\/2015\/10\/7.jpg'><img decoding=\"async\" width=\"800\" height=\"534\" src=\"https:\/\/www.ultratechgroup.it\/wp-content\/uploads\/2015\/10\/7-1024x683.jpg\" class=\"attachment-large size-large\" alt=\"Lavorazioni - Saldatura\" aria-describedby=\"gallery-1-9474\" srcset=\"https:\/\/www.ultratechgroup.it\/wp-content\/uploads\/2015\/10\/7-1024x683.jpg 1024w, https:\/\/www.ultratechgroup.it\/wp-content\/uploads\/2015\/10\/7-300x200.jpg 300w, https:\/\/www.ultratechgroup.it\/wp-content\/uploads\/2015\/10\/7-968x645.jpg 968w, https:\/\/www.ultratechgroup.it\/wp-content\/uploads\/2015\/10\/7-636x424.jpg 636w, https:\/\/www.ultratechgroup.it\/wp-content\/uploads\/2015\/10\/7-320x213.jpg 320w, https:\/\/www.ultratechgroup.it\/wp-content\/uploads\/2015\/10\/7-239x159.jpg 239w\" sizes=\"(max-width: 800px) 100vw, 800px\" \/><\/a>\n\t\t\t<\/div>\n\t\t\t\t<figcaption class='wp-caption-text gallery-caption' id='gallery-1-9474'>\n\t\t\t\tLavorazioni &#8211; Saldatura\n\t\t\t\t<\/figcaption><\/figure><figure class='gallery-item'>\n\t\t\t<div class='gallery-icon landscape'>\n\t\t\t\t<a data-elementor-open-lightbox=\"yes\" data-elementor-lightbox-slideshow=\"915bce5\" data-elementor-lightbox-title=\"Macchina per trattamento coating\" data-e-action-hash=\"#elementor-action%3Aaction%3Dlightbox%26settings%3DeyJpZCI6OTQ4NCwidXJsIjoiaHR0cHM6XC9cL3d3dy51bHRyYXRlY2hncm91cC5pdFwvd3AtY29udGVudFwvdXBsb2Fkc1wvMjAxNVwvMDdcL0gxLmpwZyIsInNsaWRlc2hvdyI6IjkxNWJjZTUifQ%3D%3D\" href='https:\/\/www.ultratechgroup.it\/wp-content\/uploads\/2015\/07\/H1.jpg'><img loading=\"lazy\" decoding=\"async\" width=\"800\" height=\"534\" src=\"https:\/\/www.ultratechgroup.it\/wp-content\/uploads\/2015\/07\/H1-1024x683.jpg\" class=\"attachment-large size-large\" alt=\"Macchina per trattamento coating\" aria-describedby=\"gallery-1-9484\" srcset=\"https:\/\/www.ultratechgroup.it\/wp-content\/uploads\/2015\/07\/H1-1024x683.jpg 1024w, https:\/\/www.ultratechgroup.it\/wp-content\/uploads\/2015\/07\/H1-300x200.jpg 300w, https:\/\/www.ultratechgroup.it\/wp-content\/uploads\/2015\/07\/H1-968x645.jpg 968w, https:\/\/www.ultratechgroup.it\/wp-content\/uploads\/2015\/07\/H1-636x424.jpg 636w, https:\/\/www.ultratechgroup.it\/wp-content\/uploads\/2015\/07\/H1-320x213.jpg 320w, https:\/\/www.ultratechgroup.it\/wp-content\/uploads\/2015\/07\/H1-239x159.jpg 239w\" sizes=\"(max-width: 800px) 100vw, 800px\" \/><\/a>\n\t\t\t<\/div>\n\t\t\t\t<figcaption class='wp-caption-text gallery-caption' id='gallery-1-9484'>\n\t\t\t\tTechGroup &#8211; Macchine speciali per trattamento coating\n\t\t\t\t<\/figcaption><\/figure><figure class='gallery-item'>\n\t\t\t<div class='gallery-icon landscape'>\n\t\t\t\t<a data-elementor-open-lightbox=\"yes\" data-elementor-lightbox-slideshow=\"915bce5\" data-elementor-lightbox-title=\"stabilimento\" data-e-action-hash=\"#elementor-action%3Aaction%3Dlightbox%26settings%3DeyJpZCI6OTQ3MiwidXJsIjoiaHR0cHM6XC9cL3d3dy51bHRyYXRlY2hncm91cC5pdFwvd3AtY29udGVudFwvdXBsb2Fkc1wvMjAxNVwvMTBcLzIuanBnIiwic2xpZGVzaG93IjoiOTE1YmNlNSJ9\" href='https:\/\/www.ultratechgroup.it\/wp-content\/uploads\/2015\/10\/2.jpg'><img loading=\"lazy\" decoding=\"async\" width=\"800\" height=\"534\" src=\"https:\/\/www.ultratechgroup.it\/wp-content\/uploads\/2015\/10\/2-1024x683.jpg\" class=\"attachment-large size-large\" alt=\"stabilimento\" aria-describedby=\"gallery-1-9472\" srcset=\"https:\/\/www.ultratechgroup.it\/wp-content\/uploads\/2015\/10\/2-1024x683.jpg 1024w, https:\/\/www.ultratechgroup.it\/wp-content\/uploads\/2015\/10\/2-300x200.jpg 300w, https:\/\/www.ultratechgroup.it\/wp-content\/uploads\/2015\/10\/2-968x645.jpg 968w, https:\/\/www.ultratechgroup.it\/wp-content\/uploads\/2015\/10\/2-636x424.jpg 636w, https:\/\/www.ultratechgroup.it\/wp-content\/uploads\/2015\/10\/2-320x213.jpg 320w, https:\/\/www.ultratechgroup.it\/wp-content\/uploads\/2015\/10\/2-239x159.jpg 239w\" sizes=\"(max-width: 800px) 100vw, 800px\" \/><\/a>\n\t\t\t<\/div>\n\t\t\t\t<figcaption class='wp-caption-text gallery-caption' id='gallery-1-9472'>\n\t\t\t\tLa nostra sede produttiva, la pace di questi paesaggi.\n\t\t\t\t<\/figcaption><\/figure><figure class='gallery-item'>\n\t\t\t<div class='gallery-icon landscape'>\n\t\t\t\t<a data-elementor-open-lightbox=\"yes\" data-elementor-lightbox-slideshow=\"915bce5\" data-elementor-lightbox-title=\"Macchine utensili e controllo numerico\" data-e-action-hash=\"#elementor-action%3Aaction%3Dlightbox%26settings%3DeyJpZCI6OTQ5OCwidXJsIjoiaHR0cHM6XC9cL3d3dy51bHRyYXRlY2hncm91cC5pdFwvd3AtY29udGVudFwvdXBsb2Fkc1wvMjAxNVwvMTBcLzQuanBnIiwic2xpZGVzaG93IjoiOTE1YmNlNSJ9\" href='https:\/\/www.ultratechgroup.it\/wp-content\/uploads\/2015\/10\/4.jpg'><img loading=\"lazy\" decoding=\"async\" width=\"800\" height=\"534\" src=\"https:\/\/www.ultratechgroup.it\/wp-content\/uploads\/2015\/10\/4-1024x683.jpg\" class=\"attachment-large size-large\" alt=\"Macchine utensili e controllo numerico\" aria-describedby=\"gallery-1-9498\" srcset=\"https:\/\/www.ultratechgroup.it\/wp-content\/uploads\/2015\/10\/4-1024x683.jpg 1024w, https:\/\/www.ultratechgroup.it\/wp-content\/uploads\/2015\/10\/4-300x200.jpg 300w, https:\/\/www.ultratechgroup.it\/wp-content\/uploads\/2015\/10\/4-968x645.jpg 968w, https:\/\/www.ultratechgroup.it\/wp-content\/uploads\/2015\/10\/4-636x424.jpg 636w, https:\/\/www.ultratechgroup.it\/wp-content\/uploads\/2015\/10\/4-320x213.jpg 320w, https:\/\/www.ultratechgroup.it\/wp-content\/uploads\/2015\/10\/4-239x159.jpg 239w\" sizes=\"(max-width: 800px) 100vw, 800px\" \/><\/a>\n\t\t\t<\/div>\n\t\t\t\t<figcaption class='wp-caption-text gallery-caption' id='gallery-1-9498'>\n\t\t\t\tLavorazioni &#8211; Macchine utensili e controllo numerico\n\t\t\t\t<\/figcaption><\/figure><figure class='gallery-item'>\n\t\t\t<div class='gallery-icon landscape'>\n\t\t\t\t<a data-elementor-open-lightbox=\"yes\" data-elementor-lightbox-slideshow=\"915bce5\" data-elementor-lightbox-title=\"Carenatura\" data-e-action-hash=\"#elementor-action%3Aaction%3Dlightbox%26settings%3DeyJpZCI6OTUxNywidXJsIjoiaHR0cHM6XC9cL3d3dy51bHRyYXRlY2hncm91cC5pdFwvd3AtY29udGVudFwvdXBsb2Fkc1wvMjAxNVwvMTBcLzExLmpwZyIsInNsaWRlc2hvdyI6IjkxNWJjZTUifQ%3D%3D\" href='https:\/\/www.ultratechgroup.it\/wp-content\/uploads\/2015\/10\/11.jpg'><img loading=\"lazy\" decoding=\"async\" width=\"800\" height=\"534\" src=\"https:\/\/www.ultratechgroup.it\/wp-content\/uploads\/2015\/10\/11-1024x683.jpg\" class=\"attachment-large size-large\" alt=\"Carenatura\" aria-describedby=\"gallery-1-9517\" srcset=\"https:\/\/www.ultratechgroup.it\/wp-content\/uploads\/2015\/10\/11-1024x683.jpg 1024w, https:\/\/www.ultratechgroup.it\/wp-content\/uploads\/2015\/10\/11-300x200.jpg 300w, https:\/\/www.ultratechgroup.it\/wp-content\/uploads\/2015\/10\/11-968x645.jpg 968w, https:\/\/www.ultratechgroup.it\/wp-content\/uploads\/2015\/10\/11-636x424.jpg 636w, https:\/\/www.ultratechgroup.it\/wp-content\/uploads\/2015\/10\/11-320x213.jpg 320w, https:\/\/www.ultratechgroup.it\/wp-content\/uploads\/2015\/10\/11-239x159.jpg 239w\" sizes=\"(max-width: 800px) 100vw, 800px\" \/><\/a>\n\t\t\t<\/div>\n\t\t\t\t<figcaption class='wp-caption-text gallery-caption' id='gallery-1-9517'>\n\t\t\t\tTunnel di lavaggio industriale &#8211; Carenatura\n\t\t\t\t<\/figcaption><\/figure><figure class='gallery-item'>\n\t\t\t<div class='gallery-icon landscape'>\n\t\t\t\t<a data-elementor-open-lightbox=\"yes\" data-elementor-lightbox-slideshow=\"915bce5\" data-elementor-lightbox-title=\"Lavorazioni - Montaggio\" data-e-action-hash=\"#elementor-action%3Aaction%3Dlightbox%26settings%3DeyJpZCI6OTU0NiwidXJsIjoiaHR0cHM6XC9cL3d3dy51bHRyYXRlY2hncm91cC5pdFwvd3AtY29udGVudFwvdXBsb2Fkc1wvMjAxNVwvMTBcLzE2LmpwZyIsInNsaWRlc2hvdyI6IjkxNWJjZTUifQ%3D%3D\" href='https:\/\/www.ultratechgroup.it\/wp-content\/uploads\/2015\/10\/16.jpg'><img loading=\"lazy\" decoding=\"async\" width=\"800\" height=\"534\" src=\"https:\/\/www.ultratechgroup.it\/wp-content\/uploads\/2015\/10\/16-1024x683.jpg\" class=\"attachment-large size-large\" alt=\"Lavorazioni - Montaggio\" aria-describedby=\"gallery-1-9546\" srcset=\"https:\/\/www.ultratechgroup.it\/wp-content\/uploads\/2015\/10\/16-1024x683.jpg 1024w, https:\/\/www.ultratechgroup.it\/wp-content\/uploads\/2015\/10\/16-300x200.jpg 300w, https:\/\/www.ultratechgroup.it\/wp-content\/uploads\/2015\/10\/16-968x645.jpg 968w, https:\/\/www.ultratechgroup.it\/wp-content\/uploads\/2015\/10\/16-636x424.jpg 636w, https:\/\/www.ultratechgroup.it\/wp-content\/uploads\/2015\/10\/16-320x213.jpg 320w, https:\/\/www.ultratechgroup.it\/wp-content\/uploads\/2015\/10\/16-239x159.jpg 239w\" sizes=\"(max-width: 800px) 100vw, 800px\" \/><\/a>\n\t\t\t<\/div>\n\t\t\t\t<figcaption class='wp-caption-text gallery-caption' id='gallery-1-9546'>\n\t\t\t\tLavorazioni &#8211; Montaggio\n\t\t\t\t<\/figcaption><\/figure>\n\t\t<\/div>\n\t\t<\/div>\n\t\t\t\t\t\t<\/div>\n\t\t\t\t<\/div>\n\t\t\t\t\t<\/div>\n\t\t\t\t<\/div>\n\t\t<div class=\"elementor-element elementor-element-4aaed14 e-flex e-con-boxed e-con e-parent\" data-id=\"4aaed14\" data-element_type=\"container\" data-e-type=\"container\">\n\t\t\t\t\t<div class=\"e-con-inner\">\n\t\t\t\t<div class=\"elementor-element elementor-element-da0ec70 elementor-widget elementor-widget-text-editor\" data-id=\"da0ec70\" data-element_type=\"widget\" data-e-type=\"widget\" data-widget_type=\"text-editor.default\">\n\t\t\t\t<div class=\"elementor-widget-container\">\n\t\t\t\t\t\t\t\t\t<p>Acestea sunt punctele forte care ne diferen\u021biaz\u0103.<\/p><p><strong>ULTRATECH <\/strong>este sinteza ob\u021binut\u0103 din unificarea activit\u0103\u021bilor Tech Group (sp\u0103lare), Forni Cotich (tratament termic), Finitech (vopsire) \u0219i Techim (chimic\u0103 \u0219i tratarea apei). <br>Experien\u021be diferite, persoane diferite uni\u021be pentru a putea g\u00e2ndi \u0219i construi sisteme avansate tehnologic. Sinergiile de produc\u021bie pentru a reduce costurile \u0219i a putea oferi cele mai bune echipamente la cele mai mici pre\u021buri. <\/p><p>La baza succesului t\u0103u exist\u0103 o echip\u0103 c\u00e2\u0219tig\u0103toare care iese \u00een eviden\u021b\u0103 pentru: competen\u021b\u0103, concretitate \u0219i precizie. Acelea\u0219i caracteristici se reg\u0103sesc \u0219i \u00een instala\u021biile \u0219i utilajele noastre, de care ne ocup\u0103m de fiecare detaliu de construc\u021bie. <\/p>\t\t\t\t\t\t\t\t<\/div>\n\t\t\t\t<\/div>\n\t\t\t\t<div class=\"elementor-element elementor-element-1abaf10 elementor-widget elementor-widget-image\" data-id=\"1abaf10\" data-element_type=\"widget\" data-e-type=\"widget\" data-widget_type=\"image.default\">\n\t\t\t\t<div class=\"elementor-widget-container\">\n\t\t\t\t\t\t\t\t\t\t\t\t\t\t\t<img loading=\"lazy\" decoding=\"async\" width=\"800\" height=\"453\" src=\"https:\/\/www.ultratechgroup.it\/wp-content\/uploads\/2015\/02\/Senza-titolo-1ERFERFERFERF-copia-1024x580.jpg\" class=\"attachment-large size-large wp-image-9260\" alt=\"\" srcset=\"https:\/\/www.ultratechgroup.it\/wp-content\/uploads\/2015\/02\/Senza-titolo-1ERFERFERFERF-copia-1024x580.jpg 1024w, https:\/\/www.ultratechgroup.it\/wp-content\/uploads\/2015\/02\/Senza-titolo-1ERFERFERFERF-copia-300x170.jpg 300w, https:\/\/www.ultratechgroup.it\/wp-content\/uploads\/2015\/02\/Senza-titolo-1ERFERFERFERF-copia-968x548.jpg 968w, https:\/\/www.ultratechgroup.it\/wp-content\/uploads\/2015\/02\/Senza-titolo-1ERFERFERFERF-copia-636x360.jpg 636w, https:\/\/www.ultratechgroup.it\/wp-content\/uploads\/2015\/02\/Senza-titolo-1ERFERFERFERF-copia-320x181.jpg 320w, https:\/\/www.ultratechgroup.it\/wp-content\/uploads\/2015\/02\/Senza-titolo-1ERFERFERFERF-copia-239x135.jpg 239w, https:\/\/www.ultratechgroup.it\/wp-content\/uploads\/2015\/02\/Senza-titolo-1ERFERFERFERF-copia.jpg 1415w\" sizes=\"(max-width: 800px) 100vw, 800px\" \/>\t\t\t\t\t\t\t\t\t\t\t\t\t\t\t<\/div>\n\t\t\t\t<\/div>\n\t\t\t\t<div class=\"elementor-element elementor-element-650b094 elementor-widget elementor-widget-text-editor\" data-id=\"650b094\" data-element_type=\"widget\" data-e-type=\"widget\" data-widget_type=\"text-editor.default\">\n\t\t\t\t<div class=\"elementor-widget-container\">\n\t\t\t\t\t\t\t\t\t<p>Proiect\u0103m \u0219i fabric\u0103m sisteme de peste 30 de ani, iar cei peste 1.000 de clien\u021bi ai no\u0219tri sunt cele mai bune referin\u021be \u0219i o dovad\u0103 a muncii noastre.<\/p>\t\t\t\t\t\t\t\t<\/div>\n\t\t\t\t<\/div>\n\t\t<div class=\"elementor-element elementor-element-c9c96c7 e-con-full e-flex e-con e-child\" data-id=\"c9c96c7\" data-element_type=\"container\" data-e-type=\"container\">\n\t\t\t\t<div class=\"elementor-element elementor-element-aa049e5 elementor-widget elementor-widget-image\" data-id=\"aa049e5\" data-element_type=\"widget\" data-e-type=\"widget\" data-widget_type=\"image.default\">\n\t\t\t\t<div class=\"elementor-widget-container\">\n\t\t\t\t\t\t\t\t\t\t\t\t\t\t\t\t<a href=\"https:\/\/www.ultratechgroup.it\/ro\/produse\/cuptoare-cotich\/\">\n\t\t\t\t\t\t\t<img loading=\"lazy\" decoding=\"async\" width=\"350\" height=\"372\" src=\"https:\/\/www.ultratechgroup.it\/wp-content\/uploads\/2015\/02\/PAGINA-PRODOTTI-GENERALE-FORNI1.jpg\" class=\"attachment-large size-large wp-image-9343\" alt=\"\" srcset=\"https:\/\/www.ultratechgroup.it\/wp-content\/uploads\/2015\/02\/PAGINA-PRODOTTI-GENERALE-FORNI1.jpg 350w, https:\/\/www.ultratechgroup.it\/wp-content\/uploads\/2015\/02\/PAGINA-PRODOTTI-GENERALE-FORNI1-282x300.jpg 282w, https:\/\/www.ultratechgroup.it\/wp-content\/uploads\/2015\/02\/PAGINA-PRODOTTI-GENERALE-FORNI1-320x340.jpg 320w, https:\/\/www.ultratechgroup.it\/wp-content\/uploads\/2015\/02\/PAGINA-PRODOTTI-GENERALE-FORNI1-239x254.jpg 239w\" sizes=\"(max-width: 350px) 100vw, 350px\" \/>\t\t\t\t\t\t\t\t<\/a>\n\t\t\t\t\t\t\t\t\t\t\t\t\t\t\t<\/div>\n\t\t\t\t<\/div>\n\t\t\t\t<div class=\"elementor-element elementor-element-dadf293 elementor-widget elementor-widget-image\" data-id=\"dadf293\" data-element_type=\"widget\" data-e-type=\"widget\" data-widget_type=\"image.default\">\n\t\t\t\t<div class=\"elementor-widget-container\">\n\t\t\t\t\t\t\t\t\t\t\t\t\t\t\t\t<a href=\"https:\/\/www.ultratechgroup.it\/ro\/produse\/tech-group\/\">\n\t\t\t\t\t\t\t<img loading=\"lazy\" decoding=\"async\" width=\"350\" height=\"372\" src=\"https:\/\/www.ultratechgroup.it\/wp-content\/uploads\/2015\/02\/PAGINA-PRODOTTI-GENERALE-TECHGROUP1.jpg\" class=\"attachment-large size-large wp-image-9339\" alt=\"\" srcset=\"https:\/\/www.ultratechgroup.it\/wp-content\/uploads\/2015\/02\/PAGINA-PRODOTTI-GENERALE-TECHGROUP1.jpg 350w, https:\/\/www.ultratechgroup.it\/wp-content\/uploads\/2015\/02\/PAGINA-PRODOTTI-GENERALE-TECHGROUP1-282x300.jpg 282w, https:\/\/www.ultratechgroup.it\/wp-content\/uploads\/2015\/02\/PAGINA-PRODOTTI-GENERALE-TECHGROUP1-320x340.jpg 320w, https:\/\/www.ultratechgroup.it\/wp-content\/uploads\/2015\/02\/PAGINA-PRODOTTI-GENERALE-TECHGROUP1-239x254.jpg 239w\" sizes=\"(max-width: 350px) 100vw, 350px\" \/>\t\t\t\t\t\t\t\t<\/a>\n\t\t\t\t\t\t\t\t\t\t\t\t\t\t\t<\/div>\n\t\t\t\t<\/div>\n\t\t\t\t<div class=\"elementor-element elementor-element-108f378 elementor-widget elementor-widget-image\" data-id=\"108f378\" data-element_type=\"widget\" data-e-type=\"widget\" data-widget_type=\"image.default\">\n\t\t\t\t<div class=\"elementor-widget-container\">\n\t\t\t\t\t\t\t\t\t\t\t\t\t\t\t\t<a href=\"https:\/\/www.ultratechgroup.it\/ro\/produse\/techim\/\">\n\t\t\t\t\t\t\t<img loading=\"lazy\" decoding=\"async\" width=\"350\" height=\"372\" src=\"https:\/\/www.ultratechgroup.it\/wp-content\/uploads\/2015\/02\/PAGINA-PRODOTTI-GENERALE-TECHIM1.jpg\" class=\"attachment-large size-large wp-image-9345\" alt=\"\" srcset=\"https:\/\/www.ultratechgroup.it\/wp-content\/uploads\/2015\/02\/PAGINA-PRODOTTI-GENERALE-TECHIM1.jpg 350w, https:\/\/www.ultratechgroup.it\/wp-content\/uploads\/2015\/02\/PAGINA-PRODOTTI-GENERALE-TECHIM1-282x300.jpg 282w, https:\/\/www.ultratechgroup.it\/wp-content\/uploads\/2015\/02\/PAGINA-PRODOTTI-GENERALE-TECHIM1-320x340.jpg 320w, https:\/\/www.ultratechgroup.it\/wp-content\/uploads\/2015\/02\/PAGINA-PRODOTTI-GENERALE-TECHIM1-239x254.jpg 239w\" sizes=\"(max-width: 350px) 100vw, 350px\" \/>\t\t\t\t\t\t\t\t<\/a>\n\t\t\t\t\t\t\t\t\t\t\t\t\t\t\t<\/div>\n\t\t\t\t<\/div>\n\t\t\t\t<div class=\"elementor-element elementor-element-f01017c elementor-widget elementor-widget-image\" data-id=\"f01017c\" data-element_type=\"widget\" data-e-type=\"widget\" data-widget_type=\"image.default\">\n\t\t\t\t<div class=\"elementor-widget-container\">\n\t\t\t\t\t\t\t\t\t\t\t\t\t\t\t\t<a href=\"https:\/\/www.ultratechgroup.it\/ro\/produse\/finitech\/\">\n\t\t\t\t\t\t\t<img loading=\"lazy\" decoding=\"async\" width=\"350\" height=\"372\" src=\"https:\/\/www.ultratechgroup.it\/wp-content\/uploads\/2015\/02\/PAGINA-PRODOTTI-GENERALE-FINITECH1.jpg\" class=\"attachment-large size-large wp-image-9341\" alt=\"\" srcset=\"https:\/\/www.ultratechgroup.it\/wp-content\/uploads\/2015\/02\/PAGINA-PRODOTTI-GENERALE-FINITECH1.jpg 350w, https:\/\/www.ultratechgroup.it\/wp-content\/uploads\/2015\/02\/PAGINA-PRODOTTI-GENERALE-FINITECH1-282x300.jpg 282w, https:\/\/www.ultratechgroup.it\/wp-content\/uploads\/2015\/02\/PAGINA-PRODOTTI-GENERALE-FINITECH1-320x340.jpg 320w, https:\/\/www.ultratechgroup.it\/wp-content\/uploads\/2015\/02\/PAGINA-PRODOTTI-GENERALE-FINITECH1-239x254.jpg 239w\" sizes=\"(max-width: 350px) 100vw, 350px\" \/>\t\t\t\t\t\t\t\t<\/a>\n\t\t\t\t\t\t\t\t\t\t\t\t\t\t\t<\/div>\n\t\t\t\t<\/div>\n\t\t\t\t<\/div>\n\t\t\t\t\t<\/div>\n\t\t\t\t<\/div>\n\t\t\t\t<\/div>\n\t\t","protected":false},"excerpt":{"rendered":"<p>Despre noi Experien\u021b\u0103 \u0219i inova\u021bie. La nostra sede produttiva, dove le nostre macchine prendono forma. La nostra sede produttiva, e non solo&#8230; Lavorazioni &#8211; Saldatura TechGroup &#8211; Macchine speciali per trattamento coating La nostra sede produttiva, la pace di questi paesaggi. Lavorazioni &#8211; Macchine utensili e controllo numerico Tunnel di lavaggio industriale &#8211; Carenatura Lavorazioni [&hellip;]<\/p>\n","protected":false},"author":1,"featured_media":0,"parent":0,"menu_order":0,"comment_status":"closed","ping_status":"closed","template":"","meta":{"footnotes":""},"class_list":["post-12648","page","type-page","status-publish","hentry"],"_links":{"self":[{"href":"https:\/\/www.ultratechgroup.it\/ro\/wp-json\/wp\/v2\/pages\/12648","targetHints":{"allow":["GET"]}}],"collection":[{"href":"https:\/\/www.ultratechgroup.it\/ro\/wp-json\/wp\/v2\/pages"}],"about":[{"href":"https:\/\/www.ultratechgroup.it\/ro\/wp-json\/wp\/v2\/types\/page"}],"author":[{"embeddable":true,"href":"https:\/\/www.ultratechgroup.it\/ro\/wp-json\/wp\/v2\/users\/1"}],"replies":[{"embeddable":true,"href":"https:\/\/www.ultratechgroup.it\/ro\/wp-json\/wp\/v2\/comments?post=12648"}],"version-history":[{"count":6,"href":"https:\/\/www.ultratechgroup.it\/ro\/wp-json\/wp\/v2\/pages\/12648\/revisions"}],"predecessor-version":[{"id":14013,"href":"https:\/\/www.ultratechgroup.it\/ro\/wp-json\/wp\/v2\/pages\/12648\/revisions\/14013"}],"wp:attachment":[{"href":"https:\/\/www.ultratechgroup.it\/ro\/wp-json\/wp\/v2\/media?parent=12648"}],"curies":[{"name":"wp","href":"https:\/\/api.w.org\/{rel}","templated":true}]}}