{"id":12337,"date":"2026-01-31T00:00:00","date_gmt":"2026-01-30T23:00:00","guid":{"rendered":"https:\/\/koms5.sg-host.com\/separatoare-de-ulei\/"},"modified":"2026-03-18T11:10:04","modified_gmt":"2026-03-18T10:10:04","slug":"separatoare-de-ulei","status":"publish","type":"page","link":"https:\/\/www.ultratechgroup.it\/ro\/produse\/tech-group\/separatoare-de-ulei\/","title":{"rendered":"Separatoare de ulei"},"content":{"rendered":"\n<figure class=\"wp-block-image aligncenter\"><img decoding=\"async\" src=\"https:\/\/www.ultratechgroup.it\/wp-content\/uploads\/2015\/04\/Disoleatore-copia-300x200.jpg\" alt=\"Disoleatore\"\/><\/figure>\n\n\n\n<p>Separatorul de ulei este complet realizat din o\u021bel inoxidabil AISI 304. Uleiul este \u00eendep\u0103rtat de la suprafa\u021ba lichidului cu ajutorul motorului care rote\u0219te continuu un disc din o\u021bel inoxidabil de 300 sau 500 mm, care atrage \u0219i capteaz\u0103 uleiul suspendat la suprafa\u021ba apei \u0219i \u00eel trimite c\u0103tre un canal de drenaj prin intermediul unei raclete de c\u0103dere.<\/p>\n\n\n\n<div class=\"wp-block-columns is-layout-flex wp-container-core-columns-is-layout-28f84493 wp-block-columns-is-layout-flex\">\n<div class=\"wp-block-column is-layout-flow wp-block-column-is-layout-flow\" style=\"flex-basis:55%\">\n<p><strong>Separator de ulei gravita\u021bional<\/strong><\/p>\n\n\n\n<p>Ele permit de-ungerea lichidului prin exploatarea diferen\u021bei de greutate specific\u0103 a lichidelor. Acestea pot fi combinate \u00een serie cu separatoare de ulei pe disc pentru a cre\u0219te eficien\u021ba. Separatorul de ulei este fabricat din o\u021bel inoxidabil AISI 304, \u00eentr-o versiune cu un singur perete, fiind livrat complet cu: pomp\u0103 de recirculare, filtru de 150 microni, panou electric, senzor plutitor, compartiment dublu cu defilare, capac manual.<\/p>\n<\/div>\n\n\n\n<div class=\"wp-block-column is-layout-flow wp-block-column-is-layout-flow\" style=\"flex-basis:45%\">\n<figure class=\"wp-block-table is-style-stripes\"><table class=\"has-fixed-layout\" style=\"border-width:1px\"><thead><tr><th><strong>MODEL<\/strong><\/th><th><strong>CAPACITATE (lt.)<\/strong><\/th><\/tr><\/thead><tbody><tr><td>VT\/S 60<\/td><td>60<\/td><\/tr><tr><td>VT\/S 120<\/td><td>120<\/td><\/tr><\/tbody><\/table><\/figure>\n<\/div>\n<\/div>\n\n\n\n<div class=\"wp-block-columns is-layout-flex wp-container-core-columns-is-layout-28f84493 wp-block-columns-is-layout-flex\">\n<div class=\"wp-block-column is-layout-flow wp-block-column-is-layout-flow\" style=\"flex-basis:55%\">\n<p><strong>Deoleatoare coalescente<\/strong><\/p>\n\n\n\n<p>Construite integral din o\u021bel inoxidabil Aisi 304, separatoarele cu pl\u0103ci coalescente sunt proiectate s\u0103 elimine uleiul &#8222;t\u00e2r\u00e2t&#8221; \u0219i solidele suspendate dintr-un amestec ulei\/ap\u0103, conform principiului Stocke. Ac\u021biunea separatoarelor implic\u0103 dou\u0103 metode combinate de tratament: separarea gravita\u021bional\u0103 \u0219i ac\u021biunea de coalescen\u021b\u0103. Construite cu un singur perete, acestea sunt livrate cu acoperire normal\u0103, pomp\u0103 \u0219i filtru de reciclare, supap\u0103 de scurgere \u0219i senzor de dublu nivel.<\/p>\n<\/div>\n\n\n\n<div class=\"wp-block-column is-layout-flow wp-block-column-is-layout-flow\" style=\"flex-basis:45%\">\n<figure class=\"wp-block-table is-style-stripes\"><table class=\"has-fixed-layout\" style=\"border-width:1px\"><thead><tr><th><strong>MODEL<\/strong><\/th><th><strong>CAPACITATE (lt.)<\/strong><\/th><\/tr><\/thead><tbody><tr><td>VPC 150<\/td><td>150<\/td><\/tr><tr><td>VPC 300<\/td><td>300<\/td><\/tr><tr><td>VPC 450<\/td><td>450<\/td><\/tr><\/tbody><\/table><\/figure>\n<\/div>\n<\/div>\n\n\n\n<p><\/p>\n","protected":false},"excerpt":{"rendered":"<p>Separatorul de ulei este complet realizat din o\u021bel inoxidabil AISI 304. Uleiul este \u00eendep\u0103rtat de la suprafa\u021ba lichidului cu ajutorul motorului care rote\u0219te continuu un disc din o\u021bel inoxidabil de 300 sau 500 mm, care atrage \u0219i capteaz\u0103 uleiul suspendat la suprafa\u021ba apei \u0219i \u00eel trimite c\u0103tre un canal de drenaj prin intermediul unei raclete [&hellip;]<\/p>\n","protected":false},"author":1,"featured_media":0,"parent":12237,"menu_order":0,"comment_status":"closed","ping_status":"open","template":"","meta":{"footnotes":""},"class_list":["post-12337","page","type-page","status-publish","hentry"],"_links":{"self":[{"href":"https:\/\/www.ultratechgroup.it\/ro\/wp-json\/wp\/v2\/pages\/12337","targetHints":{"allow":["GET"]}}],"collection":[{"href":"https:\/\/www.ultratechgroup.it\/ro\/wp-json\/wp\/v2\/pages"}],"about":[{"href":"https:\/\/www.ultratechgroup.it\/ro\/wp-json\/wp\/v2\/types\/page"}],"author":[{"embeddable":true,"href":"https:\/\/www.ultratechgroup.it\/ro\/wp-json\/wp\/v2\/users\/1"}],"replies":[{"embeddable":true,"href":"https:\/\/www.ultratechgroup.it\/ro\/wp-json\/wp\/v2\/comments?post=12337"}],"version-history":[{"count":5,"href":"https:\/\/www.ultratechgroup.it\/ro\/wp-json\/wp\/v2\/pages\/12337\/revisions"}],"predecessor-version":[{"id":14334,"href":"https:\/\/www.ultratechgroup.it\/ro\/wp-json\/wp\/v2\/pages\/12337\/revisions\/14334"}],"up":[{"embeddable":true,"href":"https:\/\/www.ultratechgroup.it\/ro\/wp-json\/wp\/v2\/pages\/12237"}],"wp:attachment":[{"href":"https:\/\/www.ultratechgroup.it\/ro\/wp-json\/wp\/v2\/media?parent=12337"}],"curies":[{"name":"wp","href":"https:\/\/api.w.org\/{rel}","templated":true}]}}