{"id":12327,"date":"2026-01-31T00:00:00","date_gmt":"2026-01-30T23:00:00","guid":{"rendered":"https:\/\/koms5.sg-host.com\/cuptoare-de-uscare-in-vid\/"},"modified":"2026-03-17T15:14:27","modified_gmt":"2026-03-17T14:14:27","slug":"cuptoare-de-uscare-in-vid","status":"publish","type":"page","link":"https:\/\/www.ultratechgroup.it\/ro\/produse\/tech-group\/cuptoare-de-uscare-in-vid\/","title":{"rendered":"Cuptoare de uscare \u00een vid"},"content":{"rendered":"<p>Cuptoarele din seria ASV permit uscarea perfect\u0103 a pieselor tratate datorit\u0103 tehnologiei de vid. Cuptoarele, realizate integral din o\u021bel inoxidabil AISI 304, sunt livrate complet cu:<\/p>\n<ul>\n<li>grupul de vid,<\/li>\n<li>senzor de vid,<\/li>\n<li>supap\u0103 \u00eentrerup\u0103tor de vid,<\/li>\n<li>capac manual\/automat,<\/li>\n<li>picioare reglabile,<\/li>\n<li>Panoul electric.<\/li>\n<\/ul>\n<table id=\"specifications\" style=\"width: 100%;\" border=\"0\" cellspacing=\"0\" cellpadding=\"0\">\n<tbody>\n<tr>\n<td align=\"center\" valign=\"middle\" width=\"82\">\n<p align=\"center\"><strong>MODEL<\/strong><\/p>\n<\/td>\n<td align=\"center\" valign=\"middle\" width=\"148\">\n<p align=\"center\"><strong>DIMENSIUNI UTILE <\/strong><strong>CAD\u0102 DE BAIE <\/strong><strong>(mm)<\/strong><\/p>\n<\/td>\n<\/tr>\n<tr>\n<td width=\"82\">\n<p align=\"left\">ASV 35<\/p>\n<\/td>\n<td width=\"148\">\n<p align=\"left\">300x450x250<\/p>\n<\/td>\n<\/tr>\n<tr>\n<td width=\"82\">\n<p align=\"left\">ASV 60<\/p>\n<\/td>\n<td>\n<p align=\"left\">350x500x300<\/p>\n<\/td>\n<\/tr>\n<tr>\n<td width=\"82\">\n<p align=\"left\">ASV 80<\/p>\n<\/td>\n<td width=\"148\">\n<p align=\"left\">400x550x350<\/p>\n<\/td>\n<\/tr>\n<tr>\n<td width=\"82\">\n<p align=\"left\">ASV 120<\/p>\n<\/td>\n<td width=\"148\">\n<p align=\"left\">500x600x400<\/p>\n<\/td>\n<\/tr>\n<tr>\n<td width=\"82\">\n<p align=\"left\">ASV 170<\/p>\n<\/td>\n<td width=\"148\">\n<p align=\"left\">550x700x450<\/p>\n<\/td>\n<\/tr>\n<tr>\n<td width=\"82\">\n<p align=\"left\">ASV 240<\/p>\n<\/td>\n<td width=\"148\">\n<p align=\"left\">600x800x500<\/p>\n<\/td>\n<\/tr>\n<tr>\n<td width=\"82\">\n<p align=\"left\">ASV 320<\/p>\n<\/td>\n<td width=\"148\">\n<p align=\"left\">650x900x550<\/p>\n<\/td>\n<\/tr>\n<tr>\n<td width=\"82\">\n<p align=\"left\">ASV 420<\/p>\n<\/td>\n<td width=\"148\">\n<p align=\"left\">700x1000x600<\/p>\n<\/td>\n<\/tr>\n<tr>\n<td width=\"82\">\n<p align=\"left\">ASV 550<\/p>\n<\/td>\n<td width=\"148\">\n<p align=\"left\">750x1100x650<\/p>\n<\/td>\n<\/tr>\n<tr>\n<td width=\"82\">\n<p align=\"left\">ASV 670<\/p>\n<\/td>\n<td width=\"148\">\n<p align=\"left\">800x1200x700<\/p>\n<\/td>\n<\/tr>\n<\/tbody>\n<\/table>\n","protected":false},"excerpt":{"rendered":"<p>Cuptoarele din seria ASV permit uscarea perfect\u0103 a pieselor tratate datorit\u0103 tehnologiei de vid. Cuptoarele, realizate integral din o\u021bel inoxidabil AISI 304, sunt livrate complet cu: grupul de vid, senzor de vid, supap\u0103 \u00eentrerup\u0103tor de vid, capac manual\/automat, picioare reglabile, Panoul electric. MODEL DIMENSIUNI UTILE CAD\u0102 DE BAIE (mm) ASV 35 300x450x250 ASV 60 350x500x300 [&hellip;]<\/p>\n","protected":false},"author":1,"featured_media":0,"parent":12237,"menu_order":0,"comment_status":"closed","ping_status":"open","template":"","meta":{"footnotes":""},"class_list":["post-12327","page","type-page","status-publish","hentry"],"_links":{"self":[{"href":"https:\/\/www.ultratechgroup.it\/ro\/wp-json\/wp\/v2\/pages\/12327","targetHints":{"allow":["GET"]}}],"collection":[{"href":"https:\/\/www.ultratechgroup.it\/ro\/wp-json\/wp\/v2\/pages"}],"about":[{"href":"https:\/\/www.ultratechgroup.it\/ro\/wp-json\/wp\/v2\/types\/page"}],"author":[{"embeddable":true,"href":"https:\/\/www.ultratechgroup.it\/ro\/wp-json\/wp\/v2\/users\/1"}],"replies":[{"embeddable":true,"href":"https:\/\/www.ultratechgroup.it\/ro\/wp-json\/wp\/v2\/comments?post=12327"}],"version-history":[{"count":2,"href":"https:\/\/www.ultratechgroup.it\/ro\/wp-json\/wp\/v2\/pages\/12327\/revisions"}],"predecessor-version":[{"id":14220,"href":"https:\/\/www.ultratechgroup.it\/ro\/wp-json\/wp\/v2\/pages\/12327\/revisions\/14220"}],"up":[{"embeddable":true,"href":"https:\/\/www.ultratechgroup.it\/ro\/wp-json\/wp\/v2\/pages\/12237"}],"wp:attachment":[{"href":"https:\/\/www.ultratechgroup.it\/ro\/wp-json\/wp\/v2\/media?parent=12327"}],"curies":[{"name":"wp","href":"https:\/\/api.w.org\/{rel}","templated":true}]}}