{"id":12323,"date":"2026-01-31T00:00:00","date_gmt":"2026-01-30T23:00:00","guid":{"rendered":"https:\/\/koms5.sg-host.com\/sisteme-de-spalare-cu-solventi-inflamabili\/"},"modified":"2026-03-13T15:31:11","modified_gmt":"2026-03-13T14:31:11","slug":"sisteme-de-spalare-cu-solventi-inflamabili","status":"publish","type":"page","link":"https:\/\/www.ultratechgroup.it\/ro\/produse\/tech-group\/sisteme-de-spalare-cu-solventi-inflamabili\/","title":{"rendered":"Sisteme de sp\u0103lare cu solven\u021bi inflamabili"},"content":{"rendered":"\n<div class=\"wp-block-columns is-layout-flex wp-container-core-columns-is-layout-28f84493 wp-block-columns-is-layout-flex\">\n<div class=\"wp-block-column is-layout-flow wp-block-column-is-layout-flow\">\n<figure class=\"wp-block-image size-full\"><img decoding=\"async\" src=\"https:\/\/www.ultratechgroup.it\/wp-content\/uploads\/2015\/04\/flammable.png\" alt=\"Tunel de sp\u0103lare pentru solven\u021bi inflamabili\"\/><figcaption class=\"wp-element-caption\"><em>Tunel de sp\u0103lare pentru solven\u021bi inflamabili<\/em><\/figcaption><\/figure>\n<\/div>\n\n\n<div class=\"wp-block-column is-layout-flow wp-block-column-is-layout-flow\">\n<figure class=\"wp-block-image size-full\"><img decoding=\"async\" src=\"https:\/\/www.ultratechgroup.it\/wp-content\/uploads\/2015\/04\/atex.png\" alt=\"Ma\u0219in\u0103 de sp\u0103lat special\u0103 Atex\"\/><figcaption class=\"wp-element-caption\"><em>Ma\u0219in\u0103 de sp\u0103lat special\u0103 \u2013 Atex<\/em><\/figcaption><\/figure>\n<\/div>\n<\/div>\n\n\n\n<div class=\"wp-block-columns is-layout-flex wp-container-core-columns-is-layout-28f84493 wp-block-columns-is-layout-flex\">\n<div class=\"wp-block-column is-layout-flow wp-block-column-is-layout-flow\">\n<figure class=\"wp-block-image size-full\"><img decoding=\"async\" src=\"https:\/\/www.ultratechgroup.it\/wp-content\/uploads\/2015\/04\/cabinet.png\" alt=\"Sistem de sp\u0103lare manual tip dulap pentru solven\u021bi inflamabili\"\/><figcaption class=\"wp-element-caption\"><em>Sistem de sp\u0103lare manual tip dulap pentru solven\u021bi inflamabili<\/em><\/figcaption><\/figure>\n<\/div>\n\n\n<div class=\"wp-block-column is-layout-flow wp-block-column-is-layout-flow\">\n<figure class=\"wp-block-image size-full\"><img decoding=\"async\" src=\"https:\/\/www.ultratechgroup.it\/wp-content\/uploads\/2015\/04\/multi.png\" alt=\"Sistem de sp\u0103lare multi-cuve pentru solven\u021bi inflamabili\"\/><figcaption class=\"wp-element-caption\"><em>Sistem de sp\u0103lare multi-cuve pentru solven\u021bi inflamabili<\/em><\/figcaption><\/figure>\n<\/div>\n<\/div>\n","protected":false},"excerpt":{"rendered":"","protected":false},"author":1,"featured_media":0,"parent":12237,"menu_order":0,"comment_status":"closed","ping_status":"open","template":"","meta":{"footnotes":""},"class_list":["post-12323","page","type-page","status-publish","hentry"],"_links":{"self":[{"href":"https:\/\/www.ultratechgroup.it\/ro\/wp-json\/wp\/v2\/pages\/12323","targetHints":{"allow":["GET"]}}],"collection":[{"href":"https:\/\/www.ultratechgroup.it\/ro\/wp-json\/wp\/v2\/pages"}],"about":[{"href":"https:\/\/www.ultratechgroup.it\/ro\/wp-json\/wp\/v2\/types\/page"}],"author":[{"embeddable":true,"href":"https:\/\/www.ultratechgroup.it\/ro\/wp-json\/wp\/v2\/users\/1"}],"replies":[{"embeddable":true,"href":"https:\/\/www.ultratechgroup.it\/ro\/wp-json\/wp\/v2\/comments?post=12323"}],"version-history":[{"count":2,"href":"https:\/\/www.ultratechgroup.it\/ro\/wp-json\/wp\/v2\/pages\/12323\/revisions"}],"predecessor-version":[{"id":13559,"href":"https:\/\/www.ultratechgroup.it\/ro\/wp-json\/wp\/v2\/pages\/12323\/revisions\/13559"}],"up":[{"embeddable":true,"href":"https:\/\/www.ultratechgroup.it\/ro\/wp-json\/wp\/v2\/pages\/12237"}],"wp:attachment":[{"href":"https:\/\/www.ultratechgroup.it\/ro\/wp-json\/wp\/v2\/media?parent=12323"}],"curies":[{"name":"wp","href":"https:\/\/api.w.org\/{rel}","templated":true}]}}