{"id":12319,"date":"2026-01-31T00:00:00","date_gmt":"2026-01-30T23:00:00","guid":{"rendered":"https:\/\/koms5.sg-host.com\/sisteme-de-spalare-cu-presiune-inalta\/"},"modified":"2026-03-17T15:08:50","modified_gmt":"2026-03-17T14:08:50","slug":"sisteme-de-spalare-cu-presiune-inalta","status":"publish","type":"page","link":"https:\/\/www.ultratechgroup.it\/ro\/produse\/tech-group\/sisteme-de-spalare-cu-presiune-inalta\/","title":{"rendered":"Sisteme de sp\u0103lare cu \u00eenalt\u0103 presiune"},"content":{"rendered":"\n<p>Sistemele de sp\u0103lare cu \u00eenalt\u0103 presiune efectueaz\u0103 sp\u0103larea calibrat\u0103 cu spray-uri de \u00eenalt\u0103 presiune \u0219i sunt recomandate \u00een toate cazurile \u00een care este necesar\u0103 o calitate final\u0103 ridicat\u0103. Proiectate pentru nevoi individuale, ele pot fi cu pozi\u021bie fix\u0103 (deosebit de potrivite pentru inserarea pe insule robotizate), mese rotative sau tuneluri.<\/p>\n\n\n\n<figure class=\"wp-block-image aligncenter is-resized\"><img decoding=\"async\" src=\"https:\/\/www.ultratechgroup.it\/wp-content\/uploads\/2026\/01\/FWLJ3905.png\" alt=\"impianto di lavaggio ad alta pressione\" style=\"width:500px\"\/><\/figure>\n\n\n\n<figure class=\"wp-block-gallery has-nested-images columns-2 wp-block-gallery-1 is-layout-flex wp-block-gallery-is-layout-flex\">\n<figure class=\"wp-block-image size-full\"><img decoding=\"async\" src=\"https:\/\/www.ultratechgroup.it\/wp-content\/uploads\/2015\/04\/hi.png\" alt=\"Lavatrice ad alta pressione a tavola rotante\"\/><\/figure>\n\n\n\n<figure class=\"wp-block-image size-full\"><img decoding=\"async\" src=\"https:\/\/www.ultratechgroup.it\/wp-content\/uploads\/2015\/04\/highh.png\" alt=\"Lavatrice ad alta pressione a tunnel\"\/><\/figure>\n\n\n\n<figure class=\"wp-block-image size-full\"><img decoding=\"async\" src=\"https:\/\/www.ultratechgroup.it\/wp-content\/uploads\/2015\/04\/high-p.png\" alt=\"Pompe di lavaggio ad alta pressione\"\/><\/figure>\n\n\n\n<figure class=\"wp-block-image size-full\"><img decoding=\"async\" src=\"https:\/\/www.ultratechgroup.it\/wp-content\/uploads\/2015\/04\/high-pressure.png\" alt=\"Pompe di lavaggio ad alta pressione\"\/><\/figure>\n<\/figure>\n","protected":false},"excerpt":{"rendered":"<p>Sistemele de sp\u0103lare cu \u00eenalt\u0103 presiune efectueaz\u0103 sp\u0103larea calibrat\u0103 cu spray-uri de \u00eenalt\u0103 presiune \u0219i sunt recomandate \u00een toate cazurile \u00een care este necesar\u0103 o calitate final\u0103 ridicat\u0103. Proiectate pentru nevoi individuale, ele pot fi cu pozi\u021bie fix\u0103 (deosebit de potrivite pentru inserarea pe insule robotizate), mese rotative sau tuneluri.<\/p>\n","protected":false},"author":1,"featured_media":0,"parent":12237,"menu_order":0,"comment_status":"closed","ping_status":"open","template":"","meta":{"footnotes":""},"class_list":["post-12319","page","type-page","status-publish","hentry"],"_links":{"self":[{"href":"https:\/\/www.ultratechgroup.it\/ro\/wp-json\/wp\/v2\/pages\/12319","targetHints":{"allow":["GET"]}}],"collection":[{"href":"https:\/\/www.ultratechgroup.it\/ro\/wp-json\/wp\/v2\/pages"}],"about":[{"href":"https:\/\/www.ultratechgroup.it\/ro\/wp-json\/wp\/v2\/types\/page"}],"author":[{"embeddable":true,"href":"https:\/\/www.ultratechgroup.it\/ro\/wp-json\/wp\/v2\/users\/1"}],"replies":[{"embeddable":true,"href":"https:\/\/www.ultratechgroup.it\/ro\/wp-json\/wp\/v2\/comments?post=12319"}],"version-history":[{"count":3,"href":"https:\/\/www.ultratechgroup.it\/ro\/wp-json\/wp\/v2\/pages\/12319\/revisions"}],"predecessor-version":[{"id":14216,"href":"https:\/\/www.ultratechgroup.it\/ro\/wp-json\/wp\/v2\/pages\/12319\/revisions\/14216"}],"up":[{"embeddable":true,"href":"https:\/\/www.ultratechgroup.it\/ro\/wp-json\/wp\/v2\/pages\/12237"}],"wp:attachment":[{"href":"https:\/\/www.ultratechgroup.it\/ro\/wp-json\/wp\/v2\/media?parent=12319"}],"curies":[{"name":"wp","href":"https:\/\/api.w.org\/{rel}","templated":true}]}}