{"id":12317,"date":"2026-01-31T00:00:00","date_gmt":"2026-01-30T23:00:00","guid":{"rendered":"https:\/\/koms5.sg-host.com\/insule-de-spalare-robotizate\/"},"modified":"2026-03-18T11:09:49","modified_gmt":"2026-03-18T10:09:49","slug":"insule-de-spalare-robotizate","status":"publish","type":"page","link":"https:\/\/www.ultratechgroup.it\/ro\/produse\/tech-group\/insule-de-spalare-robotizate\/","title":{"rendered":"Insule de sp\u0103lare robotizate"},"content":{"rendered":"\n<figure class=\"wp-block-table is-style-stripes\"><table><thead><tr><th><strong>PRINCIPALELE CARACTERISTICI TEHNICE MOD. LSF 1\/2<\/strong><\/th><th><\/th><\/tr><\/thead><tbody><tr><td>Timp ciclu<\/td><td>60 la 120 sec.<\/td><\/tr><tr><td>\u00cen\u0103l\u021bime de \u00eenc\u0103rcare\/desc\u0103rcare<\/td><td>VARIABIL\u0102<\/td><\/tr><tr><td>Nr. rampe mobile<\/td><td>LA CERERE<\/td><\/tr><tr><td>Nr. rampe fixe<\/td><td>CONFORM NECESIT\u0102\u021aILOR<\/td><\/tr><tr><td>Pomp\u0103 de sp\u0103lare<\/td><td>de la 5 la 12 Bar<\/td><\/tr><tr><td>Pomp\u0103 de cl\u0103tire<\/td><td>de la 4 la 6 Bar<\/td><\/tr><tr><td>Pomp\u0103 de \u00eenalt\u0103 presiune<\/td><td>de la 120 la 500 Bar<\/td><\/tr><tr><td>Uscare<\/td><td>aer cald for\u021bat<\/td><\/tr><tr><td>Grup de filtrare<\/td><td>nr. 02 filtre cu sac (II op\u021bional)<\/td><\/tr><\/tbody><\/table><\/figure>\n\n\n\n<figure class=\"wp-block-image aligncenter is-resized\"><img decoding=\"async\" src=\"https:\/\/www.ultratechgroup.it\/wp-content\/uploads\/2026\/01\/robot.png\" alt=\"insul\u0103 de sp\u0103lare robotizat\u0103\" style=\"object-fit:contain;width:350px;height:350px\"\/><\/figure>\n\n\n\n<figure class=\"wp-block-gallery has-nested-images columns-3 is-cropped wp-block-gallery-1 is-layout-flex wp-block-gallery-is-layout-flex\">\n<figure class=\"wp-block-image size-large\"><a href=\"https:\/\/www.ultratechgroup.it\/wp-content\/uploads\/2015\/04\/isole-di-lavaggio-robotizzate-foto-2.jpg\"><img decoding=\"async\" src=\"https:\/\/www.ultratechgroup.it\/wp-content\/uploads\/2015\/04\/isole-di-lavaggio-robotizzate-foto-2.jpg\" alt=\"insul\u0103 de sp\u0103lare robotizat\u0103\"\/><\/a><\/figure>\n\n\n\n<figure class=\"wp-block-image size-large\"><a href=\"https:\/\/www.ultratechgroup.it\/wp-content\/uploads\/2015\/04\/isole-di-lavaggio-robotizzate-foto-1.jpg\"><img decoding=\"async\" src=\"https:\/\/www.ultratechgroup.it\/wp-content\/uploads\/2015\/04\/isole-di-lavaggio-robotizzate-foto-1.jpg\" alt=\"insul\u0103 de sp\u0103lare robotizat\u0103\"\/><\/a><\/figure>\n\n\n\n<figure class=\"wp-block-image size-large\"><a href=\"https:\/\/www.ultratechgroup.it\/wp-content\/uploads\/2015\/04\/Lavatrice-serie-LS-2-posizioni.jpg\"><img decoding=\"async\" src=\"https:\/\/www.ultratechgroup.it\/wp-content\/uploads\/2015\/04\/Lavatrice-serie-LS-2-posizioni.jpg\" alt=\"ma\u0219in\u0103 de sp\u0103lat\"\/><\/a><\/figure>\n\n\n\n<figure class=\"wp-block-image size-large\"><a href=\"https:\/\/www.ultratechgroup.it\/wp-content\/uploads\/2015\/04\/isole-di-lavaggio-robotizzate-foto-3.jpg\"><img decoding=\"async\" src=\"https:\/\/www.ultratechgroup.it\/wp-content\/uploads\/2015\/04\/isole-di-lavaggio-robotizzate-foto-3.jpg\" alt=\"insul\u0103 de sp\u0103lare robotizat\u0103\"\/><\/a><\/figure>\n\n\n\n<figure class=\"wp-block-image size-large\"><a href=\"https:\/\/www.ultratechgroup.it\/wp-content\/uploads\/2015\/04\/isole-di-lavaggio-robotizzate-foto-4.jpg\"><img decoding=\"async\" src=\"https:\/\/www.ultratechgroup.it\/wp-content\/uploads\/2015\/04\/isole-di-lavaggio-robotizzate-foto-4.jpg\" alt=\"insul\u0103 de sp\u0103lare robotizat\u0103\"\/><\/a><\/figure>\n\n\n\n<figure class=\"wp-block-image size-large\"><a href=\"https:\/\/www.ultratechgroup.it\/wp-content\/uploads\/2015\/04\/Lavatrice-serie-LS-1-posizione.jpg\"><img decoding=\"async\" src=\"https:\/\/www.ultratechgroup.it\/wp-content\/uploads\/2015\/04\/Lavatrice-serie-LS-1-posizione.jpg\" alt=\"ma\u0219in\u0103 de sp\u0103lat\"\/><\/a><\/figure>\n<\/figure>\n","protected":false},"excerpt":{"rendered":"<p>PRINCIPALELE CARACTERISTICI TEHNICE MOD. LSF 1\/2 Timp ciclu 60 la 120 sec. \u00cen\u0103l\u021bime de \u00eenc\u0103rcare\/desc\u0103rcare VARIABIL\u0102 Nr. rampe mobile LA CERERE Nr. rampe fixe CONFORM NECESIT\u0102\u021aILOR Pomp\u0103 de sp\u0103lare de la 5 la 12 Bar Pomp\u0103 de cl\u0103tire de la 4 la 6 Bar Pomp\u0103 de \u00eenalt\u0103 presiune de la 120 la 500 Bar Uscare [&hellip;]<\/p>\n","protected":false},"author":1,"featured_media":0,"parent":12237,"menu_order":0,"comment_status":"closed","ping_status":"open","template":"","meta":{"footnotes":""},"class_list":["post-12317","page","type-page","status-publish","hentry"],"_links":{"self":[{"href":"https:\/\/www.ultratechgroup.it\/ro\/wp-json\/wp\/v2\/pages\/12317","targetHints":{"allow":["GET"]}}],"collection":[{"href":"https:\/\/www.ultratechgroup.it\/ro\/wp-json\/wp\/v2\/pages"}],"about":[{"href":"https:\/\/www.ultratechgroup.it\/ro\/wp-json\/wp\/v2\/types\/page"}],"author":[{"embeddable":true,"href":"https:\/\/www.ultratechgroup.it\/ro\/wp-json\/wp\/v2\/users\/1"}],"replies":[{"embeddable":true,"href":"https:\/\/www.ultratechgroup.it\/ro\/wp-json\/wp\/v2\/comments?post=12317"}],"version-history":[{"count":3,"href":"https:\/\/www.ultratechgroup.it\/ro\/wp-json\/wp\/v2\/pages\/12317\/revisions"}],"predecessor-version":[{"id":14333,"href":"https:\/\/www.ultratechgroup.it\/ro\/wp-json\/wp\/v2\/pages\/12317\/revisions\/14333"}],"up":[{"embeddable":true,"href":"https:\/\/www.ultratechgroup.it\/ro\/wp-json\/wp\/v2\/pages\/12237"}],"wp:attachment":[{"href":"https:\/\/www.ultratechgroup.it\/ro\/wp-json\/wp\/v2\/media?parent=12317"}],"curies":[{"name":"wp","href":"https:\/\/api.w.org\/{rel}","templated":true}]}}