{"id":12315,"date":"2026-01-31T00:00:00","date_gmt":"2026-01-30T23:00:00","guid":{"rendered":"https:\/\/koms5.sg-host.com\/sisteme-de-spalare-pozitionate\/"},"modified":"2026-03-17T15:07:20","modified_gmt":"2026-03-17T14:07:20","slug":"sisteme-de-spalare-pozitionate","status":"publish","type":"page","link":"https:\/\/www.ultratechgroup.it\/ro\/produse\/tech-group\/sisteme-de-spalare-pozitionate\/","title":{"rendered":"Sisteme de sp\u0103lare pozi\u021bionate"},"content":{"rendered":"\n<p>Echipamente proiectate pentru sp\u0103lare de \u00eenalt\u0103 calitate prin pulverizare la presiune medie-\u00eenalt\u0103 &#8211; foarte \u00eenalt\u0103.<\/p>\n\n\n\n<p>Acestea sunt proiectate \u0219i fabricate pentru a r\u0103spunde unor nevoi specifice.<\/p>\n\n\n\n<p>Pot fi realizate cu o mas\u0103 rotativ\u0103 seria TR sau cu un tunel din seria TP cu \u00eenc\u0103rcare \u0219i desc\u0103rcare automat\u0103 sau manual\u0103.&nbsp;<\/p>\n\n\n\n<p>Toate componentele aflate \u00een contact cu lichidele sunt fabricate din o\u021bel inoxidabil AISI 304 sau 316L \u0219i pot fi demontate u\u0219or pentru a facilita opera\u021biunile de \u00eentre\u021binere \u0219i cur\u0103\u021bare.<\/p>\n\n\n\n<figure class=\"wp-block-gallery has-nested-images columns-3 is-cropped wp-block-gallery-1 is-layout-flex wp-block-gallery-is-layout-flex\">\n<figure class=\"wp-block-image size-medium\"><a href=\"https:\/\/www.ultratechgroup.it\/wp-content\/uploads\/2015\/04\/IMPIANTI-DI-LAVAGGIO-POSIZIONATO-1.jpg\"><img decoding=\"async\" src=\"https:\/\/www.ultratechgroup.it\/wp-content\/uploads\/2015\/04\/IMPIANTI-DI-LAVAGGIO-POSIZIONATO-1.jpg\" alt=\"impianto di lavaggio posizionato\"\/><\/a><\/figure>\n\n\n\n<figure class=\"wp-block-image size-medium\"><a href=\"https:\/\/www.ultratechgroup.it\/wp-content\/uploads\/2015\/04\/IMPIANTI-DI-LAVAGGIO-POSIZIONATO-2.jpg\"><img decoding=\"async\" src=\"https:\/\/www.ultratechgroup.it\/wp-content\/uploads\/2015\/04\/IMPIANTI-DI-LAVAGGIO-POSIZIONATO-2.jpg\" alt=\"impianto di lavaggio posizionato\"\/><\/a><\/figure>\n\n\n\n<figure class=\"wp-block-image size-medium\"><a href=\"https:\/\/www.ultratechgroup.it\/wp-content\/uploads\/2015\/04\/IMPIANTI-DI-LAVAGGIO-POSIZIONATO-3.jpg\"><img decoding=\"async\" src=\"https:\/\/www.ultratechgroup.it\/wp-content\/uploads\/2015\/04\/IMPIANTI-DI-LAVAGGIO-POSIZIONATO-3.jpg\" alt=\"impianto di lavaggio posizionato\"\/><\/a><\/figure>\n<\/figure>\n","protected":false},"excerpt":{"rendered":"<p>Echipamente proiectate pentru sp\u0103lare de \u00eenalt\u0103 calitate prin pulverizare la presiune medie-\u00eenalt\u0103 &#8211; foarte \u00eenalt\u0103. Acestea sunt proiectate \u0219i fabricate pentru a r\u0103spunde unor nevoi specifice. Pot fi realizate cu o mas\u0103 rotativ\u0103 seria TR sau cu un tunel din seria TP cu \u00eenc\u0103rcare \u0219i desc\u0103rcare automat\u0103 sau manual\u0103.&nbsp; Toate componentele aflate \u00een contact cu [&hellip;]<\/p>\n","protected":false},"author":1,"featured_media":0,"parent":12237,"menu_order":0,"comment_status":"closed","ping_status":"open","template":"","meta":{"footnotes":""},"class_list":["post-12315","page","type-page","status-publish","hentry"],"_links":{"self":[{"href":"https:\/\/www.ultratechgroup.it\/ro\/wp-json\/wp\/v2\/pages\/12315","targetHints":{"allow":["GET"]}}],"collection":[{"href":"https:\/\/www.ultratechgroup.it\/ro\/wp-json\/wp\/v2\/pages"}],"about":[{"href":"https:\/\/www.ultratechgroup.it\/ro\/wp-json\/wp\/v2\/types\/page"}],"author":[{"embeddable":true,"href":"https:\/\/www.ultratechgroup.it\/ro\/wp-json\/wp\/v2\/users\/1"}],"replies":[{"embeddable":true,"href":"https:\/\/www.ultratechgroup.it\/ro\/wp-json\/wp\/v2\/comments?post=12315"}],"version-history":[{"count":2,"href":"https:\/\/www.ultratechgroup.it\/ro\/wp-json\/wp\/v2\/pages\/12315\/revisions"}],"predecessor-version":[{"id":14215,"href":"https:\/\/www.ultratechgroup.it\/ro\/wp-json\/wp\/v2\/pages\/12315\/revisions\/14215"}],"up":[{"embeddable":true,"href":"https:\/\/www.ultratechgroup.it\/ro\/wp-json\/wp\/v2\/pages\/12237"}],"wp:attachment":[{"href":"https:\/\/www.ultratechgroup.it\/ro\/wp-json\/wp\/v2\/media?parent=12315"}],"curies":[{"name":"wp","href":"https:\/\/api.w.org\/{rel}","templated":true}]}}