{"id":12313,"date":"2026-01-31T00:00:00","date_gmt":"2026-01-30T23:00:00","guid":{"rendered":"https:\/\/koms5.sg-host.com\/foreze\/"},"modified":"2026-03-17T15:02:29","modified_gmt":"2026-03-17T14:02:29","slug":"foreze","status":"publish","type":"page","link":"https:\/\/www.ultratechgroup.it\/ro\/produse\/tech-group\/foreze\/","title":{"rendered":"Sistem de sp\u0103lare tip MELC"},"content":{"rendered":"\n<figure class=\"wp-block-image aligncenter\"><a href=\"https:\/\/www.ultratechgroup.it\/wp-content\/uploads\/2015\/04\/coclea.jpg\"><img decoding=\"async\" src=\"https:\/\/www.ultratechgroup.it\/wp-content\/uploads\/2015\/04\/coclea-1024x768.jpg\" alt=\"coclea\" width=\"500\"\/><\/a><\/figure>\n\n\n\n<p>Sistemele noastre de tip melc sunt fabricate \u00een \u00eentregime din o\u021bel inoxidabil AISI 304 sau 316 L \u0219i sunt echipate cu:<\/p>\n\n\n\n<ul class=\"wp-block-list\">\n<li>pompe verticale de proces din o\u021bel inoxidabil,<\/li>\n\n\n\n<li>controale de nivel cu plutitoare verticale,\u00a0<\/li>\n\n\n\n<li>rampe de sp\u0103lare, din o\u021bel inoxidabil, reglabile, demontabile \u0219i deta\u0219abile,<\/li>\n\n\n\n<li>\u00eenc\u0103lzire, cu dublu prag, electric sau prin intermediul unui schimb\u0103tor cu arz\u0103tor pe gaz,<\/li>\n\n\n\n<li>transportor tip melc din o\u021bel inoxidabil,<\/li>\n\n\n\n<li>viteza de alimentare reglabil\u0103 prin invertor,<\/li>\n\n\n\n<li>Controlor PLC Siemens.\u00a0<\/li>\n<\/ul>\n\n\n\n<div style=\"height:25px\" aria-hidden=\"true\" class=\"wp-block-spacer\"><\/div>\n\n\n\n<figure class=\"wp-block-gallery has-nested-images columns-3 wp-block-gallery-1 is-layout-flex wp-block-gallery-is-layout-flex\">\n<figure class=\"wp-block-image size-medium\"><a href=\"https:\/\/www.ultratechgroup.it\/wp-content\/uploads\/2015\/04\/coclee-1.jpg\"><img decoding=\"async\" src=\"https:\/\/www.ultratechgroup.it\/wp-content\/uploads\/2015\/04\/coclee-1.jpg\" alt=\"coclee\"\/><\/a><\/figure>\n\n\n\n<figure class=\"wp-block-image size-medium\"><a href=\"https:\/\/www.ultratechgroup.it\/wp-content\/uploads\/2015\/04\/coclee-2.jpg\"><img decoding=\"async\" src=\"https:\/\/www.ultratechgroup.it\/wp-content\/uploads\/2015\/04\/coclee-2.jpg\" alt=\"coclee\"\/><\/a><\/figure>\n\n\n\n<figure class=\"wp-block-image size-mediu\"><a href=\"https:\/\/www.ultratechgroup.it\/wp-content\/uploads\/2015\/04\/coclee-3.jpg\"><img decoding=\"async\" src=\"https:\/\/www.ultratechgroup.it\/wp-content\/uploads\/2015\/04\/coclee-3.jpg\" alt=\"coclee\"\/><\/a><\/figure>\n\n\n\n<figure class=\"wp-block-image size-mediu\"><a href=\"https:\/\/www.ultratechgroup.it\/wp-content\/uploads\/2015\/04\/coclee-particolare-1.jpg\"><img decoding=\"async\" src=\"https:\/\/www.ultratechgroup.it\/wp-content\/uploads\/2015\/04\/coclee-particolare-1.jpg\" alt=\"coclea particolare\"\/><\/a><\/figure>\n\n\n\n<figure class=\"wp-block-image size-medium\"><a href=\"https:\/\/www.ultratechgroup.it\/wp-content\/uploads\/2015\/04\/coclee-particolare-2.jpg\"><img decoding=\"async\" src=\"https:\/\/www.ultratechgroup.it\/wp-content\/uploads\/2015\/04\/coclee-particolare-2.jpg\" alt=\"coclea particolare\"\/><\/a><\/figure>\n<\/figure>\n","protected":false},"excerpt":{"rendered":"<p>Sistemele noastre de tip melc sunt fabricate \u00een \u00eentregime din o\u021bel inoxidabil AISI 304 sau 316 L \u0219i sunt echipate cu:<\/p>\n","protected":false},"author":1,"featured_media":0,"parent":12237,"menu_order":0,"comment_status":"closed","ping_status":"open","template":"","meta":{"footnotes":""},"class_list":["post-12313","page","type-page","status-publish","hentry"],"_links":{"self":[{"href":"https:\/\/www.ultratechgroup.it\/ro\/wp-json\/wp\/v2\/pages\/12313","targetHints":{"allow":["GET"]}}],"collection":[{"href":"https:\/\/www.ultratechgroup.it\/ro\/wp-json\/wp\/v2\/pages"}],"about":[{"href":"https:\/\/www.ultratechgroup.it\/ro\/wp-json\/wp\/v2\/types\/page"}],"author":[{"embeddable":true,"href":"https:\/\/www.ultratechgroup.it\/ro\/wp-json\/wp\/v2\/users\/1"}],"replies":[{"embeddable":true,"href":"https:\/\/www.ultratechgroup.it\/ro\/wp-json\/wp\/v2\/comments?post=12313"}],"version-history":[{"count":5,"href":"https:\/\/www.ultratechgroup.it\/ro\/wp-json\/wp\/v2\/pages\/12313\/revisions"}],"predecessor-version":[{"id":14214,"href":"https:\/\/www.ultratechgroup.it\/ro\/wp-json\/wp\/v2\/pages\/12313\/revisions\/14214"}],"up":[{"embeddable":true,"href":"https:\/\/www.ultratechgroup.it\/ro\/wp-json\/wp\/v2\/pages\/12237"}],"wp:attachment":[{"href":"https:\/\/www.ultratechgroup.it\/ro\/wp-json\/wp\/v2\/media?parent=12313"}],"curies":[{"name":"wp","href":"https:\/\/api.w.org\/{rel}","templated":true}]}}