{"id":12311,"date":"2026-01-31T00:00:00","date_gmt":"2026-01-30T23:00:00","guid":{"rendered":"https:\/\/koms5.sg-host.com\/tunel-de-spalare-cu-pulverizare\/"},"modified":"2026-03-17T15:01:37","modified_gmt":"2026-03-17T14:01:37","slug":"tunel-de-spalare-cu-pulverizare","status":"publish","type":"page","link":"https:\/\/www.ultratechgroup.it\/ro\/produse\/tech-group\/tunel-de-spalare-cu-pulverizare\/","title":{"rendered":"Tunel de sp\u0103lare prin pulverizare"},"content":{"rendered":"\n<h3 class=\"wp-block-heading\">Tunel industrial de sp\u0103lare prin pulverizare<\/h3>\n\n\n\n<figure class=\"wp-block-image aligncenter\"><img decoding=\"async\" src=\"https:\/\/www.ultratechgroup.it\/wp-content\/uploads\/2015\/04\/BROVEDANI-636x424.png\" alt=\"tunnel di lavaggio industriale a spruzzi\"\/><\/figure>\n\n\n\n<p>Tunelurile noastre de sp\u0103lare sunt realizate \u00een \u00eentregime din o\u021bel inoxidabil Aisi 304, cu pere\u021bi dubli. Rampele de pulverizare plasate \u00een partea de sus \u0219i de jos, cu duze din o\u021bel inoxidabil, sunt toate reglabile pentru a optimiza ac\u021biunea dinamic\u0103 a pulveriz\u0103rii. Toate conductele de conexiune pot fi demontate, inspectate \u0219i extrase, pentru a facilita opera\u021biunile periodice de \u00eentre\u021binere.<\/p>\n\n\n\n<p>Rezervoarele de colectare a lichidului pot fi demontate \u0219i \u00eendep\u0103rtate din corpul central de tratare. Pentru a asigura o sp\u0103lare excelent\u0103 \u00een orice moment, rezervorul de colectare al sec\u021biunii de sp\u0103lare este format din dou\u0103 rezervoare, unul pentru lichidul curat \u0219i unul pentru murd\u0103rie. Primul rezervor, cel de murd\u0103rie, este folosit pentru a filtra solu\u021bia p\u00e2n\u0103 la 300 microni \u0219i a elimina uleiul \u0219i contaminan\u021bii suspenda\u021bi, iar rezervorul curat este folosit pentru a avea o solu\u021bie cu un grad sc\u0103zut de contaminare care poate fi pulverizat\u0103 pe piese f\u0103r\u0103 filtrare suplimentar\u0103. Cele dou\u0103 rezervoare sunt conectate prin recirculare \u00een cascad\u0103.<\/p>\n\n\n\n<p><strong>Compozi\u021bie Tunelul de sp\u0103lare<\/strong><\/p>\n\n\n\n<p>Tunelurile sunt toate dotate cu:<\/p>\n\n\n\n<p>Band\u0103 transportoare din o\u021bel inoxidabil,<\/p>\n\n\n\n<p>pompe de proces din o\u021bel inoxidabil de tip vertical,<\/p>\n\n\n\n<p>partea de jos a cuvelor \u00eenclinat\u0103 spre supapele de scurgere,<\/p>\n\n\n\n<p>controale de nivel cu senzori verticali,<\/p>\n\n\n\n<p>\u00eenc\u0103lzire pe gaz sau electric\u0103 cu prag dublu de control,<\/p>\n\n\n\n<p>capace de inspec\u021bie montate pe labirint pentru a asigura etan\u0219eitatea la vapori,<\/p>\n\n\n\n<p>separator gravita\u021bional de ulei, disc sau planuri coalescente,<\/p>\n\n\n\n<p>Managementul PLC-urilor.<\/p>\n\n\n\n<p><strong>Galerie de imagini<\/strong><\/p>\n\n\n\n<div style=\"height:25px\" aria-hidden=\"true\" class=\"wp-block-spacer\"><\/div>\n\n\n\n<figure class=\"wp-block-gallery has-nested-images columns-4 is-cropped wp-block-gallery-1 is-layout-flex wp-block-gallery-is-layout-flex\">\n<figure class=\"wp-block-image size-medium\"><a href=\"https:\/\/www.ultratechgroup.it\/wp-content\/uploads\/2015\/04\/T22.jpg\"><img decoding=\"async\" src=\"https:\/\/www.ultratechgroup.it\/wp-content\/uploads\/2015\/04\/T22.jpg\" alt=\"tunnel di lavaggio a spruzzi\"\/><\/a><\/figure>\n\n\n\n<figure class=\"wp-block-image size-mediu\"><a href=\"https:\/\/www.ultratechgroup.it\/wp-content\/uploads\/2015\/04\/T20.jpg\"><img decoding=\"async\" src=\"https:\/\/www.ultratechgroup.it\/wp-content\/uploads\/2015\/04\/T20.jpg\" alt=\"nastro trasportatore\"\/><\/a><\/figure>\n\n\n\n<figure class=\"wp-block-image size-mediu\"><a href=\"https:\/\/www.ultratechgroup.it\/wp-content\/uploads\/2015\/04\/T21.jpg\"><img decoding=\"async\" src=\"https:\/\/www.ultratechgroup.it\/wp-content\/uploads\/2015\/04\/T21.jpg\" alt=\"tunnel di lavaggio a spruzzi\"\/><\/a><\/figure>\n\n\n\n<figure class=\"wp-block-image size-medium\"><a href=\"https:\/\/www.ultratechgroup.it\/wp-content\/uploads\/2015\/04\/T18.jpg\"><img decoding=\"async\" src=\"https:\/\/www.ultratechgroup.it\/wp-content\/uploads\/2015\/04\/T18.jpg\" alt=\"tunnel di lavaggio a spruzzi\"\/><\/a><\/figure>\n\n\n\n<figure class=\"wp-block-image size-medium\"><a href=\"https:\/\/www.ultratechgroup.it\/wp-content\/uploads\/2015\/04\/T16.jpg\"><img decoding=\"async\" src=\"https:\/\/www.ultratechgroup.it\/wp-content\/uploads\/2015\/04\/T16.jpg\" alt=\"tunnel di lavaggio a spruzzi\"\/><\/a><\/figure>\n\n\n\n<figure class=\"wp-block-image size-medium\"><a href=\"https:\/\/www.ultratechgroup.it\/wp-content\/uploads\/2015\/04\/T1.jpg\"><img decoding=\"async\" src=\"https:\/\/www.ultratechgroup.it\/wp-content\/uploads\/2015\/04\/T1.jpg\" alt=\"tunnel di lavaggio a spruzzi\"\/><\/a><\/figure>\n\n\n\n<figure class=\"wp-block-image size-medium\"><a href=\"https:\/\/www.ultratechgroup.it\/wp-content\/uploads\/2015\/04\/T12.jpg\"><img decoding=\"async\" src=\"https:\/\/www.ultratechgroup.it\/wp-content\/uploads\/2015\/04\/T12.jpg\" alt=\"nastro trasportatore\"\/><\/a><\/figure>\n\n\n\n<figure class=\"wp-block-image size-medium\"><a href=\"https:\/\/www.ultratechgroup.it\/wp-content\/uploads\/2015\/04\/T2.jpg\"><img decoding=\"async\" src=\"https:\/\/www.ultratechgroup.it\/wp-content\/uploads\/2015\/04\/T2.jpg\" alt=\"tunnel di lavaggio a spruzzi\"\/><\/a><\/figure>\n\n\n\n<figure class=\"wp-block-image size-medium\"><a href=\"https:\/\/www.ultratechgroup.it\/wp-content\/uploads\/2015\/04\/T3.jpg\"><img decoding=\"async\" src=\"https:\/\/www.ultratechgroup.it\/wp-content\/uploads\/2015\/04\/T3.jpg\" alt=\"tunnel di lavaggio a spruzzi\"\/><\/a><\/figure>\n\n\n\n<figure class=\"wp-block-image size-medium\"><a href=\"https:\/\/www.ultratechgroup.it\/wp-content\/uploads\/2015\/04\/T4.jpg\"><img decoding=\"async\" src=\"https:\/\/www.ultratechgroup.it\/wp-content\/uploads\/2015\/04\/T4.jpg\" alt=\"tunnel di lavaggio a spruzzi\"\/><\/a><\/figure>\n\n\n\n<figure class=\"wp-block-image size-medium\"><a href=\"https:\/\/www.ultratechgroup.it\/wp-content\/uploads\/2015\/04\/T5.jpg\"><img decoding=\"async\" src=\"https:\/\/www.ultratechgroup.it\/wp-content\/uploads\/2015\/04\/T5.jpg\" alt=\"tunnel di lavaggio a spruzzi\"\/><\/a><\/figure>\n\n\n\n<figure class=\"wp-block-image size-medium\"><a href=\"https:\/\/www.ultratechgroup.it\/wp-content\/uploads\/2015\/04\/T6.jpg\"><img decoding=\"async\" src=\"https:\/\/www.ultratechgroup.it\/wp-content\/uploads\/2015\/04\/T6.jpg\" alt=\"tunnel di lavaggio a spruzzi\"\/><\/a><\/figure>\n\n\n\n<figure class=\"wp-block-image size-medium\"><a href=\"https:\/\/www.ultratechgroup.it\/wp-content\/uploads\/2015\/04\/T17.jpg\"><img decoding=\"async\" src=\"https:\/\/www.ultratechgroup.it\/wp-content\/uploads\/2015\/04\/T17.jpg\" alt=\"tunnel di lavaggio a spruzzi\"\/><\/a><\/figure>\n\n\n\n<figure class=\"wp-block-image size-medium\"><a href=\"https:\/\/www.ultratechgroup.it\/wp-content\/uploads\/2015\/04\/T7.jpg\"><img decoding=\"async\" src=\"https:\/\/www.ultratechgroup.it\/wp-content\/uploads\/2015\/04\/T7.jpg\" alt=\"tunnel di lavaggio a spruzzi\"\/><\/a><\/figure>\n\n\n\n<figure class=\"wp-block-image size-medium\"><a href=\"https:\/\/www.ultratechgroup.it\/wp-content\/uploads\/2015\/04\/T8.jpg\"><img decoding=\"async\" src=\"https:\/\/www.ultratechgroup.it\/wp-content\/uploads\/2015\/04\/T8.jpg\" alt=\"tunnel di lavaggio a spruzzi\"\/><\/a><\/figure>\n\n\n\n<figure class=\"wp-block-image size-medium\"><a href=\"https:\/\/www.ultratechgroup.it\/wp-content\/uploads\/2015\/04\/T9.jpg\"><img decoding=\"async\" src=\"https:\/\/www.ultratechgroup.it\/wp-content\/uploads\/2015\/04\/T9.jpg\" alt=\"tunnel di lavaggio a spruzzi\"\/><\/a><\/figure>\n\n\n\n<figure class=\"wp-block-image size-medium\"><a href=\"https:\/\/www.ultratechgroup.it\/wp-content\/uploads\/2015\/04\/T10.jpg\"><img decoding=\"async\" src=\"https:\/\/www.ultratechgroup.it\/wp-content\/uploads\/2015\/04\/T10.jpg\" alt=\"tunnel di lavaggio a spruzzi\"\/><\/a><\/figure>\n\n\n\n<figure class=\"wp-block-image size-medium\"><a href=\"https:\/\/www.ultratechgroup.it\/wp-content\/uploads\/2015\/04\/T11.jpg\"><img decoding=\"async\" src=\"https:\/\/www.ultratechgroup.it\/wp-content\/uploads\/2015\/04\/T11.jpg\" alt=\"tunnel di lavaggio a spruzzi\"\/><\/a><\/figure>\n\n\n\n<figure class=\"wp-block-image size-medium\"><a href=\"https:\/\/www.ultratechgroup.it\/wp-content\/uploads\/2015\/04\/T13.jpg\"><img decoding=\"async\" src=\"https:\/\/www.ultratechgroup.it\/wp-content\/uploads\/2015\/04\/T13.jpg\" alt=\"tunnel di lavaggio a spruzzi\"\/><\/a><\/figure>\n\n\n\n<figure class=\"wp-block-image size-medium\"><a href=\"https:\/\/www.ultratechgroup.it\/wp-content\/uploads\/2015\/04\/T14.jpg\"><img decoding=\"async\" src=\"https:\/\/www.ultratechgroup.it\/wp-content\/uploads\/2015\/04\/T14.jpg\" alt=\"tunnel di lavaggio a spruzzi\"\/><\/a><\/figure>\n\n\n\n<figure class=\"wp-block-image size-medium\"><a href=\"https:\/\/www.ultratechgroup.it\/wp-content\/uploads\/2015\/04\/T15.jpg\"><img decoding=\"async\" src=\"https:\/\/www.ultratechgroup.it\/wp-content\/uploads\/2015\/04\/T15.jpg\" alt=\"tunnel di lavaggio a spruzzi\"\/><\/a><\/figure>\n<\/figure>\n","protected":false},"excerpt":{"rendered":"<p>Tunel industrial de sp\u0103lare prin pulverizare Tunelurile noastre de sp\u0103lare sunt realizate \u00een \u00eentregime din o\u021bel inoxidabil Aisi 304, cu pere\u021bi dubli. Rampele de pulverizare plasate \u00een partea de sus \u0219i de jos, cu duze din o\u021bel inoxidabil, sunt toate reglabile pentru a optimiza ac\u021biunea dinamic\u0103 a pulveriz\u0103rii. Toate conductele de conexiune pot fi demontate, [&hellip;]<\/p>\n","protected":false},"author":1,"featured_media":0,"parent":12237,"menu_order":0,"comment_status":"closed","ping_status":"closed","template":"","meta":{"footnotes":""},"class_list":["post-12311","page","type-page","status-publish","hentry"],"_links":{"self":[{"href":"https:\/\/www.ultratechgroup.it\/ro\/wp-json\/wp\/v2\/pages\/12311","targetHints":{"allow":["GET"]}}],"collection":[{"href":"https:\/\/www.ultratechgroup.it\/ro\/wp-json\/wp\/v2\/pages"}],"about":[{"href":"https:\/\/www.ultratechgroup.it\/ro\/wp-json\/wp\/v2\/types\/page"}],"author":[{"embeddable":true,"href":"https:\/\/www.ultratechgroup.it\/ro\/wp-json\/wp\/v2\/users\/1"}],"replies":[{"embeddable":true,"href":"https:\/\/www.ultratechgroup.it\/ro\/wp-json\/wp\/v2\/comments?post=12311"}],"version-history":[{"count":4,"href":"https:\/\/www.ultratechgroup.it\/ro\/wp-json\/wp\/v2\/pages\/12311\/revisions"}],"predecessor-version":[{"id":14212,"href":"https:\/\/www.ultratechgroup.it\/ro\/wp-json\/wp\/v2\/pages\/12311\/revisions\/14212"}],"up":[{"embeddable":true,"href":"https:\/\/www.ultratechgroup.it\/ro\/wp-json\/wp\/v2\/pages\/12237"}],"wp:attachment":[{"href":"https:\/\/www.ultratechgroup.it\/ro\/wp-json\/wp\/v2\/media?parent=12311"}],"curies":[{"name":"wp","href":"https:\/\/api.w.org\/{rel}","templated":true}]}}