{"id":12307,"date":"2026-01-31T00:00:00","date_gmt":"2026-01-30T23:00:00","guid":{"rendered":"https:\/\/koms5.sg-host.com\/masini-de-spalat-cu-pulverizare-cu-masa-rotativa-din-seria-lss\/"},"modified":"2026-03-17T14:59:05","modified_gmt":"2026-03-17T13:59:05","slug":"masini-de-spalat-cu-pulverizare-cu-masa-rotativa-din-seria-lss","status":"publish","type":"page","link":"https:\/\/www.ultratechgroup.it\/ro\/produse\/tech-group\/masini-de-spalat-cu-pulverizare-cu-masa-rotativa-din-seria-lss\/","title":{"rendered":"Ma\u0219ini de sp\u0103lat cu pulverizare cu mas\u0103 rotativ\u0103 din seria LSS"},"content":{"rendered":"\n<figure class=\"wp-block-image aligncenter\"><img decoding=\"async\" src=\"https:\/\/www.ultratechgroup.it\/wp-content\/uploads\/2025\/12\/LSS.png\" alt=\"lavatrice a spruzzi a tavola rotante LSS\"\/><\/figure>\n\n\n\n<p>Ma\u0219inile noastre de sp\u0103lat cu o singur\u0103 treapt\u0103 din seria LSS se caracterizeaz\u0103 prin construc\u021bia tuturor componentelor din o\u021bel inoxidabil AISI 304. Acestea sunt furnizate standard, complet cu:<\/p>\n\n\n\n<ul class=\"wp-block-list\">\n<li>rezervoare izolate \u0219i \u00eenc\u0103lzite;<\/li>\n\n\n\n<li>construc\u021bie complet\u0103 din o\u021bel inoxidabil cu pere\u021bi dublu;<\/li>\n\n\n\n<li>u\u0219\u0103 automat\u0103 cu \u00eenchidere hermetic\u0103;<\/li>\n\n\n\n<li>izola\u021bie a cabinei;<\/li>\n\n\n\n<li>separator gravita\u021bional de ulei;<\/li>\n\n\n\n<li>filtru tip caset\u0103 pe circuitul de intoarcere lichidului;<\/li>\n\n\n\n<li>centrarea automat\u0103 a rota\u021biei co\u0219ului;<\/li>\n\n\n\n<li>gura de inspec\u021bie din o\u021bel inoxidabil;<\/li>\n\n\n\n<li>palet\u0103 de sus\u021binere a co\u0219ului;<\/li>\n\n\n\n<li>ventilator electric de extragere a fumului;<\/li>\n\n\n\n<li>programator electronic (PLC)<\/li>\n<\/ul>\n\n\n\n<figure class=\"wp-block-table is-style-stripes\"><table style=\"table-layout:fixed;word-break:break-word;border-collapse:collapse;border:1px solid #ccc;\"><thead><tr>\n<th style=\"border:1px solid #ccc;padding:6px;\"><strong>DATE TEHNICE \/ MODEL<\/strong><\/th>\n<th style=\"border:1px solid #ccc;padding:6px;\"><strong>LSS 1000<\/strong><\/th>\n<th style=\"border:1px solid #ccc;padding:6px;\"><strong>LSS 1400<\/strong><\/th>\n<th style=\"border:1px solid #ccc;padding:6px;\"><strong>LSS 1800<\/strong><\/th>\n<th style=\"border:1px solid #ccc;padding:6px;\"><strong>NOT\u0102<\/strong><\/th>\n<\/tr><\/thead><tbody>\n<tr><td style=\"border:1px solid #ccc;padding:6px;\">Dimensiuni co\u0219 p\u0103trat<\/td><td style=\"border:1px solid #ccc;padding:6px;\">750 x 750<\/td><td style=\"border:1px solid #ccc;padding:6px;\">1.000 x 1.000<\/td><td style=\"border:1px solid #ccc;padding:6px;\">1.250 x 1.250<\/td><td style=\"border:1px solid #ccc;padding:6px;\">col\u021buri te\u0219ite ale co\u0219ului: * 750 (125\u00d7125 mm) * 1000 (140\u00d7140 mm) * 1250 (200\u00d7200 mm)<\/td><\/tr>\n<tr><td style=\"border:1px solid #ccc;padding:6px;\">Dim. co\u0219 cu col\u021buri rotunjite (standard)<\/td><td style=\"border:1px solid #ccc;padding:6px;\">850 x 850<\/td><td style=\"border:1px solid #ccc;padding:6px;\">1.150 x 1.150<\/td><td style=\"border:1px solid #ccc;padding:6px;\">1.500 x 1.500<\/td><td style=\"border:1px solid #ccc;padding:6px;\"><\/td><\/tr>\n<tr><td style=\"border:1px solid #ccc;padding:6px;\">Trecere liber\u0103 a pieselor \u00een \u00een\u0103l\u021bime<\/td><td style=\"border:1px solid #ccc;padding:6px;\">600<\/td><td style=\"border:1px solid #ccc;padding:6px;\">800<\/td><td style=\"border:1px solid #ccc;padding:6px;\">1.000<\/td><td style=\"border:1px solid #ccc;padding:6px;\"><\/td><\/tr>\n<tr><td style=\"border:1px solid #ccc;padding:6px;\">Diametru rota\u021bie co\u0219<\/td><td style=\"border:1px solid #ccc;padding:6px;\">\u00f8=1000<\/td><td style=\"border:1px solid #ccc;padding:6px;\">\u00f8=1400<\/td><td style=\"border:1px solid #ccc;padding:6px;\">\u00f8=1800<\/td><td style=\"border:1px solid #ccc;padding:6px;\"><\/td><\/tr>\n<tr><td style=\"border:1px solid #ccc;padding:6px;\">Tip de sp\u0103lare<\/td><td style=\"border:1px solid #ccc;padding:6px;\">pulverizare<\/td><td style=\"border:1px solid #ccc;padding:6px;\">pulverizare<\/td><td style=\"border:1px solid #ccc;padding:6px;\">pulverizare<\/td><td style=\"border:1px solid #ccc;padding:6px;\"><\/td><\/tr>\n<tr><td style=\"border:1px solid #ccc;padding:6px;\">Rota\u021bia co\u0219ului<\/td><td style=\"border:1px solid #ccc;padding:6px;\">pe axa vertical\u0103<\/td><td style=\"border:1px solid #ccc;padding:6px;\">pe axa vertical\u0103<\/td><td style=\"border:1px solid #ccc;padding:6px;\">pe axa vertical\u0103<\/td><td style=\"border:1px solid #ccc;padding:6px;\"><\/td><\/tr>\n<tr><td style=\"border:1px solid #ccc;padding:6px;\">Nr. Cuve<\/td><td style=\"border:1px solid #ccc;padding:6px;\">1<\/td><td style=\"border:1px solid #ccc;padding:6px;\">1<\/td><td style=\"border:1px solid #ccc;padding:6px;\">1<\/td><td style=\"border:1px solid #ccc;padding:6px;\"><\/td><\/tr>\n<tr><td style=\"border:1px solid #ccc;padding:6px;\">Capacitate util\u0103 (kg)<\/td><td style=\"border:1px solid #ccc;padding:6px;\">700<\/td><td style=\"border:1px solid #ccc;padding:6px;\">1000<\/td><td style=\"border:1px solid #ccc;padding:6px;\">1500<\/td><td style=\"border:1px solid #ccc;padding:6px;\"><\/td><\/tr>\n<tr><td style=\"border:1px solid #ccc;padding:6px;\">Presiune de sp\u0103lare (bar)<\/td><td style=\"border:1px solid #ccc;padding:6px;\">5<\/td><td style=\"border:1px solid #ccc;padding:6px;\">4,5<\/td><td style=\"border:1px solid #ccc;padding:6px;\">4,5<\/td><td style=\"border:1px solid #ccc;padding:6px;\"><\/td><\/tr>\n<tr><td style=\"border:1px solid #ccc;padding:6px;\">Putere pomp\u0103 de sp\u0103lare (kW)<\/td><td style=\"border:1px solid #ccc;padding:6px;\">4<\/td><td style=\"border:1px solid #ccc;padding:6px;\">5,5<\/td><td style=\"border:1px solid #ccc;padding:6px;\">7,5<\/td><td style=\"border:1px solid #ccc;padding:6px;\"><\/td><\/tr>\n<tr><td style=\"border:1px solid #ccc;padding:6px;\">Debit pomp\u0103 (l\/min.)<\/td><td style=\"border:1px solid #ccc;padding:6px;\">300<\/td><td style=\"border:1px solid #ccc;padding:6px;\">350<\/td><td style=\"border:1px solid #ccc;padding:6px;\">350<\/td><td style=\"border:1px solid #ccc;padding:6px;\"><\/td><\/tr>\n<tr><td style=\"border:1px solid #ccc;padding:6px;\">Nr. rampe<\/td><td style=\"border:1px solid #ccc;padding:6px;\">3<\/td><td style=\"border:1px solid #ccc;padding:6px;\">3<\/td><td style=\"border:1px solid #ccc;padding:6px;\">3<\/td><td style=\"border:1px solid #ccc;padding:6px;\"><\/td><\/tr>\n<tr><td style=\"border:1px solid #ccc;padding:6px;\">Capacitate rezervor de sp\u0103lare<\/td><td style=\"border:1px solid #ccc;padding:6px;\">750<\/td><td style=\"border:1px solid #ccc;padding:6px;\">750<\/td><td style=\"border:1px solid #ccc;padding:6px;\">1000<\/td><td style=\"border:1px solid #ccc;padding:6px;\"><\/td><\/tr>\n<tr><td style=\"border:1px solid #ccc;padding:6px;\">Aspira\u021bie vapori (mc\/h)<\/td><td style=\"border:1px solid #ccc;padding:6px;\">1.600<\/td><td style=\"border:1px solid #ccc;padding:6px;\">2.000<\/td><td style=\"border:1px solid #ccc;padding:6px;\">2.500<\/td><td style=\"border:1px solid #ccc;padding:6px;\"><\/td><\/tr>\n<tr><td style=\"border:1px solid #ccc;padding:6px;\">\u00cenc\u0103lzire electric\u0103 (kW)<\/td><td style=\"border:1px solid #ccc;padding:6px;\">18<\/td><td style=\"border:1px solid #ccc;padding:6px;\">18<\/td><td style=\"border:1px solid #ccc;padding:6px;\">27<\/td><td style=\"border:1px solid #ccc;padding:6px;\"><\/td><\/tr>\n<tr><td style=\"border:1px solid #ccc;padding:6px;\">Dimensiuni externe (mm)<\/td><td style=\"border:1px solid #ccc;padding:6px;\">1.600\u00d72.450\u00d72.550<\/td><td style=\"border:1px solid #ccc;padding:6px;\">2.000\u00d72.850\u00d72.650<\/td><td style=\"border:1px solid #ccc;padding:6px;\">2.400\u00d73.250\u00d72.750<\/td><td style=\"border:1px solid #ccc;padding:6px;\">fa\u021b\u0103 x ad\u00e2ncime x \u00een\u0103l\u021bime excluz\u00e2nd c\u0103rucior<\/td><\/tr>\n<tr><td style=\"border:1px solid #ccc;padding:6px;\">Izola\u021bie rezervor<\/td><td style=\"border:1px solid #ccc;padding:6px;\">standard<\/td><td style=\"border:1px solid #ccc;padding:6px;\">standard<\/td><td style=\"border:1px solid #ccc;padding:6px;\">standard<\/td><td style=\"border:1px solid #ccc;padding:6px;\">Vat\u0103 mineral\u0103 grosime 25 mm<\/td><\/tr>\n<tr><td style=\"border:1px solid #ccc;padding:6px;\">Orificii de inspec\u021bie<\/td><td style=\"border:1px solid #ccc;padding:6px;\">standard<\/td><td style=\"border:1px solid #ccc;padding:6px;\">standard<\/td><td style=\"border:1px solid #ccc;padding:6px;\">standard<\/td><td style=\"border:1px solid #ccc;padding:6px;\"><\/td><\/tr>\n<tr><td style=\"border:1px solid #ccc;padding:6px;\">Control automat al u\u0219ilor<\/td><td style=\"border:1px solid #ccc;padding:6px;\">standard<\/td><td style=\"border:1px solid #ccc;padding:6px;\">standard<\/td><td style=\"border:1px solid #ccc;padding:6px;\">standard<\/td><td style=\"border:1px solid #ccc;padding:6px;\">Pneumatic<\/td><\/tr>\n<tr><td style=\"border:1px solid #ccc;padding:6px;\">Filtre mecanice cu co\u0219<\/td><td style=\"border:1px solid #ccc;padding:6px;\">standard<\/td><td style=\"border:1px solid #ccc;padding:6px;\">standard<\/td><td style=\"border:1px solid #ccc;padding:6px;\">standard<\/td><td style=\"border:1px solid #ccc;padding:6px;\">Grad de filtrare: 500 \u00b5m<\/td><\/tr>\n<tr><td style=\"border:1px solid #ccc;padding:6px;\">Indexare automat\u0103 a co\u0219ului<\/td><td style=\"border:1px solid #ccc;padding:6px;\">standard<\/td><td style=\"border:1px solid #ccc;padding:6px;\">standard<\/td><td style=\"border:1px solid #ccc;padding:6px;\">standard<\/td><td style=\"border:1px solid #ccc;padding:6px;\"><\/td><\/tr>\n<tr><td style=\"border:1px solid #ccc;padding:6px;\">\u00cenchidere ermetic\u0103 a u\u0219ii<\/td><td style=\"border:1px solid #ccc;padding:6px;\">standard<\/td><td style=\"border:1px solid #ccc;padding:6px;\">standard<\/td><td style=\"border:1px solid #ccc;padding:6px;\">standard<\/td><td style=\"border:1px solid #ccc;padding:6px;\"><\/td><\/tr>\n<tr><td style=\"border:1px solid #ccc;padding:6px;\">Separator gravita\u021bional de ulei<\/td><td style=\"border:1px solid #ccc;padding:6px;\">standard<\/td><td style=\"border:1px solid #ccc;padding:6px;\">standard<\/td><td style=\"border:1px solid #ccc;padding:6px;\">standard<\/td><td style=\"border:1px solid #ccc;padding:6px;\">un vas florentin<\/td><\/tr>\n<tr><td style=\"border:1px solid #ccc;padding:6px;\">Material de construc\u021bie<\/td><td style=\"border:1px solid #ccc;padding:6px;\">AISI 304<\/td><td style=\"border:1px solid #ccc;padding:6px;\">AISI 304<\/td><td style=\"border:1px solid #ccc;padding:6px;\">AISI 304<\/td><td style=\"border:1px solid #ccc;padding:6px;\"><\/td><\/tr>\n<tr><td style=\"border:1px solid #ccc;padding:6px;\">Panouri<\/td><td style=\"border:1px solid #ccc;padding:6px;\">O\u021bel inoxidabil satinat<\/td><td style=\"border:1px solid #ccc;padding:6px;\">O\u021bel inoxidabil satinat<\/td><td style=\"border:1px solid #ccc;padding:6px;\">O\u021bel inoxidabil satinat<\/td><td style=\"border:1px solid #ccc;padding:6px;\"><\/td><\/tr>\n<tr><td style=\"border:1px solid #ccc;padding:6px;\">Banc\u0103 mobil\u0103 pentru suport de co\u0219<\/td><td style=\"border:1px solid #ccc;padding:6px;\">Op\u021bional<\/td><td style=\"border:1px solid #ccc;padding:6px;\">Op\u021bional<\/td><td style=\"border:1px solid #ccc;padding:6px;\">Op\u021bional<\/td><td style=\"border:1px solid #ccc;padding:6px;\">Mobil cu 4 ro\u021bi c\u0103rucior<\/td><\/tr>\n<tr><td style=\"border:1px solid #ccc;padding:6px;\">\u00cenc\u0103lzire pe gaz<\/td><td style=\"border:1px solid #ccc;padding:6px;\">Op\u021bional<\/td><td style=\"border:1px solid #ccc;padding:6px;\">Op\u021bional<\/td><td style=\"border:1px solid #ccc;padding:6px;\">Op\u021bional<\/td><td style=\"border:1px solid #ccc;padding:6px;\">arz\u0103tor + schimb\u0103tor de c\u0103ldur\u0103<\/td><\/tr>\n<tr><td style=\"border:1px solid #ccc;padding:6px;\">Izola\u021bie zon\u0103 de stropire<\/td><td style=\"border:1px solid #ccc;padding:6px;\">standard<\/td><td style=\"border:1px solid #ccc;padding:6px;\">standard<\/td><td style=\"border:1px solid #ccc;padding:6px;\">standard<\/td><td style=\"border:1px solid #ccc;padding:6px;\">Vat\u0103 mineral\u0103 grosime 25 mm<\/td><\/tr>\n<tr><td style=\"border:1px solid #ccc;padding:6px;\">Uscare la aer cald<\/td><td style=\"border:1px solid #ccc;padding:6px;\">Op\u021bional<\/td><td style=\"border:1px solid #ccc;padding:6px;\">Op\u021bional<\/td><td style=\"border:1px solid #ccc;padding:6px;\">Op\u021bional<\/td><td style=\"border:1px solid #ccc;padding:6px;\"><\/td><\/tr>\n<tr><td style=\"border:1px solid #ccc;padding:6px;\">Circuit de evacuare a apelor uzate<\/td><td style=\"border:1px solid #ccc;padding:6px;\">Op\u021bional<\/td><td style=\"border:1px solid #ccc;padding:6px;\">Op\u021bional<\/td><td style=\"border:1px solid #ccc;padding:6px;\">Op\u021bional<\/td><td style=\"border:1px solid #ccc;padding:6px;\"><\/td><\/tr>\n<tr><td style=\"border:1px solid #ccc;padding:6px;\">Programator de aprindere<\/td><td style=\"border:1px solid #ccc;padding:6px;\">standard<\/td><td style=\"border:1px solid #ccc;padding:6px;\">standard<\/td><td style=\"border:1px solid #ccc;padding:6px;\">standard<\/td><td style=\"border:1px solid #ccc;padding:6px;\"><\/td><\/tr>\n<tr><td style=\"border:1px solid #ccc;padding:6px;\">Controlul ce\u021bii<\/td><td style=\"border:1px solid #ccc;padding:6px;\">Op\u021bional<\/td><td style=\"border:1px solid #ccc;padding:6px;\">Op\u021bional<\/td><td style=\"border:1px solid #ccc;padding:6px;\">Op\u021bional<\/td><td style=\"border:1px solid #ccc;padding:6px;\"><\/td><\/tr>\n<tr><td style=\"border:1px solid #ccc;padding:6px;\">Sta\u021bie de \u00eenc\u0103rcare dubl\u0103<\/td><td style=\"border:1px solid #ccc;padding:6px;\">Op\u021bional<\/td><td style=\"border:1px solid #ccc;padding:6px;\">Op\u021bional<\/td><td style=\"border:1px solid #ccc;padding:6px;\">Op\u021bional<\/td><td style=\"border:1px solid #ccc;padding:6px;\"><\/td><\/tr>\n<tr><td style=\"border:1px solid #ccc;padding:6px;\">Separator de ulei cu disc<\/td><td style=\"border:1px solid #ccc;padding:6px;\">Op\u021bional<\/td><td style=\"border:1px solid #ccc;padding:6px;\">Op\u021bional<\/td><td style=\"border:1px solid #ccc;padding:6px;\">Op\u021bional<\/td><td style=\"border:1px solid #ccc;padding:6px;\"><\/td><\/tr>\n<\/tbody><\/table><\/figure>\n\n\n\n<p>Ma\u0219inile de sp\u0103lat LSS sunt disponibile cu un al doilea rezervor de tratare \u00een seria LSS-2.<\/p>\n\n\n\n<figure class=\"wp-block-gallery has-nested-images columns-2 is-cropped wp-block-gallery-1 is-layout-flex wp-block-gallery-is-layout-flex\">\n<figure class=\"wp-block-image size-large\"><a href=\"https:\/\/www.ultratechgroup.it\/wp-content\/uploads\/2015\/04\/LAVATRICI-A-SPRUZZI-A-TAVOLA-ROTANTE-SERIE-LSS-1.jpg\"><img decoding=\"async\" src=\"https:\/\/www.ultratechgroup.it\/wp-content\/uploads\/2015\/04\/LAVATRICI-A-SPRUZZI-A-TAVOLA-ROTANTE-SERIE-LSS-1.jpg\" alt=\"lavatrice a spruzzi a tavola rotante\"\/><\/a><\/figure>\n\n\n\n<figure class=\"wp-block-image size-large\"><a href=\"https:\/\/www.ultratechgroup.it\/wp-content\/uploads\/2015\/04\/LAVATRICI-A-SPRUZZI-A-TAVOLA-ROTANTE-SERIE-LSS-1-schema.jpg\"><img decoding=\"async\" src=\"https:\/\/www.ultratechgroup.it\/wp-content\/uploads\/2015\/04\/LAVATRICI-A-SPRUZZI-A-TAVOLA-ROTANTE-SERIE-LSS-1-schema.jpg\" alt=\"lavatrice a spruzzi a tavola rotante schema\"\/><\/a><\/figure>\n<\/figure>\n","protected":false},"excerpt":{"rendered":"<p>Ma\u0219inile noastre de sp\u0103lat cu o singur\u0103 treapt\u0103 din seria LSS se caracterizeaz\u0103 prin construc\u021bia tuturor componentelor din o\u021bel inoxidabil AISI 304. Acestea sunt furnizate standard, complet cu: DATE TEHNICE \/ MODEL LSS 1000 LSS 1400 LSS 1800 NOT\u0102 Dimensiuni co\u0219 p\u0103trat 750 x 750 1.000 x 1.000 1.250 x 1.250 col\u021buri te\u0219ite ale co\u0219ului: [&hellip;]<\/p>\n","protected":false},"author":1,"featured_media":0,"parent":12237,"menu_order":0,"comment_status":"closed","ping_status":"closed","template":"","meta":{"footnotes":""},"class_list":["post-12307","page","type-page","status-publish","hentry"],"_links":{"self":[{"href":"https:\/\/www.ultratechgroup.it\/ro\/wp-json\/wp\/v2\/pages\/12307","targetHints":{"allow":["GET"]}}],"collection":[{"href":"https:\/\/www.ultratechgroup.it\/ro\/wp-json\/wp\/v2\/pages"}],"about":[{"href":"https:\/\/www.ultratechgroup.it\/ro\/wp-json\/wp\/v2\/types\/page"}],"author":[{"embeddable":true,"href":"https:\/\/www.ultratechgroup.it\/ro\/wp-json\/wp\/v2\/users\/1"}],"replies":[{"embeddable":true,"href":"https:\/\/www.ultratechgroup.it\/ro\/wp-json\/wp\/v2\/comments?post=12307"}],"version-history":[{"count":4,"href":"https:\/\/www.ultratechgroup.it\/ro\/wp-json\/wp\/v2\/pages\/12307\/revisions"}],"predecessor-version":[{"id":14208,"href":"https:\/\/www.ultratechgroup.it\/ro\/wp-json\/wp\/v2\/pages\/12307\/revisions\/14208"}],"up":[{"embeddable":true,"href":"https:\/\/www.ultratechgroup.it\/ro\/wp-json\/wp\/v2\/pages\/12237"}],"wp:attachment":[{"href":"https:\/\/www.ultratechgroup.it\/ro\/wp-json\/wp\/v2\/media?parent=12307"}],"curies":[{"name":"wp","href":"https:\/\/api.w.org\/{rel}","templated":true}]}}