{"id":12297,"date":"2026-01-31T00:00:00","date_gmt":"2026-01-30T23:00:00","guid":{"rendered":"https:\/\/koms5.sg-host.com\/sisteme-manuale-de-curatare-cu-ultrasunete\/"},"modified":"2026-03-17T14:56:20","modified_gmt":"2026-03-17T13:56:20","slug":"sisteme-manuale-de-curatare-cu-ultrasunete","status":"publish","type":"page","link":"https:\/\/www.ultratechgroup.it\/ro\/produse\/tech-group\/sisteme-manuale-de-curatare-cu-ultrasunete\/","title":{"rendered":"Sisteme manuale de cur\u0103\u021bare ultrasonic\u0103"},"content":{"rendered":"<p>Seria Compact este realizat\u0103 din o\u021bel inoxidabil AISI 304, cu pere\u021bi dubli \u0219i carcas\u0103 din tabl\u0103 prevopsit\u0103, montat\u0103 pe un singur cadru cu picioare de sus\u021binere reglabile.<\/p>\n<p>Ma\u0219ina de sp\u0103lat este completat\u0103 cu supap\u0103 de scurgere cu bil\u0103, capac manual mobil, ultrasunete, \u00eenc\u0103lzitoare electrice, termostat digital \u0219i izola\u021bie.<\/p>\n<p>Rezervoarele de sp\u0103lare sunt echipate cu rampe de admisie, rezervor de rev\u0103rsare supra-plin \u0219i robinet de golire.<\/p>\n<p>Rezervorul de tratament cu solutie cald\u0103 (seria compact\u0103 M 6) este complet dotat cu supap\u0103 de scurgere cu bil\u0103, capac mobil manual, \u00eenc\u0103lzitoare electrice, termostat digital \u0219i izola\u021bie.<\/p>\n<p>Cuptorul este echipat cu \u00eenc\u0103lzire termostat cu dou\u0103 praguri, capac izolat manual, izola\u021bie \u0219i sistem de reciclare a aerului &#8222;push-pull&#8221;.<\/p>\n<p><img fetchpriority=\"high\" decoding=\"async\" class=\"alignnone size-full wp-image-2543\" src=\"https:\/\/www.ultratechgroup.it\/wp-content\/uploads\/2015\/04\/Schema-Compact-m4.gif\" alt=\"Schema-Compact-m4\" width=\"458\" height=\"280\" \/><br \/>Diagram\u0103 compact\u0103 M4<\/p>\n<p><img decoding=\"async\" class=\"alignnone size-large wp-image-2544\" src=\"https:\/\/www.ultratechgroup.it\/wp-content\/uploads\/2015\/04\/Schema-Compact-m6.gif\" alt=\"Schema-Compact-m6\" width=\"555\" height=\"255\" \/><br \/>Diagram\u0103 compact\u0103 M6<\/p>\n<table id=\"specifications\" style=\"width: 100%;\" border=\"1\" cellspacing=\"0\" cellpadding=\"0\">\n<tbody>\n<tr>\n<td valign=\"top\" width=\"187\">\n<p align=\"center\"><strong>Date tehnice\/Model<\/strong><\/p>\n<\/td>\n<td valign=\"top\" width=\"113\">\n<p align=\"center\"><strong>Compact M 50\/4<\/strong><\/p>\n<\/td>\n<td valign=\"top\" width=\"123\">\n<p align=\"center\"><strong>Compact M 100\/4<\/strong><\/p>\n<\/td>\n<td valign=\"top\" width=\"113\">\n<p align=\"center\"><strong>Compact M 50\/6<\/strong><\/p>\n<\/td>\n<td valign=\"top\" width=\"123\">\n<p align=\"center\"><strong>Compact M 100\/6<\/strong><\/p>\n<\/td>\n<\/tr>\n<tr>\n<td valign=\"top\" width=\"187\">\n<p align=\"left\">Dim. utile lxcxh (mm)<\/p>\n<\/td>\n<td valign=\"top\" width=\"113\">\n<p align=\"left\">300x450x250<\/p>\n<\/td>\n<td valign=\"top\" width=\"123\">\n<p align=\"left\">400x550x350<\/p>\n<\/td>\n<td valign=\"top\" width=\"113\">\n<p align=\"left\">300x450x250<\/p>\n<\/td>\n<td valign=\"top\" width=\"123\">\n<p align=\"left\">400x500x350<\/p>\n<\/td>\n<\/tr>\n<tr>\n<td valign=\"top\" width=\"187\">\n<p align=\"left\">Dimensiuni exterioare (mm)<\/p>\n<\/td>\n<td valign=\"top\" width=\"113\">\n<p align=\"left\">2000x700x1100<\/p>\n<\/td>\n<td valign=\"top\" width=\"123\">\n<p align=\"left\">2450x800x1100<\/p>\n<\/td>\n<td valign=\"top\" width=\"113\">\n<p align=\"left\">2900x700x1100<\/p>\n<\/td>\n<td valign=\"top\" width=\"123\">\n<p align=\"left\">3600x800x1100<\/p>\n<\/td>\n<\/tr>\n<tr>\n<td valign=\"top\" width=\"187\">\n<p align=\"left\">Electr. putere lichide de \u00eenc\u0103lzire (kW)<\/p>\n<\/td>\n<td valign=\"top\" width=\"113\">\n<p align=\"left\">3<\/p>\n<\/td>\n<td valign=\"top\" width=\"123\">\n<p align=\"left\">6<\/p>\n<\/td>\n<td valign=\"top\" width=\"113\">\n<p align=\"left\">3+3<\/p>\n<\/td>\n<td valign=\"top\" width=\"123\">\n<p align=\"left\">6+6<\/p>\n<\/td>\n<\/tr>\n<tr>\n<td valign=\"top\" width=\"187\">\n<p align=\"left\">Putere electric\u0103 cuptor (kW)<\/p>\n<\/td>\n<td valign=\"top\" width=\"113\">\n<p align=\"left\">3+3<\/p>\n<\/td>\n<td valign=\"top\" width=\"123\">\n<p align=\"left\">6+3<\/p>\n<\/td>\n<td valign=\"top\" width=\"113\">\n<p align=\"left\">3+3<\/p>\n<\/td>\n<td valign=\"top\" width=\"123\">\n<p align=\"left\">6+3<\/p>\n<\/td>\n<\/tr>\n<tr>\n<td valign=\"top\" width=\"187\">\n<p align=\"left\">Debit de aer al cuptorului (m3\/h)<\/p>\n<\/td>\n<td valign=\"top\" width=\"113\">\n<p align=\"left\">900<\/p>\n<\/td>\n<td valign=\"top\" width=\"123\">\n<p align=\"left\">1600<\/p>\n<\/td>\n<td valign=\"top\" width=\"113\">\n<p align=\"left\">900<\/p>\n<\/td>\n<td valign=\"top\" width=\"123\">\n<p align=\"left\">1600<\/p>\n<\/td>\n<\/tr>\n<\/tbody>\n<\/table>\n<p>PE L\u00c2NG\u0102 MODELELE STANDARD, PUTEM CREA SISTEME CU ULTRASUNETE LA CEREREA SPECIFIC\u0102 SAU LA NEVOILE CLIEN\u021aILOR<\/p>\n\n\n<figure class=\"wp-block-gallery has-nested-images columns-3 is-cropped wp-block-gallery-1 is-layout-flex wp-block-gallery-is-layout-flex\">\n<figure class=\"wp-block-image\">\n    <a href=\"https:\/\/www.ultratechgroup.it\/wp-content\/uploads\/2015\/04\/vasca-di-lavaggio.jpg\">\n      <img decoding=\"async\" src=\"https:\/\/www.ultratechgroup.it\/wp-content\/uploads\/2015\/04\/vasca-di-lavaggio.jpg\" alt=\"vasca di lavaggio\" width=\"300\" height=\"225\"\/>\n    <\/a><\/figure>\n\n\n\n<figure class=\"wp-block-image\">\n    <a href=\"https:\/\/www.ultratechgroup.it\/wp-content\/uploads\/2015\/04\/vasca-tampone.jpg\">\n      <img loading=\"lazy\" decoding=\"async\" src=\"https:\/\/www.ultratechgroup.it\/wp-content\/uploads\/2015\/04\/vasca-tampone.jpg\" alt=\"vasca tampone\" width=\"300\" height=\"225\"\/>\n    <\/a><\/figure>\n\n\n\n<figure class=\"wp-block-image\">\n    <a href=\"https:\/\/www.ultratechgroup.it\/wp-content\/uploads\/2015\/04\/impianti-di-lavaggio-ad-ultrasuoni-manuali.jpg\">\n      <img loading=\"lazy\" decoding=\"async\" src=\"https:\/\/www.ultratechgroup.it\/wp-content\/uploads\/2015\/04\/impianti-di-lavaggio-ad-ultrasuoni-manuali.jpg\" alt=\"impianto di lavaggio ad ultrasuoni manuale\" width=\"300\" height=\"225\"\/>\n    <\/a><\/figure>\n\n\n\n<figure class=\"wp-block-image\">\n    <a href=\"https:\/\/www.ultratechgroup.it\/wp-content\/uploads\/2015\/04\/coibentazione-ed-insonorizzazione.jpg\">\n      <img loading=\"lazy\" decoding=\"async\" src=\"https:\/\/www.ultratechgroup.it\/wp-content\/uploads\/2015\/04\/coibentazione-ed-insonorizzazione.jpg\" alt=\"coibentazione ed insonorizzazione\" width=\"300\" height=\"225\"\/>\n    <\/a><\/figure>\n\n\n\n<figure class=\"wp-block-image\">\n    <a href=\"https:\/\/www.ultratechgroup.it\/wp-content\/uploads\/2015\/04\/coperchio-manuale.jpg\">\n      <img loading=\"lazy\" decoding=\"async\" src=\"https:\/\/www.ultratechgroup.it\/wp-content\/uploads\/2015\/04\/coperchio-manuale.jpg\" alt=\"coperchio manuale\" width=\"300\" height=\"225\"\/>\n    <\/a><\/figure>\n\n\n\n<figure class=\"wp-block-image\">\n    <a href=\"https:\/\/www.ultratechgroup.it\/wp-content\/uploads\/2015\/04\/impianti-di-lavaggio-ad-ultrasuoni-manuali-2.jpg\">\n      <img loading=\"lazy\" decoding=\"async\" src=\"https:\/\/www.ultratechgroup.it\/wp-content\/uploads\/2015\/04\/impianti-di-lavaggio-ad-ultrasuoni-manuali-2.jpg\" alt=\"impianto di lavaggio ad ultrasuoni manuale\" width=\"300\" height=\"225\"\/>\n    <\/a><\/figure>\n\n\n\n<figure class=\"wp-block-image\">\n    <a href=\"https:\/\/www.ultratechgroup.it\/wp-content\/uploads\/2015\/04\/rampa-di-scremaggio.jpg\">\n      <img loading=\"lazy\" decoding=\"async\" src=\"https:\/\/www.ultratechgroup.it\/wp-content\/uploads\/2015\/04\/rampa-di-scremaggio.jpg\" alt=\"rampa di scremaggio\" width=\"300\" height=\"225\"\/>\n    <\/a><\/figure>\n\n\n\n<figure class=\"wp-block-image\">\n    <a href=\"https:\/\/www.ultratechgroup.it\/wp-content\/uploads\/2015\/04\/Schema-Compact-m4.gif\">\n      <img loading=\"lazy\" decoding=\"async\" src=\"https:\/\/www.ultratechgroup.it\/wp-content\/uploads\/2015\/04\/Schema-Compact-m4.gif\" alt=\"Schema Compact M4\" width=\"300\" height=\"225\"\/>\n    <\/a><\/figure>\n\n\n\n<figure class=\"wp-block-image\">\n    <a href=\"https:\/\/www.ultratechgroup.it\/wp-content\/uploads\/2015\/04\/Schema-Compact-m6.gif\">\n      <img loading=\"lazy\" decoding=\"async\" src=\"https:\/\/www.ultratechgroup.it\/wp-content\/uploads\/2015\/04\/Schema-Compact-m6.gif\" alt=\"Schema Compact M6\" width=\"300\" height=\"225\"\/>\n    <\/a><\/figure>\n<\/figure>\n","protected":false},"excerpt":{"rendered":"<p>Seria Compact este realizat\u0103 din o\u021bel inoxidabil AISI 304, cu pere\u021bi dubli \u0219i carcas\u0103 din tabl\u0103 prevopsit\u0103, montat\u0103 pe un singur cadru cu picioare de sus\u021binere reglabile. Ma\u0219ina de sp\u0103lat este completat\u0103 cu supap\u0103 de scurgere cu bil\u0103, capac manual mobil, ultrasunete, \u00eenc\u0103lzitoare electrice, termostat digital \u0219i izola\u021bie. Rezervoarele de sp\u0103lare sunt echipate cu rampe [&hellip;]<\/p>\n","protected":false},"author":1,"featured_media":0,"parent":12237,"menu_order":0,"comment_status":"closed","ping_status":"open","template":"","meta":{"footnotes":""},"class_list":["post-12297","page","type-page","status-publish","hentry"],"_links":{"self":[{"href":"https:\/\/www.ultratechgroup.it\/ro\/wp-json\/wp\/v2\/pages\/12297","targetHints":{"allow":["GET"]}}],"collection":[{"href":"https:\/\/www.ultratechgroup.it\/ro\/wp-json\/wp\/v2\/pages"}],"about":[{"href":"https:\/\/www.ultratechgroup.it\/ro\/wp-json\/wp\/v2\/types\/page"}],"author":[{"embeddable":true,"href":"https:\/\/www.ultratechgroup.it\/ro\/wp-json\/wp\/v2\/users\/1"}],"replies":[{"embeddable":true,"href":"https:\/\/www.ultratechgroup.it\/ro\/wp-json\/wp\/v2\/comments?post=12297"}],"version-history":[{"count":6,"href":"https:\/\/www.ultratechgroup.it\/ro\/wp-json\/wp\/v2\/pages\/12297\/revisions"}],"predecessor-version":[{"id":14204,"href":"https:\/\/www.ultratechgroup.it\/ro\/wp-json\/wp\/v2\/pages\/12297\/revisions\/14204"}],"up":[{"embeddable":true,"href":"https:\/\/www.ultratechgroup.it\/ro\/wp-json\/wp\/v2\/pages\/12237"}],"wp:attachment":[{"href":"https:\/\/www.ultratechgroup.it\/ro\/wp-json\/wp\/v2\/media?parent=12297"}],"curies":[{"name":"wp","href":"https:\/\/api.w.org\/{rel}","templated":true}]}}