{"id":12295,"date":"2026-01-31T00:00:00","date_gmt":"2026-01-30T23:00:00","guid":{"rendered":"https:\/\/koms5.sg-host.com\/rezervoare-de-curatare-cu-ultrasunete\/"},"modified":"2026-03-18T11:07:43","modified_gmt":"2026-03-18T10:07:43","slug":"rezervoare-de-curatare-cu-ultrasunete","status":"publish","type":"page","link":"https:\/\/www.ultratechgroup.it\/ro\/produse\/tech-group\/rezervoare-de-curatare-cu-ultrasunete\/","title":{"rendered":"Rezervoare de cur\u0103\u021bare cu ultrasunete"},"content":{"rendered":"<p><a href=\"https:\/\/www.ultratechgroup.it\/wp-content\/uploads\/2015\/04\/14C019-VghnU-100-1000-copia.jpg\"><br \/><img fetchpriority=\"high\" decoding=\"async\" class=\"aligncenter wp-image-3251 size-large\" src=\"https:\/\/www.ultratechgroup.it\/wp-content\/uploads\/2015\/04\/14C019-VghnU-100-1000-copia-1024x768.jpg\" alt=\"vasca di lavaggio ad ultrasuoni\" width=\"686\" height=\"515\" srcset=\"https:\/\/www.ultratechgroup.it\/wp-content\/uploads\/2015\/04\/14C019-VghnU-100-1000-copia-1024x768.jpg 1024w, https:\/\/www.ultratechgroup.it\/wp-content\/uploads\/2015\/04\/14C019-VghnU-100-1000-copia-300x225.jpg 300w, https:\/\/www.ultratechgroup.it\/wp-content\/uploads\/2015\/04\/14C019-VghnU-100-1000-copia-968x726.jpg 968w, https:\/\/www.ultratechgroup.it\/wp-content\/uploads\/2015\/04\/14C019-VghnU-100-1000-copia-636x477.jpg 636w, https:\/\/www.ultratechgroup.it\/wp-content\/uploads\/2015\/04\/14C019-VghnU-100-1000-copia-320x240.jpg 320w, https:\/\/www.ultratechgroup.it\/wp-content\/uploads\/2015\/04\/14C019-VghnU-100-1000-copia-239x179.jpg 239w, https:\/\/www.ultratechgroup.it\/wp-content\/uploads\/2015\/04\/14C019-VghnU-100-1000-copia.jpg 1280w\" sizes=\"(max-width: 686px) 100vw, 686px\" \/><\/a><\/p>\n<p>Echipamentele de sp\u0103lat seria VU sunt complet fabricate din o\u021bel inoxidabil AISI 304, cu pere\u021bi dublu, \u0219i sunt livrate integral cu:<\/p>\n<ul>\n<li>\u00eenc\u0103lzirea solu\u021biei de cur\u0103\u021bare,<\/li>\n<li>izola\u021bie cu vata de sticl\u0103,<\/li>\n<li>capac manual deta\u0219abil,<\/li>\n<li>robinet de scurgere,<\/li>\n<li>unitate ultrasonic\u0103 cu comanda remoto,<\/li>\n<li>picioare reglabile,<\/li>\n<li>panoul electric.<\/li>\n<\/ul>\n<p><strong>Op\u021bional:<\/strong><\/p>\n<ul>\n<li>guler de aspira\u021bie,<\/li>\n<li>sistem de agitare a co\u0219ului,<\/li>\n<li>izolare fonic\u0103,<\/li>\n<li>separator de ulei,<\/li>\n<li>rota\u021bia co\u0219ului,<\/li>\n<li>lifter,<\/li>\n<li>carena superioar\u0103.<\/li>\n<\/ul>\n<table style=\"color: initial;\">\n<tbody>\n<tr>\n<td width=\"217\"><strong>MODEL STANDARD<\/strong><\/td>\n<td width=\"217\"><b>DIMENSIUNI UTILE ALE CUVEI Lxlxh (mm)<\/b><\/td>\n<td width=\"217\"><strong>PUTERE ELECTRIC\u0102 \u00ceNC\u0102LZIRE (kW)<\/strong><\/td>\n<\/tr>\n<tr>\n<td width=\"217\">VU 35<\/td>\n<td width=\"217\">300 x 400 x 300<\/td>\n<td width=\"217\">3<\/td>\n<\/tr>\n<tr>\n<td width=\"217\">VU 60<\/td>\n<td width=\"217\">400 x 500 x 300<\/td>\n<td width=\"217\">3<\/td>\n<\/tr>\n<tr>\n<td width=\"217\">VU 80<\/td>\n<td width=\"217\">400 x 600 x 300<\/td>\n<td width=\"217\">6<\/td>\n<\/tr>\n<tr>\n<td width=\"217\">VU 100<\/td>\n<td width=\"217\">400 x 600 x 400<\/td>\n<td width=\"217\">6<\/td>\n<\/tr>\n<tr>\n<td width=\"217\">VU 170<\/td>\n<td width=\"217\">550 x 700 x 450<\/td>\n<td width=\"217\">6<\/td>\n<\/tr>\n<tr>\n<td width=\"217\">VU 240<\/td>\n<td width=\"217\">600 x 800 x 500<\/td>\n<td width=\"217\">9<\/td>\n<\/tr>\n<tr>\n<td width=\"217\">VU 320<\/td>\n<td width=\"217\">650 x 900 x 550<\/td>\n<td width=\"217\">12<\/td>\n<\/tr>\n<tr>\n<td width=\"217\">VU 420<\/td>\n<td width=\"217\">700 x 1000 x 600<\/td>\n<td width=\"217\">12<\/td>\n<\/tr>\n<tr>\n<td width=\"217\">VU 550<\/td>\n<td width=\"217\">750 x 1100 x 650<\/td>\n<td width=\"217\">18<\/td>\n<\/tr>\n<tr>\n<td width=\"217\">VU 670<\/td>\n<td width=\"217\">800 x 1200 x 700<\/td>\n<td width=\"217\">18<\/td>\n<\/tr>\n<tr>\n<td width=\"217\">VU 770<\/td>\n<td width=\"217\">850 x 1200 x 750<\/td>\n<td width=\"217\">18<\/td>\n<\/tr>\n<\/tbody>\n<\/table>\n<p><!-- \/wp:form\u0103 liber\u0103 --><\/p>\n\n\n<figure class=\"wp-block-gallery has-nested-images columns-4 wp-block-gallery-1 is-layout-flex wp-block-gallery-is-layout-flex\">\n<figure class=\"wp-block-image size-medium\"><a href=\"https:\/\/www.ultratechgroup.it\/wp-content\/uploads\/2015\/04\/VU-2.jpg\"><img decoding=\"async\" src=\"https:\/\/www.ultratechgroup.it\/wp-content\/uploads\/2015\/04\/VU-2.jpg\" alt=\"generatore ad ultrasuoni\"\/><\/a><\/figure>\n\n\n\n<figure class=\"wp-block-image size-medium\"><a href=\"https:\/\/www.ultratechgroup.it\/wp-content\/uploads\/2015\/04\/VU-1.jpg\"><img decoding=\"async\" src=\"https:\/\/www.ultratechgroup.it\/wp-content\/uploads\/2015\/04\/VU-1.jpg\" alt=\"coperchio manuale\"\/><\/a><\/figure>\n\n\n\n<figure class=\"wp-block-image size-medium\"><a href=\"https:\/\/www.ultratechgroup.it\/wp-content\/uploads\/2015\/04\/VU-3.jpg\"><img decoding=\"async\" src=\"https:\/\/www.ultratechgroup.it\/wp-content\/uploads\/2015\/04\/VU-3.jpg\" alt=\"supporto generatore\"\/><\/a><\/figure>\n\n\n\n<figure class=\"wp-block-image size-medium\"><a href=\"https:\/\/www.ultratechgroup.it\/wp-content\/uploads\/2015\/04\/schema.jpg\"><img decoding=\"async\" src=\"https:\/\/www.ultratechgroup.it\/wp-content\/uploads\/2015\/04\/schema.jpg\" alt=\"vasca ultrasuoni schema\"\/><\/a><\/figure>\n\n\n\n<figure class=\"wp-block-image size-medium\"><a href=\"https:\/\/www.ultratechgroup.it\/wp-content\/uploads\/2015\/04\/VU-7.jpg\"><img decoding=\"async\" src=\"https:\/\/www.ultratechgroup.it\/wp-content\/uploads\/2015\/04\/VU-7.jpg\" alt=\"vasca ultrasuoni backview\"\/><\/a><\/figure>\n\n\n\n<figure class=\"wp-block-image size-medium\"><a href=\"https:\/\/www.ultratechgroup.it\/wp-content\/uploads\/2015\/04\/VU-4.jpg\"><img decoding=\"async\" src=\"https:\/\/www.ultratechgroup.it\/wp-content\/uploads\/2015\/04\/VU-4.jpg\" alt=\"vasca ultrasuoni riscaldamento\"\/><\/a><\/figure>\n\n\n\n<figure class=\"wp-block-image size-medium\"><a href=\"https:\/\/www.ultratechgroup.it\/wp-content\/uploads\/2015\/04\/VU-5.jpg\"><img decoding=\"async\" src=\"https:\/\/www.ultratechgroup.it\/wp-content\/uploads\/2015\/04\/VU-5.jpg\" alt=\"vasca ultrasuoni cesto di supporto\"\/><\/a><\/figure>\n\n\n\n<figure class=\"wp-block-image size-medium\"><a href=\"https:\/\/www.ultratechgroup.it\/wp-content\/uploads\/2015\/04\/VU-6.jpg\"><img decoding=\"async\" src=\"https:\/\/www.ultratechgroup.it\/wp-content\/uploads\/2015\/04\/VU-6.jpg\" alt=\"vasca ultrasuoni interno\"\/><\/a><\/figure>\n<\/figure>\n","protected":false},"excerpt":{"rendered":"<p>Echipamentele de sp\u0103lat seria VU sunt complet fabricate din o\u021bel inoxidabil AISI 304, cu pere\u021bi dublu, \u0219i sunt livrate integral cu: \u00eenc\u0103lzirea solu\u021biei de cur\u0103\u021bare, izola\u021bie cu vata de sticl\u0103, capac manual deta\u0219abil, robinet de scurgere, unitate ultrasonic\u0103 cu comanda remoto, picioare reglabile, panoul electric. Op\u021bional: guler de aspira\u021bie, sistem de agitare a co\u0219ului, izolare [&hellip;]<\/p>\n","protected":false},"author":1,"featured_media":0,"parent":12237,"menu_order":0,"comment_status":"closed","ping_status":"open","template":"","meta":{"footnotes":""},"class_list":["post-12295","page","type-page","status-publish","hentry"],"_links":{"self":[{"href":"https:\/\/www.ultratechgroup.it\/ro\/wp-json\/wp\/v2\/pages\/12295","targetHints":{"allow":["GET"]}}],"collection":[{"href":"https:\/\/www.ultratechgroup.it\/ro\/wp-json\/wp\/v2\/pages"}],"about":[{"href":"https:\/\/www.ultratechgroup.it\/ro\/wp-json\/wp\/v2\/types\/page"}],"author":[{"embeddable":true,"href":"https:\/\/www.ultratechgroup.it\/ro\/wp-json\/wp\/v2\/users\/1"}],"replies":[{"embeddable":true,"href":"https:\/\/www.ultratechgroup.it\/ro\/wp-json\/wp\/v2\/comments?post=12295"}],"version-history":[{"count":5,"href":"https:\/\/www.ultratechgroup.it\/ro\/wp-json\/wp\/v2\/pages\/12295\/revisions"}],"predecessor-version":[{"id":14331,"href":"https:\/\/www.ultratechgroup.it\/ro\/wp-json\/wp\/v2\/pages\/12295\/revisions\/14331"}],"up":[{"embeddable":true,"href":"https:\/\/www.ultratechgroup.it\/ro\/wp-json\/wp\/v2\/pages\/12237"}],"wp:attachment":[{"href":"https:\/\/www.ultratechgroup.it\/ro\/wp-json\/wp\/v2\/media?parent=12295"}],"curies":[{"name":"wp","href":"https:\/\/api.w.org\/{rel}","templated":true}]}}