{"id":12291,"date":"2026-01-31T00:00:00","date_gmt":"2026-01-30T23:00:00","guid":{"rendered":"https:\/\/koms5.sg-host.com\/generator-cu-ultrasunete\/"},"modified":"2026-03-17T14:48:35","modified_gmt":"2026-03-17T13:48:35","slug":"generator-cu-ultrasunete","status":"publish","type":"page","link":"https:\/\/www.ultratechgroup.it\/ro\/produse\/tech-group\/generator-cu-ultrasunete\/","title":{"rendered":"Generator cu ultrasunete"},"content":{"rendered":"\n<p style=\"text-align: center;\">\n<img fetchpriority=\"high\" decoding=\"async\" src=\"https:\/\/www.ultratechgroup.it\/wp-content\/uploads\/2026\/02\/GUV-4000.jpg\" alt=\"\" width=\"408\" height=\"306\" style=\"display: inline; margin: 0 10px;\">\n<img decoding=\"async\" class=\"wp-image-6018\" src=\"https:\/\/www.ultratechgroup.it\/wp-content\/uploads\/2025\/12\/IMG_5823.png\" alt=\"\" width=\"408\" height=\"306\" style=\"display: inline; margin: 0 10px;\" srcset=\"https:\/\/www.ultratechgroup.it\/wp-content\/uploads\/2025\/12\/IMG_5823.png 4032w, https:\/\/www.ultratechgroup.it\/wp-content\/uploads\/2025\/12\/IMG_5823-300x225.png 300w, https:\/\/www.ultratechgroup.it\/wp-content\/uploads\/2025\/12\/IMG_5823-768x576.png 768w, https:\/\/www.ultratechgroup.it\/wp-content\/uploads\/2025\/12\/IMG_5823-1024x768.png 1024w, https:\/\/www.ultratechgroup.it\/wp-content\/uploads\/2025\/12\/IMG_5823-968x726.png 968w, https:\/\/www.ultratechgroup.it\/wp-content\/uploads\/2025\/12\/IMG_5823-636x477.png 636w, https:\/\/www.ultratechgroup.it\/wp-content\/uploads\/2025\/12\/IMG_5823-320x240.png 320w, https:\/\/www.ultratechgroup.it\/wp-content\/uploads\/2025\/12\/IMG_5823-239x179.png 239w\" sizes=\"(max-width: 408px) 100vw, 408px\" \/>\n<\/p>\n\n\n\n<p>Generatorul de ultrasunete are func\u021bia de a transforma frecven\u021ba re\u021belei de la 50\/60 HZ la frecven\u021be de lucru mai \u00eenalte. Dezvoltate conform celor mai noi tehnologii, generatoarele noastre sunt echipate cu un sistem automat de modulare a frecven\u021bei la ie\u0219ire care, \u00een func\u021bie de sarcina din rezervorul de sp\u0103lare, optimizeaz\u0103 eficien\u021ba conversiei. Toate generatoarele noastre sunt echipate standard cu un dispozitiv de reglare, de la 0 la 100% din puterea ultrasonic\u0103, pentru a \u00eembun\u0103t\u0103\u021bi func\u021bionarea sp\u0103l\u0103rii. Generatorul ultrasonic este echipat \u0219i cu urm\u0103toarele func\u021bii standard: Programe personalizate: Posibilitatea de a programa \u0219i stoca nr. 03 programe diferite de sp\u0103lare (timp \u0219i putere). Program de degazificare: Permite accelerarea degazific\u0103rii lichidului \u0219i astfel \u00eembun\u0103t\u0103\u021birea calit\u0103\u021bii sp\u0103l\u0103rii. Protec\u021bie prin parol\u0103: Pentru a permite utilizarea unor programe suplimentare doar de c\u0103tre persoane autorizate. Num\u0103rul de avertizare: Afi\u0219area de c\u00e2te ori ma\u0219ina a func\u021bionat \u00eentr-o stare suboptim\u0103. Control de la distan\u021b\u0103: Cu acest program este posibil s\u0103 se arme\/dezamorseze controlul ma\u0219inii prin semnal de tensiune la distan\u021b\u0103 0-5V. Notificarea unei alarme: \u00cen cazul \u00een care sarcina nu func\u021bioneaz\u0103 corect \u0219i cauzeaz\u0103 o eroare de peste 10% la puterea care ar trebui efectiv furnizat\u0103 \u00eenc\u0103rc\u0103turilor, ma\u0219ina intr\u0103 \u00een stare de alarm\u0103.<\/p>\n\n\n\n<p>Generatoarele pot fi alimentate cu alimentare de 220 V sau 380 V, cu posibilitatea de alimentare monofazat\u0103 \u0219i trifazat\u0103.<\/p>\n\n\n\n<table style=\"border-collapse: collapse; width: 400px;\">\n<thead>\n<tr>\n<th style=\"border: 1px solid #000; padding: 10px 20px; text-align: left;\"><strong>MODEL<\/strong><\/th>\n<th style=\"border: 1px solid #000; padding: 10px 20px; text-align: left;\"><strong>PUTERE (Wa\u021bi)<\/strong><\/th>\n<\/tr>\n<\/thead>\n<tbody>\n<tr>\n<td style=\"border: 1px solid #000; padding: 10px 20px;\">GUV 1000<\/td>\n<td style=\"border: 1px solid #000; padding: 10px 20px;\">1000\/2000<\/td>\n<\/tr>\n<tr>\n<td style=\"border: 1px solid #000; padding: 10px 20px;\">GUV 2000<\/td>\n<td style=\"border: 1px solid #000; padding: 10px 20px;\">2000\/3000<\/td>\n<\/tr>\n<tr>\n<td style=\"border: 1px solid #000; padding: 10px 20px;\">GUV 3000<\/td>\n<td style=\"border: 1px solid #000; padding: 10px 20px;\">3000\/6000<\/td>\n<\/tr>\n<tr>\n<td style=\"border: 1px solid #000; padding: 10px 20px;\">GUV 4000<\/td>\n<td style=\"border: 1px solid #000; padding: 10px 20px;\">4000\/8000<\/td>\n<\/tr>\n<tr>\n<td style=\"border: 1px solid #000; padding: 10px 20px;\">GUV 5000<\/td>\n<td style=\"border: 1px solid #000; padding: 10px 20px;\">5000\/10000<\/td>\n<\/tr>\n<\/tbody>\n<\/table>\n","protected":false},"excerpt":{"rendered":"<p>Generatorul de ultrasunete are func\u021bia de a transforma frecven\u021ba re\u021belei de la 50\/60 HZ la frecven\u021be de lucru mai \u00eenalte. Dezvoltate conform celor mai noi tehnologii, generatoarele noastre sunt echipate cu un sistem automat de modulare a frecven\u021bei la ie\u0219ire care, \u00een func\u021bie de sarcina din rezervorul de sp\u0103lare, optimizeaz\u0103 eficien\u021ba conversiei. Toate generatoarele noastre [&hellip;]<\/p>\n","protected":false},"author":1,"featured_media":0,"parent":12237,"menu_order":0,"comment_status":"closed","ping_status":"open","template":"","meta":{"footnotes":""},"class_list":["post-12291","page","type-page","status-publish","hentry"],"_links":{"self":[{"href":"https:\/\/www.ultratechgroup.it\/ro\/wp-json\/wp\/v2\/pages\/12291","targetHints":{"allow":["GET"]}}],"collection":[{"href":"https:\/\/www.ultratechgroup.it\/ro\/wp-json\/wp\/v2\/pages"}],"about":[{"href":"https:\/\/www.ultratechgroup.it\/ro\/wp-json\/wp\/v2\/types\/page"}],"author":[{"embeddable":true,"href":"https:\/\/www.ultratechgroup.it\/ro\/wp-json\/wp\/v2\/users\/1"}],"replies":[{"embeddable":true,"href":"https:\/\/www.ultratechgroup.it\/ro\/wp-json\/wp\/v2\/comments?post=12291"}],"version-history":[{"count":2,"href":"https:\/\/www.ultratechgroup.it\/ro\/wp-json\/wp\/v2\/pages\/12291\/revisions"}],"predecessor-version":[{"id":14197,"href":"https:\/\/www.ultratechgroup.it\/ro\/wp-json\/wp\/v2\/pages\/12291\/revisions\/14197"}],"up":[{"embeddable":true,"href":"https:\/\/www.ultratechgroup.it\/ro\/wp-json\/wp\/v2\/pages\/12237"}],"wp:attachment":[{"href":"https:\/\/www.ultratechgroup.it\/ro\/wp-json\/wp\/v2\/media?parent=12291"}],"curies":[{"name":"wp","href":"https:\/\/api.w.org\/{rel}","templated":true}]}}