{"id":12277,"date":"2026-01-31T00:00:00","date_gmt":"2026-01-30T23:00:00","guid":{"rendered":"https:\/\/koms5.sg-host.com\/module-manuale-de-uscare-a-vopselei\/"},"modified":"2026-03-18T11:18:43","modified_gmt":"2026-03-18T10:18:43","slug":"module-manuale-de-uscare-a-vopselei","status":"publish","type":"page","link":"https:\/\/www.ultratechgroup.it\/ro\/produse\/finitech\/module-manuale-de-uscare-a-vopselei\/","title":{"rendered":"Module manuale de flash-off pentru vopsea"},"content":{"rendered":"\n<p>Modulele de flash-off pentru vopsea Mod. MAV sunt construite special pentru a men\u021bine ramele proasp\u0103t vopsite \u00een rota\u021bie, facilit\u00e2nd astfel r\u0103sp\u00e2ndirea omogen\u0103 a vopselei \u00eenainte de faza de uscare.<\/p>\n\n\n\n<p>Carena este realizat\u0103 \u00een \u00eentregime din panouri din tabl\u0103 de o\u021bel aluminizat\u0103 \u0219i montat\u0103 pe un cadru portant. Sub cadrul portant vor fi fixate 4 ro\u021bi pentru a facilita transportul \u00een zonele cele mai potrivite.<\/p>\n\n\n\n<p>Modulele sunt furnizate complet cu:<\/p>\n\n\n\n<ul class=\"wp-block-list\">\n<li><strong>U\u0219i pliante<\/strong> cu cadru de sus\u021binere \u00een profile din aluminiu \u0219i panouri din Lexan.<\/li>\n\n\n\n<li><strong>Aspira\u021bie<\/strong> posterioar\u0103 situat\u0103 \u00een partea superioar\u0103.<\/li>\n\n\n\n<li><strong>Filtrare<\/strong> prin intermediul unui filtru din r\u0103\u0219in\u0103 plasat \u00een partea inferioar\u0103 cu eliberare rapid\u0103.<\/li>\n\n\n\n<li><strong>Sistem de rota\u021bie<\/strong> al cadrului const\u00e2nd din 12 suporturi rotative cu ambreiaj.<\/li>\n\n\n\n<li><strong>Panou electric<\/strong> realizat \u00eentr-o cutie etan\u0219\u0103, protec\u021bie IP 55.<\/li>\n<\/ul>\n\n\n\n<figure class=\"wp-block-table is-style-stripes\"><table class=\"has-border-color has-black-border-color has-fixed-layout\" style=\"border-width:1px\"><thead><tr><th><strong>DATE\/MODEL<\/strong><\/th><th><strong>MAV 12<\/strong><\/th><\/tr><\/thead><tbody><tr><td>Dimensiuni totale (lungime\u00d7l\u0103\u021bime\u00d7\u00een\u0103l\u021bime mm.)<\/td><td>1.600\u00d7650\u00d72.230<\/td><\/tr><tr><td>Capacitatea de \u00eenc\u0103rcare a tijelor de sus\u021binere a piesei de prelucrat (nr.)<\/td><td>12<\/td><\/tr><tr><td>Putere electric\u0103 (kW)<\/td><td>0,18<\/td><\/tr><tr><td>Alimentare electric\u0103<\/td><td>380 Vol\u021bi \u2013 50 Hz<\/td><\/tr><tr><td>Greutatea maxim\u0103 a pieselor de vopsit (kg) (ramele incluse)<\/td><td>3<\/td><\/tr><tr><td>Zgomot<\/td><td>&lt;80 dB<\/td><\/tr><tr><td>Dimensiune maxim\u0103 cadru suport pies\u0103<\/td><td>1.070 mm.<\/td><\/tr><\/tbody><\/table><\/figure>\n\n\n\n<figure class=\"wp-block-image aligncenter is-resized\"><img decoding=\"async\" src=\"https:\/\/www.ultratechgroup.it\/wp-content\/uploads\/2022\/01\/iconaMAV.png\" alt=\"modulo di appassimento vernici MAV\" style=\"object-fit:contain;width:350px;height:350px\"\/><\/figure>\n","protected":false},"excerpt":{"rendered":"<p>Modulele de flash-off pentru vopsea Mod. MAV sunt construite special pentru a men\u021bine ramele proasp\u0103t vopsite \u00een rota\u021bie, facilit\u00e2nd astfel r\u0103sp\u00e2ndirea omogen\u0103 a vopselei \u00eenainte de faza de uscare. Carena este realizat\u0103 \u00een \u00eentregime din panouri din tabl\u0103 de o\u021bel aluminizat\u0103 \u0219i montat\u0103 pe un cadru portant. Sub cadrul portant vor fi fixate 4 ro\u021bi [&hellip;]<\/p>\n","protected":false},"author":1,"featured_media":0,"parent":12233,"menu_order":0,"comment_status":"closed","ping_status":"open","template":"","meta":{"footnotes":""},"class_list":["post-12277","page","type-page","status-publish","hentry"],"_links":{"self":[{"href":"https:\/\/www.ultratechgroup.it\/ro\/wp-json\/wp\/v2\/pages\/12277","targetHints":{"allow":["GET"]}}],"collection":[{"href":"https:\/\/www.ultratechgroup.it\/ro\/wp-json\/wp\/v2\/pages"}],"about":[{"href":"https:\/\/www.ultratechgroup.it\/ro\/wp-json\/wp\/v2\/types\/page"}],"author":[{"embeddable":true,"href":"https:\/\/www.ultratechgroup.it\/ro\/wp-json\/wp\/v2\/users\/1"}],"replies":[{"embeddable":true,"href":"https:\/\/www.ultratechgroup.it\/ro\/wp-json\/wp\/v2\/comments?post=12277"}],"version-history":[{"count":9,"href":"https:\/\/www.ultratechgroup.it\/ro\/wp-json\/wp\/v2\/pages\/12277\/revisions"}],"predecessor-version":[{"id":14342,"href":"https:\/\/www.ultratechgroup.it\/ro\/wp-json\/wp\/v2\/pages\/12277\/revisions\/14342"}],"up":[{"embeddable":true,"href":"https:\/\/www.ultratechgroup.it\/ro\/wp-json\/wp\/v2\/pages\/12233"}],"wp:attachment":[{"href":"https:\/\/www.ultratechgroup.it\/ro\/wp-json\/wp\/v2\/media?parent=12277"}],"curies":[{"name":"wp","href":"https:\/\/api.w.org\/{rel}","templated":true}]}}