{"id":12275,"date":"2026-01-31T00:00:00","date_gmt":"2026-01-30T23:00:00","guid":{"rendered":"https:\/\/koms5.sg-host.com\/cuptoare-cu-aer-fortat\/"},"modified":"2026-03-17T12:42:23","modified_gmt":"2026-03-17T11:42:23","slug":"cuptoare-cu-aer-fortat","status":"publish","type":"page","link":"https:\/\/www.ultratechgroup.it\/ro\/produse\/finitech\/cuptoare-cu-aer-fortat\/","title":{"rendered":"Cuptoare cu aer for\u021bat"},"content":{"rendered":"\n<figure class=\"wp-block-image aligncenter\"><a href=\"https:\/\/www.ultratechgroup.it\/wp-content\/uploads\/2015\/03\/pageverniciature3UIK-copia.jpg\"><img decoding=\"async\" src=\"https:\/\/www.ultratechgroup.it\/wp-content\/uploads\/2015\/03\/pageverniciature3UIK-copia.jpg\" alt=\"forni ad armadio ad aria forzata\"\/><\/a><\/figure>\n\n\n\n<p>Cuptoarele de uscare din seria FC sunt folosite \u00een industriile optic\u0103, de aur\u0103rie, electromecanic\u0103, electronic\u0103 etc., pentru urm\u0103toarele aplica\u021bii: coacere \u2013 reticulare \u2013 \u00eenmuiere \u2013 uscare. Func\u021bion\u00e2nd pentru temperaturi de p\u00e2n\u0103 la 270\u00b0C, sunt deosebit de potrivite pentru procese termice care necesit\u0103 uniformitate a temperaturii \u00een cadrul unor toleran\u021be foarte stricte.<\/p>\n\n\n\n<p>Certificarea componentelor \u0219i materialelor utilizate plaseaz\u0103 cuptoarele FC la un standard de calitate mai ridicat \u0219i garanteaz\u0103 fiabilitate total\u0103.<\/p>\n\n\n\n<p>Acestea cunt compuse din:<\/p>\n\n\n\n<ul class=\"wp-block-list\">\n<li>cadru portant, panouri exterioare, u\u0219\u0103, camer\u0103 intern\u0103 \u0219i rafturi de depozitare din o\u021bel inoxidabil AISI 304;<\/li>\n\n\n\n<li>pere\u021bi dublu cu orientatori diferen\u021bia\u021bi pentru recircularea intern\u0103 a aerului;<\/li>\n\n\n\n<li>rafturi extensibile \u0219i glisante pe ghiduri;<\/li>\n\n\n\n<li>\u00eenc\u0103lzitoare blindate cu \u00eenveli\u0219uri din o\u021bel inoxidabil AISI 304 cu sarcin\u0103 superficial\u0103 redus\u0103;<\/li>\n\n\n\n<li>u\u0219\u0103 cu m\u00e2ner atermic, \u00eenchidere tip tragere-\u00eempingere;<\/li>\n\n\n\n<li>garnitura de etan\u0219are din cauciuc siliconic;<\/li>\n\n\n\n<li>izola\u021bie termic\u0103 cu vata de sticla;<\/li>\n\n\n\n<li>sistem de ventila\u021bie for\u021bat\u0103;<\/li>\n\n\n\n<li>\u00a0evacuarea gazelor sau fumurilor;<\/li>\n\n\n\n<li>controler digital de temperatur\u0103\/termometru;<\/li>\n\n\n\n<li>cronometru electric (0-120\u00b0) pentru a seta func\u021bionarea pentru un timp fix, cu \u00eenceperea num\u0103r\u0103rii dup\u0103 ce temperatura de func\u021bionare a fost atins\u0103;<\/li>\n\n\n\n<li>grad de protec\u021bie mecanic\u0103 IP44;<\/li>\n<\/ul>\n\n\n\n<figure style=\"font-size:12px\" class=\"wp-block-table\"><table><thead><tr><th><strong>MODEL<\/strong><\/th><th><strong>DIMENSIUNI UTILE ALE CAMEREI<\/strong><\/th><th><strong>DIMENSIUNI GENERALE<\/strong><\/th><th><strong>TEMP. MAX (\u00b0C)<\/strong><\/th><th><strong>TENSIUNE V<\/strong><\/th><th><strong>PUTERE W<\/strong><\/th><th><strong>PLANE<\/strong><\/th><\/tr><\/thead><tbody><tr><td>FC 80-200<\/td><td>400x400x500 h mm.<\/td><td>690x815x1492 h mm.<\/td><td>200<\/td><td>380<\/td><td>3.000<\/td><td>4<\/td><\/tr><tr><td>FC 175-200<\/td><td>500x500x700 h mm.<\/td><td>790x915x1492 h mm.<\/td><td>200<\/td><td>380<\/td><td>3.000<\/td><td>6<\/td><\/tr><tr><td>FC 500-200<\/td><td>700x700x1000 \u00een\u0103l\u021bime mm.<\/td><td>990x1115x1692 \u00een\u0103l\u021bime mm.<\/td><td>200<\/td><td>380<\/td><td>6.000<\/td><td>9<\/td><\/tr><\/tbody><\/table><\/figure>\n","protected":false},"excerpt":{"rendered":"<p>Cuptoarele de uscare din seria FC sunt folosite \u00een industriile optic\u0103, de aur\u0103rie, electromecanic\u0103, electronic\u0103 etc., pentru urm\u0103toarele aplica\u021bii: coacere \u2013 reticulare \u2013 \u00eenmuiere \u2013 uscare. Func\u021bion\u00e2nd pentru temperaturi de p\u00e2n\u0103 la 270\u00b0C, sunt deosebit de potrivite pentru procese termice care necesit\u0103 uniformitate a temperaturii \u00een cadrul unor toleran\u021be foarte stricte. Certificarea componentelor \u0219i materialelor [&hellip;]<\/p>\n","protected":false},"author":1,"featured_media":0,"parent":12233,"menu_order":0,"comment_status":"closed","ping_status":"open","template":"","meta":{"footnotes":""},"class_list":["post-12275","page","type-page","status-publish","hentry"],"_links":{"self":[{"href":"https:\/\/www.ultratechgroup.it\/ro\/wp-json\/wp\/v2\/pages\/12275","targetHints":{"allow":["GET"]}}],"collection":[{"href":"https:\/\/www.ultratechgroup.it\/ro\/wp-json\/wp\/v2\/pages"}],"about":[{"href":"https:\/\/www.ultratechgroup.it\/ro\/wp-json\/wp\/v2\/types\/page"}],"author":[{"embeddable":true,"href":"https:\/\/www.ultratechgroup.it\/ro\/wp-json\/wp\/v2\/users\/1"}],"replies":[{"embeddable":true,"href":"https:\/\/www.ultratechgroup.it\/ro\/wp-json\/wp\/v2\/comments?post=12275"}],"version-history":[{"count":4,"href":"https:\/\/www.ultratechgroup.it\/ro\/wp-json\/wp\/v2\/pages\/12275\/revisions"}],"predecessor-version":[{"id":14184,"href":"https:\/\/www.ultratechgroup.it\/ro\/wp-json\/wp\/v2\/pages\/12275\/revisions\/14184"}],"up":[{"embeddable":true,"href":"https:\/\/www.ultratechgroup.it\/ro\/wp-json\/wp\/v2\/pages\/12233"}],"wp:attachment":[{"href":"https:\/\/www.ultratechgroup.it\/ro\/wp-json\/wp\/v2\/media?parent=12275"}],"curies":[{"name":"wp","href":"https:\/\/api.w.org\/{rel}","templated":true}]}}