{"id":12271,"date":"2026-01-31T00:00:00","date_gmt":"2026-01-30T23:00:00","guid":{"rendered":"https:\/\/koms5.sg-host.com\/cuptoare-de-coacere-a-vopselei-la-temperatura-medie-100c\/"},"modified":"2026-03-17T12:41:19","modified_gmt":"2026-03-17T11:41:19","slug":"cuptoare-de-coacere-a-vopselei-la-temperatura-medie-100c","status":"publish","type":"page","link":"https:\/\/www.ultratechgroup.it\/ro\/produse\/finitech\/cuptoare-de-coacere-a-vopselei-la-temperatura-medie-100c\/","title":{"rendered":"Cuptoare de uscare a vopselei la temperatur\u0103 medie 100\u00b0"},"content":{"rendered":"\n<figure class=\"wp-block-image alignleft\"><img decoding=\"async\" src=\"https:\/\/www.ultratechgroup.it\/wp-content\/uploads\/2026\/02\/FCV-60.png\" alt=\"\" style=\"width:300px;height:350px\"\/><\/figure>\n\n\n\n<p>Cuptoarele noastre din seria&nbsp; <strong>FCV 100<\/strong>&nbsp; permit uscarea pieselor introduse datorit\u0103 recicl\u0103rii continue a aerului cald (T max = 100 \u00b0C).&nbsp; introdus \u00een interior de generatorul de c\u0103ldur\u0103.<\/p>\n\n\n\n<p>Cuptoarele sunt livrate complet cu:<\/p>\n\n\n\n<p><strong>\u00b7<\/strong><strong>&nbsp;&nbsp; Carena <\/strong>perimetral\u0103 \u0219i acoperi\u0219ul realizate din panouri sandwich speciale compuse din tabl\u0103 de o\u021bel alb\u0103 prevopsit\u0103 RAL 9010 \u0219i miez intern din spum\u0103 poliuretan\u0103 Clasa 0 &#8211; ITC D.M.26.06.84. Forma particular\u0103 a acestor panouri garanteaz\u0103 izolarea perfect\u0103 a cuptorului at\u00e2t termic, c\u00e2t \u0219i acustic.<\/p>\n\n\n\n<p>\u00cen func\u021bie de nevoi, cuptoarele pot sta direct pe pardoseal\u0103 de beton sau pe pardoseal\u0103 izolat\u0103.<\/p>\n\n\n\n<p><strong>\u00b7<\/strong><strong> U\u0219i frontale<\/strong> manuale sau automate,<\/p>\n\n\n\n<p><strong>\u00b7<\/strong><strong>&nbsp;&nbsp; Generator de aer cald <\/strong>pe o parte a cuptorului. Reciclarea for\u021bat\u0103 a aerului \u00eenc\u0103lzit se ob\u021bine prin intermediul unuia sau mai multor ventilatoare electrice de \u00eenalt\u0103 temperatur\u0103 montate \u00een exteriorul carenei. Aerul este introdus \u00een partea inferioar\u0103\/superioar\u0103 a cuptorului printr-o conduct\u0103 izolat\u0103 adecvat\u0103 \u00eentre cuptor \u0219i generator, reglat\u0103 de deflectoare reglabile adecvate. Returul se realizeaz\u0103 \u00een partea superioar\u0103\/inferioar\u0103 a cuptorului, cu un mediu de filtrare adecvat pentru cur\u0103\u021barea aerului recirculat. Aerul poate fi \u00eenc\u0103lzit fie prin elemente electrice de \u00eenc\u0103lzire, fie printr-un schimb\u0103tor de c\u0103ldur\u0103 cu arz\u0103tor pe gaz. Cuptoarele termice sunt echipate cu: termostat de siguran\u021b\u0103 anti-supra\u00eenc\u0103lzire, calibrat corespunz\u0103tor la o temperatur\u0103 mai mare dec\u00e2t temperatura de func\u021bionare, temporizator reglabil de la 0-30 minute pentru oprirea \u00eent\u00e2rziat\u0103 a ventila\u021biei, pentru a permite r\u0103cirea schimb\u0103torului de c\u0103ldur\u0103 dup\u0103 ce arz\u0103torul s-a oprit.<\/p>\n\n\n\n<p><strong>\u00b7<\/strong><strong>&nbsp; Panoul electric<\/strong> amplasat \u00een exteriorul cuptorului este realizat \u00eentr-un dulap etan\u0219. <strong><\/strong><\/p>\n","protected":false},"excerpt":{"rendered":"<p>Cuptoarele noastre din seria&nbsp; FCV 100&nbsp; permit uscarea pieselor introduse datorit\u0103 recicl\u0103rii continue a aerului cald (T max = 100 \u00b0C).&nbsp; introdus \u00een interior de generatorul de c\u0103ldur\u0103. Cuptoarele sunt livrate complet cu: \u00b7&nbsp;&nbsp; Carena perimetral\u0103 \u0219i acoperi\u0219ul realizate din panouri sandwich speciale compuse din tabl\u0103 de o\u021bel alb\u0103 prevopsit\u0103 RAL 9010 \u0219i miez intern [&hellip;]<\/p>\n","protected":false},"author":1,"featured_media":0,"parent":12233,"menu_order":0,"comment_status":"closed","ping_status":"open","template":"","meta":{"footnotes":""},"class_list":["post-12271","page","type-page","status-publish","hentry"],"_links":{"self":[{"href":"https:\/\/www.ultratechgroup.it\/ro\/wp-json\/wp\/v2\/pages\/12271","targetHints":{"allow":["GET"]}}],"collection":[{"href":"https:\/\/www.ultratechgroup.it\/ro\/wp-json\/wp\/v2\/pages"}],"about":[{"href":"https:\/\/www.ultratechgroup.it\/ro\/wp-json\/wp\/v2\/types\/page"}],"author":[{"embeddable":true,"href":"https:\/\/www.ultratechgroup.it\/ro\/wp-json\/wp\/v2\/users\/1"}],"replies":[{"embeddable":true,"href":"https:\/\/www.ultratechgroup.it\/ro\/wp-json\/wp\/v2\/comments?post=12271"}],"version-history":[{"count":4,"href":"https:\/\/www.ultratechgroup.it\/ro\/wp-json\/wp\/v2\/pages\/12271\/revisions"}],"predecessor-version":[{"id":14182,"href":"https:\/\/www.ultratechgroup.it\/ro\/wp-json\/wp\/v2\/pages\/12271\/revisions\/14182"}],"up":[{"embeddable":true,"href":"https:\/\/www.ultratechgroup.it\/ro\/wp-json\/wp\/v2\/pages\/12233"}],"wp:attachment":[{"href":"https:\/\/www.ultratechgroup.it\/ro\/wp-json\/wp\/v2\/media?parent=12271"}],"curies":[{"name":"wp","href":"https:\/\/api.w.org\/{rel}","templated":true}]}}