{"id":12267,"date":"2026-01-31T00:00:00","date_gmt":"2026-01-30T23:00:00","guid":{"rendered":"https:\/\/koms5.sg-host.com\/cabine-de-vopsire-cu-pulbere\/"},"modified":"2026-03-18T11:15:35","modified_gmt":"2026-03-18T10:15:35","slug":"cabine-de-vopsire-cu-pulbere","status":"publish","type":"page","link":"https:\/\/www.ultratechgroup.it\/ro\/produse\/finitech\/cabine-de-vopsire-cu-pulbere\/","title":{"rendered":"Cabine de vopsire cu pulbere"},"content":{"rendered":"\n<p>Cabinele noastre de vopsire uscat\u0103 sunt compuse din:<\/p>\n\n\n\n<ul class=\"wp-block-list\">\n<li><strong>Rezervor de colectare a prafului<\/strong>, realizat din foaie de o\u021bel inoxidabil AISI 304, \u00eendoit \u0219i sudat la TIG, cu fundul \u00eenclinat spre spate pentru a facilita mai bine colectarea prafului.<\/li>\n\n\n<li><strong>Panouri modulare<\/strong> perimetrale realizate din tabl\u0103 metalic\u0103 \u00eendoit\u0103 din o\u021bel inoxidabil.<\/li>\n\n\n<li><strong>Unitate de filtrare<\/strong> pozi\u021bionat\u0103 pe peretele din spate al cabinei, format\u0103 din filtre auto-cur\u0103\u021bante cu eficien\u021b\u0103 ridicat\u0103.<\/li>\n\n\n<li><strong>Sistem automat<\/strong> de autocur\u0103\u021bare a filtrelor, complet cu rezervor de aer comprimat, supape de suflare, rampe de suflare \u0219i unitate de control pentru deschiderea intervalar\u0103 a supapelor.<\/li>\n\n\n<li><strong>Panoul electric<\/strong> situat \u00een afara cabinei, realizat \u00eentr-un dulap etan\u0219.<\/li>\n<\/ul>\n\n\n\n<figure class=\"wp-block-table\"><table class=\"has-fixed-layout\"><tbody><tr><td colspan=\"2\"><strong>DATE TEHNICE<\/strong><\/td><\/tr><tr><td>M\u0103rimi: CVP<\/td><td>1-2-3-4-5-6 metri \u0219i SPECIALE<\/td><\/tr><tr><td>Material<\/td><td>Foaie de o\u021bel inoxidabil<\/td><\/tr><tr><td>Execu\u021bie<\/td><td>Panouri autoportante<\/td><\/tr><tr><td>Asamblare<\/td><td>Sudur\u0103 + \u0219uruburi<\/td><\/tr><tr><td>Eficien\u021ba filtr\u0103rii<\/td><td>&gt; 95%<\/td><\/tr><tr><td>Emisia \u00een atmosfer\u0103 a produsului uscat<\/td><td>\u2264 3 mg\/Nmc<\/td><\/tr><tr><td>Zgomot<\/td><td>\u2264 80 dBA<\/td><\/tr><\/tbody><\/table><\/figure>\n\n\n\n<figure class=\"wp-block-gallery has-nested-images columns-3 is-cropped wp-block-gallery-1 is-layout-flex wp-block-gallery-is-layout-flex\">\n<figure class=\"wp-block-image size-medium\"><a href=\"https:\/\/www.ultratechgroup.it\/wp-content\/uploads\/2015\/03\/cab_vern_polveri_02.jpg\"><img decoding=\"async\" src=\"https:\/\/www.ultratechgroup.it\/wp-content\/uploads\/2015\/03\/cab_vern_polveri_02.jpg\" alt=\"cabina verniciatura polveri\"\/><\/a><\/figure>\n\n\n<figure class=\"wp-block-image size-medium\"><a href=\"https:\/\/www.ultratechgroup.it\/wp-content\/uploads\/2015\/03\/cab_vern_polveri_03.jpg\"><img decoding=\"async\" src=\"https:\/\/www.ultratechgroup.it\/wp-content\/uploads\/2015\/03\/cab_vern_polveri_03.jpg\" alt=\"cabina verniciatura polveri\"\/><\/a><\/figure>\n\n\n<figure class=\"wp-block-image size-medium\"><a href=\"https:\/\/www.ultratechgroup.it\/wp-content\/uploads\/2015\/03\/cab_vern_polveri_01.jpg\"><img decoding=\"async\" src=\"https:\/\/www.ultratechgroup.it\/wp-content\/uploads\/2015\/03\/cab_vern_polveri_01.jpg\" alt=\"cabina verniciatura polveri\"\/><\/a><\/figure>\n<\/figure>\n","protected":false},"excerpt":{"rendered":"<p>Cabinele noastre de vopsire uscat\u0103 sunt compuse din: DATE TEHNICE M\u0103rimi: CVP 1-2-3-4-5-6 metri \u0219i SPECIALE Material Foaie de o\u021bel inoxidabil Execu\u021bie Panouri autoportante Asamblare Sudur\u0103 + \u0219uruburi Eficien\u021ba filtr\u0103rii &gt; 95% Emisia \u00een atmosfer\u0103 a produsului uscat \u2264 3 mg\/Nmc Zgomot \u2264 80 dBA<\/p>\n","protected":false},"author":1,"featured_media":0,"parent":12233,"menu_order":0,"comment_status":"closed","ping_status":"open","template":"","meta":{"footnotes":""},"class_list":["post-12267","page","type-page","status-publish","hentry"],"_links":{"self":[{"href":"https:\/\/www.ultratechgroup.it\/ro\/wp-json\/wp\/v2\/pages\/12267","targetHints":{"allow":["GET"]}}],"collection":[{"href":"https:\/\/www.ultratechgroup.it\/ro\/wp-json\/wp\/v2\/pages"}],"about":[{"href":"https:\/\/www.ultratechgroup.it\/ro\/wp-json\/wp\/v2\/types\/page"}],"author":[{"embeddable":true,"href":"https:\/\/www.ultratechgroup.it\/ro\/wp-json\/wp\/v2\/users\/1"}],"replies":[{"embeddable":true,"href":"https:\/\/www.ultratechgroup.it\/ro\/wp-json\/wp\/v2\/comments?post=12267"}],"version-history":[{"count":3,"href":"https:\/\/www.ultratechgroup.it\/ro\/wp-json\/wp\/v2\/pages\/12267\/revisions"}],"predecessor-version":[{"id":14337,"href":"https:\/\/www.ultratechgroup.it\/ro\/wp-json\/wp\/v2\/pages\/12267\/revisions\/14337"}],"up":[{"embeddable":true,"href":"https:\/\/www.ultratechgroup.it\/ro\/wp-json\/wp\/v2\/pages\/12233"}],"wp:attachment":[{"href":"https:\/\/www.ultratechgroup.it\/ro\/wp-json\/wp\/v2\/media?parent=12267"}],"curies":[{"name":"wp","href":"https:\/\/api.w.org\/{rel}","templated":true}]}}