{"id":12265,"date":"2026-01-31T00:00:00","date_gmt":"2026-01-30T23:00:00","guid":{"rendered":"https:\/\/koms5.sg-host.com\/cabine-de-vopsire-cu-perdea-de-apa\/"},"modified":"2026-03-18T11:14:06","modified_gmt":"2026-03-18T10:14:06","slug":"cabine-de-vopsire-cu-perdea-de-apa","status":"publish","type":"page","link":"https:\/\/www.ultratechgroup.it\/ro\/produse\/finitech\/cabine-de-vopsire-cu-perdea-de-apa\/","title":{"rendered":"Cabine de vopsire cu perdea de ap\u0103"},"content":{"rendered":"\n<figure class=\"wp-block-image aligncenter is-resized\"><a href=\"https:\/\/www.ultratechgroup.it\/wp-content\/uploads\/2015\/03\/CVA-6000.jpg\"><img decoding=\"async\" src=\"https:\/\/www.ultratechgroup.it\/wp-content\/uploads\/2015\/03\/CVA-6000-1024x768.jpg\" alt=\"cabin\u0103 de vopsire cu perdea de ap\u0103\" style=\"object-fit:cover;width:350px;height:350px\"\/><\/a><\/figure>\n\n\n\n<p>Cabina de vopsire const\u0103 din:<\/p>\n\n\n\n<ul class=\"wp-block-list\">\n<li><strong>Structur\u0103 de sus\u021binere<\/strong> din tabl\u0103 aluminizat\u0103 sau o\u021bel inoxidabil<\/li>\n\n\n<li><strong>Rezervorul de preaplin<\/strong> echipat cu \u0219uruburi de reglaj pentru nivelarea v\u0103lului de ap\u0103<\/li>\n\n\n<li><strong>Perdea de ap\u0103<\/strong> din o\u021bel inoxidabil, deta\u0219abil\u0103 pentru \u00eentre\u021binere periodic\u0103<\/li>\n\n\n<li><strong>Rezervor de colectare<\/strong> complet cu sistem mecanic de decantare \u0219i filtre deta\u0219abile, pomp\u0103 electric\u0103 pentru alimentarea v\u0103lurilor de ap\u0103, duze de nebulizare \u0219i tub de defilare<\/li>\n\n\n<li><strong>Sistem de reducere a fumului<\/strong> const\u00e2nd din:\n<br>\u2013 Filtru labirint, din o\u021bel inoxidabil sau tabl\u0103 aluminizat\u0103\n<br>\u2013 Rampe de pulverizare cu duze de pulverizare pentru reducerea contracurent\u0103 a produsului amestecat cu aerul aspirat\n<br>\u2013 Separator de pic\u0103turi plasat \u00eenaintea hotei de extrac\u021bie, format din profile speciale din polipropilen\u0103 \u00eent\u0103rit\u0103, u\u0219or de asamblat \u0219i demontat pentru re\u021binerea p\u0103r\u021bii umede a aerului\n<br>\u2013 Sec\u021biune de filtrare cu filtre din fibr\u0103 de sticl\u0103 pentru re\u021binerea reziduurilor uscate de tip sertar, care pot fi u\u0219or \u00eendep\u0103rtate prin u\u0219ile din spate, completate cu garnitur\u0103 de etan\u0219are<\/li>\n\n\n<li><strong>Panoul electric<\/strong> situat \u00een afara cabinei, realizat \u00eentr-un dulap etan\u0219<\/li>\n<\/ul>\n\n\n\n<figure class=\"wp-block-table\"><table class=\"has-fixed-layout\"><tbody><tr><td colspan=\"2\"><strong>DATE TEHNICE<\/strong><\/td><\/tr><tr><td>Dimensiuni: CVA<\/td><td>1-2-3-4-5-6 metri \u0219i SPECIALE<\/td><\/tr><tr><td>Material<\/td><td>Aluzink sau foaie de o\u021bel inoxidabil<\/td><\/tr><tr><td>Execu\u021bie<\/td><td>Panouri autoportante<\/td><\/tr><tr><td>Asamblare<\/td><td>Sudur\u0103 + \u0219uruburi<\/td><\/tr><tr><td>Eficien\u021ba filtr\u0103rii<\/td><td>&gt; 99,8%<\/td><\/tr><tr><td>Emisia \u00een atmosfer\u0103 a produsului uscat<\/td><td>\u2264 3 mg\/Nmc<\/td><\/tr><tr><td>Zgomot<\/td><td>\u2264 80 dBA<\/td><\/tr><\/tbody><\/table><\/figure>\n\n\n\n<figure class=\"wp-block-gallery has-nested-images columns-4 is-cropped wp-block-gallery-1 is-layout-flex wp-block-gallery-is-layout-flex\">\n<figure class=\"wp-block-image size-medium\"><a href=\"https:\/\/www.ultratechgroup.it\/wp-content\/uploads\/2015\/03\/vasca_raccolta.jpg\"><img decoding=\"async\" src=\"https:\/\/www.ultratechgroup.it\/wp-content\/uploads\/2015\/03\/vasca_raccolta.jpg\" alt=\"vasca raccolta\"\/><\/a><\/figure>\n\n\n<figure class=\"wp-block-image size-medium\"><a href=\"https:\/\/www.ultratechgroup.it\/wp-content\/uploads\/2015\/03\/separatori_gocce.jpg\"><img decoding=\"async\" src=\"https:\/\/www.ultratechgroup.it\/wp-content\/uploads\/2015\/03\/separatori_gocce.jpg\" alt=\"separatori gocce\"\/><\/a><\/figure>\n\n\n<figure class=\"wp-block-image size-medium\"><a href=\"https:\/\/www.ultratechgroup.it\/wp-content\/uploads\/2015\/03\/rampe_a_spruzzo.jpg\"><img decoding=\"async\" src=\"https:\/\/www.ultratechgroup.it\/wp-content\/uploads\/2015\/03\/rampe_a_spruzzo.jpg\" alt=\"rampe a spruzzo\"\/><\/a><\/figure>\n\n\n<figure class=\"wp-block-image size-medium\"><a href=\"https:\/\/www.ultratechgroup.it\/wp-content\/uploads\/2015\/03\/cab_vern_velo_acqua_01.jpg\"><img decoding=\"async\" src=\"https:\/\/www.ultratechgroup.it\/wp-content\/uploads\/2015\/03\/cab_vern_velo_acqua_01.jpg\" alt=\"cabin\u0103 de vopsire cu perdea de ap\u0103\"\/><\/a><\/figure>\n<\/figure>\n","protected":false},"excerpt":{"rendered":"<p>Cabina de vopsire const\u0103 din: DATE TEHNICE Dimensiuni: CVA 1-2-3-4-5-6 metri \u0219i SPECIALE Material Aluzink sau foaie de o\u021bel inoxidabil Execu\u021bie Panouri autoportante Asamblare Sudur\u0103 + \u0219uruburi Eficien\u021ba filtr\u0103rii &gt; 99,8% Emisia \u00een atmosfer\u0103 a produsului uscat \u2264 3 mg\/Nmc Zgomot \u2264 80 dBA<\/p>\n","protected":false},"author":1,"featured_media":0,"parent":12233,"menu_order":0,"comment_status":"closed","ping_status":"open","template":"","meta":{"footnotes":""},"class_list":["post-12265","page","type-page","status-publish","hentry"],"_links":{"self":[{"href":"https:\/\/www.ultratechgroup.it\/ro\/wp-json\/wp\/v2\/pages\/12265","targetHints":{"allow":["GET"]}}],"collection":[{"href":"https:\/\/www.ultratechgroup.it\/ro\/wp-json\/wp\/v2\/pages"}],"about":[{"href":"https:\/\/www.ultratechgroup.it\/ro\/wp-json\/wp\/v2\/types\/page"}],"author":[{"embeddable":true,"href":"https:\/\/www.ultratechgroup.it\/ro\/wp-json\/wp\/v2\/users\/1"}],"replies":[{"embeddable":true,"href":"https:\/\/www.ultratechgroup.it\/ro\/wp-json\/wp\/v2\/comments?post=12265"}],"version-history":[{"count":4,"href":"https:\/\/www.ultratechgroup.it\/ro\/wp-json\/wp\/v2\/pages\/12265\/revisions"}],"predecessor-version":[{"id":14336,"href":"https:\/\/www.ultratechgroup.it\/ro\/wp-json\/wp\/v2\/pages\/12265\/revisions\/14336"}],"up":[{"embeddable":true,"href":"https:\/\/www.ultratechgroup.it\/ro\/wp-json\/wp\/v2\/pages\/12233"}],"wp:attachment":[{"href":"https:\/\/www.ultratechgroup.it\/ro\/wp-json\/wp\/v2\/media?parent=12265"}],"curies":[{"name":"wp","href":"https:\/\/api.w.org\/{rel}","templated":true}]}}