{"id":12255,"date":"2026-01-31T00:00:00","date_gmt":"2026-01-30T23:00:00","guid":{"rendered":"https:\/\/koms5.sg-host.com\/demineralizatoare-neregenerabile\/"},"modified":"2026-03-17T15:59:04","modified_gmt":"2026-03-17T14:59:04","slug":"demineralizatoare-neregenerabile","status":"publish","type":"page","link":"https:\/\/www.ultratechgroup.it\/ro\/produse\/techim\/demineralizatoare-neregenerabile\/","title":{"rendered":"Demineralizatoare neregenerabile"},"content":{"rendered":"\n<p>Const\u00e2nd din: cadru de sus\u021binere din o\u021bel inoxidabil AISI 304, rezervor tampon PVC de 30 litri, pomp\u0103 electric\u0103 centrifug\u0103 din o\u021bel inoxidabil, debitmetru transparent din plexiglas, filtru pe c\u0103rbune activ granular, filtru cu strat mixt din r\u0103\u0219in\u0103, indicator de conductivitate fix, panou electric de control pentru pompa electric\u0103.<\/p>\n\n\n\n<figure class=\"wp-block-table is-style-stripes\"><table style=\"table-layout:fixed;word-break:break-word;border-collapse:collapse;border:1px solid #ccc;\">\n<thead>\n<tr>\n<th style=\"border:1px solid #ccc;padding:6px;\"><strong>MODEL<\/strong><\/th>\n<th style=\"border:1px solid #ccc;padding:6px;\"><strong>CAPACITATE (NOMINAL\u0102 LT.\/H)<\/strong><\/th>\n<\/tr>\n<\/thead>\n<tbody>\n<tr>\n<td style=\"border:1px solid #ccc;padding:6px;\">DEMI 24\/1 M<\/td>\n<td style=\"border:1px solid #ccc;padding:6px;\">250-750<\/td>\n<\/tr>\n<tr>\n<td style=\"border:1px solid #ccc;padding:6px;\">DEMI 24\/2 M<\/td>\n<td style=\"border:1px solid #ccc;padding:6px;\">250-750<\/td>\n<\/tr>\n<tr>\n<td style=\"border:1px solid #ccc;padding:6px;\">DEMI 50\/1 M<\/td>\n<td style=\"border:1px solid #ccc;padding:6px;\">500-1500<\/td>\n<\/tr>\n<tr>\n<td style=\"border:1px solid #ccc;padding:6px;\">DEMI 50\/2 M<\/td>\n<td style=\"border:1px solid #ccc;padding:6px;\">500-1500<\/td>\n<\/tr>\n<\/tbody>\n<\/table><\/figure>\n\n\n\n<p>Seria 2 este echipat\u0103 cu un filtru dublu cu strat mixt din r\u0103\u0219in\u0103<\/p>\n\n\n\n<p>DEMINERALIZATOARELE POT FI FABRICATE PENTRU NEVOI SPECIFICE<\/p>\n\n\n\n<figure class=\"wp-block-image aligncenter\"><a href=\"https:\/\/www.ultratechgroup.it\/wp-content\/uploads\/2026\/01\/rig.jpg\"><img decoding=\"async\" src=\"https:\/\/www.ultratechgroup.it\/wp-content\/uploads\/2026\/01\/rig.jpg\" alt=\"\" style=\"width:400px\"\/><\/a><\/figure>\n","protected":false},"excerpt":{"rendered":"<p>Const\u00e2nd din: cadru de sus\u021binere din o\u021bel inoxidabil AISI 304, rezervor tampon PVC de 30 litri, pomp\u0103 electric\u0103 centrifug\u0103 din o\u021bel inoxidabil, debitmetru transparent din plexiglas, filtru pe c\u0103rbune activ granular, filtru cu strat mixt din r\u0103\u0219in\u0103, indicator de conductivitate fix, panou electric de control pentru pompa electric\u0103. MODEL CAPACITATE (NOMINAL\u0102 LT.\/H) DEMI 24\/1 M [&hellip;]<\/p>\n","protected":false},"author":1,"featured_media":0,"parent":12235,"menu_order":0,"comment_status":"closed","ping_status":"open","template":"","meta":{"footnotes":""},"class_list":["post-12255","page","type-page","status-publish","hentry"],"_links":{"self":[{"href":"https:\/\/www.ultratechgroup.it\/ro\/wp-json\/wp\/v2\/pages\/12255","targetHints":{"allow":["GET"]}}],"collection":[{"href":"https:\/\/www.ultratechgroup.it\/ro\/wp-json\/wp\/v2\/pages"}],"about":[{"href":"https:\/\/www.ultratechgroup.it\/ro\/wp-json\/wp\/v2\/types\/page"}],"author":[{"embeddable":true,"href":"https:\/\/www.ultratechgroup.it\/ro\/wp-json\/wp\/v2\/users\/1"}],"replies":[{"embeddable":true,"href":"https:\/\/www.ultratechgroup.it\/ro\/wp-json\/wp\/v2\/comments?post=12255"}],"version-history":[{"count":2,"href":"https:\/\/www.ultratechgroup.it\/ro\/wp-json\/wp\/v2\/pages\/12255\/revisions"}],"predecessor-version":[{"id":14239,"href":"https:\/\/www.ultratechgroup.it\/ro\/wp-json\/wp\/v2\/pages\/12255\/revisions\/14239"}],"up":[{"embeddable":true,"href":"https:\/\/www.ultratechgroup.it\/ro\/wp-json\/wp\/v2\/pages\/12235"}],"wp:attachment":[{"href":"https:\/\/www.ultratechgroup.it\/ro\/wp-json\/wp\/v2\/media?parent=12255"}],"curies":[{"name":"wp","href":"https:\/\/api.w.org\/{rel}","templated":true}]}}