{"id":12251,"date":"2026-01-31T00:00:00","date_gmt":"2026-01-30T23:00:00","guid":{"rendered":"https:\/\/koms5.sg-host.com\/schimbatoare-de-caldura\/"},"modified":"2026-03-17T14:10:26","modified_gmt":"2026-03-17T13:10:26","slug":"schimbatoare-de-caldura","status":"publish","type":"page","link":"https:\/\/www.ultratechgroup.it\/ro\/produse\/cuptoare-cotich\/schimbatoare-de-caldura\/","title":{"rendered":"Schimb\u0103toare de c\u0103ldur\u0103"},"content":{"rendered":"\n<p>Destinate s\u0103 \u00eenc\u0103lzeasc\u0103 aerul, schimb\u0103toarele de c\u0103ldur\u0103 sunt compuse dintr-o caren\u0103 din panouri de o\u021bel aluzink, izolate corespunz\u0103tor, \u00een interiorul c\u0103ruia se afl\u0103 camera de combustie cu inversare a fl\u0103c\u0103rii, carcasa \u0219i tubul.<\/p>\n\n\n\n<p>Fabricate din tabl\u0103 de o\u021bel inoxidabil Aisi 304, sunt livrate complet cu: plac\u0103 de leg\u0103tur\u0103 a arz\u0103torului, ramp\u0103 de alimentare conform standardelor CE, hublou de vizualizare a arderii \u0219i arz\u0103toare cu gaz metan sau GPL cu capacitate variabil\u0103.<\/p>\n\n\n\n<p>Alimentarea \u0219i recircularea aerului sunt ob\u021binute prin ventilatoare electrice speciale, \u00eentr-o execu\u021bie special\u0103 pentru temperaturi ridicate.<\/p>\n\n\n\n<p>Schimb\u0103torul este echipat cu un termostat de siguran\u021b\u0103, calibrat la ~ 50\u00b0C peste temperatura setat\u0103, care, \u00een caz de anomalii, \u00eentrerupe \u00eenc\u0103lzirea.<\/p>\n\n\n\n<p>Pentru a permite r\u0103cirea schimb\u0103torului de c\u0103ldur\u0103 c\u00e2nd este oprit, este prev\u0103zut un ciclu care asigur\u0103 ventila\u021bia pentru un timp prestabilit.<\/p>\n\n\n\n<figure class=\"wp-block-image is-resized\"><a href=\"https:\/\/www.ultratechgroup.it\/wp-content\/uploads\/2015\/02\/scambiatore-di-calore.jpg\"><img decoding=\"async\" src=\"https:\/\/www.ultratechgroup.it\/wp-content\/uploads\/2015\/02\/scambiatore-di-calore.jpg\" alt=\"scambiatore di calore\" style=\"width:300px;height:300px\"\/><\/a><\/figure>\n","protected":false},"excerpt":{"rendered":"<p>Destinate s\u0103 \u00eenc\u0103lzeasc\u0103 aerul, schimb\u0103toarele de c\u0103ldur\u0103 sunt compuse dintr-o caren\u0103 din panouri de o\u021bel aluzink, izolate corespunz\u0103tor, \u00een interiorul c\u0103ruia se afl\u0103 camera de combustie cu inversare a fl\u0103c\u0103rii, carcasa \u0219i tubul. Fabricate din tabl\u0103 de o\u021bel inoxidabil Aisi 304, sunt livrate complet cu: plac\u0103 de leg\u0103tur\u0103 a arz\u0103torului, ramp\u0103 de alimentare conform standardelor [&hellip;]<\/p>\n","protected":false},"author":1,"featured_media":0,"parent":12239,"menu_order":0,"comment_status":"closed","ping_status":"open","template":"","meta":{"footnotes":""},"class_list":["post-12251","page","type-page","status-publish","hentry"],"_links":{"self":[{"href":"https:\/\/www.ultratechgroup.it\/ro\/wp-json\/wp\/v2\/pages\/12251","targetHints":{"allow":["GET"]}}],"collection":[{"href":"https:\/\/www.ultratechgroup.it\/ro\/wp-json\/wp\/v2\/pages"}],"about":[{"href":"https:\/\/www.ultratechgroup.it\/ro\/wp-json\/wp\/v2\/types\/page"}],"author":[{"embeddable":true,"href":"https:\/\/www.ultratechgroup.it\/ro\/wp-json\/wp\/v2\/users\/1"}],"replies":[{"embeddable":true,"href":"https:\/\/www.ultratechgroup.it\/ro\/wp-json\/wp\/v2\/comments?post=12251"}],"version-history":[{"count":2,"href":"https:\/\/www.ultratechgroup.it\/ro\/wp-json\/wp\/v2\/pages\/12251\/revisions"}],"predecessor-version":[{"id":14195,"href":"https:\/\/www.ultratechgroup.it\/ro\/wp-json\/wp\/v2\/pages\/12251\/revisions\/14195"}],"up":[{"embeddable":true,"href":"https:\/\/www.ultratechgroup.it\/ro\/wp-json\/wp\/v2\/pages\/12239"}],"wp:attachment":[{"href":"https:\/\/www.ultratechgroup.it\/ro\/wp-json\/wp\/v2\/media?parent=12251"}],"curies":[{"name":"wp","href":"https:\/\/api.w.org\/{rel}","templated":true}]}}