{"id":12245,"date":"2026-01-31T00:00:00","date_gmt":"2026-01-30T23:00:00","guid":{"rendered":"https:\/\/koms5.sg-host.com\/cuptoare-cu-o-singura-camera-din-seria-ftt\/"},"modified":"2026-03-17T14:09:07","modified_gmt":"2026-03-17T13:09:07","slug":"cuptoare-cu-o-singura-camera-din-seria-ftt","status":"publish","type":"page","link":"https:\/\/www.ultratechgroup.it\/ro\/produse\/cuptoare-cotich\/cuptoare-cu-o-singura-camera-din-seria-ftt\/","title":{"rendered":"Cuptoare cu o singur\u0103 camer\u0103 din seria FTT"},"content":{"rendered":"\n<p>Cuptoarele de tratament termic din seria <strong>FTT <\/strong>permit \u00eenc\u0103lzirea pieselor prin c\u0103ldura ob\u021binut\u0103 prinrezisten\u021be electrice montate pe pl\u0103ci speciale plasate pe laterale \u0219i pe podeaua cuptorului.&nbsp;<\/p>\n\n\n\n<p>Dispunerea elementelor de \u00eenc\u0103lzire \u0219i geometria camerei sunt proiectate s\u0103 genereze o mi\u0219care constant\u0103 a aerului intern, prin conven\u021bie natural\u0103, astfel \u00eenc\u00e2t s\u0103 garanteze uniformitatea temperaturii \u00een orice punct al cuptorului.<\/p>\n\n\n\n<p>Aceasta duce la o \u00eenc\u0103lzire constant\u0103 \u0219i uniform\u0103 la temperatura selectat\u0103 anterior, care este autoreglat\u0103 de dispozitivele de control.<\/p>\n\n\n\n<p>Cuptoarele din seria FTT sunt de tip monobloc compact \u0219i, prin urmare, foarte rapid de instalat.<\/p>\n\n\n\n<p>Cuptoarele constau dintr-o carcas\u0103 metalic\u0103 masiv\u0103 vopsit\u0103, acoperit\u0103 intern cu material cimentos izolator din materiale superizolatoare \u0219i panouri fibroase \u00een mai multe straturi, fiind echipate cu \u00eenc\u0103lzire electric\u0103, control termostatic al temperaturii, u\u0219\u0103 frontal\u0103 cu balamale \u0219i panou electric de control.<\/p>\n\n\n\n<p>Pentru a facilita \u00eenc\u0103rcarea\/desc\u0103rcarea pieselor, fundul cuptorului este realizat <strong>dintr-o talp\u0103 special\u0103 din o\u021bel refractar, pentru temperaturi ridicate.<\/strong><\/p>\n\n\n\n<p>Nivelul de zgomot \u00eent\u00e2lnit \u00een timpul func\u021bion\u0103rii nu dep\u0103\u0219e\u0219te 80 dBA.<\/p>\n\n\n\n<figure class=\"wp-block-table\"><table><thead><tr><th><strong>TIP<\/strong><\/th><th colspan=\"3\"><strong>DIMENSIUNI CAMERA (L \u2013 \u00ce \u2013 A)<\/strong><\/th><th colspan=\"3\"><strong>M\u0103sur\u0103tori externe (L \u2013 \u00ce \u2013 A)<\/strong><\/th><th><strong>PUTERE (Kw)<\/strong><\/th><\/tr><\/thead><tbody><tr><td>FE\/M 35<\/td><td>300<\/td><td>230<\/td><td>500<\/td><td>1020<\/td><td>1540<\/td><td>1140<\/td><td>10<\/td><\/tr><tr><td>FE\/M 83<\/td><td>430<\/td><td>320<\/td><td>600<\/td><td>1260<\/td><td>1650<\/td><td>1270<\/td><td>15<\/td><\/tr><tr><td>FE\/M 98<\/td><td>510<\/td><td>320<\/td><td>600<\/td><td>1340<\/td><td>1650<\/td><td>1270<\/td><td>15<\/td><\/tr><tr><td>FE\/M 124<\/td><td>430<\/td><td>480<\/td><td>600<\/td><td>1260<\/td><td>1810<\/td><td>1270<\/td><td>20<\/td><\/tr><tr><td>FE\/M 130<\/td><td>510<\/td><td>320<\/td><td>800<\/td><td>1340<\/td><td>1650<\/td><td>1470<\/td><td>24<\/td><\/tr><tr><td>FE\/M 147<\/td><td>510<\/td><td>480<\/td><td>600<\/td><td>1340<\/td><td>1810<\/td><td>1270<\/td><td>20<\/td><\/tr><tr><td>FE\/M 196<\/td><td>510<\/td><td>480<\/td><td>800<\/td><td>1340<\/td><td>1810<\/td><td>1470<\/td><td>24<\/td><\/tr><tr><td>FE\/M 392<\/td><td>700<\/td><td>700<\/td><td>800<\/td><td>1700<\/td><td>2100<\/td><td>1650<\/td><td>45<\/td><\/tr><\/tbody><\/table><\/figure>\n\n\n\n<p><strong>Temperatur\u0103 maxim\u0103 de func\u021bionare: 1100 \u00b0C<br>Tensiune de alimentare: 380 Vol\u021bi trifazat + neutru \u2013 50 Hz.<\/strong><\/p>\n\n\n\n<figure class=\"wp-block-gallery has-nested-images columns-2 is-cropped wp-block-gallery-1 is-layout-flex wp-block-gallery-is-layout-flex\">\n<figure class=\"wp-block-image size-large\"><a href=\"https:\/\/www.ultratechgroup.it\/wp-content\/uploads\/2015\/02\/Forni-monocamera-serie-FTT-2.jpg\"><img decoding=\"async\" src=\"https:\/\/www.ultratechgroup.it\/wp-content\/uploads\/2015\/02\/Forni-monocamera-serie-FTT-2.jpg\" alt=\"forno monocamera\"\/><\/a><\/figure>\n\n\n\n<figure class=\"wp-block-image size-large\"><a href=\"https:\/\/www.ultratechgroup.it\/wp-content\/uploads\/2015\/02\/Forni-monocamera-serie-FTT-3.jpg\"><img decoding=\"async\" src=\"https:\/\/www.ultratechgroup.it\/wp-content\/uploads\/2015\/02\/Forni-monocamera-serie-FTT-3.jpg\" alt=\"forno monocamera\"\/><\/a><\/figure>\n<\/figure>\n","protected":false},"excerpt":{"rendered":"<p>Cuptoarele de tratament termic din seria FTT permit \u00eenc\u0103lzirea pieselor prin c\u0103ldura ob\u021binut\u0103 prinrezisten\u021be electrice montate pe pl\u0103ci speciale plasate pe laterale \u0219i pe podeaua cuptorului.&nbsp; Dispunerea elementelor de \u00eenc\u0103lzire \u0219i geometria camerei sunt proiectate s\u0103 genereze o mi\u0219care constant\u0103 a aerului intern, prin conven\u021bie natural\u0103, astfel \u00eenc\u00e2t s\u0103 garanteze uniformitatea temperaturii \u00een orice punct [&hellip;]<\/p>\n","protected":false},"author":1,"featured_media":0,"parent":12239,"menu_order":0,"comment_status":"closed","ping_status":"open","template":"","meta":{"footnotes":""},"class_list":["post-12245","page","type-page","status-publish","hentry"],"_links":{"self":[{"href":"https:\/\/www.ultratechgroup.it\/ro\/wp-json\/wp\/v2\/pages\/12245","targetHints":{"allow":["GET"]}}],"collection":[{"href":"https:\/\/www.ultratechgroup.it\/ro\/wp-json\/wp\/v2\/pages"}],"about":[{"href":"https:\/\/www.ultratechgroup.it\/ro\/wp-json\/wp\/v2\/types\/page"}],"author":[{"embeddable":true,"href":"https:\/\/www.ultratechgroup.it\/ro\/wp-json\/wp\/v2\/users\/1"}],"replies":[{"embeddable":true,"href":"https:\/\/www.ultratechgroup.it\/ro\/wp-json\/wp\/v2\/comments?post=12245"}],"version-history":[{"count":4,"href":"https:\/\/www.ultratechgroup.it\/ro\/wp-json\/wp\/v2\/pages\/12245\/revisions"}],"predecessor-version":[{"id":14192,"href":"https:\/\/www.ultratechgroup.it\/ro\/wp-json\/wp\/v2\/pages\/12245\/revisions\/14192"}],"up":[{"embeddable":true,"href":"https:\/\/www.ultratechgroup.it\/ro\/wp-json\/wp\/v2\/pages\/12239"}],"wp:attachment":[{"href":"https:\/\/www.ultratechgroup.it\/ro\/wp-json\/wp\/v2\/media?parent=12245"}],"curies":[{"name":"wp","href":"https:\/\/api.w.org\/{rel}","templated":true}]}}