{"id":12235,"date":"2026-01-31T00:00:00","date_gmt":"2026-01-30T23:00:00","guid":{"rendered":"https:\/\/koms5.sg-host.com\/techim\/"},"modified":"2026-03-04T14:37:35","modified_gmt":"2026-03-04T13:37:35","slug":"techim","status":"publish","type":"page","link":"https:\/\/www.ultratechgroup.it\/ro\/produse\/techim\/","title":{"rendered":"Techim"},"content":{"rendered":"\n<figure class=\"wp-block-image aligncenter\"><a href=\"https:\/\/www.ultratechgroup.it\/wp-content\/uploads\/2015\/02\/TECHIM-prodotti.jpg\"><img decoding=\"async\" src=\"https:\/\/www.ultratechgroup.it\/wp-content\/uploads\/2015\/02\/TECHIM-prodotti.jpg\" alt=\"TECHIM prodotti\" style=\"width:500px\"\/><\/a><\/figure>\n\n\n\n<p>Cuno\u0219tin\u021bele dob\u00e2ndite de-a lungul timpului ne permit s\u0103 proiect\u0103m \u0219i s\u0103 oferim <strong>sisteme personalizate de epurare a apelor uzate<\/strong>, utilizate \u00een <strong>diverse cicluri de produc\u021bie: sp\u0103lare, tratament termic, vopsire \u0219i galvanizare.<\/strong> Pentru a cre\u0219te performan\u021ba sistemelor de epurare, certific\u0103m \u0219i Comercializ\u0103m <strong>produse chimice, detergen\u021bi \u0219i solven\u021bi.<\/strong><\/p>\n\n\n\n<p>Laboratorul nostru chimic, dotat cu sisteme sofisticate de analiz\u0103, este punctul de plecare pentru \u00een\u021belegerea fundamental\u0103 a naturii \u0219i gradului de poluare a probelor de ap\u0103 prelevate din rezervoarele dumneavoastr\u0103, indiferent dac\u0103 acestea sunt utilizate pentru sp\u0103lare, cl\u0103tire sau alte procese de produc\u021bie. Rezultatele ob\u021binute sunt esen\u021biale pentru formularea precis\u0103 a celui mai potrivit solvent sau detergent pentru ciclul dumneavoastr\u0103 de produc\u021bie \u0219i pentru construirea celei mai bune sta\u021bii de purificare \u0219i tratare a apei, ating\u00e2nd cele mai \u00eenalte standarde de transparen\u021b\u0103 a apei tratate la costuri de \u00eentre\u021binere extrem de sc\u0103zute.\n\n\n\n\n<h2 class=\"wp-block-heading\">Sectoare de aplicare<\/h2>\n\n\n\n<p>Gama de produc\u021bie standard \u0219i seriile speciale sunt utilizate \u00een numeroase sectoare: industria auto, ochelari, accesorii de mod\u0103, accesorii de mobilier, robinete \u0219i fitinguri, bijuterii \u0219i mecanic\u0103 de precizie.\n\n","protected":false},"excerpt":{"rendered":"<p>Cuno\u0219tin\u021bele dob\u00e2ndite de-a lungul timpului ne permit s\u0103 proiect\u0103m \u0219i s\u0103 oferim sisteme personalizate de epurare a apelor uzate, utilizate \u00een diverse cicluri de produc\u021bie: sp\u0103lare, tratament termic, vopsire \u0219i galvanizare. Pentru a cre\u0219te performan\u021ba sistemelor de epurare, certific\u0103m \u0219i Comercializ\u0103m produse chimice, detergen\u021bi \u0219i solven\u021bi. Laboratorul nostru chimic, dotat cu sisteme sofisticate de analiz\u0103, [&hellip;]<\/p>\n","protected":false},"author":1,"featured_media":0,"parent":12231,"menu_order":0,"comment_status":"closed","ping_status":"closed","template":"","meta":{"footnotes":""},"class_list":["post-12235","page","type-page","status-publish","hentry"],"_links":{"self":[{"href":"https:\/\/www.ultratechgroup.it\/ro\/wp-json\/wp\/v2\/pages\/12235","targetHints":{"allow":["GET"]}}],"collection":[{"href":"https:\/\/www.ultratechgroup.it\/ro\/wp-json\/wp\/v2\/pages"}],"about":[{"href":"https:\/\/www.ultratechgroup.it\/ro\/wp-json\/wp\/v2\/types\/page"}],"author":[{"embeddable":true,"href":"https:\/\/www.ultratechgroup.it\/ro\/wp-json\/wp\/v2\/users\/1"}],"replies":[{"embeddable":true,"href":"https:\/\/www.ultratechgroup.it\/ro\/wp-json\/wp\/v2\/comments?post=12235"}],"version-history":[{"count":1,"href":"https:\/\/www.ultratechgroup.it\/ro\/wp-json\/wp\/v2\/pages\/12235\/revisions"}],"predecessor-version":[{"id":12236,"href":"https:\/\/www.ultratechgroup.it\/ro\/wp-json\/wp\/v2\/pages\/12235\/revisions\/12236"}],"up":[{"embeddable":true,"href":"https:\/\/www.ultratechgroup.it\/ro\/wp-json\/wp\/v2\/pages\/12231"}],"wp:attachment":[{"href":"https:\/\/www.ultratechgroup.it\/ro\/wp-json\/wp\/v2\/media?parent=12235"}],"curies":[{"name":"wp","href":"https:\/\/api.w.org\/{rel}","templated":true}]}}