{"id":12642,"date":"2026-02-27T16:21:04","date_gmt":"2026-02-27T15:21:04","guid":{"rendered":"https:\/\/koms5.sg-host.com\/verniciatura\/"},"modified":"2026-03-16T17:44:06","modified_gmt":"2026-03-16T16:44:06","slug":"verniciatura","status":"publish","type":"page","link":"https:\/\/www.ultratechgroup.it\/fr\/verniciatura\/","title":{"rendered":"Peinture"},"content":{"rendered":"\t\t<div data-elementor-type=\"wp-page\" data-elementor-id=\"12642\" class=\"elementor elementor-12642 elementor-7970\" data-elementor-post-type=\"page\">\n\t\t\t\t<div class=\"elementor-element elementor-element-cb5ad9e e-con-full e-flex e-con e-parent\" data-id=\"cb5ad9e\" data-element_type=\"container\" data-e-type=\"container\">\n\t\t<div class=\"elementor-element elementor-element-7531961 e-flex e-con-boxed e-con e-child\" data-id=\"7531961\" data-element_type=\"container\" data-e-type=\"container\" data-settings=\"{&quot;background_background&quot;:&quot;classic&quot;}\">\n\t\t\t\t\t<div class=\"e-con-inner\">\n\t\t\t\t<div class=\"elementor-element elementor-element-d0f5214 elementor-widget elementor-widget-heading\" data-id=\"d0f5214\" data-element_type=\"widget\" data-e-type=\"widget\" data-widget_type=\"heading.default\">\n\t\t\t\t<div class=\"elementor-widget-container\">\n\t\t\t\t\t<h1 class=\"elementor-heading-title elementor-size-default\">Peinture<\/h1>\t\t\t\t<\/div>\n\t\t\t\t<\/div>\n\t\t\t\t\t<\/div>\n\t\t\t\t<\/div>\n\t\t<div class=\"elementor-element elementor-element-ce3e28c e-con-full e-flex e-con e-child\" data-id=\"ce3e28c\" data-element_type=\"container\" data-e-type=\"container\" data-settings=\"{&quot;background_background&quot;:&quot;classic&quot;}\">\n\t\t\t\t<\/div>\n\t\t\t\t<\/div>\n\t\t<div class=\"elementor-element elementor-element-bb3f0fc e-flex e-con-boxed e-con e-parent\" data-id=\"bb3f0fc\" data-element_type=\"container\" data-e-type=\"container\">\n\t\t\t\t\t<div class=\"e-con-inner\">\n\t\t\t\t<div class=\"elementor-element elementor-element-ae4c1a4 elementor-widget elementor-widget-shortcode\" data-id=\"ae4c1a4\" data-element_type=\"widget\" data-e-type=\"widget\" data-widget_type=\"shortcode.default\">\n\t\t\t\t<div class=\"elementor-widget-container\">\n\t\t\t\t\t\t\t<div class=\"elementor-shortcode\"><nav aria-label=\"breadcrumbs\" class=\"rank-math-breadcrumb\"><p><span class=\"last\">Home<\/span><\/p><\/nav><\/div>\n\t\t\t\t\t\t<\/div>\n\t\t\t\t<\/div>\n\t\t\t\t\t<\/div>\n\t\t\t\t<\/div>\n\t\t<div class=\"elementor-element elementor-element-a2406e5 e-flex e-con-boxed e-con e-parent\" data-id=\"a2406e5\" data-element_type=\"container\" data-e-type=\"container\">\n\t\t\t\t\t<div class=\"e-con-inner\">\n\t\t\t\t<div class=\"elementor-element elementor-element-57b6583 elementor-widget elementor-widget-text-editor\" data-id=\"57b6583\" data-element_type=\"widget\" data-e-type=\"widget\" data-widget_type=\"text-editor.default\">\n\t\t\t\t<div class=\"elementor-widget-container\">\n\t\t\t\t\t\t\t\t\t<p>Pour plus d&rsquo;informations sur les installations d&rsquo;occasion r\u00e9pertori\u00e9es ci-dessous, n&rsquo;h\u00e9sitez pas \u00e0 nous contacter au num\u00e9ro 0423 720588 ou \u00e0 l&rsquo;adresse e-mail commerciale@ultratechgroup.it.<\/p>\t\t\t\t\t\t\t\t<\/div>\n\t\t\t\t<\/div>\n\t\t\t\t\t<\/div>\n\t\t\t\t<\/div>\n\t\t<div class=\"elementor-element elementor-element-ed791e7 e-flex e-con-boxed e-con e-parent\" data-id=\"ed791e7\" data-element_type=\"container\" data-e-type=\"container\">\n\t\t\t\t\t<div class=\"e-con-inner\">\n\t\t\t\t<div class=\"elementor-element elementor-element-ec1f74f elementor-widget elementor-widget-heading\" data-id=\"ec1f74f\" data-element_type=\"widget\" data-e-type=\"widget\" data-widget_type=\"heading.default\">\n\t\t\t\t<div class=\"elementor-widget-container\">\n\t\t\t\t\t<h3 class=\"elementor-heading-title elementor-size-default\">BAIGNEUSE DE D\u00c9CAPAGE\n\n<\/h3>\t\t\t\t<\/div>\n\t\t\t\t<\/div>\n\t\t\t\t<div class=\"elementor-element elementor-element-49a92e7 elementor-widget elementor-widget-text-editor\" data-id=\"49a92e7\" data-element_type=\"widget\" data-e-type=\"widget\" data-widget_type=\"text-editor.default\">\n\t\t\t\t<div class=\"elementor-widget-container\">\n\t\t\t\t\t\t\t\t\t<p>La cuve, r\u00e9alis\u00e9e en acier inoxydable AISI 316L \u00e9paisseur 20\/10 \u00e0 double paroi, est compos\u00e9e d&rsquo;une structure interne destin\u00e9e \u00e0 contenir la solution d\u00e9capante et d&rsquo;un rev\u00eatement externe en acier inoxydable satin\u00e9 \u00e9paisseur 10\/10 qui recouvre et prot\u00e8ge la cuve de travail. Afin de r\u00e9duire au minimum les pertes thermiques, la structure interne est enti\u00e8rement recouverte de laine de roche \u00e0 haut coefficient d&rsquo;isolation thermique. <\/p><p>Compl\u00e8tent la baignoire :<\/p><ul><li>chauffage de la solution d\u00e9tergente,<\/li><li>soupape de d\u00e9charge \u00e0 bille en acier inoxydable,<\/li><li>pieds r\u00e9glables,<\/li><li>couvercle amovible manuellement,<\/li><li>collier d&rsquo;aspiration,<\/li><li>agitateur m\u00e9canique \u00e0 pales,<\/li><li>tableau \u00e9lectrique.<\/li><\/ul><p><strong><br>Caratteristiche tecniche VS 1600<\/strong><\/p><p>Dimensions utiles de la cuve : 900 x 1600 x 800 h. mm. <\/p><p>Dimensions hors tout : 1450 x 1850 x 1200 h. mm. environ <\/p><p>Puissance \u00e9lectrique chauffage : 24 kW<\/p><p>Alimentation \u00e9lectrique : 400 volts triphas\u00e9 \u2013 50\/60 Hz<\/p>\t\t\t\t\t\t\t\t<\/div>\n\t\t\t\t<\/div>\n\t\t\t\t\t<\/div>\n\t\t\t\t<\/div>\n\t\t<div class=\"elementor-element elementor-element-05233a5 e-flex e-con-boxed e-con e-parent\" data-id=\"05233a5\" data-element_type=\"container\" data-e-type=\"container\">\n\t\t\t\t\t<div class=\"e-con-inner\">\n\t\t\t\t<div class=\"elementor-element elementor-element-8574e91 elementor-widget elementor-widget-image\" data-id=\"8574e91\" data-element_type=\"widget\" data-e-type=\"widget\" data-widget_type=\"image.default\">\n\t\t\t\t<div class=\"elementor-widget-container\">\n\t\t\t\t\t\t\t\t\t\t\t\t\t\t\t<img fetchpriority=\"high\" decoding=\"async\" width=\"636\" height=\"496\" src=\"https:\/\/www.ultratechgroup.it\/wp-content\/uploads\/2026\/03\/54-2-VASCA-DI-SVERNICIATURA-VS-1600-IN-AISI-316L-2010-636x496-1.jpg\" class=\"attachment-large size-large wp-image-11410\" alt=\"\" srcset=\"https:\/\/www.ultratechgroup.it\/wp-content\/uploads\/2026\/03\/54-2-VASCA-DI-SVERNICIATURA-VS-1600-IN-AISI-316L-2010-636x496-1.jpg 636w, https:\/\/www.ultratechgroup.it\/wp-content\/uploads\/2026\/03\/54-2-VASCA-DI-SVERNICIATURA-VS-1600-IN-AISI-316L-2010-636x496-1-300x234.jpg 300w\" sizes=\"(max-width: 636px) 100vw, 636px\" \/>\t\t\t\t\t\t\t\t\t\t\t\t\t\t\t<\/div>\n\t\t\t\t<\/div>\n\t\t\t\t<div class=\"elementor-element elementor-element-5e3cacc elementor-widget elementor-widget-image\" data-id=\"5e3cacc\" data-element_type=\"widget\" data-e-type=\"widget\" data-widget_type=\"image.default\">\n\t\t\t\t<div class=\"elementor-widget-container\">\n\t\t\t\t\t\t\t\t\t\t\t\t\t\t\t<img decoding=\"async\" width=\"636\" height=\"477\" src=\"https:\/\/www.ultratechgroup.it\/wp-content\/uploads\/2026\/03\/54-1-VASCA-DI-SVERNICIATURA-VS-1600-IN-AISI-316L-2010-636x477-1.jpg\" class=\"attachment-large size-large wp-image-11407\" alt=\"\" srcset=\"https:\/\/www.ultratechgroup.it\/wp-content\/uploads\/2026\/03\/54-1-VASCA-DI-SVERNICIATURA-VS-1600-IN-AISI-316L-2010-636x477-1.jpg 636w, https:\/\/www.ultratechgroup.it\/wp-content\/uploads\/2026\/03\/54-1-VASCA-DI-SVERNICIATURA-VS-1600-IN-AISI-316L-2010-636x477-1-300x225.jpg 300w\" sizes=\"(max-width: 636px) 100vw, 636px\" \/>\t\t\t\t\t\t\t\t\t\t\t\t\t\t\t<\/div>\n\t\t\t\t<\/div>\n\t\t\t\t\t<\/div>\n\t\t\t\t<\/div>\n\t\t<div class=\"elementor-element elementor-element-ea8d49e e-con-full e-flex e-con e-parent\" data-id=\"ea8d49e\" data-element_type=\"container\" data-e-type=\"container\">\n\t\t\t\t<div class=\"elementor-element elementor-element-87e291e elementor-widget elementor-widget-google_maps\" data-id=\"87e291e\" data-element_type=\"widget\" data-e-type=\"widget\" data-widget_type=\"google_maps.default\">\n\t\t\t\t<div class=\"elementor-widget-container\">\n\t\t\t\t\t\t\t<div class=\"elementor-custom-embed\">\n\t\t\t<iframe loading=\"lazy\"\n\t\t\t\t\tsrc=\"https:\/\/maps.google.com\/maps?q=Ultratech%20srl&#038;t=m&#038;z=10&#038;output=embed&#038;iwloc=near\"\n\t\t\t\t\ttitle=\"Ultratech srl\"\n\t\t\t\t\taria-label=\"Ultratech srl\"\n\t\t\t><\/iframe>\n\t\t<\/div>\n\t\t\t\t\t\t<\/div>\n\t\t\t\t<\/div>\n\t\t\t\t<\/div>\n\t\t\t\t<\/div>\n\t\t","protected":false},"excerpt":{"rendered":"<p>Pour plus d&rsquo;informations sur les installations d&rsquo;occasion r\u00e9pertori\u00e9es ci-dessous, n&rsquo;h\u00e9sitez pas \u00e0 nous contacter au num\u00e9ro 0423 720588 ou \u00e0 l&rsquo;adresse e-mail commerciale@ultratechgroup.it. BAIGNEUSE DE D\u00c9CAPAGE La cuve, r\u00e9alis\u00e9e en acier inoxydable AISI 316L \u00e9paisseur 20\/10 \u00e0 double paroi, est compos\u00e9e d&rsquo;une structure interne destin\u00e9e \u00e0 contenir la solution d\u00e9capante et d&rsquo;un rev\u00eatement externe en [&hellip;]<\/p>\n","protected":false},"author":1,"featured_media":0,"parent":0,"menu_order":0,"comment_status":"closed","ping_status":"closed","template":"","meta":{"footnotes":""},"class_list":["post-12642","page","type-page","status-publish","hentry"],"_links":{"self":[{"href":"https:\/\/www.ultratechgroup.it\/fr\/wp-json\/wp\/v2\/pages\/12642","targetHints":{"allow":["GET"]}}],"collection":[{"href":"https:\/\/www.ultratechgroup.it\/fr\/wp-json\/wp\/v2\/pages"}],"about":[{"href":"https:\/\/www.ultratechgroup.it\/fr\/wp-json\/wp\/v2\/types\/page"}],"author":[{"embeddable":true,"href":"https:\/\/www.ultratechgroup.it\/fr\/wp-json\/wp\/v2\/users\/1"}],"replies":[{"embeddable":true,"href":"https:\/\/www.ultratechgroup.it\/fr\/wp-json\/wp\/v2\/comments?post=12642"}],"version-history":[{"count":3,"href":"https:\/\/www.ultratechgroup.it\/fr\/wp-json\/wp\/v2\/pages\/12642\/revisions"}],"predecessor-version":[{"id":14092,"href":"https:\/\/www.ultratechgroup.it\/fr\/wp-json\/wp\/v2\/pages\/12642\/revisions\/14092"}],"wp:attachment":[{"href":"https:\/\/www.ultratechgroup.it\/fr\/wp-json\/wp\/v2\/media?parent=12642"}],"curies":[{"name":"wp","href":"https:\/\/api.w.org\/{rel}","templated":true}]}}