{"id":12227,"date":"2026-01-31T00:00:00","date_gmt":"2026-01-30T23:00:00","guid":{"rendered":"https:\/\/koms5.sg-host.com\/separateurs-dhuile\/"},"modified":"2026-03-18T14:55:47","modified_gmt":"2026-03-18T13:55:47","slug":"separateurs-dhuile","status":"publish","type":"page","link":"https:\/\/www.ultratechgroup.it\/fr\/produits\/tech-group-sistemi-di-lavaggio\/separateurs-dhuile\/","title":{"rendered":"D\u00e9shuileurs"},"content":{"rendered":"\n<figure class=\"wp-block-image aligncenter\"><img decoding=\"async\" src=\"https:\/\/www.ultratechgroup.it\/wp-content\/uploads\/2015\/04\/Disoleatore-copia-300x200.jpg\" alt=\"Disoleatore\" style=\"width:300px\"\/><\/figure>\n\n\n\n<h3 class=\"wp-block-heading\">S\u00e9parateur d&rsquo;huile \u00e0 disque<\/h3>\n\n\n\n<p>Le s\u00e9parateur d&rsquo;huile est enti\u00e8rement fabriqu\u00e9 en acier inoxydable AISI 304. L&rsquo;huile est extraite de la surface du liquide par un motor\u00e9ducteur qui fait tourner en continu un disque en acier inoxydable de 300 ou 500 mm. Ce dispositif attire et capture l&rsquo;huile en suspension \u00e0 la surface de l&rsquo;eau et l&rsquo;achemine vers un canal de drainage via un racleur gravitaire.<\/p>\n\n\n\n<h3 class=\"wp-block-heading\">S\u00e9parateurs d&rsquo;huile gravitaires<\/h3>\n\n\n\n<p>Le s\u00e9parateur d&rsquo;huile est fabriqu\u00e9 en acier inoxydable AISI 304, en version simple paroi, et est livr\u00e9 complet avec : pompe de recirculation, filtre de 150 microns, panneau \u00e9lectrique, interrupteur \u00e0 flotteur, double d\u00e9flecteur d&rsquo;\u00e9cr\u00e9mage et couvercle manuel.<\/p>\n\n\n\n<figure class=\"wp-block-table is-style-stripes\"><table class=\"has-fixed-layout\" style=\"border-width:1px\"><thead><tr><th><strong>MOD\u00c8LE<\/strong><\/th><th><strong>CAPACIT\u00c9 (lt.)<\/strong><\/th><\/tr><\/thead><tbody><tr><td>VT\/S 60<\/td><td>60<\/td><\/tr><tr><td>VT\/S 120<\/td><td>120<\/td><\/tr><\/tbody><\/table><\/figure>\n\n\n\n<h3 class=\"wp-block-heading\">S\u00e9parateur d&rsquo;huile coalescent<\/h3>\n\n\n\n<p>Enti\u00e8rement fabriqu\u00e9s en acier inoxydable AISI 304, les s\u00e9parateurs coalescents sont con\u00e7us pour \u00e9liminer les fluides entra\u00een\u00e9s, les huiles et les mati\u00e8res en suspension d&rsquo;un m\u00e9lange huile\/eau selon le principe de Stokes. Ces s\u00e9parateurs fonctionnent selon deux m\u00e9thodes de traitement combin\u00e9es : la s\u00e9paration par gravit\u00e9 et la coalescence. De conception simple paroi, ils sont fournis avec un couvercle standard, une pompe de recirculation et un filtre, une vanne de vidange et un double capteur de niveau.<\/p>\n\n\n\n<figure class=\"wp-block-table is-style-stripes\"><table class=\"has-fixed-layout\" style=\"border-width:1px\"><thead><tr><th><strong>MOD\u00c8LE<\/strong><\/th><th><strong>CAPACIT\u00c9 (lt.)<\/strong><\/th><\/tr><\/thead><tbody><tr><td>VPC 150<\/td><td>150<\/td><\/tr><tr><td>VPC 300<\/td><td>300<\/td><\/tr><tr><td>VPC 450<\/td><td>450<\/td><\/tr><\/tbody><\/table><\/figure>\n","protected":false},"excerpt":{"rendered":"<p>S\u00e9parateur d&rsquo;huile \u00e0 disque Le s\u00e9parateur d&rsquo;huile est enti\u00e8rement fabriqu\u00e9 en acier inoxydable AISI 304. L&rsquo;huile est extraite de la surface du liquide par un motor\u00e9ducteur qui fait tourner en continu un disque en acier inoxydable de 300 ou 500 mm. Ce dispositif attire et capture l&rsquo;huile en suspension \u00e0 la surface de l&rsquo;eau et [&hellip;]<\/p>\n","protected":false},"author":1,"featured_media":0,"parent":12127,"menu_order":0,"comment_status":"closed","ping_status":"open","template":"","meta":{"footnotes":""},"class_list":["post-12227","page","type-page","status-publish","hentry"],"_links":{"self":[{"href":"https:\/\/www.ultratechgroup.it\/fr\/wp-json\/wp\/v2\/pages\/12227","targetHints":{"allow":["GET"]}}],"collection":[{"href":"https:\/\/www.ultratechgroup.it\/fr\/wp-json\/wp\/v2\/pages"}],"about":[{"href":"https:\/\/www.ultratechgroup.it\/fr\/wp-json\/wp\/v2\/types\/page"}],"author":[{"embeddable":true,"href":"https:\/\/www.ultratechgroup.it\/fr\/wp-json\/wp\/v2\/users\/1"}],"replies":[{"embeddable":true,"href":"https:\/\/www.ultratechgroup.it\/fr\/wp-json\/wp\/v2\/comments?post=12227"}],"version-history":[{"count":6,"href":"https:\/\/www.ultratechgroup.it\/fr\/wp-json\/wp\/v2\/pages\/12227\/revisions"}],"predecessor-version":[{"id":14369,"href":"https:\/\/www.ultratechgroup.it\/fr\/wp-json\/wp\/v2\/pages\/12227\/revisions\/14369"}],"up":[{"embeddable":true,"href":"https:\/\/www.ultratechgroup.it\/fr\/wp-json\/wp\/v2\/pages\/12127"}],"wp:attachment":[{"href":"https:\/\/www.ultratechgroup.it\/fr\/wp-json\/wp\/v2\/media?parent=12227"}],"curies":[{"name":"wp","href":"https:\/\/api.w.org\/{rel}","templated":true}]}}