{"id":12211,"date":"2026-01-31T00:00:00","date_gmt":"2026-01-30T23:00:00","guid":{"rendered":"https:\/\/koms5.sg-host.com\/degraissants-hermetiques-a-solvant\/"},"modified":"2026-03-16T16:43:56","modified_gmt":"2026-03-16T15:43:56","slug":"degraissants-hermetiques-a-solvant","status":"publish","type":"page","link":"https:\/\/www.ultratechgroup.it\/fr\/produits\/tech-group-sistemi-di-lavaggio\/degraissants-hermetiques-a-solvant\/","title":{"rendered":"Machines \u00e0 d\u00e9graisser h\u00e9rmetiques"},"content":{"rendered":"\n<p>Nos d\u00e9graisseurs herm\u00e9tiques sont sp\u00e9cialement con\u00e7us pour l&rsquo;utilisation de solvants non inflammables (trichloro\u00e9thyl\u00e8ne, perchloro\u00e9thyl\u00e8ne, chlorure de m\u00e9thyl\u00e8ne, bromure de propyle, etc.) avec ou sans ultrasons. La s\u00e9paration herm\u00e9tique de la zone de travail et la d\u00e9sodorisation contr\u00f4l\u00e9e des zones de chargement et de d\u00e9chargement des paniers \u00e0 pi\u00e8ces permettent l&rsquo;utilisation en toute s\u00e9curit\u00e9 de tous types de solvants non inflammables, conform\u00e9ment \u00e0 la r\u00e9glementation en vigueur. Ils sont fournis \u00e9quip\u00e9s de dispositifs de s\u00e9curit\u00e9, d&rsquo;un syst\u00e8me de r\u00e9cup\u00e9ration des solvants, d&rsquo;un chauffage thermostatique, d&rsquo;un g\u00e9n\u00e9rateur d&rsquo;ultrasons, d&rsquo;une isolation, de vannes de vidange et d&rsquo;un bo\u00eetier sup\u00e9rieur herm\u00e9tique avec porte de chargement\/d\u00e9chargement.<\/p>\n\n\n\n<figure class=\"wp-block-gallery has-nested-images columns-3 wp-block-gallery-1 is-layout-flex wp-block-gallery-is-layout-flex\">\n<figure class=\"wp-block-image size-full\"><img decoding=\"async\" src=\"https:\/\/www.ultratechgroup.it\/wp-content\/uploads\/2022\/01\/a.jpg\" alt=\"Sgrassatrice a solvente ermetica\"\/><\/figure>\n\n\n\n<figure class=\"wp-block-image size-full\"><img decoding=\"async\" src=\"https:\/\/www.ultratechgroup.it\/wp-content\/uploads\/2026\/01\/ms30_1000.jpg\" alt=\"Sgrassatrice a solvente ermetica\"\/><\/figure>\n\n\n\n<figure class=\"wp-block-image size-full\"><img decoding=\"async\" src=\"https:\/\/www.ultratechgroup.it\/wp-content\/uploads\/2022\/01\/b-2.jpg\" alt=\"Sgrassatrice a solvente ermetica\"\/><\/figure>\n\n\n\n<figure class=\"wp-block-image size-full\"><img decoding=\"async\" src=\"https:\/\/www.ultratechgroup.it\/wp-content\/uploads\/2015\/04\/sgrassatrici-a-solvente-ermetiche-2.jpg\" alt=\"Sgrassatrice a solvente ermetica\"\/><\/figure>\n\n\n\n<figure class=\"wp-block-image size-full\"><img decoding=\"async\" src=\"https:\/\/www.ultratechgroup.it\/wp-content\/uploads\/2015\/04\/sgrassatrici-a-solvente-ermetiche-3.jpg\" alt=\"Sgrassatrice a solvente ermetica\"\/><\/figure>\n\n\n\n<figure class=\"wp-block-image size-full\"><img decoding=\"async\" src=\"https:\/\/www.ultratechgroup.it\/wp-content\/uploads\/2015\/04\/sgrassatrici-a-solvente-ermetiche-4.jpg\" alt=\"Sgrassatrice a solvente ermetica\"\/><\/figure>\n\n\n\n<figure class=\"wp-block-image size-full\"><img decoding=\"async\" src=\"https:\/\/www.ultratechgroup.it\/wp-content\/uploads\/2015\/04\/sgrassatrici-a-solvente-ermetiche-5.jpg\" alt=\"Sgrassatrice a solvente ermetica\"\/><\/figure>\n\n\n\n<figure class=\"wp-block-image size-full\"><img decoding=\"async\" src=\"https:\/\/www.ultratechgroup.it\/wp-content\/uploads\/2015\/04\/sgrassatrici-a-solvente-ermetiche-6.jpg\" alt=\"Sgrassatrice a solvente ermetica\"\/><\/figure>\n\n\n\n<figure class=\"wp-block-image size-full\"><img decoding=\"async\" src=\"https:\/\/www.ultratechgroup.it\/wp-content\/uploads\/2015\/04\/sgrassatrici-a-solvente-ermetiche-7.jpg\" alt=\"Panneau de contr\u00f4le\"\/><\/figure>\n<\/figure>\n","protected":false},"excerpt":{"rendered":"<p>Nos d\u00e9graisseurs herm\u00e9tiques sont sp\u00e9cialement con\u00e7us pour l&rsquo;utilisation de solvants non inflammables (trichloro\u00e9thyl\u00e8ne, perchloro\u00e9thyl\u00e8ne, chlorure de m\u00e9thyl\u00e8ne, bromure de propyle, etc.) avec ou sans ultrasons. La s\u00e9paration herm\u00e9tique de la zone de travail et la d\u00e9sodorisation contr\u00f4l\u00e9e des zones de chargement et de d\u00e9chargement des paniers \u00e0 pi\u00e8ces permettent l&rsquo;utilisation en toute s\u00e9curit\u00e9 de tous [&hellip;]<\/p>\n","protected":false},"author":1,"featured_media":0,"parent":12127,"menu_order":0,"comment_status":"closed","ping_status":"open","template":"","meta":{"footnotes":""},"class_list":["post-12211","page","type-page","status-publish","hentry"],"_links":{"self":[{"href":"https:\/\/www.ultratechgroup.it\/fr\/wp-json\/wp\/v2\/pages\/12211","targetHints":{"allow":["GET"]}}],"collection":[{"href":"https:\/\/www.ultratechgroup.it\/fr\/wp-json\/wp\/v2\/pages"}],"about":[{"href":"https:\/\/www.ultratechgroup.it\/fr\/wp-json\/wp\/v2\/types\/page"}],"author":[{"embeddable":true,"href":"https:\/\/www.ultratechgroup.it\/fr\/wp-json\/wp\/v2\/users\/1"}],"replies":[{"embeddable":true,"href":"https:\/\/www.ultratechgroup.it\/fr\/wp-json\/wp\/v2\/comments?post=12211"}],"version-history":[{"count":7,"href":"https:\/\/www.ultratechgroup.it\/fr\/wp-json\/wp\/v2\/pages\/12211\/revisions"}],"predecessor-version":[{"id":14058,"href":"https:\/\/www.ultratechgroup.it\/fr\/wp-json\/wp\/v2\/pages\/12211\/revisions\/14058"}],"up":[{"embeddable":true,"href":"https:\/\/www.ultratechgroup.it\/fr\/wp-json\/wp\/v2\/pages\/12127"}],"wp:attachment":[{"href":"https:\/\/www.ultratechgroup.it\/fr\/wp-json\/wp\/v2\/media?parent=12211"}],"curies":[{"name":"wp","href":"https:\/\/api.w.org\/{rel}","templated":true}]}}