{"id":12201,"date":"2026-01-31T00:00:00","date_gmt":"2026-01-30T23:00:00","guid":{"rendered":"https:\/\/koms5.sg-host.com\/tunnel-de-lavage-par-pulverisation\/"},"modified":"2026-03-16T16:40:50","modified_gmt":"2026-03-16T15:40:50","slug":"tunnel-de-lavage-par-pulverisation","status":"publish","type":"page","link":"https:\/\/www.ultratechgroup.it\/fr\/produits\/tech-group-sistemi-di-lavaggio\/tunnel-de-lavage-par-pulverisation\/","title":{"rendered":"Tunnel de lavage"},"content":{"rendered":"\n<h3 class=\"wp-block-heading\">Tunnel de lavage industriel par pulv\u00e9risation<\/h3>\n\n\n\n<figure class=\"wp-block-image aligncenter\"><img decoding=\"async\" src=\"https:\/\/www.ultratechgroup.it\/wp-content\/uploads\/2015\/04\/BROVEDANI-636x424.png\" alt=\"tunnel di lavaggio industriale a spruzzi\"\/><\/figure>\n\n\n\n<p>Nos tunnels de lavage sont enti\u00e8rement construits en acier inoxydable AISI 304 \u00e0 double paroi. Les rampes de pulv\u00e9risation sup\u00e9rieure et inf\u00e9rieure, \u00e9quip\u00e9es de buses en acier inoxydable, sont r\u00e9glables afin d&rsquo;optimiser l&rsquo;action dynamique de la pulv\u00e9risation. Tous les tuyaux de raccordement sont amovibles, inspectables et d\u00e9montables pour faciliter la maintenance p\u00e9riodique.\nLes r\u00e9servoirs de r\u00e9cup\u00e9ration des liquides sont amovibles et peuvent \u00eatre s\u00e9par\u00e9s du corps de traitement central. Afin de garantir un lavage optimal et constant, le r\u00e9servoir de r\u00e9cup\u00e9ration de la section de lavage est compos\u00e9 de deux cuves\u00a0: une pour la solution propre et une pour la solution sale. La premi\u00e8re cuve, destin\u00e9e \u00e0 la solution sale, filtre la solution jusqu&rsquo;\u00e0 300\u00a0microns et \u00e9limine l&rsquo;huile et les contaminants en suspension. La cuve de solution propre fournit une solution faiblement contamin\u00e9e qui peut \u00eatre pulv\u00e9ris\u00e9e sur les pi\u00e8ces sans filtration suppl\u00e9mentaire. Les deux cuves sont reli\u00e9es en cascade pour une recirculation.\n\n\n\n<h3 class=\"wp-block-heading\">Composition des tunnels de lavage<\/h3>\n\n\n\n<p>Les tunnels sont tous \u00e9quip\u00e9s de&nbsp;:<\/p>\n\n\n\n<ul class=\"wp-block-list\">\n<li>Bande transporteuse en acier inoxydable<\/li>\n\n\n\n<li>Le fond des bassins de collecte est inclin\u00e9 vers le haut. Vannes de purge<\/li>\n\n\n\n<li>Contr\u00f4leurs de niveau avec interrupteurs \u00e0 flotteur verticaux<\/li>\n\n\n\n<li>Chauffages \u00e0 gaz ou \u00e9lectriques \u00e0 double seuil de r\u00e9gulation<\/li>\n\n\n\n<li>Couvercles d&rsquo;inspection mont\u00e9s sur un labyrinthe pour garantir l&rsquo;\u00e9tanch\u00e9it\u00e9 \u00e0 la vapeur<\/li>\n\n\n\n<li>S\u00e9parateur d&rsquo;huile gravitaire, \u00e0 disques ou \u00e0 plaques coalescentes<\/li>\n\n\n\n<li>Automate programmable de gestion<\/li>\n<\/ul>\n\n\n\n<div style=\"height:25px\" aria-hidden=\"true\" class=\"wp-block-spacer\"><\/div>\n\n\n\n<figure class=\"wp-block-gallery has-nested-images columns-4 wp-block-gallery-1 is-layout-flex wp-block-gallery-is-layout-flex\">\n<figure class=\"wp-block-image size-medium\"><a href=\"https:\/\/www.ultratechgroup.it\/wp-content\/uploads\/2015\/04\/T22.jpg\"><img decoding=\"async\" src=\"https:\/\/www.ultratechgroup.it\/wp-content\/uploads\/2015\/04\/T22.jpg\" alt=\"tunnel di lavaggio a spruzzi\"\/><\/a><\/figure>\n\n\n\n<figure class=\"wp-block-image size-medium\"><a href=\"https:\/\/www.ultratechgroup.it\/wp-content\/uploads\/2015\/04\/T20.jpg\"><img decoding=\"async\" src=\"https:\/\/www.ultratechgroup.it\/wp-content\/uploads\/2015\/04\/T20.jpg\" alt=\"nastro trasportatore\"\/><\/a><\/figure>\n\n\n\n<figure class=\"wp-block-image size-medium\"><a href=\"https:\/\/www.ultratechgroup.it\/wp-content\/uploads\/2015\/04\/T21.jpg\"><img decoding=\"async\" src=\"https:\/\/www.ultratechgroup.it\/wp-content\/uploads\/2015\/04\/T21.jpg\" alt=\"tunnel di lavaggio a spruzzi\"\/><\/a><\/figure>\n\n\n\n<figure class=\"wp-block-image size-medium\"><a href=\"https:\/\/www.ultratechgroup.it\/wp-content\/uploads\/2015\/04\/T18.jpg\"><img decoding=\"async\" src=\"https:\/\/www.ultratechgroup.it\/wp-content\/uploads\/2015\/04\/T18.jpg\" alt=\"tunnel di lavaggio a spruzzi\"\/><\/a><\/figure>\n\n\n\n<figure class=\"wp-block-image size-medium\"><a href=\"https:\/\/www.ultratechgroup.it\/wp-content\/uploads\/2015\/04\/T16.jpg\"><img decoding=\"async\" src=\"https:\/\/www.ultratechgroup.it\/wp-content\/uploads\/2015\/04\/T16.jpg\" alt=\"tunnel di lavaggio a spruzzi\"\/><\/a><\/figure>\n\n\n\n<figure class=\"wp-block-image size-medium\"><a href=\"https:\/\/www.ultratechgroup.it\/wp-content\/uploads\/2015\/04\/T1.jpg\"><img decoding=\"async\" src=\"https:\/\/www.ultratechgroup.it\/wp-content\/uploads\/2015\/04\/T1.jpg\" alt=\"tunnel di lavaggio a spruzzi\"\/><\/a><\/figure>\n\n\n\n<figure class=\"wp-block-image size-medium\"><a href=\"https:\/\/www.ultratechgroup.it\/wp-content\/uploads\/2015\/04\/T12.jpg\"><img decoding=\"async\" src=\"https:\/\/www.ultratechgroup.it\/wp-content\/uploads\/2015\/04\/T12.jpg\" alt=\"nastro trasportatore\"\/><\/a><\/figure>\n\n\n\n<figure class=\"wp-block-image size-medium\"><a href=\"https:\/\/www.ultratechgroup.it\/wp-content\/uploads\/2015\/04\/T2.jpg\"><img decoding=\"async\" src=\"https:\/\/www.ultratechgroup.it\/wp-content\/uploads\/2015\/04\/T2.jpg\" alt=\"tunnel di lavaggio a spruzzi\"\/><\/a><\/figure>\n\n\n\n<figure class=\"wp-block-image size-medium\"><a href=\"https:\/\/www.ultratechgroup.it\/wp-content\/uploads\/2015\/04\/T3.jpg\"><img decoding=\"async\" src=\"https:\/\/www.ultratechgroup.it\/wp-content\/uploads\/2015\/04\/T3.jpg\" alt=\"tunnel di lavaggio a spruzzi\"\/><\/a><\/figure>\n\n\n\n<figure class=\"wp-block-image size-medium\"><a href=\"https:\/\/www.ultratechgroup.it\/wp-content\/uploads\/2015\/04\/T4.jpg\"><img decoding=\"async\" src=\"https:\/\/www.ultratechgroup.it\/wp-content\/uploads\/2015\/04\/T4.jpg\" alt=\"tunnel di lavaggio a spruzzi\"\/><\/a><\/figure>\n\n\n\n<figure class=\"wp-block-image size-medium\"><a href=\"https:\/\/www.ultratechgroup.it\/wp-content\/uploads\/2015\/04\/T5.jpg\"><img decoding=\"async\" src=\"https:\/\/www.ultratechgroup.it\/wp-content\/uploads\/2015\/04\/T5.jpg\" alt=\"tunnel di lavaggio a spruzzi\"\/><\/a><\/figure>\n\n\n\n<figure class=\"wp-block-image size-medium\"><a href=\"https:\/\/www.ultratechgroup.it\/wp-content\/uploads\/2015\/04\/T6.jpg\"><img decoding=\"async\" src=\"https:\/\/www.ultratechgroup.it\/wp-content\/uploads\/2015\/04\/T6.jpg\" alt=\"tunnel di lavaggio a spruzzi\"\/><\/a><\/figure>\n\n\n\n<figure class=\"wp-block-image size-medium\"><a href=\"https:\/\/www.ultratechgroup.it\/wp-content\/uploads\/2015\/04\/T17.jpg\"><img decoding=\"async\" src=\"https:\/\/www.ultratechgroup.it\/wp-content\/uploads\/2015\/04\/T17.jpg\" alt=\"tunnel di lavaggio a spruzzi\"\/><\/a><\/figure>\n\n\n\n<figure class=\"wp-block-image size-medium\"><a href=\"https:\/\/www.ultratechgroup.it\/wp-content\/uploads\/2015\/04\/T7.jpg\"><img decoding=\"async\" src=\"https:\/\/www.ultratechgroup.it\/wp-content\/uploads\/2015\/04\/T7.jpg\" alt=\"tunnel di lavaggio a spruzzi\"\/><\/a><\/figure>\n\n\n\n<figure class=\"wp-block-image size-medium\"><a href=\"https:\/\/www.ultratechgroup.it\/wp-content\/uploads\/2015\/04\/T8.jpg\"><img decoding=\"async\" src=\"https:\/\/www.ultratechgroup.it\/wp-content\/uploads\/2015\/04\/T8.jpg\" alt=\"tunnel di lavaggio a spruzzi\"\/><\/a><\/figure>\n\n\n\n<figure class=\"wp-block-image size-medium\"><a href=\"https:\/\/www.ultratechgroup.it\/wp-content\/uploads\/2015\/04\/T9.jpg\"><img decoding=\"async\" src=\"https:\/\/www.ultratechgroup.it\/wp-content\/uploads\/2015\/04\/T9.jpg\" alt=\"tunnel di lavaggio a spruzzi\"\/><\/a><\/figure>\n\n\n\n<figure class=\"wp-block-image size-medium\"><a href=\"https:\/\/www.ultratechgroup.it\/wp-content\/uploads\/2015\/04\/T10.jpg\"><img decoding=\"async\" src=\"https:\/\/www.ultratechgroup.it\/wp-content\/uploads\/2015\/04\/T10.jpg\" alt=\"tunnel di lavaggio a spruzzi\"\/><\/a><\/figure>\n\n\n\n<figure class=\"wp-block-image size-medium\"><a href=\"https:\/\/www.ultratechgroup.it\/wp-content\/uploads\/2015\/04\/T11.jpg\"><img decoding=\"async\" src=\"https:\/\/www.ultratechgroup.it\/wp-content\/uploads\/2015\/04\/T11.jpg\" alt=\"tunnel di lavaggio a spruzzi\"\/><\/a><\/figure>\n\n\n\n<figure class=\"wp-block-image size-medium\"><a href=\"https:\/\/www.ultratechgroup.it\/wp-content\/uploads\/2015\/04\/T13.jpg\"><img decoding=\"async\" src=\"https:\/\/www.ultratechgroup.it\/wp-content\/uploads\/2015\/04\/T13.jpg\" alt=\"tunnel di lavaggio a spruzzi\"\/><\/a><\/figure>\n\n\n\n<figure class=\"wp-block-image size-medium\"><a href=\"https:\/\/www.ultratechgroup.it\/wp-content\/uploads\/2015\/04\/T14.jpg\"><img decoding=\"async\" src=\"https:\/\/www.ultratechgroup.it\/wp-content\/uploads\/2015\/04\/T14.jpg\" alt=\"tunnel di lavaggio a spruzzi\"\/><\/a><\/figure>\n\n\n\n<figure class=\"wp-block-image size-medium\"><a href=\"https:\/\/www.ultratechgroup.it\/wp-content\/uploads\/2015\/04\/T15.jpg\"><img decoding=\"async\" src=\"https:\/\/www.ultratechgroup.it\/wp-content\/uploads\/2015\/04\/T15.jpg\" alt=\"tunnel di lavaggio a spruzzi\"\/><\/a><\/figure>\n<\/figure>\n","protected":false},"excerpt":{"rendered":"<p>Tunnel de lavage industriel par pulv\u00e9risation Nos tunnels de lavage sont enti\u00e8rement construits en acier inoxydable AISI 304 \u00e0 double paroi. Les rampes de pulv\u00e9risation sup\u00e9rieure et inf\u00e9rieure, \u00e9quip\u00e9es de buses en acier inoxydable, sont r\u00e9glables afin d&rsquo;optimiser l&rsquo;action dynamique de la pulv\u00e9risation. Tous les tuyaux de raccordement sont amovibles, inspectables et d\u00e9montables pour faciliter [&hellip;]<\/p>\n","protected":false},"author":1,"featured_media":0,"parent":12127,"menu_order":0,"comment_status":"closed","ping_status":"closed","template":"","meta":{"footnotes":""},"class_list":["post-12201","page","type-page","status-publish","hentry"],"_links":{"self":[{"href":"https:\/\/www.ultratechgroup.it\/fr\/wp-json\/wp\/v2\/pages\/12201","targetHints":{"allow":["GET"]}}],"collection":[{"href":"https:\/\/www.ultratechgroup.it\/fr\/wp-json\/wp\/v2\/pages"}],"about":[{"href":"https:\/\/www.ultratechgroup.it\/fr\/wp-json\/wp\/v2\/types\/page"}],"author":[{"embeddable":true,"href":"https:\/\/www.ultratechgroup.it\/fr\/wp-json\/wp\/v2\/users\/1"}],"replies":[{"embeddable":true,"href":"https:\/\/www.ultratechgroup.it\/fr\/wp-json\/wp\/v2\/comments?post=12201"}],"version-history":[{"count":5,"href":"https:\/\/www.ultratechgroup.it\/fr\/wp-json\/wp\/v2\/pages\/12201\/revisions"}],"predecessor-version":[{"id":14051,"href":"https:\/\/www.ultratechgroup.it\/fr\/wp-json\/wp\/v2\/pages\/12201\/revisions\/14051"}],"up":[{"embeddable":true,"href":"https:\/\/www.ultratechgroup.it\/fr\/wp-json\/wp\/v2\/pages\/12127"}],"wp:attachment":[{"href":"https:\/\/www.ultratechgroup.it\/fr\/wp-json\/wp\/v2\/media?parent=12201"}],"curies":[{"name":"wp","href":"https:\/\/api.w.org\/{rel}","templated":true}]}}