{"id":12193,"date":"2026-01-31T00:00:00","date_gmt":"2026-01-30T23:00:00","guid":{"rendered":"https:\/\/koms5.sg-host.com\/convoyeurs-automatiques\/"},"modified":"2026-03-17T11:00:58","modified_gmt":"2026-03-17T10:00:58","slug":"convoyeurs-automatiques","status":"publish","type":"page","link":"https:\/\/www.ultratechgroup.it\/fr\/produits\/tech-group-sistemi-di-lavaggio\/convoyeurs-automatiques\/","title":{"rendered":"Transportateurs automatiques"},"content":{"rendered":"\n<p>Le fonctionnement automatis\u00e9 d&rsquo;un syst\u00e8me de lavage permet de g\u00e9rer chaque phase de traitement de mani\u00e8re autonome, flexible et rationnelle, r\u00e9duisant ainsi consid\u00e9rablement les co\u00fbts d&rsquo;exploitation.<\/p>\n\n\n\n<p>La gamme compl\u00e8te, disponible en diff\u00e9rentes versions, comprend :<\/p>\n\n\n\n<ul class=\"wp-block-list\">\n<li>Convoyeurs \u00e0 apprentissage automatique<\/li>\n\n\n\n<li>Manipulateurs pour ponts roulants<\/li>\n\n\n\n<li>Syst\u00e8mes de manutention \u00e9l\u00e9vateur<\/li>\n\n\n\n<li>Convoyeurs \u00e0 rouleaux \u00e0 accumulation automatique pour chargement\/d\u00e9chargement<\/li>\n\n\n\n<li>Syst\u00e8mes de manutention de charges horizontales, verticales et rotatives<\/li>\n<\/ul>\n\n\n\n<figure class=\"wp-block-gallery has-nested-images columns-3 wp-block-gallery-1 is-layout-flex wp-block-gallery-is-layout-flex\">\n<figure class=\"wp-block-image size-medium\"><a href=\"https:\/\/www.ultratechgroup.it\/wp-content\/uploads\/2022\/01\/transporter-apc.png\"><img decoding=\"async\" src=\"https:\/\/www.ultratechgroup.it\/wp-content\/uploads\/2022\/01\/transporter-apc.png\" alt=\"trasportatore automatico\"\/><\/a><\/figure>\n\n\n\n<figure class=\"wp-block-image size-medium\"><a href=\"https:\/\/www.ultratechgroup.it\/wp-content\/uploads\/2022\/01\/transporter-aps-3.jpg\"><img decoding=\"async\" src=\"https:\/\/www.ultratechgroup.it\/wp-content\/uploads\/2022\/01\/transporter-aps-3.jpg\" alt=\"trasportatore automatico\"\/><\/a><\/figure>\n\n\n\n<figure class=\"wp-block-image size-medium\"><a href=\"https:\/\/www.ultratechgroup.it\/wp-content\/uploads\/2015\/04\/Trasportatore-a-carro-ponte-speciale.jpg\"><img decoding=\"async\" src=\"https:\/\/www.ultratechgroup.it\/wp-content\/uploads\/2015\/04\/Trasportatore-a-carro-ponte-speciale.jpg\" alt=\"trasportatore a carro ponte\"\/><\/a><\/figure>\n\n\n\n<figure class=\"wp-block-image size-medium\"><a href=\"https:\/\/www.ultratechgroup.it\/wp-content\/uploads\/2015\/04\/Paranco-manuale.jpg\"><img decoding=\"async\" src=\"https:\/\/www.ultratechgroup.it\/wp-content\/uploads\/2015\/04\/Paranco-manuale.jpg\" alt=\"paranco manuale\"\/><\/a><\/figure>\n\n\n\n<figure class=\"wp-block-image size-medium\"><a href=\"https:\/\/www.ultratechgroup.it\/wp-content\/uploads\/2015\/04\/Transporter.jpg\"><img decoding=\"async\" src=\"https:\/\/www.ultratechgroup.it\/wp-content\/uploads\/2015\/04\/Transporter.jpg\" alt=\"trasportatore automatico\"\/><\/a><\/figure>\n\n\n\n<figure class=\"wp-block-image size-medium\"><a href=\"https:\/\/www.ultratechgroup.it\/wp-content\/uploads\/2015\/04\/Transporter-serie-AP.jpg\"><img decoding=\"async\" src=\"https:\/\/www.ultratechgroup.it\/wp-content\/uploads\/2015\/04\/Transporter-serie-AP.jpg\" alt=\"trasportatore automatico serie AP\"\/><\/a><\/figure>\n<\/figure>\n","protected":false},"excerpt":{"rendered":"<p>Le fonctionnement automatis\u00e9 d&rsquo;un syst\u00e8me de lavage permet de g\u00e9rer chaque phase de traitement de mani\u00e8re autonome, flexible et rationnelle, r\u00e9duisant ainsi consid\u00e9rablement les co\u00fbts d&rsquo;exploitation. La gamme compl\u00e8te, disponible en diff\u00e9rentes versions, comprend :<\/p>\n","protected":false},"author":1,"featured_media":0,"parent":12127,"menu_order":0,"comment_status":"closed","ping_status":"open","template":"","meta":{"footnotes":""},"class_list":["post-12193","page","type-page","status-publish","hentry"],"_links":{"self":[{"href":"https:\/\/www.ultratechgroup.it\/fr\/wp-json\/wp\/v2\/pages\/12193","targetHints":{"allow":["GET"]}}],"collection":[{"href":"https:\/\/www.ultratechgroup.it\/fr\/wp-json\/wp\/v2\/pages"}],"about":[{"href":"https:\/\/www.ultratechgroup.it\/fr\/wp-json\/wp\/v2\/types\/page"}],"author":[{"embeddable":true,"href":"https:\/\/www.ultratechgroup.it\/fr\/wp-json\/wp\/v2\/users\/1"}],"replies":[{"embeddable":true,"href":"https:\/\/www.ultratechgroup.it\/fr\/wp-json\/wp\/v2\/comments?post=12193"}],"version-history":[{"count":4,"href":"https:\/\/www.ultratechgroup.it\/fr\/wp-json\/wp\/v2\/pages\/12193\/revisions"}],"predecessor-version":[{"id":14118,"href":"https:\/\/www.ultratechgroup.it\/fr\/wp-json\/wp\/v2\/pages\/12193\/revisions\/14118"}],"up":[{"embeddable":true,"href":"https:\/\/www.ultratechgroup.it\/fr\/wp-json\/wp\/v2\/pages\/12127"}],"wp:attachment":[{"href":"https:\/\/www.ultratechgroup.it\/fr\/wp-json\/wp\/v2\/media?parent=12193"}],"curies":[{"name":"wp","href":"https:\/\/api.w.org\/{rel}","templated":true}]}}