{"id":12191,"date":"2026-01-31T00:00:00","date_gmt":"2026-01-30T23:00:00","guid":{"rendered":"https:\/\/koms5.sg-host.com\/systemes-de-lavage-multi-cuves\/"},"modified":"2026-03-16T16:18:45","modified_gmt":"2026-03-16T15:18:45","slug":"systemes-de-lavage-multi-cuves","status":"publish","type":"page","link":"https:\/\/www.ultratechgroup.it\/fr\/produits\/tech-group-sistemi-di-lavaggio\/systemes-de-lavage-multi-cuves\/","title":{"rendered":"Installations de lavage multi cuves"},"content":{"rendered":"\n\n<p>Tous les r\u00e9servoirs et fours sont fabriqu\u00e9s en acier inoxydable AISI 304 \u00e0 double paroi. Les r\u00e9servoirs \u00e0 ultrasons sont \u00e9quip\u00e9s d&rsquo;une vanne de vidange \u00e0 bille, d&rsquo;un syst\u00e8me \u00e0 ultrasons, de r\u00e9sistances \u00e9lectriques, d&rsquo;un thermostat num\u00e9rique, d&rsquo;une collerette d&rsquo;aspiration et d&rsquo;une isolation. Les r\u00e9servoirs de rin\u00e7age sont \u00e9quip\u00e9s de rampes d&rsquo;entr\u00e9e, d&rsquo;une tr\u00e9mie de trop-plein et d&rsquo;une vanne de vidange. Les r\u00e9servoirs hydrocin\u00e9tiques sont \u00e9quip\u00e9s d&rsquo;une vanne de vidange \u00e0 bille, d&rsquo;un couvercle amovible \u00e0 commande manuelle, d&rsquo;un raccordement \u00e0 un r\u00e9servoir tampon, d&rsquo;un r\u00e9servoir tampon externe et d&rsquo;une pompe hydrocin\u00e9tique. Les fours sont \u00e0 double position et \u00e9quip\u00e9s d&rsquo;un thermostat \u00e0 double seuil, d&rsquo;un couvercle amovible \u00e0 isolation automatique, d&rsquo;une isolation, d&rsquo;un syst\u00e8me de circulation d&rsquo;air \u00e0 double flux, d&rsquo;un ventilateur de recirculation et de pieds r\u00e9glables.\n\n\n\n\n\n<figure class=\"wp-block-gallery has-nested-images columns-3 is-cropped wp-block-gallery-1 is-layout-flex wp-block-gallery-is-layout-flex\">\n\n<figure class=\"wp-block-image\">\n\n<a href=\"https:\/\/www.ultratechgroup.it\/wp-content\/uploads\/2026\/01\/1.png\">\n\n<img fetchpriority=\"high\" decoding=\"async\" src=\"https:\/\/www.ultratechgroup.it\/wp-content\/uploads\/2026\/01\/1.png\" alt=\"\" width=\"300\" height=\"225\"\/>\n\n<\/a>\n\n<\/figure>\n\n\n\n\n<figure class=\"wp-block-image\">\n\n<a href=\"https:\/\/www.ultratechgroup.it\/wp-content\/uploads\/2026\/01\/2-2.png\">\n\n<img decoding=\"async\" src=\"https:\/\/www.ultratechgroup.it\/wp-content\/uploads\/2026\/01\/2-2.png\" alt=\"\" width=\"300\" height=\"225\"\/>\n\n<\/a>\n\n<\/figure>\n\n\n\n\n<figure class=\"wp-block-image\">\n\n<a href=\"https:\/\/www.ultratechgroup.it\/wp-content\/uploads\/2026\/01\/IMG-20220131-WA0006.jpg\">\n\n<img decoding=\"async\" src=\"https:\/\/www.ultratechgroup.it\/wp-content\/uploads\/2026\/01\/IMG-20220131-WA0006.jpg\" alt=\"\" width=\"300\" height=\"225\"\/>\n\n<\/a>\n\n<\/figure>\n\n\n\n\n<figure class=\"wp-block-image\">\n\n<a href=\"https:\/\/www.ultratechgroup.it\/wp-content\/uploads\/2015\/04\/rotazione-cesto.jpg\">\n\n<img loading=\"lazy\" decoding=\"async\" src=\"https:\/\/www.ultratechgroup.it\/wp-content\/uploads\/2015\/04\/rotazione-cesto.jpg\" alt=\"rotazione cesto\" width=\"300\" height=\"225\"\/>\n\n<\/a>\n\n<\/figure>\n\n\n\n\n<figure class=\"wp-block-image\">\n\n<a href=\"https:\/\/www.ultratechgroup.it\/wp-content\/uploads\/2015\/04\/agitation-in-vasca.jpg\">\n\n<img loading=\"lazy\" decoding=\"async\" src=\"https:\/\/www.ultratechgroup.it\/wp-content\/uploads\/2015\/04\/agitazione-in-vasca.jpg\" alt=\"agitazione in vasca\" width=\"300\" height=\"225\"\/>\n\n<\/a>\n\n<\/figure>\n\n\n\n\n<figure class=\"wp-block-image\">\n\n<a href=\"https:\/\/www.ultratechgroup.it\/wp-content\/uploads\/2015\/04\/posizione-di-carico-scarico.jpg\">\n<img loading=\"lazy\" decoding=\"async\" src=\"https:\/\/www.ultratechgroup.it\/wp-content\/uploads\/2015\/04\/posizione-di-carico-scarico.jpg\" alt=\"posizione di carico scarico\" width=\"300\" height=\"225\"\/>\n<\/a>\n<\/figure>\n<\/figure>\n","protected":false},"excerpt":{"rendered":"<p>Tous les r\u00e9servoirs et fours sont fabriqu\u00e9s en acier inoxydable AISI 304 \u00e0 double paroi. Les r\u00e9servoirs \u00e0 ultrasons sont \u00e9quip\u00e9s d&rsquo;une vanne de vidange \u00e0 bille, d&rsquo;un syst\u00e8me \u00e0 ultrasons, de r\u00e9sistances \u00e9lectriques, d&rsquo;un thermostat num\u00e9rique, d&rsquo;une collerette d&rsquo;aspiration et d&rsquo;une isolation. Les r\u00e9servoirs de rin\u00e7age sont \u00e9quip\u00e9s de rampes d&rsquo;entr\u00e9e, d&rsquo;une tr\u00e9mie de [&hellip;]<\/p>\n","protected":false},"author":1,"featured_media":0,"parent":12127,"menu_order":0,"comment_status":"closed","ping_status":"open","template":"","meta":{"footnotes":""},"class_list":["post-12191","page","type-page","status-publish","hentry"],"_links":{"self":[{"href":"https:\/\/www.ultratechgroup.it\/fr\/wp-json\/wp\/v2\/pages\/12191","targetHints":{"allow":["GET"]}}],"collection":[{"href":"https:\/\/www.ultratechgroup.it\/fr\/wp-json\/wp\/v2\/pages"}],"about":[{"href":"https:\/\/www.ultratechgroup.it\/fr\/wp-json\/wp\/v2\/types\/page"}],"author":[{"embeddable":true,"href":"https:\/\/www.ultratechgroup.it\/fr\/wp-json\/wp\/v2\/users\/1"}],"replies":[{"embeddable":true,"href":"https:\/\/www.ultratechgroup.it\/fr\/wp-json\/wp\/v2\/comments?post=12191"}],"version-history":[{"count":2,"href":"https:\/\/www.ultratechgroup.it\/fr\/wp-json\/wp\/v2\/pages\/12191\/revisions"}],"predecessor-version":[{"id":14041,"href":"https:\/\/www.ultratechgroup.it\/fr\/wp-json\/wp\/v2\/pages\/12191\/revisions\/14041"}],"up":[{"embeddable":true,"href":"https:\/\/www.ultratechgroup.it\/fr\/wp-json\/wp\/v2\/pages\/12127"}],"wp:attachment":[{"href":"https:\/\/www.ultratechgroup.it\/fr\/wp-json\/wp\/v2\/media?parent=12191"}],"curies":[{"name":"wp","href":"https:\/\/api.w.org\/{rel}","templated":true}]}}