{"id":12187,"date":"2026-01-31T00:00:00","date_gmt":"2026-01-30T23:00:00","guid":{"rendered":"https:\/\/koms5.sg-host.com\/systemes-de-nettoyage-a-ultrasons-manuels\/"},"modified":"2026-03-16T17:28:33","modified_gmt":"2026-03-16T16:28:33","slug":"systemes-de-nettoyage-a-ultrasons-manuels","status":"publish","type":"page","link":"https:\/\/www.ultratechgroup.it\/fr\/produits\/tech-group-sistemi-di-lavaggio\/systemes-de-nettoyage-a-ultrasons-manuels\/","title":{"rendered":"Installations de lavage \u00e0 ultrasons manuels"},"content":{"rendered":"<p>La s\u00e9rie Compact est fabriqu\u00e9e en acier inoxydable AISI 304, avec une double paroi et un bo\u00eetier en t\u00f4le pr\u00e9laqu\u00e9e, mont\u00e9 sur un ch\u00e2ssis unique \u00e0 pieds r\u00e9glables.<\/p>\n<p>La laveuse est \u00e9quip\u00e9e d&rsquo;une vanne de vidange \u00e0 bille, d&rsquo;un couvercle amovible manuel, d&rsquo;un syst\u00e8me \u00e0 ultrasons, de r\u00e9sistances \u00e9lectriques, d&rsquo;un thermostat num\u00e9rique et d&rsquo;une isolation.<\/p>\n<p>Les cuves de rin\u00e7age sont \u00e9quip\u00e9es de rampes d&rsquo;entr\u00e9e, d&rsquo;une tr\u00e9mie de trop-plein et d&rsquo;une vanne de vidange.<\/p>\n<p>La cuve de traitement thermique (s\u00e9rie Compact M 6) est \u00e9quip\u00e9e d&rsquo;une vanne de vidange \u00e0 bille, d&rsquo;un couvercle amovible manuel, de r\u00e9sistances \u00e9lectriques, d&rsquo;un thermostat num\u00e9rique et d&rsquo;une isolation.<\/p>\n<p>L&rsquo;\u00e9tuve est \u00e9quip\u00e9e d&rsquo;un thermostat \u00e0 double seuil, d&rsquo;un couvercle isol\u00e9 \u00e0 ouverture manuelle, d&rsquo;une isolation et d&rsquo;un syst\u00e8me de circulation d&rsquo;air \u00e0 double flux.<\/p>\n<p><img fetchpriority=\"high\" decoding=\"async\" class=\"alignnone size-full wp-image-2543\" src=\"https:\/\/www.ultratechgroup.it\/wp-content\/uploads\/2015\/04\/Schema-Compact-m4.gif\" alt=\"Schema-Compact-m4\" width=\"458\" height=\"280\" \/><br \/><br \/>Sch\u00e9ma du Compact M4<\/p>\n<p><img decoding=\"async\" class=\"alignnone size-large wp-image-2544\" src=\"https:\/\/www.ultratechgroup.it\/wp-content\/uploads\/2015\/04\/Schema-Compact-m6.gif\" alt=\"Schema-Compact-m6\" width=\"555\" height=\"255\" \/><br \/><br \/>Sch\u00e9ma du Compact M6<\/p>\n<table id=\"specifications\" style=\"width: 100%;\" border=\"1\" cellspacing=\"0\" cellpadding=\"0\">\n<tbody>\n<tr>\n<td valign=\"top\" width=\"187\">\n<p align=\"center\"><strong>Donn\u00e9es techniques\/Mod\u00e8le<\/strong><\/p>\n<\/td>\n<td valign=\"top\" width=\"113\">\n<p align=\"center\"><strong>Compact M 50\/4<\/strong><\/p>\n<\/td>\n<td valign=\"top\" width=\"123\">\n<p align=\"center\"><strong>Compact M 100\/4<\/strong><\/p>\n<\/td>\n<td valign=\"top\" width=\"113\">\n<p align=\"center\"><strong>Compact M 50\/6<\/strong><\/p>\n<\/td>\n<td valign=\"top\" width=\"123\">\n<p align=\"center\"><strong>Compact M 100\/6<\/strong><\/p>\n<\/td>\n<\/tr>\n<tr>\n<td valign=\"top\" width=\"187\">\n<p align=\"left\">Dim. utiles (L x l x H) (mm)<\/p>\n<\/td>\n<td valign=\"top\" width=\"113\">\n<p align=\"left\">300 x 450 x 250<\/p>\n<\/td>\n<td valign=\"top\" width=\"123\">\n<p align=\"left\">400 x 550 x 350<\/p>\n<\/td>\n<td valign=\"top\" width=\"113\">\n<p align=\"left\">300 x 450 x 250<\/p>\n<\/td>\n<td valign=\"top\" width=\"123\">\n<p align=\"left\">400 x 500 x 350<\/p>\n<\/td>\n<\/tr>\n<tr>\n<td valign=\"top\" width=\"187\">\n<p align=\"left\">Dimensions ext\u00e9rieures (mm)<\/p>\n<\/td>\n<td valign=\"top\" width=\"113\">\n<p align=\"left\">2000x700x1100<\/p>\n<\/td>\n<td valign=\"top\" width=\"123\">\n<p align=\"left\">2450x800x1100<\/p>\n<\/td>\n<td valign=\"top\" width=\"113\">\n<p align=\"left\">2900x700x1100<\/p>\n<\/td>\n<td valign=\"top\" width=\"123\">\n<p align=\"left\">3600x800x1100<\/p>\n<\/td>\n<\/tr>\n<tr>\n<td valign=\"top\" width=\"187\">\n<p align=\"left\">\u00c9lectr. Puissance de chauffage des liquides (kW)<\/p>\n<\/td>\n<td valign=\"top\" width=\"113\">\n<p align=\"left\">3<\/p>\n<\/td>\n<td valign=\"top\" width=\"123\">\n<p align=\"left\">6<\/p>\n<\/td>\n<td valign=\"top\" width=\"113\">\n<p align=\"left\">3+3<\/p>\n<\/td>\n<td valign=\"top\" width=\"123\">\n<p align=\"left\">6+6<\/p>\n<\/td>\n<\/tr>\n<tr>\n<td valign=\"top\" width=\"187\">\n<p align=\"left\">Puissance \u00e9lectrique du four (kW)<\/p>\n<\/td>\n<td valign=\"top\" width=\"113\">\n<p align=\"left\">3+3<\/p>\n<\/td>\n<td valign=\"top\" width=\"123\">\n<p align=\"left\">6+3<\/p>\n<\/td>\n<td valign=\"top\" width=\"113\">\n<p align=\"left\">3+3<\/p>\n<\/td>\n<td valign=\"top\" width=\"123\">\n<p align=\"left\">6+3<\/p>\n<\/td>\n<\/tr>\n<tr>\n<td valign=\"top\" width=\"187\">\n<p align=\"left\">D\u00e9bit d&rsquo;air du four (m\u00b3\/h)<\/p>\n<\/td>\n<td valign=\"top\" width=\"113\">\n<p align=\"left\">900<\/p>\n<\/td>\n<td valign=\"top\" width=\"123\">\n<p align=\"left\">1600<\/p>\n<\/td>\n<td valign=\"top\" width=\"113\">\n<p align=\"left\">900<\/p>\n<\/td>\n<td valign=\"top\" width=\"123\">\n<p align=\"left\">1600<\/p>\n<\/td>\n<\/tr>\n<\/tbody>\n<\/table>\n<p>En plus des mod\u00e8les standard, nous pouvons cr\u00e9er des syst\u00e8mes \u00e0 ultrasons sur demande ou selon les exigences sp\u00e9cifiques du client.<\/p>\n\n\n<figure class=\"wp-block-gallery has-nested-images columns-3 is-cropped wp-block-gallery-1 is-layout-flex wp-block-gallery-is-layout-flex\">\n<figure class=\"wp-block-image\">\n    <a href=\"https:\/\/www.ultratechgroup.it\/wp-content\/uploads\/2015\/04\/vasca-di-lavaggio.jpg\">\n      <img decoding=\"async\" src=\"https:\/\/www.ultratechgroup.it\/wp-content\/uploads\/2015\/04\/vasca-di-lavaggio.jpg\" alt=\"vasca di lavaggio\" width=\"300\" height=\"225\"\/>\n    <\/a><\/figure>\n\n\n\n<figure class=\"wp-block-image\">\n    <a href=\"https:\/\/www.ultratechgroup.it\/wp-content\/uploads\/2015\/04\/vasca-tampone.jpg\">\n      <img loading=\"lazy\" decoding=\"async\" src=\"https:\/\/www.ultratechgroup.it\/wp-content\/uploads\/2015\/04\/vasca-tampone.jpg\" alt=\"vasca tampone\" width=\"300\" height=\"225\"\/>\n    <\/a><\/figure>\n\n\n\n<figure class=\"wp-block-image\">\n    <a href=\"https:\/\/www.ultratechgroup.it\/wp-content\/uploads\/2015\/04\/impianti-di-lavaggio-ad-ultrasuoni-manuali.jpg\">\n      <img loading=\"lazy\" decoding=\"async\" src=\"https:\/\/www.ultratechgroup.it\/wp-content\/uploads\/2015\/04\/impianti-di-lavaggio-ad-ultrasuoni-manuali.jpg\" alt=\"impianto di lavaggio ad ultrasuoni manuale\" width=\"300\" height=\"225\"\/>\n    <\/a><\/figure>\n\n\n\n<figure class=\"wp-block-image\">\n    <a href=\"https:\/\/www.ultratechgroup.it\/wp-content\/uploads\/2015\/04\/coibentazione-ed-insonorizzazione.jpg\">\n      <img loading=\"lazy\" decoding=\"async\" src=\"https:\/\/www.ultratechgroup.it\/wp-content\/uploads\/2015\/04\/coibentazione-ed-insonorizzazione.jpg\" alt=\"coibentazione ed insonorizzazione\" width=\"300\" height=\"225\"\/>\n    <\/a><\/figure>\n\n\n\n<figure class=\"wp-block-image\">\n    <a href=\"https:\/\/www.ultratechgroup.it\/wp-content\/uploads\/2015\/04\/coperchio-manuale.jpg\">\n      <img loading=\"lazy\" decoding=\"async\" src=\"https:\/\/www.ultratechgroup.it\/wp-content\/uploads\/2015\/04\/coperchio-manuale.jpg\" alt=\"coperchio manuale\" width=\"300\" height=\"225\"\/>\n    <\/a><\/figure>\n\n\n\n<figure class=\"wp-block-image\">\n    <a href=\"https:\/\/www.ultratechgroup.it\/wp-content\/uploads\/2015\/04\/impianti-di-lavaggio-ad-ultrasuoni-manuali-2.jpg\">\n      <img loading=\"lazy\" decoding=\"async\" src=\"https:\/\/www.ultratechgroup.it\/wp-content\/uploads\/2015\/04\/impianti-di-lavaggio-ad-ultrasuoni-manuali-2.jpg\" alt=\"impianto di lavaggio ad ultrasuoni manuale\" width=\"300\" height=\"225\"\/>\n    <\/a><\/figure>\n\n\n\n<figure class=\"wp-block-image\">\n    <a href=\"https:\/\/www.ultratechgroup.it\/wp-content\/uploads\/2015\/04\/rampa-di-scremaggio.jpg\">\n      <img loading=\"lazy\" decoding=\"async\" src=\"https:\/\/www.ultratechgroup.it\/wp-content\/uploads\/2015\/04\/rampa-di-scremaggio.jpg\" alt=\"rampa di scremaggio\" width=\"300\" height=\"225\"\/>\n    <\/a><\/figure>\n\n\n\n<figure class=\"wp-block-image\">\n    <a href=\"https:\/\/www.ultratechgroup.it\/wp-content\/uploads\/2015\/04\/Schema-Compact-m4.gif\">\n      <img loading=\"lazy\" decoding=\"async\" src=\"https:\/\/www.ultratechgroup.it\/wp-content\/uploads\/2015\/04\/Schema-Compact-m4.gif\" alt=\"Schema Compact M4\" width=\"300\" height=\"225\"\/>\n    <\/a><\/figure>\n\n\n\n<figure class=\"wp-block-image\">\n    <a href=\"https:\/\/www.ultratechgroup.it\/wp-content\/uploads\/2015\/04\/Schema-Compact-m6.gif\">\n      <img loading=\"lazy\" decoding=\"async\" src=\"https:\/\/www.ultratechgroup.it\/wp-content\/uploads\/2015\/04\/Schema-Compact-m6.gif\" alt=\"Schema Compact M6\" width=\"300\" height=\"225\"\/>\n    <\/a><\/figure>\n<\/figure>\n","protected":false},"excerpt":{"rendered":"<p>La s\u00e9rie Compact est fabriqu\u00e9e en acier inoxydable AISI 304, avec une double paroi et un bo\u00eetier en t\u00f4le pr\u00e9laqu\u00e9e, mont\u00e9 sur un ch\u00e2ssis unique \u00e0 pieds r\u00e9glables. La laveuse est \u00e9quip\u00e9e d&rsquo;une vanne de vidange \u00e0 bille, d&rsquo;un couvercle amovible manuel, d&rsquo;un syst\u00e8me \u00e0 ultrasons, de r\u00e9sistances \u00e9lectriques, d&rsquo;un thermostat num\u00e9rique et d&rsquo;une isolation. [&hellip;]<\/p>\n","protected":false},"author":1,"featured_media":0,"parent":12127,"menu_order":0,"comment_status":"closed","ping_status":"open","template":"","meta":{"footnotes":""},"class_list":["post-12187","page","type-page","status-publish","hentry"],"_links":{"self":[{"href":"https:\/\/www.ultratechgroup.it\/fr\/wp-json\/wp\/v2\/pages\/12187","targetHints":{"allow":["GET"]}}],"collection":[{"href":"https:\/\/www.ultratechgroup.it\/fr\/wp-json\/wp\/v2\/pages"}],"about":[{"href":"https:\/\/www.ultratechgroup.it\/fr\/wp-json\/wp\/v2\/types\/page"}],"author":[{"embeddable":true,"href":"https:\/\/www.ultratechgroup.it\/fr\/wp-json\/wp\/v2\/users\/1"}],"replies":[{"embeddable":true,"href":"https:\/\/www.ultratechgroup.it\/fr\/wp-json\/wp\/v2\/comments?post=12187"}],"version-history":[{"count":6,"href":"https:\/\/www.ultratechgroup.it\/fr\/wp-json\/wp\/v2\/pages\/12187\/revisions"}],"predecessor-version":[{"id":14085,"href":"https:\/\/www.ultratechgroup.it\/fr\/wp-json\/wp\/v2\/pages\/12187\/revisions\/14085"}],"up":[{"embeddable":true,"href":"https:\/\/www.ultratechgroup.it\/fr\/wp-json\/wp\/v2\/pages\/12127"}],"wp:attachment":[{"href":"https:\/\/www.ultratechgroup.it\/fr\/wp-json\/wp\/v2\/media?parent=12187"}],"curies":[{"name":"wp","href":"https:\/\/api.w.org\/{rel}","templated":true}]}}