{"id":12185,"date":"2026-01-31T00:00:00","date_gmt":"2026-01-30T23:00:00","guid":{"rendered":"https:\/\/koms5.sg-host.com\/cuves-de-nettoyage-par-ultrasons\/"},"modified":"2026-03-17T11:25:22","modified_gmt":"2026-03-17T10:25:22","slug":"cuves-de-nettoyage-par-ultrasons","status":"publish","type":"page","link":"https:\/\/www.ultratechgroup.it\/fr\/produits\/tech-group-sistemi-di-lavaggio\/cuves-de-nettoyage-par-ultrasons\/","title":{"rendered":"Cuves de lavage \u00e0 ultrasons"},"content":{"rendered":"<p>\u00a0<\/p>\n<p><img fetchpriority=\"high\" decoding=\"async\" class=\"aligncenter wp-image-3251 size-large\" src=\"https:\/\/www.ultratechgroup.it\/wp-content\/uploads\/2015\/04\/14C019-VghnU-100-1000-copia-1024x768.jpg\" alt=\"vasca di lavaggio ad ultrasuoni\" width=\"686\" height=\"515\" srcset=\"https:\/\/www.ultratechgroup.it\/wp-content\/uploads\/2015\/04\/14C019-VghnU-100-1000-copia-1024x768.jpg 1024w, https:\/\/www.ultratechgroup.it\/wp-content\/uploads\/2015\/04\/14C019-VghnU-100-1000-copia-300x225.jpg 300w, https:\/\/www.ultratechgroup.it\/wp-content\/uploads\/2015\/04\/14C019-VghnU-100-1000-copia-968x726.jpg 968w, https:\/\/www.ultratechgroup.it\/wp-content\/uploads\/2015\/04\/14C019-VghnU-100-1000-copia-636x477.jpg 636w, https:\/\/www.ultratechgroup.it\/wp-content\/uploads\/2015\/04\/14C019-VghnU-100-1000-copia-320x240.jpg 320w, https:\/\/www.ultratechgroup.it\/wp-content\/uploads\/2015\/04\/14C019-VghnU-100-1000-copia-239x179.jpg 239w, https:\/\/www.ultratechgroup.it\/wp-content\/uploads\/2015\/04\/14C019-VghnU-100-1000-copia.jpg 1280w\" sizes=\"(max-width: 686px) 100vw, 686px\" \/><\/p>\n<p>Les laveuses de la s\u00e9rie VU sont enti\u00e8rement fabriqu\u00e9es en acier inoxydable \u00e0 double paroi AISI 304 et sont fournies compl\u00e8tes avec\u00a0:<\/p>\n<table style=\"width: 544px;\" border=\"0\">\n<tbody>\n<tr>\n<td valign=\"top\"><strong>Caract\u00e9ristiques\u00a0:<\/strong>\n<ul>\n<li>Chauffage de la solution d\u00e9tergente,<\/li>\n<li>Isolation en laine de roche,<\/li>\n<li>Couvercle manuel amovible,<\/li>\n<li>Vanne de vidange \u00e0 bille,<\/li>\n<li>Unit\u00e9 \u00e0 ultrasons avec t\u00e9l\u00e9commande,<\/li>\n<li>Pieds de support r\u00e9glables,<\/li>\n<li>Panneau \u00e9lectrique.<\/li>\n<\/ul>\n<\/td>\n<td valign=\"top\"><strong>Options\u00a0:<\/strong>\n<ul>\n<li>Collier d&rsquo;aspiration,<\/li>\n<li>Agitation du panier,<\/li>\n<li>Insonorisation,<\/li>\n<li>S\u00e9parateur d&rsquo;huile,<\/li>\n<li>Rotation du panier,<\/li>\n<li>\u00c9l\u00e9vateur,<\/li>\n<li>Car\u00e9nage sup\u00e9rieur.<\/li>\n<\/ul>\n<\/td>\n<\/tr>\n<\/tbody>\n<\/table>\n<table>\n<tbody>\n<tr>\n<td width=\"217\"><strong>MOD\u00c8LE STANDARD<\/strong><\/td>\n<td width=\"217\"><strong>DIMENSIONS UTILES DU R\u00c9SERVOIR (mm)<\/strong><\/td>\n<td width=\"217\"><strong>\u00c9LECT. PUISSANCE DE CHAUFFAGE (kW)<\/strong><\/td>\n<\/tr>\n<tr>\n<td width=\"217\">VU 35<\/td>\n<td width=\"217\">300 x 400 x 300<\/td>\n<td width=\"217\">3<\/td>\n<\/tr>\n<tr>\n<td width=\"217\">VU 60<\/td>\n<td width=\"217\">400 x 500 x 300<\/td>\n<td width=\"217\">3<\/td>\n<\/tr>\n<tr>\n<td width=\"217\">VU 80<\/td>\n<td width=\"217\">400 x 600 x 300<\/td>\n<td width=\"217\">6<\/td>\n<\/tr>\n<tr>\n<td width=\"217\">VU 100<\/td>\n<td width=\"217\">400 x 600 x 400<\/td>\n<td width=\"217\">6<\/td>\n<\/tr>\n<tr>\n<td width=\"217\">VU 170<\/td>\n<td width=\"217\">550 x 700 x 450<\/td>\n<td width=\"217\">6<\/td>\n<\/tr>\n<tr>\n<td width=\"217\">VU 240<\/td>\n<td width=\"217\">600 x 800 x 500<\/td>\n<td width=\"217\">9<\/td>\n<\/tr>\n<tr>\n<td width=\"217\">VU 320<\/td>\n<td width=\"217\">650 x 900 x 550<\/td>\n<td width=\"217\">12<\/td>\n<\/tr>\n<tr>\n<td width=\"217\">VU 420<\/td>\n<td width=\"217\">700 x 1000 x 600<\/td>\n<td width=\"217\">12<\/td>\n<\/tr>\n<tr>\n<td width=\"217\">VU 550<\/td>\n<td width=\"217\">750 x 1100 x 650<\/td>\n<td width=\"217\">18<\/td>\n<\/tr>\n<tr>\n<td width=\"217\">VU 670<\/td>\n<td width=\"217\">800 x 1200 x 700<\/td>\n<td width=\"217\">18<\/td>\n<\/tr>\n<tr>\n<td width=\"217\">VU 770<\/td>\n<td width=\"217\">850 x 1200 x 750<\/td>\n<td width=\"217\">18<\/td>\n<\/tr>\n<\/tbody>\n<\/table>\n\n\n<figure class=\"wp-block-gallery has-nested-images columns-4 wp-block-gallery-1 is-layout-flex wp-block-gallery-is-layout-flex\">\n<figure class=\"wp-block-image size-medium\"><a href=\"https:\/\/www.ultratechgroup.it\/wp-content\/uploads\/2015\/04\/VU-2.jpg\"><img decoding=\"async\" src=\"https:\/\/www.ultratechgroup.it\/wp-content\/uploads\/2015\/04\/VU-2.jpg\" alt=\"generatore ad ultrasuoni\"\/><\/a><\/figure>\n\n\n\n<figure class=\"wp-block-image size-medium\"><a href=\"https:\/\/www.ultratechgroup.it\/wp-content\/uploads\/2015\/04\/VU-1.jpg\"><img decoding=\"async\" src=\"https:\/\/www.ultratechgroup.it\/wp-content\/uploads\/2015\/04\/VU-1.jpg\" alt=\"coperchio manuale\"\/><\/a><\/figure>\n\n\n\n<figure class=\"wp-block-image size-medium\"><a href=\"https:\/\/www.ultratechgroup.it\/wp-content\/uploads\/2015\/04\/VU-3.jpg\"><img decoding=\"async\" src=\"https:\/\/www.ultratechgroup.it\/wp-content\/uploads\/2015\/04\/VU-3.jpg\" alt=\"supporto generatore\"\/><\/a><\/figure>\n\n\n\n<figure class=\"wp-block-image size-medium\"><a href=\"https:\/\/www.ultratechgroup.it\/wp-content\/uploads\/2015\/04\/schema.jpg\"><img decoding=\"async\" src=\"https:\/\/www.ultratechgroup.it\/wp-content\/uploads\/2015\/04\/schema.jpg\" alt=\"vasca ultrasuoni schema\"\/><\/a><\/figure>\n\n\n\n<figure class=\"wp-block-image size-medium\"><a href=\"https:\/\/www.ultratechgroup.it\/wp-content\/uploads\/2015\/04\/VU-7.jpg\"><img decoding=\"async\" src=\"https:\/\/www.ultratechgroup.it\/wp-content\/uploads\/2015\/04\/VU-7.jpg\" alt=\"vasca ultrasuoni backview\"\/><\/a><\/figure>\n\n\n\n<figure class=\"wp-block-image size-medium\"><a href=\"https:\/\/www.ultratechgroup.it\/wp-content\/uploads\/2015\/04\/VU-4.jpg\"><img decoding=\"async\" src=\"https:\/\/www.ultratechgroup.it\/wp-content\/uploads\/2015\/04\/VU-4.jpg\" alt=\"vasca ultrasuoni riscaldamento\"\/><\/a><\/figure>\n\n\n\n<figure class=\"wp-block-image size-medium\"><a href=\"https:\/\/www.ultratechgroup.it\/wp-content\/uploads\/2015\/04\/VU-5.jpg\"><img decoding=\"async\" src=\"https:\/\/www.ultratechgroup.it\/wp-content\/uploads\/2015\/04\/VU-5.jpg\" alt=\"vasca ultrasuoni cesto di supporto\"\/><\/a><\/figure>\n\n\n\n<figure class=\"wp-block-image size-medium\"><a href=\"https:\/\/www.ultratechgroup.it\/wp-content\/uploads\/2015\/04\/VU-6.jpg\"><img decoding=\"async\" src=\"https:\/\/www.ultratechgroup.it\/wp-content\/uploads\/2015\/04\/VU-6.jpg\" alt=\"vasca ultrasuoni interno\"\/><\/a><\/figure>\n<\/figure>\n","protected":false},"excerpt":{"rendered":"<p>\u00a0 Les laveuses de la s\u00e9rie VU sont enti\u00e8rement fabriqu\u00e9es en acier inoxydable \u00e0 double paroi AISI 304 et sont fournies compl\u00e8tes avec\u00a0: Caract\u00e9ristiques\u00a0: Chauffage de la solution d\u00e9tergente, Isolation en laine de roche, Couvercle manuel amovible, Vanne de vidange \u00e0 bille, Unit\u00e9 \u00e0 ultrasons avec t\u00e9l\u00e9commande, Pieds de support r\u00e9glables, Panneau \u00e9lectrique. Options\u00a0: Collier [&hellip;]<\/p>\n","protected":false},"author":1,"featured_media":0,"parent":12127,"menu_order":0,"comment_status":"closed","ping_status":"open","template":"","meta":{"footnotes":""},"class_list":["post-12185","page","type-page","status-publish","hentry"],"_links":{"self":[{"href":"https:\/\/www.ultratechgroup.it\/fr\/wp-json\/wp\/v2\/pages\/12185","targetHints":{"allow":["GET"]}}],"collection":[{"href":"https:\/\/www.ultratechgroup.it\/fr\/wp-json\/wp\/v2\/pages"}],"about":[{"href":"https:\/\/www.ultratechgroup.it\/fr\/wp-json\/wp\/v2\/types\/page"}],"author":[{"embeddable":true,"href":"https:\/\/www.ultratechgroup.it\/fr\/wp-json\/wp\/v2\/users\/1"}],"replies":[{"embeddable":true,"href":"https:\/\/www.ultratechgroup.it\/fr\/wp-json\/wp\/v2\/comments?post=12185"}],"version-history":[{"count":5,"href":"https:\/\/www.ultratechgroup.it\/fr\/wp-json\/wp\/v2\/pages\/12185\/revisions"}],"predecessor-version":[{"id":14162,"href":"https:\/\/www.ultratechgroup.it\/fr\/wp-json\/wp\/v2\/pages\/12185\/revisions\/14162"}],"up":[{"embeddable":true,"href":"https:\/\/www.ultratechgroup.it\/fr\/wp-json\/wp\/v2\/pages\/12127"}],"wp:attachment":[{"href":"https:\/\/www.ultratechgroup.it\/fr\/wp-json\/wp\/v2\/media?parent=12185"}],"curies":[{"name":"wp","href":"https:\/\/api.w.org\/{rel}","templated":true}]}}