{"id":12181,"date":"2026-01-31T00:00:00","date_gmt":"2026-01-30T23:00:00","guid":{"rendered":"https:\/\/koms5.sg-host.com\/generateur-ultrasonique\/"},"modified":"2026-03-17T16:19:22","modified_gmt":"2026-03-17T15:19:22","slug":"generateur-ultrasonique","status":"publish","type":"page","link":"https:\/\/www.ultratechgroup.it\/fr\/produits\/tech-group-sistemi-di-lavaggio\/generateur-ultrasonique\/","title":{"rendered":"G\u00e9n\u00e9rateur d&rsquo;ultrasons"},"content":{"rendered":"\n<pre id=\"tw-target-text\" class=\"wp-block-preformatted\"><\/pre>\n\n\n\n<p style=\"text-align: center;\">\n\n<img fetchpriority=\"high\" decoding=\"async\" src=\"https:\/\/www.ultratechgroup.it\/wp-content\/uploads\/2026\/02\/GUV-4000.jpg\" alt=\"\" width=\"408\" height=\"306\" style=\"display: inline; margin: 0 10px;\">\n\n<img decoding=\"async\" class=\"wp-image-6018\" src=\"https:\/\/www.ultratechgroup.it\/wp-content\/uploads\/2025\/12\/IMG_5823.png\" alt=\"\" width=\"408\" height=\"306\" style=\"display: inline; margin: 0 10px;\" srcset=\"https:\/\/www.ultratechgroup.it\/wp-content\/uploads\/2025\/12\/IMG_5823.png 4032w, https:\/\/www.ultratechgroup.it\/wp-content\/uploads\/2025\/12\/IMG_5823-300x225.png 300w, https:\/\/www.ultratechgroup.it\/wp-content\/uploads\/2025\/12\/IMG_5823-768x576.png 768w, https:\/\/www.ultratechgroup.it\/wp-content\/uploads\/2025\/12\/IMG_5823-1024x768.png 1024w, https:\/\/www.ultratechgroup.it\/wp-content\/uploads\/2025\/12\/IMG_5823-968x726.png 968w, https:\/\/www.ultratechgroup.it\/wp-content\/uploads\/2025\/12\/IMG_5823-636x477.png 636w, https:\/\/www.ultratechgroup.it\/wp-content\/uploads\/2025\/12\/IMG_5823-320x240.png 320w, https:\/\/www.ultratechgroup.it\/wp-content\/uploads\/2025\/12\/IMG_5823-239x179.png 239w\" sizes=\"(max-width: 408px) 100vw, 408px\" \/>\n<\/p>\n\n\n\n<p>Le g\u00e9n\u00e9rateur ultrasonique a pour fonction de transformer la fr\u00e9quence du secteur. 50\/60 Hz aux fr\u00e9quences de fonctionnement \u00e9lev\u00e9es. Con\u00e7us selon les technologies les plus r\u00e9centes, nos g\u00e9n\u00e9rateurs sont \u00e9quip\u00e9s d&rsquo;un syst\u00e8me de modulation automatique de la fr\u00e9quence de sortie qui, en fonction de la charge dans la cuve de lavage, optimise le rendement de conversion. Tous nos g\u00e9n\u00e9rateurs sont \u00e9quip\u00e9s de s\u00e9rie d&rsquo;un dispositif de r\u00e9gulation de la puissance de sortie ultrasonique de 0 \u00e0 100 % pour am\u00e9liorer le lavage. Le g\u00e9n\u00e9rateur ultrasonique est \u00e9galement \u00e9quip\u00e9 de s\u00e9rie des fonctions suivantes\u00a0: Programmes personnalis\u00e9s\u00a0: Possibilit\u00e9 de programmer et d&rsquo;enregistrer 3 programmes de lavage diff\u00e9rents (dur\u00e9e et puissance). Programme de d\u00e9gazage\u00a0: Permet d&rsquo;acc\u00e9l\u00e9rer le d\u00e9gazage du liquide et d&rsquo;am\u00e9liorer ainsi la qualit\u00e9 du lavage. Protection par mot de passe\u00a0: Pour que l&rsquo;utilisation des programmes suppl\u00e9mentaires soit r\u00e9serv\u00e9e au personnel autoris\u00e9. Indicateur d&rsquo;alerte\u00a0: Affiche le nombre de fois o\u00f9 la machine a fonctionn\u00e9 en mode non optimal. T\u00e9l\u00e9commande\u00a0: Ce programme permet d&rsquo;activer\/d\u00e9sactiver la commande de la machine via un signal de tension de 0 \u00e0 5\u00a0V \u00e0 distance. Notification d&rsquo;alarme\u00a0: En cas de dysfonctionnement de la charge, entra\u00eenant une erreur sup\u00e9rieure \u00e0 10\u00a0% de la puissance r\u00e9ellement fournie aux charges, la machine passe en mode alarme. Les g\u00e9n\u00e9rateurs peuvent \u00eatre aliment\u00e9s en 220\u00a0V ou 380\u00a0V, en versions monophas\u00e9e ou triphas\u00e9e.<\/p>\n\n\n\n<figure class=\"wp-block-table\"><table class=\"has-fixed-layout\"><thead><tr><th class=\"has-text-align-left\" data-align=\"left\"><strong>MOD\u00c8LE<\/strong><\/th><th class=\"has-text-align-left\" data-align=\"left\"><strong>PUISSANCE (Watts)<\/strong><\/th><\/tr><\/thead><tbody><tr><td>GUV 1000<\/td><td>1000\/2000<\/td><\/tr><tr><td>GUV 2000<\/td><td>2000\/3000<\/td><\/tr><tr><td>GUV 3000<\/td><td>3000\/6000<\/td><\/tr><tr><td>GUV 4000<\/td><td>4000\/8000<\/td><\/tr><tr><td>GUV 5000<\/td><td>5000\/10000<\/td><\/tr><\/tbody><\/table><\/figure>\n","protected":false},"excerpt":{"rendered":"<p>Le g\u00e9n\u00e9rateur ultrasonique a pour fonction de transformer la fr\u00e9quence du secteur. 50\/60 Hz aux fr\u00e9quences de fonctionnement \u00e9lev\u00e9es. Con\u00e7us selon les technologies les plus r\u00e9centes, nos g\u00e9n\u00e9rateurs sont \u00e9quip\u00e9s d&rsquo;un syst\u00e8me de modulation automatique de la fr\u00e9quence de sortie qui, en fonction de la charge dans la cuve de lavage, optimise le rendement de [&hellip;]<\/p>\n","protected":false},"author":1,"featured_media":0,"parent":12127,"menu_order":0,"comment_status":"closed","ping_status":"open","template":"","meta":{"footnotes":""},"class_list":["post-12181","page","type-page","status-publish","hentry"],"_links":{"self":[{"href":"https:\/\/www.ultratechgroup.it\/fr\/wp-json\/wp\/v2\/pages\/12181","targetHints":{"allow":["GET"]}}],"collection":[{"href":"https:\/\/www.ultratechgroup.it\/fr\/wp-json\/wp\/v2\/pages"}],"about":[{"href":"https:\/\/www.ultratechgroup.it\/fr\/wp-json\/wp\/v2\/types\/page"}],"author":[{"embeddable":true,"href":"https:\/\/www.ultratechgroup.it\/fr\/wp-json\/wp\/v2\/users\/1"}],"replies":[{"embeddable":true,"href":"https:\/\/www.ultratechgroup.it\/fr\/wp-json\/wp\/v2\/comments?post=12181"}],"version-history":[{"count":5,"href":"https:\/\/www.ultratechgroup.it\/fr\/wp-json\/wp\/v2\/pages\/12181\/revisions"}],"predecessor-version":[{"id":14262,"href":"https:\/\/www.ultratechgroup.it\/fr\/wp-json\/wp\/v2\/pages\/12181\/revisions\/14262"}],"up":[{"embeddable":true,"href":"https:\/\/www.ultratechgroup.it\/fr\/wp-json\/wp\/v2\/pages\/12127"}],"wp:attachment":[{"href":"https:\/\/www.ultratechgroup.it\/fr\/wp-json\/wp\/v2\/media?parent=12181"}],"curies":[{"name":"wp","href":"https:\/\/api.w.org\/{rel}","templated":true}]}}