{"id":12163,"date":"2026-01-31T00:00:00","date_gmt":"2026-01-30T23:00:00","guid":{"rendered":"https:\/\/koms5.sg-host.com\/fours-de-cuisson-de-peinture-a-haute-temperature-250c\/"},"modified":"2026-03-13T17:36:10","modified_gmt":"2026-03-13T16:36:10","slug":"fours-de-cuisson-de-peinture-a-haute-temperature-250c","status":"publish","type":"page","link":"https:\/\/www.ultratechgroup.it\/fr\/produits\/finitech\/fours-de-cuisson-de-peinture-a-haute-temperature-250c\/","title":{"rendered":"Fours de cuisson de peinture \u00e0 haute temp\u00e9rature 250\u00b0C"},"content":{"rendered":"\n<p>Les fours de s\u00e9chage de la s\u00e9rie <strong>FCV 250<\/strong> permettent le traitement de pi\u00e8ces ins\u00e9r\u00e9es gr\u00e2ce \u00e0 une circulation d&rsquo;air chaud continue (Tmax = 250 \u00b0C).<\/p>\n\n\n\n<p>Les fours sont fournis complets avec :<\/p>\n\n\n\n<ul class=\"wp-block-list\">\n<li><strong>Panneaux p\u00e9rim\u00e8triques et de toiture<\/strong> en t\u00f4le d&rsquo;acier Aluzink, formant une double enveloppe m\u00e9tallique avec de la laine min\u00e9rale hautement isolante ins\u00e9r\u00e9e entre les deux. Les panneaux ont une \u00e9paisseur de 145 mm et sont \u00e0 rupture de pont thermique. Une structure porteuse interne adapt\u00e9e et des joints de protection conf\u00e8rent \u00e0 l&rsquo;ensemble une compacit\u00e9 et une r\u00e9sistance m\u00e9canique importantes.<\/li>\n\n\n\n<li><strong>Portes d&rsquo;acc\u00e8s<\/strong> : L&rsquo;acc\u00e8s au four se fait par l&rsquo;ouverture d&rsquo;une ou plusieurs portes frontales. La construction m\u00e9canique des portes est identique \u00e0 celle des parois p\u00e9riph\u00e9riques et est \u00e9galement \u00e9quip\u00e9e d&rsquo;une poign\u00e9e anti-panique et d&rsquo;un joint d&rsquo;\u00e9tanch\u00e9it\u00e9 p\u00e9riph\u00e9rique en caoutchouc.<\/li>\n\n\n\n<li><strong>G\u00e9n\u00e9rateur d&rsquo;air chaud<\/strong> situ\u00e9 sur un c\u00f4t\u00e9 du four. La recirculation forc\u00e9e de l&rsquo;air chaud est assur\u00e9e par un ou plusieurs ventilateurs \u00e9lectriques haute temp\u00e9rature mont\u00e9s \u00e0 l&rsquo;ext\u00e9rieur du bo\u00eetier. L&rsquo;air est insuffl\u00e9 dans les parties sup\u00e9rieure et inf\u00e9rieure du four par des conduits isol\u00e9s adapt\u00e9s, r\u00e9gul\u00e9s par des d\u00e9flecteurs r\u00e9glables. L&rsquo;air est extrait des parties inf\u00e9rieure et sup\u00e9rieure du four \u00e0 l&rsquo;aide d&rsquo;un filtre appropri\u00e9. Le chauffage de l&rsquo;air peut \u00eatre r\u00e9alis\u00e9 soit par des r\u00e9sistances \u00e9lectriques, soit par un \u00e9changeur de chaleur avec un br\u00fbleur \u00e0 gaz. Les fours sont \u00e9quip\u00e9s d&rsquo;un thermostat de s\u00e9curit\u00e9 contre la surchauffe et d&rsquo;une minuterie r\u00e9glable de 0 \u00e0 30 minutes pour l&rsquo;arr\u00eat diff\u00e9r\u00e9 du ventilateur.<\/li>\n\n\n\n<li><strong>Le tableau \u00e9lectrique<\/strong> est situ\u00e9 \u00e0 l&rsquo;ext\u00e9rieur, dans une armoire \u00e9tanche avec protection IP55.<\/li>\n<\/ul>\n\n\n\n<figure class=\"wp-block-gallery has-nested-images columns-3 wp-block-gallery-1 is-layout-flex wp-block-gallery-is-layout-flex\">\n<figure class=\"wp-block-image size-medium\"><a href=\"https:\/\/www.ultratechgroup.it\/wp-content\/uploads\/2015\/03\/forni-di-cottura-250c-01.jpg\"><img decoding=\"async\" src=\"https:\/\/www.ultratechgroup.it\/wp-content\/uploads\/2015\/03\/forni-di-cottura-250c-01.jpg\" alt=\"four de cuisson peinture 250\u00b0C\"\/><\/a><\/figure>\n\n\n\n<figure class=\"wp-block-image size-medium\"><a href=\"https:\/\/www.ultratechgroup.it\/wp-content\/uploads\/2015\/03\/forni-di-cottura-250c-04.jpg\"><img decoding=\"async\" src=\"https:\/\/www.ultratechgroup.it\/wp-content\/uploads\/2015\/03\/forni-di-cottura-250c-04.jpg\" alt=\"four de cuisson peinture 250\u00b0C\"\/><\/a><\/figure>\n\n\n\n<figure class=\"wp-block-image size-medium\"><a href=\"https:\/\/www.ultratechgroup.it\/wp-content\/uploads\/2015\/03\/forni-di-cottura-250c-05.jpg\"><img decoding=\"async\" src=\"https:\/\/www.ultratechgroup.it\/wp-content\/uploads\/2015\/03\/forni-di-cottura-250c-05.jpg\" alt=\"four de cuisson peinture 250\u00b0C\"\/><\/a><\/figure>\n\n\n\n<figure class=\"wp-block-image size-medium\"><a href=\"https:\/\/www.ultratechgroup.it\/wp-content\/uploads\/2015\/03\/forni-di-cottura-250c-06.jpg\"><img decoding=\"async\" src=\"https:\/\/www.ultratechgroup.it\/wp-content\/uploads\/2015\/03\/forni-di-cottura-250c-06.jpg\" alt=\"four de cuisson peinture 250\u00b0C\"\/><\/a><\/figure>\n\n\n\n<figure class=\"wp-block-image size-medium\"><a href=\"https:\/\/www.ultratechgroup.it\/wp-content\/uploads\/2015\/03\/forni-di-cottura-250c-07.jpg\"><img decoding=\"async\" src=\"https:\/\/www.ultratechgroup.it\/wp-content\/uploads\/2015\/03\/forni-di-cottura-250c-07.jpg\" alt=\"four de cuisson peinture 250\u00b0C\"\/><\/a><\/figure>\n\n\n\n<figure class=\"wp-block-image size-medium\"><a href=\"https:\/\/www.ultratechgroup.it\/wp-content\/uploads\/2015\/03\/forni-di-cottura-250c-02.jpg\"><img decoding=\"async\" src=\"https:\/\/www.ultratechgroup.it\/wp-content\/uploads\/2015\/03\/forni-di-cottura-250c-02.jpg\" alt=\"four de cuisson peinture 250\u00b0C\"\/><\/a><\/figure>\n<\/figure>\n","protected":false},"excerpt":{"rendered":"<p>Les fours de s\u00e9chage de la s\u00e9rie FCV 250 permettent le traitement de pi\u00e8ces ins\u00e9r\u00e9es gr\u00e2ce \u00e0 une circulation d&rsquo;air chaud continue (Tmax = 250 \u00b0C). Les fours sont fournis complets avec :<\/p>\n","protected":false},"author":1,"featured_media":0,"parent":12123,"menu_order":0,"comment_status":"closed","ping_status":"open","template":"","meta":{"footnotes":""},"class_list":["post-12163","page","type-page","status-publish","hentry"],"_links":{"self":[{"href":"https:\/\/www.ultratechgroup.it\/fr\/wp-json\/wp\/v2\/pages\/12163","targetHints":{"allow":["GET"]}}],"collection":[{"href":"https:\/\/www.ultratechgroup.it\/fr\/wp-json\/wp\/v2\/pages"}],"about":[{"href":"https:\/\/www.ultratechgroup.it\/fr\/wp-json\/wp\/v2\/types\/page"}],"author":[{"embeddable":true,"href":"https:\/\/www.ultratechgroup.it\/fr\/wp-json\/wp\/v2\/users\/1"}],"replies":[{"embeddable":true,"href":"https:\/\/www.ultratechgroup.it\/fr\/wp-json\/wp\/v2\/comments?post=12163"}],"version-history":[{"count":3,"href":"https:\/\/www.ultratechgroup.it\/fr\/wp-json\/wp\/v2\/pages\/12163\/revisions"}],"predecessor-version":[{"id":13732,"href":"https:\/\/www.ultratechgroup.it\/fr\/wp-json\/wp\/v2\/pages\/12163\/revisions\/13732"}],"up":[{"embeddable":true,"href":"https:\/\/www.ultratechgroup.it\/fr\/wp-json\/wp\/v2\/pages\/12123"}],"wp:attachment":[{"href":"https:\/\/www.ultratechgroup.it\/fr\/wp-json\/wp\/v2\/media?parent=12163"}],"curies":[{"name":"wp","href":"https:\/\/api.w.org\/{rel}","templated":true}]}}