{"id":12161,"date":"2026-01-31T00:00:00","date_gmt":"2026-01-30T23:00:00","guid":{"rendered":"https:\/\/koms5.sg-host.com\/fours-de-cuisson-de-peinture-a-temperature-moyenne-100c\/"},"modified":"2026-03-06T14:02:29","modified_gmt":"2026-03-06T13:02:29","slug":"fours-de-cuisson-de-peinture-a-temperature-moyenne-100c","status":"publish","type":"page","link":"https:\/\/www.ultratechgroup.it\/fr\/produits\/finitech\/fours-de-cuisson-de-peinture-a-temperature-moyenne-100c\/","title":{"rendered":"Fours de cuisson de peinture \u00e0 temp\u00e9rature moyenne 100\u00b0C"},"content":{"rendered":"\n<figure class=\"wp-block-image alignleft\"><img decoding=\"async\" src=\"https:\/\/www.ultratechgroup.it\/wp-content\/uploads\/2026\/02\/FCV-60.png\" alt=\"\" style=\"width:300px;height:350px\"\/><\/figure>\n\n\n<p>Nos fours de la s\u00e9rie <strong>FCV 100<\/strong> permettent le s\u00e9chage des pi\u00e8ces ins\u00e9r\u00e9es gr\u00e2ce \u00e0 une circulation continue d&rsquo;air chaud (T max. = 100 \u00b0C) g\u00e9n\u00e9r\u00e9e par le g\u00e9n\u00e9rateur de chaleur.<\/p>\n\n\n<p>Les fours sont fournis avec :<\/p>\n\n\n<ul class=\"wp-block-list\">\n<li><strong>Panneaux sandwich p\u00e9rim\u00e8triques et de toiture<\/strong> compos\u00e9s de t\u00f4le d&rsquo;acier pr\u00e9laqu\u00e9e blanche RAL 9010 et d&rsquo;une \u00e2me en mousse de polyur\u00e9thane classe 0 &#8211; ITC D.M.26.06.84. La forme particuli\u00e8re de ces panneaux assure une isolation thermique et acoustique optimale du four. Selon vos besoins, les fours peuvent \u00eatre install\u00e9s directement sur une dalle de b\u00e9ton ou sur notre plancher isol\u00e9.<\/li>\n<li><strong>Portes d&rsquo;acc\u00e8s frontales<\/strong> manuelles ou automatiques<\/li>\n<li><strong>G\u00e9n\u00e9rateur d&rsquo;air chaud<\/strong> situ\u00e9 sur un c\u00f4t\u00e9 du four. La recirculation forc\u00e9e de l&rsquo;air chaud est assur\u00e9e par un ou plusieurs ventilateurs \u00e9lectriques haute temp\u00e9rature mont\u00e9s \u00e0 l&rsquo;ext\u00e9rieur du ch\u00e2ssis. L&rsquo;air est insuffl\u00e9 dans les parties sup\u00e9rieure et inf\u00e9rieure du four par des conduits isol\u00e9s situ\u00e9s entre le four et le g\u00e9n\u00e9rateur, et r\u00e9gul\u00e9 par des d\u00e9flecteurs ajustables. L&rsquo;air est extrait des parties sup\u00e9rieure et inf\u00e9rieure du four \u00e0 l&rsquo;aide d&rsquo;un filtre afin de purifier l&rsquo;air recircul\u00e9. Le chauffage de l&rsquo;air peut \u00eatre r\u00e9alis\u00e9 soit par des r\u00e9sistances \u00e9lectriques, soit par un \u00e9changeur de chaleur avec br\u00fbleur \u00e0 gaz. Les fours sont \u00e9quip\u00e9s d&rsquo;un thermostat de s\u00e9curit\u00e9 contre la surchauffe, r\u00e9gl\u00e9 \u00e0 une temp\u00e9rature sup\u00e9rieure \u00e0 la temp\u00e9rature de fonctionnement, et d&rsquo;une minuterie r\u00e9glable de 0 \u00e0 30 minutes pour l&rsquo;arr\u00eat diff\u00e9r\u00e9 du ventilateur, permettant ainsi \u00e0 l&rsquo;\u00e9changeur de refroidir apr\u00e8s l&rsquo;arr\u00eat du br\u00fbleur.<\/li>\n<li><strong>Le tableau \u00e9lectrique<\/strong> est situ\u00e9 \u00e0 l&rsquo;ext\u00e9rieur du four et log\u00e9 dans une armoire \u00e9tanche.<\/li>\n<\/ul>\n","protected":false},"excerpt":{"rendered":"<p>Nos fours de la s\u00e9rie FCV 100 permettent le s\u00e9chage des pi\u00e8ces ins\u00e9r\u00e9es gr\u00e2ce \u00e0 une circulation continue d&rsquo;air chaud (T max. = 100 \u00b0C) g\u00e9n\u00e9r\u00e9e par le g\u00e9n\u00e9rateur de chaleur. Les fours sont fournis avec : Panneaux sandwich p\u00e9rim\u00e8triques et de toiture compos\u00e9s de t\u00f4le d&rsquo;acier pr\u00e9laqu\u00e9e blanche RAL 9010 et d&rsquo;une \u00e2me en [&hellip;]<\/p>\n","protected":false},"author":1,"featured_media":0,"parent":12123,"menu_order":0,"comment_status":"closed","ping_status":"open","template":"","meta":{"footnotes":""},"class_list":["post-12161","page","type-page","status-publish","hentry"],"_links":{"self":[{"href":"https:\/\/www.ultratechgroup.it\/fr\/wp-json\/wp\/v2\/pages\/12161","targetHints":{"allow":["GET"]}}],"collection":[{"href":"https:\/\/www.ultratechgroup.it\/fr\/wp-json\/wp\/v2\/pages"}],"about":[{"href":"https:\/\/www.ultratechgroup.it\/fr\/wp-json\/wp\/v2\/types\/page"}],"author":[{"embeddable":true,"href":"https:\/\/www.ultratechgroup.it\/fr\/wp-json\/wp\/v2\/users\/1"}],"replies":[{"embeddable":true,"href":"https:\/\/www.ultratechgroup.it\/fr\/wp-json\/wp\/v2\/comments?post=12161"}],"version-history":[{"count":2,"href":"https:\/\/www.ultratechgroup.it\/fr\/wp-json\/wp\/v2\/pages\/12161\/revisions"}],"predecessor-version":[{"id":12519,"href":"https:\/\/www.ultratechgroup.it\/fr\/wp-json\/wp\/v2\/pages\/12161\/revisions\/12519"}],"up":[{"embeddable":true,"href":"https:\/\/www.ultratechgroup.it\/fr\/wp-json\/wp\/v2\/pages\/12123"}],"wp:attachment":[{"href":"https:\/\/www.ultratechgroup.it\/fr\/wp-json\/wp\/v2\/media?parent=12161"}],"curies":[{"name":"wp","href":"https:\/\/api.w.org\/{rel}","templated":true}]}}