{"id":12157,"date":"2026-01-31T00:00:00","date_gmt":"2026-01-30T23:00:00","guid":{"rendered":"https:\/\/koms5.sg-host.com\/cabines-de-revetement-en-poudre\/"},"modified":"2026-03-16T16:51:04","modified_gmt":"2026-03-16T15:51:04","slug":"cabines-de-revetement-en-poudre","status":"publish","type":"page","link":"https:\/\/www.ultratechgroup.it\/fr\/produits\/finitech\/cabines-de-revetement-en-poudre\/","title":{"rendered":"Cabine de poudrage"},"content":{"rendered":"\n<p>Nos cabines de peinture \u00e0 sec sont compos\u00e9es de&nbsp;:<\/p>\n\n\n\n<ul class=\"wp-block-list\">\n<li><strong>Cuve de d\u00e9poussi\u00e9rage<\/strong> en t\u00f4le d&rsquo;acier inoxydable AISI 304 pli\u00e9e et soud\u00e9e TIG, avec un fond inclin\u00e9 vers l&rsquo;arri\u00e8re pour faciliter la d\u00e9poussi\u00e9rage.<\/li>\n\n\n\n<li><strong>Panneaux p\u00e9rim\u00e9triques modulaires<\/strong> en t\u00f4le d&rsquo;acier inoxydable pli\u00e9e.<\/li>\n\n\n\n<li><strong>Unit\u00e9 de filtration<\/strong> positionn\u00e9e sur la paroi arri\u00e8re de la cabine, compos\u00e9e de filtres autonettoyants \u00e0 haute efficacit\u00e9 de d\u00e9poussi\u00e9rage.<\/li>\n\n\n\n<li><strong>Syst\u00e8me automatique d&rsquo;autonettoyage des filtres<\/strong> complet avec r\u00e9servoir d&rsquo;air comprim\u00e9 homologu\u00e9, vannes de soufflage, rampes de soufflage et unit\u00e9 de commande pour l&rsquo;ouverture intermittente des vannes.<\/li>\n\n\n\n<li><strong>Tableau \u00e9lectrique<\/strong> situ\u00e9 \u00e0 l&rsquo;ext\u00e9rieur de la cabine. Cabine, fabriqu\u00e9e dans un meuble \u00e9tanche<\/li>\n<\/ul>\n\n\n\n<figure class=\"wp-block-table is-style-stripes\"><table style=\"table-layout:fixed;word-break:break-word;border-collapse:collapse;border:1px solid #ccc;\"><thead><tr>\n<th style=\"border:1px solid #ccc;padding:6px;\" colspan=\"2\"><strong>DONN\u00c9ES TECHNIQUES<\/strong><\/th>\n<\/tr><\/thead><tbody>\n<tr><td style=\"border:1px solid #ccc;padding:6px;\">Dimensions\u00a0: CVP<\/td><td style=\"border:1px solid #ccc;padding:6px;\">1-2-3-4-5-6 m\u00e8tres et SP\u00c9CIALES<\/td><\/tr>\n<tr><td style=\"border:1px solid #ccc;padding:6px;\">Mat\u00e9riau<\/td><td style=\"border:1px solid #ccc;padding:6px;\">t\u00f4le d&rsquo;acier inoxydable<\/td><\/tr>\n<tr><td style=\"border:1px solid #ccc;padding:6px;\">Ex\u00e9cution<\/td><td style=\"border:1px solid #ccc;padding:6px;\">panneaux autoportants<\/td><\/tr>\n<tr><td style=\"border:1px solid Assemblage<\/td><td style=\"border:1px solid #ccc;padding:6px;\">Soudure + vis<\/td><\/tr>\n<tr><td style=\"border:1px solid #ccc;padding:6px;\">Efficacit\u00e9 de filtration<\/td><td style=\"border:1px solid #ccc;padding:6px;\">&#038;gt 95 %<\/td><\/tr>\n<tr><td style=\"border:1px solid #ccc;padding:6px;\">\u00c9missions dans l&rsquo;atmosph\u00e8re du produit sec<\/td><td style=\"border:1px solid #ccc;padding:6px;\">\u2264 3 mg\/Nmc<\/td><\/tr>\n<tr><td style=\"border:1px solid #ccc;padding:6px;\">Bruit<\/td><td style=\"border:1px solid #ccc;padding:6px;\">\u2264 80 dBA<\/td><\/tr>\n<\/tbody><\/table><\/figure>\n\n\n\n<figure class=\"wp-block-gallery has-nested-images columns-3 is-cropped wp-block-gallery-1 is-layout-flex wp-block-gallery-is-layout-flex\">\n<figure class=\"wp-block-image size-medium\"><a href=\"https:\/\/www.ultratechgroup.it\/wp-content\/uploads\/2015\/03\/cab_vern_polveri_02.jpg\"><img decoding=\"async\" src=\"https:\/\/www.ultratechgroup.it\/wp-content\/uploads\/2015\/03\/cab_vern_polveri_02.jpg\" alt=\"cabina verniciatura polveri\"\/><\/a><\/figure>\n\n\n\n<figure class=\"wp-block-image size-medium\"><a href=\"https:\/\/www.ultratechgroup.it\/wp-content\/uploads\/2015\/03\/cab_vern_polveri_03.jpg\"><img decoding=\"async\" src=\"https:\/\/www.ultratechgroup.it\/wp-content\/uploads\/2015\/03\/cab_vern_polveri_03.jpg\" alt=\"cabina verniciatura polveri\"\/><\/a><\/figure>\n\n\n\n<figure class=\"wp-block-image size-medium\"><a href=\"https:\/\/www.ultratechgroup.it\/wp-content\/uploads\/2015\/03\/cab_vern_polveri_01.jpg\"><img decoding=\"async\" src=\"https:\/\/www.ultratechgroup.it\/wp-content\/uploads\/2015\/03\/cab_vern_polveri_01.jpg\" alt=\"cabina verniciatura polveri\"\/><\/a><\/figure>\n<\/figure>\n\n\n\n<p><\/p>\n","protected":false},"excerpt":{"rendered":"<p>Nos cabines de peinture \u00e0 sec sont compos\u00e9es de&nbsp;: DONN\u00c9ES TECHNIQUES Dimensions\u00a0: CVP 1-2-3-4-5-6 m\u00e8tres et SP\u00c9CIALES Mat\u00e9riau t\u00f4le d&rsquo;acier inoxydable Ex\u00e9cution panneaux autoportants<\/p>\n","protected":false},"author":1,"featured_media":0,"parent":12123,"menu_order":0,"comment_status":"closed","ping_status":"open","template":"","meta":{"footnotes":""},"class_list":["post-12157","page","type-page","status-publish","hentry"],"_links":{"self":[{"href":"https:\/\/www.ultratechgroup.it\/fr\/wp-json\/wp\/v2\/pages\/12157","targetHints":{"allow":["GET"]}}],"collection":[{"href":"https:\/\/www.ultratechgroup.it\/fr\/wp-json\/wp\/v2\/pages"}],"about":[{"href":"https:\/\/www.ultratechgroup.it\/fr\/wp-json\/wp\/v2\/types\/page"}],"author":[{"embeddable":true,"href":"https:\/\/www.ultratechgroup.it\/fr\/wp-json\/wp\/v2\/users\/1"}],"replies":[{"embeddable":true,"href":"https:\/\/www.ultratechgroup.it\/fr\/wp-json\/wp\/v2\/comments?post=12157"}],"version-history":[{"count":2,"href":"https:\/\/www.ultratechgroup.it\/fr\/wp-json\/wp\/v2\/pages\/12157\/revisions"}],"predecessor-version":[{"id":14074,"href":"https:\/\/www.ultratechgroup.it\/fr\/wp-json\/wp\/v2\/pages\/12157\/revisions\/14074"}],"up":[{"embeddable":true,"href":"https:\/\/www.ultratechgroup.it\/fr\/wp-json\/wp\/v2\/pages\/12123"}],"wp:attachment":[{"href":"https:\/\/www.ultratechgroup.it\/fr\/wp-json\/wp\/v2\/media?parent=12157"}],"curies":[{"name":"wp","href":"https:\/\/api.w.org\/{rel}","templated":true}]}}