{"id":12155,"date":"2026-01-31T00:00:00","date_gmt":"2026-01-30T23:00:00","guid":{"rendered":"https:\/\/koms5.sg-host.com\/cabines-de-peinture-a-rideau-deau\/"},"modified":"2026-03-06T14:00:23","modified_gmt":"2026-03-06T13:00:23","slug":"cabines-de-peinture-a-rideau-deau","status":"publish","type":"page","link":"https:\/\/www.ultratechgroup.it\/fr\/produits\/finitech\/cabines-de-peinture-a-rideau-deau\/","title":{"rendered":"Cabines de peinture \u00e0 rideau d&rsquo;eau"},"content":{"rendered":"\n<figure class=\"wp-block-image aligncenter\"><a href=\"https:\/\/www.ultratechgroup.it\/wp-content\/uploads\/2015\/03\/CVA-6000.jpg\"><img decoding=\"async\" src=\"https:\/\/www.ultratechgroup.it\/wp-content\/uploads\/2015\/03\/CVA-6000-1024x768.jpg\" alt=\"cabine de peinture \u00e0 rideau d'eau\"\/><\/a><\/figure>\n\n\n\n<p>La cabine de peinture est compos\u00e9e de :<\/p>\n\n\n\n<ul class=\"wp-block-list\">\n<li><strong>Structure porteuse<\/strong> en t\u00f4le aluminis\u00e9e ou acier inoxydable<\/li>\n\n\n<li><strong>R\u00e9servoir de trop-plein<\/strong> \u00e9quip\u00e9 de vis de r\u00e9glage pour la mise \u00e0 niveau du rideau d&rsquo;eau<\/li>\n\n\n<li><strong>Rideau d&rsquo;eau<\/strong> en acier inoxydable, amovible pour l&rsquo;entretien p\u00e9riodique<\/li>\n\n\n<li><strong>R\u00e9servoir de r\u00e9cup\u00e9ration<\/strong> avec syst\u00e8me de d\u00e9cantation m\u00e9canique et filtres amovibles, pompe d&rsquo;alimentation \u00e9lectrique pour le rideau d&rsquo;eau, buses de pulv\u00e9risation et tube d&rsquo;\u00e9cumage<\/li>\n\n\n<li><strong>Syst\u00e8me de r\u00e9duction des \u00e9missions<\/strong> comprenant : un filtre labyrinthe en acier inoxydable ou en t\u00f4le aluminis\u00e9e ; des rampes de pulv\u00e9risation avec buses pour la r\u00e9duction \u00e0 contre-courant du produit m\u00e9lang\u00e9 \u00e0 l&rsquo;air d&rsquo;admission ; un s\u00e9parateur de gouttelettes situ\u00e9 avant la hotte d&rsquo;extraction, r\u00e9alis\u00e9 en profil\u00e9s sp\u00e9ciaux en polypropyl\u00e8ne renforc\u00e9, faciles \u00e0 monter et \u00e0 d\u00e9monter ; une section de filtration avec filtres en fibre de verre \u00e0 tiroir, facilement amovibles, pour la r\u00e9tention des r\u00e9sidus secs, avec joint d&rsquo;\u00e9tanch\u00e9it\u00e9.<\/li>\n\n\n<li><strong>Tableau \u00e9lectrique<\/strong> situ\u00e9 \u00e0 l&rsquo;ext\u00e9rieur de la cabine, constitu\u00e9 d&rsquo;une armoire \u00e9tanche.<\/li>\n<\/ul>\n\n\n\n<figure class=\"wp-block-table is-style-stripes\"><table style=\"table-layout:fixed;word-break:break-word;border-collapse:collapse;border:1px solid #ccc;\"><thead><tr>\n<th style=\"border:1px solid #ccc;padding:6px;\" colspan=\"2\"><strong>DONN\u00c9ES TECHNIQUES<\/strong><\/th>\n<\/tr><\/thead><tbody>\n<tr><td style=\"border:1px solid #ccc;padding:6px;\">Dimensions : CVP<\/td><td style=\"border:1px solid #ccc;padding:6px;\">1-2-3-4-5-6 m\u00e8tres et SP\u00c9CIALES<\/td><\/tr>\n<tr><td style=\"border:1px solid #ccc;padding:6px;\">Mat\u00e9riau<\/td><td style=\"border:1px solid #ccc;padding:6px;\">T\u00f4le d&rsquo;aluzink ou d&rsquo;acier inoxydable<\/td><\/tr>\n<tr><td style=\"border:1px solid #ccc;padding:6px;\">Fabrication<\/td><td style=\"border:1px solid #ccc;padding:6px;\">Panneaux autoportants<\/td><\/tr>\n<tr><td style=\"border:1px solid #ccc;padding:6px;\">Assemblage<\/td><td style=\"border:1px solid #ccc;padding:6px;\">soudure + vis<\/td><\/tr>\n<tr><td style=\"border:1px solid #ccc;padding:6px;\">Rendement de r\u00e9tention du produit sec<\/td><td style=\"border:1px solid #ccc;padding:6px;\">99,8 %<\/td><\/tr>\n<tr><td style=\"border:1px solid #ccc;padding:6px;\">\u00c9missions atmosph\u00e9riques de produit sec<\/td><td style=\"border:1px solid #ccc;padding:6px;\">\u2264 3 mg\/Nmc<\/td><\/tr>\n<tr><td style=\"border:1px solid #ccc;padding:6px;\">Bruit<\/td><td style=\"border:1px solid #ccc;padding:6px;\">\u2264 80 dBA<\/td><\/tr>\n<\/tbody><\/table><\/figure>\n\n\n\n<figure class=\"wp-block-gallery has-nested-images columns-4 is-cropped wp-block-gallery-1 is-layout-flex wp-block-gallery-is-layout-flex\">\n\n<figure class=\"wp-block-image size-medium\"><a href=\"https:\/\/www.ultratechgroup.it\/wp-content\/uploads\/2015\/03\/vasca_raccolta.jpg\"><img decoding=\"async\" src=\"https:\/\/www.ultratechgroup.it\/wp-content\/uploads\/2015\/03\/vasca_raccolta.jpg\" alt=\"vasca raccolta\"\/><\/a><\/figure>\n\n\n<figure class=\"wp-block-image size-medium\"><a href=\"https:\/\/www.ultratechgroup.it\/wp-content\/uploads\/2015\/03\/separatori_gocce.jpg\"><img decoding=\"async\" src=\"https:\/\/www.ultratechgroup.it\/wp-content\/uploads\/2015\/03\/separatori_gocce.jpg\" alt=\"separatori gocce\"\/><\/a><\/figure>\n\n\n<figure class=\"wp-block-image size-medium\"><a href=\"https:\/\/www.ultratechgroup.it\/wp-content\/uploads\/2015\/03\/rampe_a_spruzzo.jpg\"><img decoding=\"async\" src=\"https:\/\/www.ultratechgroup.it\/wp-content\/uploads\/2015\/03\/rampe_a_spruzzo.jpg\" alt=\"rampe a spruzzo\"\/><\/a><\/figure>\n\n\n<figure class=\"wp-block-image size-medium\"><a href=\"https:\/\/www.ultratechgroup.it\/wp-content\/uploads\/2015\/03\/cab_vern_velo_acqua_01.jpg\"><img decoding=\"async\" src=\"https:\/\/www.ultratechgroup.it\/wp-content\/uploads\/2015\/03\/cab_vern_velo_acqua_01.jpg\" alt=\"cabine de peinture \u00e0 rideau d'eau\"\/><\/a><\/figure>\n\n<\/figure>\n","protected":false},"excerpt":{"rendered":"<p>La cabine de peinture est compos\u00e9e de : DONN\u00c9ES TECHNIQUES Dimensions : CVP 1-2-3-4-5-6 m\u00e8tres et SP\u00c9CIALES Mat\u00e9riau T\u00f4le d&rsquo;aluzink ou d&rsquo;acier inoxydable Fabrication Panneaux autoportants Assemblage soudure + vis Rendement de r\u00e9tention du produit sec 99,8 % \u00c9missions atmosph\u00e9riques de produit sec \u2264 3 mg\/Nmc Bruit \u2264 80 dBA<\/p>\n","protected":false},"author":1,"featured_media":0,"parent":12123,"menu_order":0,"comment_status":"closed","ping_status":"open","template":"","meta":{"footnotes":""},"class_list":["post-12155","page","type-page","status-publish","hentry"],"_links":{"self":[{"href":"https:\/\/www.ultratechgroup.it\/fr\/wp-json\/wp\/v2\/pages\/12155","targetHints":{"allow":["GET"]}}],"collection":[{"href":"https:\/\/www.ultratechgroup.it\/fr\/wp-json\/wp\/v2\/pages"}],"about":[{"href":"https:\/\/www.ultratechgroup.it\/fr\/wp-json\/wp\/v2\/types\/page"}],"author":[{"embeddable":true,"href":"https:\/\/www.ultratechgroup.it\/fr\/wp-json\/wp\/v2\/users\/1"}],"replies":[{"embeddable":true,"href":"https:\/\/www.ultratechgroup.it\/fr\/wp-json\/wp\/v2\/comments?post=12155"}],"version-history":[{"count":2,"href":"https:\/\/www.ultratechgroup.it\/fr\/wp-json\/wp\/v2\/pages\/12155\/revisions"}],"predecessor-version":[{"id":12518,"href":"https:\/\/www.ultratechgroup.it\/fr\/wp-json\/wp\/v2\/pages\/12155\/revisions\/12518"}],"up":[{"embeddable":true,"href":"https:\/\/www.ultratechgroup.it\/fr\/wp-json\/wp\/v2\/pages\/12123"}],"wp:attachment":[{"href":"https:\/\/www.ultratechgroup.it\/fr\/wp-json\/wp\/v2\/media?parent=12155"}],"curies":[{"name":"wp","href":"https:\/\/api.w.org\/{rel}","templated":true}]}}