{"id":12145,"date":"2026-01-31T00:00:00","date_gmt":"2026-01-30T23:00:00","guid":{"rendered":"https:\/\/koms5.sg-host.com\/demineralisateurs-non-regenerables\/"},"modified":"2026-03-16T16:53:16","modified_gmt":"2026-03-16T15:53:16","slug":"demineralisateurs-non-regenerables","status":"publish","type":"page","link":"https:\/\/www.ultratechgroup.it\/fr\/produits\/techim\/demineralisateurs-non-regenerables\/","title":{"rendered":"D\u00e9min\u00e9ralisateurs non renouvelable"},"content":{"rendered":"\n\n<p>Compos\u00e9 de\u00a0: ch\u00e2ssis de support en acier inoxydable AISI 304, r\u00e9servoir tampon en PVC de 30 litres, pompe centrifuge \u00e9lectrique en acier inoxydable, d\u00e9bitm\u00e8tre en plexiglas transparent, filtre \u00e0 charbon actif granulaire, filtre \u00e0 r\u00e9sine \u00e0 lit mixte, conductim\u00e8tre fixe et panneau de commande de la pompe \u00e9lectrique.<\/p>\n\n\n\n\n\n<figure class=\"wp-block-table is-style-stripes\"><table style=\"table-layout:fixed;word-break:break-word;border-collapse:collapse;border:1px solid #ccc;\">\n\n<thead>\n\n<tr>\n\n<th style=\"border:1px solid #ccc;padding:6px;\"><strong>MOD\u00c8LE<\/strong><\/th>\n\n<th style=\"border:1px solid #ccc;padding:6px;\"><strong>CAPACIT\u00c9 (NOMIAL LT.\/H)<\/strong><\/th>\n\n<\/tr>\n\n<\/thead>\n\n<tbody>\n\n<tr>\n\n<td style=\"border:1px solid #ccc;padding:6px;\">DEMI 24\/1 M<\/td>\n\n<td style=\"border:1px solid #ccc;padding:6px;\">250-750<\/td>\n\n<\/tr>\n\n<tr>\n\n<td style=\"border:1px solid #ccc;padding:6px;\">DEMI 24\/2 M<\/td>\n\n<td style=\"border:1px solid #ccc;padding:6px;\">250-750<\/td>\n\n<\/tr>\n\n<tr>\n\n<td style=\"border:1px solid #ccc;padding:6px;\">DEMI 50\/1 M<\/td>\n\n<td style=\"border:1px solid #ccc;padding:6px;\">500-1500<\/td>\n<\/tr>\n<tr>\n<td style=\"border:1px solid #ccc;padding:6px;\">DEMI 50\/2 M<\/td>\n\n<td style=\"border:1px solid #ccc;padding:6px;\">500-1500<\/td>\n<\/tr>\n<\/tbody>\n<\/table><\/figure>\n\n\n\n\n<p><strong>La s\u00e9rie 2 est \u00e9quip\u00e9e d&rsquo;un filtre \u00e0 double lit mixte.<\/strong><br>DES D\u00c9MIN\u00c9RALISATEURS PEUVENT \u00caTRE CON\u00c7US POUR DES BESOINS SP\u00c9CIFIQUES.<\/p>\n\n\n\n\n\n<figure class=\"wp-block-image aligncenter\"><a href=\"https:\/\/www.ultratechgroup.it\/wp-content\/uploads\/2026\/01\/rig.jpg\"><img decoding=\"async\" src=\"https:\/\/www.ultratechgroup.it\/wp-content\/uploads\/2026\/01\/rig.jpg\" alt=\"\" style=\"width:400px\"\/><\/a><\/figure>\n\n","protected":false},"excerpt":{"rendered":"<p>Compos\u00e9 de\u00a0: ch\u00e2ssis de support en acier inoxydable AISI 304, r\u00e9servoir tampon en PVC de 30 litres, pompe centrifuge \u00e9lectrique en acier inoxydable, d\u00e9bitm\u00e8tre en plexiglas transparent, filtre \u00e0 charbon actif granulaire, filtre \u00e0 r\u00e9sine \u00e0 lit mixte, conductim\u00e8tre fixe et panneau de commande de la pompe \u00e9lectrique. MOD\u00c8LE CAPACIT\u00c9 (NOMIAL LT.\/H) DEMI 24\/1 M [&hellip;]<\/p>\n","protected":false},"author":1,"featured_media":0,"parent":12125,"menu_order":0,"comment_status":"closed","ping_status":"open","template":"","meta":{"footnotes":""},"class_list":["post-12145","page","type-page","status-publish","hentry"],"_links":{"self":[{"href":"https:\/\/www.ultratechgroup.it\/fr\/wp-json\/wp\/v2\/pages\/12145","targetHints":{"allow":["GET"]}}],"collection":[{"href":"https:\/\/www.ultratechgroup.it\/fr\/wp-json\/wp\/v2\/pages"}],"about":[{"href":"https:\/\/www.ultratechgroup.it\/fr\/wp-json\/wp\/v2\/types\/page"}],"author":[{"embeddable":true,"href":"https:\/\/www.ultratechgroup.it\/fr\/wp-json\/wp\/v2\/users\/1"}],"replies":[{"embeddable":true,"href":"https:\/\/www.ultratechgroup.it\/fr\/wp-json\/wp\/v2\/comments?post=12145"}],"version-history":[{"count":2,"href":"https:\/\/www.ultratechgroup.it\/fr\/wp-json\/wp\/v2\/pages\/12145\/revisions"}],"predecessor-version":[{"id":14076,"href":"https:\/\/www.ultratechgroup.it\/fr\/wp-json\/wp\/v2\/pages\/12145\/revisions\/14076"}],"up":[{"embeddable":true,"href":"https:\/\/www.ultratechgroup.it\/fr\/wp-json\/wp\/v2\/pages\/12125"}],"wp:attachment":[{"href":"https:\/\/www.ultratechgroup.it\/fr\/wp-json\/wp\/v2\/media?parent=12145"}],"curies":[{"name":"wp","href":"https:\/\/api.w.org\/{rel}","templated":true}]}}