{"id":12141,"date":"2026-01-31T00:00:00","date_gmt":"2026-01-30T23:00:00","guid":{"rendered":"https:\/\/koms5.sg-host.com\/echangeurs-de-chaleur\/"},"modified":"2026-03-04T12:47:17","modified_gmt":"2026-03-04T11:47:17","slug":"echangeurs-de-chaleur","status":"publish","type":"page","link":"https:\/\/www.ultratechgroup.it\/fr\/produits\/fours-cotich\/echangeurs-de-chaleur\/","title":{"rendered":"\u00c9changeurs de chaleur"},"content":{"rendered":"\n\n<p>Con\u00e7us pour le chauffage de l&rsquo;air, les \u00e9changeurs de chaleur sont constitu\u00e9s d&rsquo;un bo\u00eetier en panneaux d&rsquo;acier Aluzink, correctement isol\u00e9, \u00e0 l&rsquo;int\u00e9rieur duquel se trouve la chambre de combustion avec inversion de flamme et faisceau tubulaire.<br>Fabriqu\u00e9s en t\u00f4le d&rsquo;acier inoxydable AISI 304, ils sont fournis complets avec : plaque de montage du br\u00fbleur, rampe d&rsquo;alimentation du br\u00fbleur conforme CE, hublot de contr\u00f4le de la combustion et br\u00fbleurs \u00e0 gaz naturel ou GPL \u00e0 puissance variable.<br>La circulation et la recirculation de l&rsquo;air sont assur\u00e9es par des ventilateurs \u00e9lectriques sp\u00e9ciaux, con\u00e7us sp\u00e9cifiquement pour les hautes temp\u00e9ratures.<br>L&rsquo;\u00e9changeur est \u00e9quip\u00e9 d&rsquo;un thermostat de s\u00e9curit\u00e9, calibr\u00e9 \u00e0 environ 50 \u00b0C au-dessus de la temp\u00e9rature de consigne, qui interrompt le chauffage en cas d&rsquo;anomalie.<br>Pour permettre \u00e0 l&rsquo;\u00e9changeur de refroidir \u00e0 l&rsquo;arr\u00eat, un cycle de ventilation est pr\u00e9vu pendant une dur\u00e9e pr\u00e9d\u00e9finie.<\/p>\n\n\n\n\n\n<figure <a href=\"https:\/\/www.ultratechgroup.it\/wp-content\/uploads\/2015\/02\/scambiatore-di-calore.jpg\"><img fetchpriority=\"high\" decoding=\"async\" src=\"https:\/\/www.ultratechgroup.it\/wp-content\/uploads\/2015\/02\/scambiatore-di-calore.jpg\" alt=\"scambiatore di calore\" width=\"300\" height=\"300\"\/><\/a><\/figure>\n","protected":false},"excerpt":{"rendered":"<p>Con\u00e7us pour le chauffage de l&rsquo;air, les \u00e9changeurs de chaleur sont constitu\u00e9s d&rsquo;un bo\u00eetier en panneaux d&rsquo;acier Aluzink, correctement isol\u00e9, \u00e0 l&rsquo;int\u00e9rieur duquel se trouve la chambre de combustion avec inversion de flamme et faisceau tubulaire.Fabriqu\u00e9s en t\u00f4le d&rsquo;acier inoxydable AISI 304, ils sont fournis complets avec : plaque de montage du br\u00fbleur, rampe d&rsquo;alimentation [&hellip;]<\/p>\n","protected":false},"author":1,"featured_media":0,"parent":12129,"menu_order":0,"comment_status":"closed","ping_status":"open","template":"","meta":{"footnotes":""},"class_list":["post-12141","page","type-page","status-publish","hentry"],"_links":{"self":[{"href":"https:\/\/www.ultratechgroup.it\/fr\/wp-json\/wp\/v2\/pages\/12141","targetHints":{"allow":["GET"]}}],"collection":[{"href":"https:\/\/www.ultratechgroup.it\/fr\/wp-json\/wp\/v2\/pages"}],"about":[{"href":"https:\/\/www.ultratechgroup.it\/fr\/wp-json\/wp\/v2\/types\/page"}],"author":[{"embeddable":true,"href":"https:\/\/www.ultratechgroup.it\/fr\/wp-json\/wp\/v2\/users\/1"}],"replies":[{"embeddable":true,"href":"https:\/\/www.ultratechgroup.it\/fr\/wp-json\/wp\/v2\/comments?post=12141"}],"version-history":[{"count":1,"href":"https:\/\/www.ultratechgroup.it\/fr\/wp-json\/wp\/v2\/pages\/12141\/revisions"}],"predecessor-version":[{"id":12142,"href":"https:\/\/www.ultratechgroup.it\/fr\/wp-json\/wp\/v2\/pages\/12141\/revisions\/12142"}],"up":[{"embeddable":true,"href":"https:\/\/www.ultratechgroup.it\/fr\/wp-json\/wp\/v2\/pages\/12129"}],"wp:attachment":[{"href":"https:\/\/www.ultratechgroup.it\/fr\/wp-json\/wp\/v2\/media?parent=12141"}],"curies":[{"name":"wp","href":"https:\/\/api.w.org\/{rel}","templated":true}]}}