{"id":12139,"date":"2026-01-31T00:00:00","date_gmt":"2026-01-30T23:00:00","guid":{"rendered":"https:\/\/koms5.sg-host.com\/fours-tunnel\/"},"modified":"2026-03-16T15:01:50","modified_gmt":"2026-03-16T14:01:50","slug":"fours-tunnel","status":"publish","type":"page","link":"https:\/\/www.ultratechgroup.it\/fr\/produits\/fours-cotich\/fours-tunnel\/","title":{"rendered":"Fours tunnel"},"content":{"rendered":"\n<p>Nos fours tunnel sont adapt\u00e9s aux capacit\u00e9s de production \u00e9lev\u00e9es ou aux syst\u00e8mes hautement automatis\u00e9s. Selon le type de manutention, nous pouvons fournir des fours :<\/p>\n\n\n\n<ul class=\"wp-block-list\">\n<li>\u00e0 navette<\/li>\n\n\n<li>\u00e0 bande de maille<\/li>\n\n\n<li>\u00e0 rouleaux<\/li>\n\n\n<li>avec convoyeur suspendu<\/li>\n<\/ul>\n\n\n\n<p>Ils sont r\u00e9alis\u00e9s diff\u00e9remment selon les traitements requis tels que la c\u00e9mentation, la carbonitruration, la trempe, la normalisation, le recuit, le frittage, le revenu et autres.<\/p>\n\n\n\n<figure class=\"wp-block-gallery has-nested-images columns-3 is-cropped wp-block-gallery-1 is-layout-flex wp-block-gallery-is-layout-flex\">\n\n<figure class=\"wp-block-image size-large\"><a href=\"https:\/\/www.ultratechgroup.it\/wp-content\/uploads\/2015\/02\/Forno-automatico-tempra-metalli.jpg\"><img decoding=\"async\" src=\"https:\/\/www.ultratechgroup.it\/wp-content\/uploads\/2015\/02\/Forno-automatico-tempra-metalli.jpg\" alt=\"four tunnel\"\/><\/a><\/figure>\n\n\n<figure class=\"wp-block-image size-large\"><a href=\"https:\/\/www.ultratechgroup.it\/wp-content\/uploads\/2015\/02\/Forno-automatico-rinvenimento-metalli.jpg\"><img decoding=\"async\" src=\"https:\/\/www.ultratechgroup.it\/wp-content\/uploads\/2015\/02\/Forno-automatico-rinvenimento-metalli.jpg\" alt=\"four tunnel\"\/><\/a><\/figure>\n\n\n<figure class=\"wp-block-image size-large\"><a href=\"https:\/\/www.ultratechgroup.it\/wp-content\/uploads\/2015\/02\/Forno-automatico-ricottura.jpg\"><img decoding=\"async\" src=\"https:\/\/www.ultratechgroup.it\/wp-content\/uploads\/2015\/02\/Forno-automatico-ricottura.jpg\" alt=\"four tunnel\"\/><\/a><\/figure>\n\n<\/figure>\n","protected":false},"excerpt":{"rendered":"<p>Nos fours tunnel sont adapt\u00e9s aux capacit\u00e9s de production \u00e9lev\u00e9es ou aux syst\u00e8mes hautement automatis\u00e9s. Selon le type de manutention, nous pouvons fournir des fours : Ils sont r\u00e9alis\u00e9s diff\u00e9remment selon les traitements requis tels que la c\u00e9mentation, la carbonitruration, la trempe, la normalisation, le recuit, le frittage, le revenu et autres.<\/p>\n","protected":false},"author":1,"featured_media":0,"parent":12129,"menu_order":0,"comment_status":"closed","ping_status":"open","template":"","meta":{"footnotes":""},"class_list":["post-12139","page","type-page","status-publish","hentry"],"_links":{"self":[{"href":"https:\/\/www.ultratechgroup.it\/fr\/wp-json\/wp\/v2\/pages\/12139","targetHints":{"allow":["GET"]}}],"collection":[{"href":"https:\/\/www.ultratechgroup.it\/fr\/wp-json\/wp\/v2\/pages"}],"about":[{"href":"https:\/\/www.ultratechgroup.it\/fr\/wp-json\/wp\/v2\/types\/page"}],"author":[{"embeddable":true,"href":"https:\/\/www.ultratechgroup.it\/fr\/wp-json\/wp\/v2\/users\/1"}],"replies":[{"embeddable":true,"href":"https:\/\/www.ultratechgroup.it\/fr\/wp-json\/wp\/v2\/comments?post=12139"}],"version-history":[{"count":3,"href":"https:\/\/www.ultratechgroup.it\/fr\/wp-json\/wp\/v2\/pages\/12139\/revisions"}],"predecessor-version":[{"id":14027,"href":"https:\/\/www.ultratechgroup.it\/fr\/wp-json\/wp\/v2\/pages\/12139\/revisions\/14027"}],"up":[{"embeddable":true,"href":"https:\/\/www.ultratechgroup.it\/fr\/wp-json\/wp\/v2\/pages\/12129"}],"wp:attachment":[{"href":"https:\/\/www.ultratechgroup.it\/fr\/wp-json\/wp\/v2\/media?parent=12139"}],"curies":[{"name":"wp","href":"https:\/\/api.w.org\/{rel}","templated":true}]}}