{"id":12137,"date":"2026-01-31T00:00:00","date_gmt":"2026-01-30T23:00:00","guid":{"rendered":"https:\/\/koms5.sg-host.com\/fours-statiques-a-chambre-unique\/"},"modified":"2026-03-04T12:47:15","modified_gmt":"2026-03-04T11:47:15","slug":"fours-statiques-a-chambre-unique","status":"publish","type":"page","link":"https:\/\/www.ultratechgroup.it\/fr\/produits\/fours-cotich\/fours-statiques-a-chambre-unique\/","title":{"rendered":"Fours statiques \u00e0 chambre unique"},"content":{"rendered":"\n\n<p>Tous nos fours sont con\u00e7us pour offrir des param\u00e8tres de process variables et personnalisables en fonction des besoins sp\u00e9cifiques. La modularit\u00e9 de nos produits nous permet de construire des fours m\u00eame de tr\u00e8s grande taille qui, tout en \u00e9tant facilement transportables et assemblables sur site, conservent leurs performances de process.\n\n\n\n\n\n<figure class=\"wp-block-image is-resized\"><a href=\"https:\/\/www.ultratechgroup.it\/wp-content\/uploads\/2015\/02\/forni-statici-monocamera-2.jpg\"><img fetchpriority=\"high\" decoding=\"async\" src=\"https:\/\/www.ultratechgroup.it\/wp-content\/uploads\/2015\/02\/forni-statici-monocamera-2.jpg\" alt=\"forno statico monocamera\" width=\"300\" height=\"300\"\/><\/a><\/figure>\n\n","protected":false},"excerpt":{"rendered":"<p>Tous nos fours sont con\u00e7us pour offrir des param\u00e8tres de process variables et personnalisables en fonction des besoins sp\u00e9cifiques. La modularit\u00e9 de nos produits nous permet de construire des fours m\u00eame de tr\u00e8s grande taille qui, tout en \u00e9tant facilement transportables et assemblables sur site, conservent leurs performances de process.<\/p>\n","protected":false},"author":1,"featured_media":0,"parent":12129,"menu_order":0,"comment_status":"closed","ping_status":"open","template":"","meta":{"footnotes":""},"class_list":["post-12137","page","type-page","status-publish","hentry"],"_links":{"self":[{"href":"https:\/\/www.ultratechgroup.it\/fr\/wp-json\/wp\/v2\/pages\/12137","targetHints":{"allow":["GET"]}}],"collection":[{"href":"https:\/\/www.ultratechgroup.it\/fr\/wp-json\/wp\/v2\/pages"}],"about":[{"href":"https:\/\/www.ultratechgroup.it\/fr\/wp-json\/wp\/v2\/types\/page"}],"author":[{"embeddable":true,"href":"https:\/\/www.ultratechgroup.it\/fr\/wp-json\/wp\/v2\/users\/1"}],"replies":[{"embeddable":true,"href":"https:\/\/www.ultratechgroup.it\/fr\/wp-json\/wp\/v2\/comments?post=12137"}],"version-history":[{"count":1,"href":"https:\/\/www.ultratechgroup.it\/fr\/wp-json\/wp\/v2\/pages\/12137\/revisions"}],"predecessor-version":[{"id":12138,"href":"https:\/\/www.ultratechgroup.it\/fr\/wp-json\/wp\/v2\/pages\/12137\/revisions\/12138"}],"up":[{"embeddable":true,"href":"https:\/\/www.ultratechgroup.it\/fr\/wp-json\/wp\/v2\/pages\/12129"}],"wp:attachment":[{"href":"https:\/\/www.ultratechgroup.it\/fr\/wp-json\/wp\/v2\/media?parent=12137"}],"curies":[{"name":"wp","href":"https:\/\/api.w.org\/{rel}","templated":true}]}}