{"id":12135,"date":"2026-01-31T00:00:00","date_gmt":"2026-01-30T23:00:00","guid":{"rendered":"https:\/\/koms5.sg-host.com\/fours-monochambre-de-la-serie-ftt\/"},"modified":"2026-03-16T17:47:08","modified_gmt":"2026-03-16T16:47:08","slug":"fours-monochambre-de-la-serie-ftt","status":"publish","type":"page","link":"https:\/\/www.ultratechgroup.it\/fr\/produits\/fours-cotich\/fours-monochambre-de-la-serie-ftt\/","title":{"rendered":"Fours \u00e0 chambre unique s\u00e9rie FTT"},"content":{"rendered":"\n<p>Les fours de traitement thermique de la s\u00e9rie FTT chauffent les pi\u00e8ces \u00e0 l&rsquo;aide de r\u00e9sistances \u00e9lectriques mont\u00e9es sur des plaques sp\u00e9ciales situ\u00e9es sur les c\u00f4t\u00e9s et le fond du four. La disposition des r\u00e9sistances et la g\u00e9om\u00e9trie de la chambre sont con\u00e7ues pour g\u00e9n\u00e9rer un mouvement d&rsquo;air interne constant par convection naturelle, assurant ainsi une temp\u00e9rature uniforme dans tout le four. Il en r\u00e9sulte un chauffage constant et uniforme \u00e0 la temp\u00e9rature pr\u00e9r\u00e9gl\u00e9e, qui est automatiquement contr\u00f4l\u00e9e par les dispositifs de commande. Les fours de la s\u00e9rie FTT sont compacts, monoblocs et donc tr\u00e8s rapides \u00e0 installer. Ils sont constitu\u00e9s d&rsquo;un bo\u00eetier m\u00e9tallique robuste et peint, rev\u00eatu int\u00e9rieurement de ma\u00e7onnerie isolante compos\u00e9e de mat\u00e9riaux super-isolants et de panneaux fibreux multicouches. Ils sont livr\u00e9s complets avec chauffage \u00e9lectrique, r\u00e9gulation thermostatique de la temp\u00e9rature, porte avant \u00e0 charni\u00e8res et panneau de commande \u00e9lectrique. Pour faciliter le chargement et le d\u00e9chargement des pi\u00e8ces, le fond du four est constitu\u00e9 d&rsquo;une base en acier. Mat\u00e9riau r\u00e9fractaire sp\u00e9cial pour hautes temp\u00e9ratures. Le niveau sonore en fonctionnement ne d\u00e9passe pas 80 dBA.<\/p>\n\n\n\n<figure class=\"wp-block-table has-small-font-size\"><table class=\"has-fixed-layout\"><thead><tr><th><strong>TYPE<\/strong><\/th><th colspan=\"3\"><strong>DIMENSIONS DE LA CHAMBRE<\/strong><br><strong> (L \u2013 H \u2013 P)<\/strong><\/th><th colspan=\"3\"><strong>DIMENSIONS EXTERNES <\/strong><br><strong>(L \u2013 H \u2013 P)<\/strong><\/th><th><strong>PUISSANCE (kW)<\/strong><\/th><\/tr><\/thead><tbody><tr><td>FE\/M 35<\/td><td>300<\/td><td>230<\/td><td>500<\/td><td>1020<\/td><td>1540<\/td><td>1140<\/td><td>10<\/td><\/tr><tr><td>FE\/M 83<\/td><td>430<\/td><td>320<\/td><td>600<\/td><td>1260<\/td><td>1650<\/td><td>1270<\/td><td>15<\/td><\/tr><tr><td>FE\/M 98<\/td><td>510<\/td><td>320<\/td><td>600<\/td><td>1340<\/td><td>1650<\/td><td>1270<\/td><td>15<\/td><\/tr><tr><td>FE\/M 124<\/td><td>430<\/td><td>480<\/td><td>600<\/td><td>1260<\/td><td>1810<\/td><td>1270<\/td><td>20<\/td><\/tr><tr><td>FE\/M 130<\/td><td>510<\/td><td>320<\/td><td>800<\/td><td>1340<\/td><td>1650<\/td><td>1470<\/td><td>24<\/td><\/tr><tr><td>FE\/M 147<\/td><td>510<\/td><td>480<\/td><td>600<\/td><td>1340<\/td><td>1810<\/td><td>1270<\/td><td>20<\/td><\/tr><tr><td>FE\/M 196<\/td><td>510<\/td><td>480<\/td><td>800<\/td><td>1340<\/td><td>1810<\/td><td>1470<\/td><td>24<\/td><\/tr><tr><td>FE\/M 392<\/td><td>700<\/td><td>700<\/td><td>800<\/td><td>1700<\/td><td>2100<\/td><td>1650<\/td><td>45<\/td><\/tr><\/tbody><\/table><\/figure>\n\n\n\n<p><strong>Temp\u00e9rature maximale de fonctionnement : 1100 \u00b0C<br>Tension d&rsquo;alimentation : 380 volts Triphas\u00e9 + neutre \u2013 50 Hz.<\/strong><\/p>\n\n\n\n<figure class=\"wp-block-gallery has-nested-images columns-2 is-cropped wp-block-gallery-1 is-layout-flex wp-block-gallery-is-layout-flex\">\n<figure class=\"wp-block-image size-large\"><a href=\"https:\/\/www.ultratechgroup.it\/wp-content\/uploads\/2015\/02\/Forni-monocamera-serie-FTT-2.jpg\"><img decoding=\"async\" src=\"https:\/\/www.ultratechgroup.it\/wp-content\/uploads\/2015\/02\/Forni-monocamera-serie-FTT-2.jpg\" alt=\"forno monocamera\"\/><\/a><\/figure>\n\n\n\n<figure class=\"wp-block-image size-large\"><a href=\"https:\/\/www.ultratechgroup.it\/wp-content\/uploads\/2015\/02\/Forni-monocamera-serie-FTT-3.jpg\"><img decoding=\"async\" src=\"https:\/\/www.ultratechgroup.it\/wp-content\/uploads\/2015\/02\/Forni-monocamera-serie-FTT-3.jpg\" alt=\"forno monocamera\"\/><\/a><\/figure>\n<\/figure>\n","protected":false},"excerpt":{"rendered":"<p>Les fours de traitement thermique de la s\u00e9rie FTT chauffent les pi\u00e8ces \u00e0 l&rsquo;aide de r\u00e9sistances \u00e9lectriques mont\u00e9es sur des plaques sp\u00e9ciales situ\u00e9es sur les c\u00f4t\u00e9s et le fond du four. La disposition des r\u00e9sistances et la g\u00e9om\u00e9trie de la chambre sont con\u00e7ues pour g\u00e9n\u00e9rer un mouvement d&rsquo;air interne constant par convection naturelle, assurant ainsi [&hellip;]<\/p>\n","protected":false},"author":1,"featured_media":0,"parent":12129,"menu_order":0,"comment_status":"closed","ping_status":"open","template":"","meta":{"footnotes":""},"class_list":["post-12135","page","type-page","status-publish","hentry"],"_links":{"self":[{"href":"https:\/\/www.ultratechgroup.it\/fr\/wp-json\/wp\/v2\/pages\/12135","targetHints":{"allow":["GET"]}}],"collection":[{"href":"https:\/\/www.ultratechgroup.it\/fr\/wp-json\/wp\/v2\/pages"}],"about":[{"href":"https:\/\/www.ultratechgroup.it\/fr\/wp-json\/wp\/v2\/types\/page"}],"author":[{"embeddable":true,"href":"https:\/\/www.ultratechgroup.it\/fr\/wp-json\/wp\/v2\/users\/1"}],"replies":[{"embeddable":true,"href":"https:\/\/www.ultratechgroup.it\/fr\/wp-json\/wp\/v2\/comments?post=12135"}],"version-history":[{"count":6,"href":"https:\/\/www.ultratechgroup.it\/fr\/wp-json\/wp\/v2\/pages\/12135\/revisions"}],"predecessor-version":[{"id":14094,"href":"https:\/\/www.ultratechgroup.it\/fr\/wp-json\/wp\/v2\/pages\/12135\/revisions\/14094"}],"up":[{"embeddable":true,"href":"https:\/\/www.ultratechgroup.it\/fr\/wp-json\/wp\/v2\/pages\/12129"}],"wp:attachment":[{"href":"https:\/\/www.ultratechgroup.it\/fr\/wp-json\/wp\/v2\/media?parent=12135"}],"curies":[{"name":"wp","href":"https:\/\/api.w.org\/{rel}","templated":true}]}}