{"id":12133,"date":"2026-01-31T00:00:00","date_gmt":"2026-01-30T23:00:00","guid":{"rendered":"https:\/\/koms5.sg-host.com\/fours-de-comptoir\/"},"modified":"2026-03-16T15:01:32","modified_gmt":"2026-03-16T14:01:32","slug":"fours-de-comptoir","status":"publish","type":"page","link":"https:\/\/www.ultratechgroup.it\/fr\/produits\/fours-cotich\/fours-de-comptoir\/","title":{"rendered":"Fours chambre"},"content":{"rendered":"\n<figure class=\"wp-block-image aligncenter\"><a href=\"https:\/\/www.ultratechgroup.it\/wp-content\/uploads\/2015\/02\/forni-prodotti.jpg\"><img decoding=\"async\" src=\"https:\/\/www.ultratechgroup.it\/wp-content\/uploads\/2015\/02\/forni-prodotti.jpg\" alt=\"forni prodotti\"\/><\/a><\/figure>\n\n\n\n<p>Con\u00e7u pour une utilisation universelle dans les laboratoires et les ateliers.<\/p>\n\n\n\n<figure class=\"wp-block-table is-style-stripes\"><table><thead><tr><th><strong>MOD\u00c8LE<\/strong><\/th><th><strong>DIMENSIONS G\u00c9N\u00c9RALES (mm)<\/strong><\/th><th><strong>DIMENSIONS UTILES (mm)<\/strong><\/th><th><strong>POIDS (kg)<\/strong><\/th><th><strong>PUISSANCE (kW)<\/strong><\/th><th><strong>TEMP. (\u00b0C)<\/strong><\/th><\/tr><\/thead><tbody><tr><td>FM 5<\/td><td>500\u00d7580\u00d7540 h<\/td><td>170\u00d7250\u00d7120 h<\/td><td>40<\/td><td>3 SINGLE F.<\/td><td>1100<\/td><\/tr><tr><td>FM 14<\/td><td>740\u00d7900\u00d7550 h<\/td><td>215\u00d7360\u00d7180 h<\/td><td>60<\/td><td>4.5 SIMPLE F.<\/td><td>1100<\/td><\/tr><\/tbody><\/table><\/figure>\n\n\n\n<p>Alimentation standard = 220 V Monophas\u00e9&nbsp;; triphas\u00e9 220&nbsp;V&nbsp;; triphas\u00e9 380&nbsp;V avec neutre<br>Temps de chauffe&nbsp;: 70&nbsp;minutes<br>Consommation d&rsquo;\u00e9nergie \u00e0 1&nbsp;000&nbsp;\u00b0C&nbsp;: 0,8&nbsp;kW\/h<\/p>\n\n\n\n<figure class=\"wp-block-image aligncenter\"><a href=\"https:\/\/www.ultratechgroup.it\/wp-content\/uploads\/2015\/02\/Forni-da-banco.jpg\"><img decoding=\"async\" src=\"https:\/\/www.ultratechgroup.it\/wp-content\/uploads\/2015\/02\/Forni-da-banco.jpg\" alt=\"forno da banco\"\/><\/a><\/figure>\n","protected":false},"excerpt":{"rendered":"<p>Con\u00e7u pour une utilisation universelle dans les laboratoires et les ateliers. MOD\u00c8LE DIMENSIONS G\u00c9N\u00c9RALES (mm) DIMENSIONS UTILES (mm) POIDS (kg) PUISSANCE (kW) TEMP. (\u00b0C) FM 5 500\u00d7580\u00d7540 h 170\u00d7250\u00d7120 h 40 3 SINGLE F. 1100 FM 14 740\u00d7900\u00d7550 h 215\u00d7360\u00d7180 h 60 4.5 SIMPLE F. 1100 Alimentation standard = 220 V Monophas\u00e9&nbsp;; triphas\u00e9 220&nbsp;V&nbsp;; triphas\u00e9 [&hellip;]<\/p>\n","protected":false},"author":1,"featured_media":0,"parent":12129,"menu_order":0,"comment_status":"closed","ping_status":"open","template":"","meta":{"footnotes":""},"class_list":["post-12133","page","type-page","status-publish","hentry"],"_links":{"self":[{"href":"https:\/\/www.ultratechgroup.it\/fr\/wp-json\/wp\/v2\/pages\/12133","targetHints":{"allow":["GET"]}}],"collection":[{"href":"https:\/\/www.ultratechgroup.it\/fr\/wp-json\/wp\/v2\/pages"}],"about":[{"href":"https:\/\/www.ultratechgroup.it\/fr\/wp-json\/wp\/v2\/types\/page"}],"author":[{"embeddable":true,"href":"https:\/\/www.ultratechgroup.it\/fr\/wp-json\/wp\/v2\/users\/1"}],"replies":[{"embeddable":true,"href":"https:\/\/www.ultratechgroup.it\/fr\/wp-json\/wp\/v2\/comments?post=12133"}],"version-history":[{"count":3,"href":"https:\/\/www.ultratechgroup.it\/fr\/wp-json\/wp\/v2\/pages\/12133\/revisions"}],"predecessor-version":[{"id":14026,"href":"https:\/\/www.ultratechgroup.it\/fr\/wp-json\/wp\/v2\/pages\/12133\/revisions\/14026"}],"up":[{"embeddable":true,"href":"https:\/\/www.ultratechgroup.it\/fr\/wp-json\/wp\/v2\/pages\/12129"}],"wp:attachment":[{"href":"https:\/\/www.ultratechgroup.it\/fr\/wp-json\/wp\/v2\/media?parent=12133"}],"curies":[{"name":"wp","href":"https:\/\/api.w.org\/{rel}","templated":true}]}}