{"id":12131,"date":"2026-01-31T00:00:00","date_gmt":"2026-01-30T23:00:00","guid":{"rendered":"https:\/\/koms5.sg-host.com\/cabines-de-peinture-a-sec\/"},"modified":"2026-03-04T12:47:11","modified_gmt":"2026-03-04T11:47:11","slug":"cabines-de-peinture-a-sec","status":"publish","type":"page","link":"https:\/\/www.ultratechgroup.it\/fr\/produits\/finitech\/cabines-de-peinture-a-sec\/","title":{"rendered":"Cabines de peinture \u00e0 sec"},"content":{"rendered":"\n\n<h2 class=\"wp-block-heading\">Cabines de peinture \u00e0 sec<\/h2>\n\n\n\n\n\n<figure class=\"wp-block-image aligncenter\"><img decoding=\"async\" src=\"https:\/\/www.ultratechgroup.it\/wp-content\/uploads\/2015\/02\/IMG_8610-copia-e1445431553273-1024x619.jpg\" alt=\"Cabina di verniciatura a secco\"\/><\/figure>\n\n\n\n\n\n<p>Les cabines de peinture \u00e0 sec sont compos\u00e9es de\u00a0:<\/p>\n\n\n\n\n\n<ul class=\"wp-block-list\">\n\n<li>Structure de base avec modules boulonn\u00e9s en acier inoxydable ou en t\u00f4le aluminis\u00e9e<\/li>\n\n\n\n\n\n<li>Panneaux ext\u00e9rieurs modulaires en t\u00f4le nervur\u00e9e<\/li>\n\n\n\n\n\n<li>Syst\u00e8me de d\u00e9senfumage progressif\u00a0: le premier corps est \u00e9quip\u00e9 de rideaux filtrants Andreae d&rsquo;origine (ou de filtres \u00e0 moyenne efficacit\u00e9) et de modules filtrants \u00e0 haute efficacit\u00e9. Dans les filtres Andreae, la disposition des perforations force le flux d&rsquo;air \u00e0 changer rapidement de direction sur trois axes, s\u00e9parant ainsi les particules de l&rsquo;air par inertie. Le colmatage des filtres, conform\u00e9ment \u00e0 la r\u00e9glementation, est contr\u00f4l\u00e9 par un pressostat diff\u00e9rentiel.\n\n\n\n<\/li>\n\n<li>Unit\u00e9 d&rsquo;extraction mont\u00e9e directement au plafond de la cabine.<\/li>\n\n\n\n\n\n<li>Syst\u00e8me de distribution\u00a0: pour assurer une distribution uniforme de l&rsquo;extraction sur toute la face avant de la cabine.<\/li>\n\n\n\n\n\n<li>Tableau \u00e9lectrique situ\u00e9 \u00e0 l&rsquo;ext\u00e9rieur de la cabine, log\u00e9 dans une armoire \u00e9tanche.<\/li>\n\n<\/ul>\n\n","protected":false},"excerpt":{"rendered":"<p>Cabines de peinture \u00e0 sec Les cabines de peinture \u00e0 sec sont compos\u00e9es de\u00a0:<\/p>\n","protected":false},"author":1,"featured_media":0,"parent":12123,"menu_order":0,"comment_status":"closed","ping_status":"open","template":"","meta":{"footnotes":""},"class_list":["post-12131","page","type-page","status-publish","hentry"],"_links":{"self":[{"href":"https:\/\/www.ultratechgroup.it\/fr\/wp-json\/wp\/v2\/pages\/12131","targetHints":{"allow":["GET"]}}],"collection":[{"href":"https:\/\/www.ultratechgroup.it\/fr\/wp-json\/wp\/v2\/pages"}],"about":[{"href":"https:\/\/www.ultratechgroup.it\/fr\/wp-json\/wp\/v2\/types\/page"}],"author":[{"embeddable":true,"href":"https:\/\/www.ultratechgroup.it\/fr\/wp-json\/wp\/v2\/users\/1"}],"replies":[{"embeddable":true,"href":"https:\/\/www.ultratechgroup.it\/fr\/wp-json\/wp\/v2\/comments?post=12131"}],"version-history":[{"count":1,"href":"https:\/\/www.ultratechgroup.it\/fr\/wp-json\/wp\/v2\/pages\/12131\/revisions"}],"predecessor-version":[{"id":12132,"href":"https:\/\/www.ultratechgroup.it\/fr\/wp-json\/wp\/v2\/pages\/12131\/revisions\/12132"}],"up":[{"embeddable":true,"href":"https:\/\/www.ultratechgroup.it\/fr\/wp-json\/wp\/v2\/pages\/12123"}],"wp:attachment":[{"href":"https:\/\/www.ultratechgroup.it\/fr\/wp-json\/wp\/v2\/media?parent=12131"}],"curies":[{"name":"wp","href":"https:\/\/api.w.org\/{rel}","templated":true}]}}