{"id":12129,"date":"2026-01-31T00:00:00","date_gmt":"2026-01-30T23:00:00","guid":{"rendered":"https:\/\/koms5.sg-host.com\/fours-cotich\/"},"modified":"2026-03-17T11:43:14","modified_gmt":"2026-03-17T10:43:14","slug":"fours-cotich","status":"publish","type":"page","link":"https:\/\/www.ultratechgroup.it\/fr\/produits\/fours-cotich\/","title":{"rendered":"Forni Cotich"},"content":{"rendered":"\n<figure class=\"wp-block-image aligncenter size-full\"><img fetchpriority=\"high\" decoding=\"async\" width=\"636\" height=\"219\" src=\"https:\/\/www.ultratechgroup.it\/wp-content\/uploads\/2015\/02\/pageforni.jpg\" alt=\"\" class=\"wp-image-8625\" srcset=\"https:\/\/www.ultratechgroup.it\/wp-content\/uploads\/2015\/02\/pageforni.jpg 636w, https:\/\/www.ultratechgroup.it\/wp-content\/uploads\/2015\/02\/pageforni-300x103.jpg 300w, https:\/\/www.ultratechgroup.it\/wp-content\/uploads\/2015\/02\/pageforni-320x110.jpg 320w, https:\/\/www.ultratechgroup.it\/wp-content\/uploads\/2015\/02\/pageforni-239x82.jpg 239w\" sizes=\"(max-width: 636px) 100vw, 636px\" \/><\/figure>\n\n\n\n<p><br>Depuis <strong>1956<\/strong>, nous fa\u00e7onnons vos produits et d\u00e9veloppons des <strong>fours industriels<\/strong> de haute technologie. <strong>Qualit\u00e9<\/strong> des mati\u00e8res premi\u00e8res utilis\u00e9es, <strong>durabilit\u00e9<\/strong> du produit trait\u00e9 : tels sont les atouts qui nous animent et que nous avons mis en \u0153uvre d\u00e8s les premiers traits de crayon consacr\u00e9s \u00e0 la conception et \u00e0 la construction \u00e9lectrom\u00e9caniques de nos <strong>fours de traitement thermique<\/strong>.<\/p>\n\n\n\n<h2 class=\"wp-block-heading\">Secteurs d&rsquo;application<\/h2>\n\n\n\n<p>La gamme de <strong>production standard<\/strong> et la <strong>s\u00e9rie sp\u00e9ciale<\/strong>, sont utilis\u00e9es dans de nombreux secteurs : automobile, lunetterie, accessoires de mode, accessoires d&rsquo;ameublement, robinetterie, joaillerie, m\u00e9canique de pr\u00e9cision.<\/p>\n","protected":false},"excerpt":{"rendered":"<p>Depuis 1956, nous fa\u00e7onnons vos produits et d\u00e9veloppons des fours industriels de haute technologie. Qualit\u00e9 des mati\u00e8res premi\u00e8res utilis\u00e9es, durabilit\u00e9 du produit trait\u00e9 : tels sont les atouts qui nous animent et que nous avons mis en \u0153uvre d\u00e8s les premiers traits de crayon consacr\u00e9s \u00e0 la conception et \u00e0 la construction \u00e9lectrom\u00e9caniques de nos [&hellip;]<\/p>\n","protected":false},"author":1,"featured_media":0,"parent":12121,"menu_order":0,"comment_status":"closed","ping_status":"closed","template":"","meta":{"footnotes":""},"class_list":["post-12129","page","type-page","status-publish","hentry"],"_links":{"self":[{"href":"https:\/\/www.ultratechgroup.it\/fr\/wp-json\/wp\/v2\/pages\/12129","targetHints":{"allow":["GET"]}}],"collection":[{"href":"https:\/\/www.ultratechgroup.it\/fr\/wp-json\/wp\/v2\/pages"}],"about":[{"href":"https:\/\/www.ultratechgroup.it\/fr\/wp-json\/wp\/v2\/types\/page"}],"author":[{"embeddable":true,"href":"https:\/\/www.ultratechgroup.it\/fr\/wp-json\/wp\/v2\/users\/1"}],"replies":[{"embeddable":true,"href":"https:\/\/www.ultratechgroup.it\/fr\/wp-json\/wp\/v2\/comments?post=12129"}],"version-history":[{"count":4,"href":"https:\/\/www.ultratechgroup.it\/fr\/wp-json\/wp\/v2\/pages\/12129\/revisions"}],"predecessor-version":[{"id":14168,"href":"https:\/\/www.ultratechgroup.it\/fr\/wp-json\/wp\/v2\/pages\/12129\/revisions\/14168"}],"up":[{"embeddable":true,"href":"https:\/\/www.ultratechgroup.it\/fr\/wp-json\/wp\/v2\/pages\/12121"}],"wp:attachment":[{"href":"https:\/\/www.ultratechgroup.it\/fr\/wp-json\/wp\/v2\/media?parent=12129"}],"curies":[{"name":"wp","href":"https:\/\/api.w.org\/{rel}","templated":true}]}}