{"id":12127,"date":"2026-01-31T00:00:00","date_gmt":"2026-01-30T23:00:00","guid":{"rendered":"https:\/\/koms5.sg-host.com\/groupe-technologique\/"},"modified":"2026-03-16T10:58:17","modified_gmt":"2026-03-16T09:58:17","slug":"tech-group-sistemi-di-lavaggio","status":"publish","type":"page","link":"https:\/\/www.ultratechgroup.it\/fr\/produits\/tech-group-sistemi-di-lavaggio\/","title":{"rendered":"Tech Group"},"content":{"rendered":"\n<h3 class=\"wp-block-heading\"><\/h3>\n\n\n\n<figure class=\"wp-block-image size-full is-resized\"><a href=\"https:\/\/www.ultratechgroup.it\/wp-content\/uploads\/2015\/02\/pagelavaggi.jpg\"><img fetchpriority=\"high\" decoding=\"async\" width=\"636\" height=\"219\" src=\"https:\/\/www.ultratechgroup.it\/wp-content\/uploads\/2015\/02\/pagelavaggi.jpg\" alt=\"\" class=\"wp-image-8631\" style=\"aspect-ratio:2.904250491604901;width:797px;height:auto\" srcset=\"https:\/\/www.ultratechgroup.it\/wp-content\/uploads\/2015\/02\/pagelavaggi.jpg 636w, https:\/\/www.ultratechgroup.it\/wp-content\/uploads\/2015\/02\/pagelavaggi-300x103.jpg 300w, https:\/\/www.ultratechgroup.it\/wp-content\/uploads\/2015\/02\/pagelavaggi-320x110.jpg 320w, https:\/\/www.ultratechgroup.it\/wp-content\/uploads\/2015\/02\/pagelavaggi-239x82.jpg 239w\" sizes=\"(max-width: 636px) 100vw, 636px\" \/><\/a><\/figure>\n\n\n\n<h2 class=\"wp-block-heading\">Tech Group<\/h2>\n\n\n\n<p>Nous concevons et fabriquons des <strong>machines et syst\u00e8mes de lavage industriels<\/strong> en accordant une attention particuli\u00e8re \u00e0 la fonctionnalit\u00e9, \u00e0 la productivit\u00e9 et \u00e0 la s\u00e9curit\u00e9 au travail.<br>Depuis <strong>trente ans<\/strong>, nous nous consacrons \u00e0 ce que nous faisons de mieux : un <strong>traitement tr\u00e8s sp\u00e9cial<\/strong>, sans laisser la moindre trace de salet\u00e9, de traces ou de r\u00e9sidus de processus pr\u00e9c\u00e9dents, pour vous garantir un achat <strong>s\u00fbr et performant<\/strong> sur le long terme.<br>Nos choix sont le fruit de discussions approfondies et d&rsquo;\u00e9changes constructifs. Nous ne laissons rien au hasard, m\u00eame les aspects les plus superficiels. Les r\u00e9sultats obtenus nous incitent \u00e0 investir continuellement des ressources et du temps dans la recherche de technologies de pointe, capables de vous aider \u00e0 atteindre un succ\u00e8s encore plus grand au sein de votre entreprise.<\/p>\n\n\n\n<p>La gamme de production standard et les s\u00e9ries sp\u00e9ciales sont utilis\u00e9es dans de nombreux secteurs : automobile, lunetterie, accessoires de mode, accessoires d&rsquo;ameublement, robinetterie, bijouterie, m\u00e9canique de pr\u00e9cision.<\/p>\n\n\n\n<p>Notre production comprend des lignes de nettoyage et de traitement \u00e0 base d&rsquo;eau et de solvants.<\/p>\n\n\n\n<ul class=\"wp-block-list\">\n<li>Syst\u00e8mes de nettoyage par ultrasons<\/li>\n\n\n\n<li>Nettoyeurs \u00e0 ultrasons industriels<\/li>\n\n\n\n<li>Tunnels de nettoyage par pulv\u00e9risation<\/li>\n\n\n\n<li>D\u00e9graisseurs sous vide herm\u00e9tiques<\/li>\n\n\n\n<li>D\u00e9graisseurs \u00e0 solvants avec ultrasons<\/li>\n\n\n\n<li>Syst\u00e8mes de s\u00e9chage sous vide<\/li>\n\n\n\n<li>Syst\u00e8mes de s\u00e9chage infrarouge<\/li>\n\n\n\n<li>Syst\u00e8mes de lavage sur site<\/li>\n\n\n\n<li>Syst\u00e8mes de peinture cataphor\u00e9tique<\/li>\n\n\n\n<li>Syst\u00e8mes d&rsquo;\u00e9bavurage<\/li>\n\n\n\n<li>Plans de refroidissement<\/li>\n\n\n\n<li>Grattoirs m\u00e9caniques<\/li>\n\n\n\n<li>Syst\u00e8mes de d\u00e9capage de peinture<\/li>\n\n\n\n<li>Syst\u00e8mes galvaniques automatiques et manuels<\/li>\n<\/ul>\n","protected":false},"excerpt":{"rendered":"<p>Tech Group Nous concevons et fabriquons des machines et syst\u00e8mes de lavage industriels en accordant une attention particuli\u00e8re \u00e0 la fonctionnalit\u00e9, \u00e0 la productivit\u00e9 et \u00e0 la s\u00e9curit\u00e9 au travail.Depuis trente ans, nous nous consacrons \u00e0 ce que nous faisons de mieux : un traitement tr\u00e8s sp\u00e9cial, sans laisser la moindre trace de salet\u00e9, de [&hellip;]<\/p>\n","protected":false},"author":1,"featured_media":0,"parent":12121,"menu_order":0,"comment_status":"closed","ping_status":"closed","template":"","meta":{"footnotes":""},"class_list":["post-12127","page","type-page","status-publish","hentry"],"_links":{"self":[{"href":"https:\/\/www.ultratechgroup.it\/fr\/wp-json\/wp\/v2\/pages\/12127","targetHints":{"allow":["GET"]}}],"collection":[{"href":"https:\/\/www.ultratechgroup.it\/fr\/wp-json\/wp\/v2\/pages"}],"about":[{"href":"https:\/\/www.ultratechgroup.it\/fr\/wp-json\/wp\/v2\/types\/page"}],"author":[{"embeddable":true,"href":"https:\/\/www.ultratechgroup.it\/fr\/wp-json\/wp\/v2\/users\/1"}],"replies":[{"embeddable":true,"href":"https:\/\/www.ultratechgroup.it\/fr\/wp-json\/wp\/v2\/comments?post=12127"}],"version-history":[{"count":5,"href":"https:\/\/www.ultratechgroup.it\/fr\/wp-json\/wp\/v2\/pages\/12127\/revisions"}],"predecessor-version":[{"id":13824,"href":"https:\/\/www.ultratechgroup.it\/fr\/wp-json\/wp\/v2\/pages\/12127\/revisions\/13824"}],"up":[{"embeddable":true,"href":"https:\/\/www.ultratechgroup.it\/fr\/wp-json\/wp\/v2\/pages\/12121"}],"wp:attachment":[{"href":"https:\/\/www.ultratechgroup.it\/fr\/wp-json\/wp\/v2\/media?parent=12127"}],"curies":[{"name":"wp","href":"https:\/\/api.w.org\/{rel}","templated":true}]}}