{"id":12123,"date":"2026-01-31T00:00:00","date_gmt":"2026-01-30T23:00:00","guid":{"rendered":"https:\/\/koms5.sg-host.com\/finitech\/"},"modified":"2026-03-13T17:15:58","modified_gmt":"2026-03-13T16:15:58","slug":"finitech","status":"publish","type":"page","link":"https:\/\/www.ultratechgroup.it\/fr\/produits\/finitech\/","title":{"rendered":"Finitech"},"content":{"rendered":"\n<figure class=\"wp-block-image aligncenter size-full\"><img fetchpriority=\"high\" decoding=\"async\" width=\"636\" height=\"219\" src=\"https:\/\/www.ultratechgroup.it\/wp-content\/uploads\/2015\/02\/pageverniciature3.jpg\" alt=\"\" class=\"wp-image-8661\" srcset=\"https:\/\/www.ultratechgroup.it\/wp-content\/uploads\/2015\/02\/pageverniciature3.jpg 636w, https:\/\/www.ultratechgroup.it\/wp-content\/uploads\/2015\/02\/pageverniciature3-300x103.jpg 300w, https:\/\/www.ultratechgroup.it\/wp-content\/uploads\/2015\/02\/pageverniciature3-320x110.jpg 320w, https:\/\/www.ultratechgroup.it\/wp-content\/uploads\/2015\/02\/pageverniciature3-239x82.jpg 239w\" sizes=\"(max-width: 636px) 100vw, 636px\" \/><\/figure>\n\n\n\n<p><br>L\u2019exp\u00e9rience acquise dans toutes ces ann\u00e9es d\u2019activit\u00e9 nous permet de r\u00e9aliser installations de haute technologie et de faible consommation d\u2019\u00e9nergie.<\/p>\n\n\n\n<p>Nos syst\u00e8mes de vernissage permettent d\u2019augmenter consid\u00e9rablement l\u2019homog\u00e9n\u00e9it\u00e9 de la couche de peinture appliqu\u00e9e, r\u00e9duire les \u00e9carts de produit et r\u00e9duire les \u00e9missions dans l\u2019atmosph\u00e8re<\/p>\n\n\n\n<p><strong>Secteurs d\u2019application<\/strong><\/p>\n\n\n\n<p>La gamme de production standard et la s\u00e9rie sp\u00e9ciale s\u2019appliquent dans de multiples secteurs&nbsp;: automobile, lunetterie, accessoires de mode, accessoires d\u2019ameublement, robinetterie, orf\u00e8vrerie, m\u00e9canique de pr\u00e9cision.<\/p>\n","protected":false},"excerpt":{"rendered":"<p>L\u2019exp\u00e9rience acquise dans toutes ces ann\u00e9es d\u2019activit\u00e9 nous permet de r\u00e9aliser installations de haute technologie et de faible consommation d\u2019\u00e9nergie. Nos syst\u00e8mes de vernissage permettent d\u2019augmenter consid\u00e9rablement l\u2019homog\u00e9n\u00e9it\u00e9 de la couche de peinture appliqu\u00e9e, r\u00e9duire les \u00e9carts de produit et r\u00e9duire les \u00e9missions dans l\u2019atmosph\u00e8re Secteurs d\u2019application La gamme de production standard et la s\u00e9rie [&hellip;]<\/p>\n","protected":false},"author":1,"featured_media":0,"parent":12121,"menu_order":0,"comment_status":"closed","ping_status":"open","template":"","meta":{"footnotes":""},"class_list":["post-12123","page","type-page","status-publish","hentry"],"_links":{"self":[{"href":"https:\/\/www.ultratechgroup.it\/fr\/wp-json\/wp\/v2\/pages\/12123","targetHints":{"allow":["GET"]}}],"collection":[{"href":"https:\/\/www.ultratechgroup.it\/fr\/wp-json\/wp\/v2\/pages"}],"about":[{"href":"https:\/\/www.ultratechgroup.it\/fr\/wp-json\/wp\/v2\/types\/page"}],"author":[{"embeddable":true,"href":"https:\/\/www.ultratechgroup.it\/fr\/wp-json\/wp\/v2\/users\/1"}],"replies":[{"embeddable":true,"href":"https:\/\/www.ultratechgroup.it\/fr\/wp-json\/wp\/v2\/comments?post=12123"}],"version-history":[{"count":3,"href":"https:\/\/www.ultratechgroup.it\/fr\/wp-json\/wp\/v2\/pages\/12123\/revisions"}],"predecessor-version":[{"id":13708,"href":"https:\/\/www.ultratechgroup.it\/fr\/wp-json\/wp\/v2\/pages\/12123\/revisions\/13708"}],"up":[{"embeddable":true,"href":"https:\/\/www.ultratechgroup.it\/fr\/wp-json\/wp\/v2\/pages\/12121"}],"wp:attachment":[{"href":"https:\/\/www.ultratechgroup.it\/fr\/wp-json\/wp\/v2\/media?parent=12123"}],"curies":[{"name":"wp","href":"https:\/\/api.w.org\/{rel}","templated":true}]}}